{"id":42671,"date":"2025-12-23T06:34:12","date_gmt":"2025-12-23T14:34:12","guid":{"rendered":"https:\/\/tangooled.com\/?post_type=product&#038;p=42671"},"modified":"2026-02-01T22:51:27","modified_gmt":"2026-02-02T06:51:27","slug":"up-wall-wash-sconce-led-light-profile-45-degree","status":"publish","type":"product","link":"https:\/\/tangooled.com\/fr\/product\/up-wall-wash-sconce-led-light-profile-45-degree\/","title":{"rendered":"Profil de lumi\u00e8re \u00e0 LED pour applique murale en wash 45 degr\u00e9s"},"content":{"rendered":"<div class=\"wp-block-group is-vertical is-layout-flex wp-container-core-group-is-layout-d255d7c4 wp-block-group-is-layout-flex\" style=\"padding-top:var(--wp--preset--spacing--80);padding-bottom:var(--wp--preset--spacing--80)\">\n<p>Our DWP24 up wall wash sconce LED profile is specifically designed to give you perfect, ambient light on your walls. This curved aluminum fixture mounts securely to the wall, measuring 53mm high and extending 36.5mm from the surface. It has a large 15mm internal channel that lets it use wider LED strips for better output. The profile&#8217;s shape makes a 45-degree asymmetric beam angle, which sends gentle, even light up your walls. This lovely wall wash effect makes your spaces look bigger and better. Use this one-of-a-kind profile inside or outside to draw attention to walls, paintings, or textures in your home or business area. This will give you a professional and classy lighting design.<\/p>\n<\/div>\n\n\n\n<div class=\"wp-block-group has-background is-vertical is-layout-flex wp-container-core-group-is-layout-d255d7c4 wp-block-group-is-layout-flex\" style=\"background-color:#f1f1f1;padding-top:var(--wp--preset--spacing--80);padding-bottom:var(--wp--preset--spacing--80)\">\n<div class=\"wp-block-group is-vertical is-layout-flex wp-container-core-group-is-layout-8cf370e7 wp-block-group-is-layout-flex\">\n<h2 class=\"wp-block-heading\" style=\"padding-top:var(--wp--preset--spacing--40);padding-bottom:var(--wp--preset--spacing--40);font-size:25px;font-style:normal;font-weight:600;text-transform:capitalize\">Caract\u00e9ristiques et avantages cl\u00e9s<\/h2>\n\n\n\n<ul class=\"wp-block-list\">\n<li>Angle de faisceau de 45 degr\u00e9s : Cet angle envoie la lumi\u00e8re uniform\u00e9ment vers le haut ou vers le bas, \u00e9vitant ainsi les zones lumineuses ou les reflets d\u00e9sagr\u00e9ables lors du nettoyage des murs.<\/li>\n\n\n\n<li>Pas d'\u00e9blouissement : Le design en aluminium couvre les bandes LED, ce qui rend la lumi\u00e8re agr\u00e9able pour les yeux.<\/li>\n\n\n\n<li>Bo\u00eetier en aluminium robuste : Cela maintient les LED au frais et prolonge leur dur\u00e9e de vie.<\/li>\n\n\n\n<li>Low-Profile Design: It&#8217;s slim and clean, and it can be mounted on surfaces or recessed into drywall for a streamlined effect.<\/li>\n\n\n\n<li>Diffuseur d\u00e9poli : Prot\u00e8ge les LED et r\u00e9partit la lumi\u00e8re de mani\u00e8re uniforme.<\/li>\n\n\n\n<li>Compatible avec la plupart des bandes LED : Accepte les LED allant jusqu'\u00e0 15 mm de large, y compris les options blanches r\u00e9glables et RGB.<\/li>\n\n\n\n<li>Dimmable : Vous pouvez l'utiliser avec des variateurs 0-10V, TRIAC et ELV pour r\u00e9gler la lumi\u00e8re en douceur.<\/li>\n<\/ul>\n<\/div>\n<\/div>\n\n\n\n<div class=\"wp-block-group is-vertical is-layout-flex wp-container-core-group-is-layout-d255d7c4 wp-block-group-is-layout-flex\" style=\"padding-top:var(--wp--preset--spacing--80);padding-bottom:var(--wp--preset--spacing--80)\">\n<hr class=\"wp-block-separator has-alpha-channel-opacity\"\/>\n\n\n\n<div class=\"wp-block-media-text has-media-on-the-right is-stacked-on-mobile\" style=\"grid-template-columns:auto 40%\"><div class=\"wp-block-media-text__content\">\n<h2 class=\"wp-block-heading\" style=\"padding-top:var(--wp--preset--spacing--40);padding-bottom:var(--wp--preset--spacing--40);font-size:25px;font-style:normal;font-weight:600;text-transform:capitalize\">Installation &amp; Compatibilit\u00e9<\/h2>\n\n\n\n<ul class=\"wp-block-list\">\n<li>Peut \u00eatre mont\u00e9 sur des murs ou des plafonds.&nbsp;<\/li>\n\n\n\n<li>Compatible avec les lumi\u00e8res \u00e0 bande LED de 10 mm \u00e0 15 mm de large.<\/li>\n\n\n\n<li>Compatible avec les syst\u00e8mes de maison intelligente et les alimentations LED pouvant \u00eatre att\u00e9nu\u00e9es.&nbsp;<\/li>\n\n\n\n<li>Peut \u00eatre coup\u00e9 \u00e0 la longueur d\u00e9sir\u00e9e.&nbsp;<\/li>\n\n\n\n<li>Id\u00e9al pour le grattage des murs, le lavage des murs et la distribution uniforme de la lumi\u00e8re.<\/li>\n<\/ul>\n<\/div><figure class=\"wp-block-media-text__media\"><img loading=\"lazy\" decoding=\"async\" width=\"500\" height=\"500\" src=\"https:\/\/tangooled.com\/wp-content\/uploads\/2025\/12\/dwp24-ins.webp\" alt=\"plaster in crown shaped led lighting profile for 10mm strip\" class=\"wp-image-43065 size-full\" srcset=\"https:\/\/tangooled.com\/wp-content\/uploads\/2025\/12\/dwp24-ins.webp 500w, https:\/\/tangooled.com\/wp-content\/uploads\/2025\/12\/dwp24-ins-300x300.webp 300w, https:\/\/tangooled.com\/wp-content\/uploads\/2025\/12\/dwp24-ins-150x150.webp 150w\" sizes=\"auto, (max-width: 500px) 100vw, 500px\" \/><\/figure><\/div>\n<\/div>\n\n\n\n<div class=\"wp-block-group has-background is-vertical is-layout-flex wp-container-core-group-is-layout-b429018a wp-block-group-is-layout-flex\" style=\"background-color:#f1f1f1f2;padding-top:var(--wp--preset--spacing--70);padding-bottom:var(--wp--preset--spacing--70)\">\n<h2 class=\"wp-block-heading\" style=\"padding-top:var(--wp--preset--spacing--40);padding-bottom:var(--wp--preset--spacing--40);font-size:25px;font-style:normal;font-weight:600\">O\u00f9 utiliser votre profil LED de plafonnier mural<\/h2>\n\n\n\n<ul class=\"wp-block-list\">\n<li>Architectural Facades &amp; Entryways \u2013 Brighten building fronts for a grand feel.<\/li>\n\n\n\n<li>Corridors and Hallways \u2013 Even and clean vertical illumination.<\/li>\n\n\n\n<li>Living Rooms &amp; Feature Walls \u2013 Highlight stone, brick, or textured walls.<\/li>\n\n\n\n<li>Museums &amp; Art Galleries \u2013 Show off artwork with soft, glare-free accent lighting.<\/li>\n\n\n\n<li>Retail &amp; Hospitality Spaces \u2013 Create inviting and elegant store or restaurant lighting.&nbsp;<\/li>\n<\/ul>\n\n\n\n<p>Ce luminaire architectural est id\u00e9al pour l'\u00e9clairage directionnel, l'\u00e9clairage indirect ou l'\u00e9clairage d'accent. Il fournit une lumi\u00e8re uniforme sans ombres dures. Il sert d'\u00e9clairage d'accent pour mettre en valeur les textures et donner une impression de profondeur \u00e0 l'\u00e9clairage.<\/p>\n<\/div>\n\n\n\n<div class=\"wp-block-group is-vertical is-layout-flex wp-container-core-group-is-layout-d255d7c4 wp-block-group-is-layout-flex\" style=\"padding-top:var(--wp--preset--spacing--80);padding-bottom:var(--wp--preset--spacing--80)\">\n<h2 class=\"wp-block-heading\" style=\"padding-top:var(--wp--preset--spacing--40);padding-bottom:var(--wp--preset--spacing--40);font-size:25px;font-style:normal;font-weight:600;text-transform:capitalize\">Produits associ\u00e9s \u00e0 explorer<\/h2>\n\n\n\n<ul class=\"wp-block-list\">\n<li><a href=\"https:\/\/tangooled.com\/fr\/product\/25x6mm-low-profile-led-strip-channel-for-10mm-led-strip-light\/\"><mark style=\"background-color:rgba(0, 0, 0, 0)\" class=\"has-inline-color has-vivid-red-color\">Ch\u00e2ssis de bande LED \u00e0 profil bas 25x6mm pour bande LED de 10mm<\/mark><\/a><\/li>\n\n\n\n<li><a href=\"https:\/\/tangooled.com\/fr\/product\/aluminum-profile-with-60-degree-lens-led-diffuser\/\"><mark style=\"background-color:rgba(0, 0, 0, 0)\" class=\"has-inline-color has-vivid-red-color\">Profil en aluminium avec diffuseur LED \u00e0 lentille de 60 degr\u00e9s<\/mark><\/a><\/li>\n\n\n\n<li><a href=\"https:\/\/tangooled.com\/fr\/product\/surface-mount-led-profile-with-frosted-diffuser-for-10mm-rope-lights\/\"><mark style=\"background-color:rgba(0, 0, 0, 0)\" class=\"has-inline-color has-vivid-red-color\">Profil LED \u00e0 montage en surface avec diffuseur d\u00e9poli pour bandes de 10 mm<\/mark><\/a><\/li>\n\n\n\n<li><a href=\"https:\/\/tangooled.com\/fr\/product\/recessed-15x12mm-black-light-diffuser-aluminum-channel-for-10mm-led-strips\/\"><mark style=\"background-color:rgba(0, 0, 0, 0)\" class=\"has-inline-color has-vivid-red-color\">Canal en aluminium diffuseur de lumi\u00e8re noir encastr\u00e9 15x12 mm pour bandes LED de 10 mm<\/mark><\/a><\/li>\n<\/ul>\n<\/div>\n\n\n\n<div class=\"wp-block-group\" style=\"padding-top:0;padding-bottom:0\"><div class=\"wp-block-group__inner-container is-layout-constrained wp-block-group-is-layout-constrained\">\n\n\n<p>The up wall wash sconce LED profile 45 degree is the best choice for architectural lighting, accent lighting, and even lighting. Start your project now! It&#8217;s tough, looks good, and is easy to put together.<\/p>\n<\/div><\/div>\n\n\n\n<p><\/p>","protected":false},"featured_media":13971,"template":"","meta":{"_acf_changed":true,"_seopress_robots_primary_cat":"none","_seopress_titles_title":"Up Wall Wash Sconce LED Profile | 45 Degree Hidden Channel DWP24","_seopress_titles_desc":"The DWP24 is a professional up wall wash sconce led profile featuring a 45 degree angle for seamless indirect lighting. Create a modern trimless wall sconce effect in drywalls with this architectural aluminum channel.","_seopress_robots_index":""},"pcb-width":[228],"product-cat":[197],"class_list":{"0":"post-42671","1":"product","2":"type-product","3":"status-publish","4":"has-post-thumbnail","6":"pcb-width-6-12mm","7":"product-cat-plaster-in-profile"},"acf":[],"_links":{"self":[{"href":"https:\/\/tangooled.com\/fr\/wp-json\/wp\/v2\/product\/42671","targetHints":{"allow":["GET"]}}],"collection":[{"href":"https:\/\/tangooled.com\/fr\/wp-json\/wp\/v2\/product"}],"about":[{"href":"https:\/\/tangooled.com\/fr\/wp-json\/wp\/v2\/types\/product"}],"wp:featuredmedia":[{"embeddable":true,"href":"https:\/\/tangooled.com\/fr\/wp-json\/wp\/v2\/media\/13971"}],"wp:attachment":[{"href":"https:\/\/tangooled.com\/fr\/wp-json\/wp\/v2\/media?parent=42671"}],"wp:term":[{"taxonomy":"pcb-width","embeddable":true,"href":"https:\/\/tangooled.com\/fr\/wp-json\/wp\/v2\/pcb-width?post=42671"},{"taxonomy":"product-cat","embeddable":true,"href":"https:\/\/tangooled.com\/fr\/wp-json\/wp\/v2\/product-cat?post=42671"}],"curies":[{"name":"wp","href":"https:\/\/api.w.org\/{rel}","templated":true}]}}