{"id":42669,"date":"2025-12-23T06:31:17","date_gmt":"2025-12-23T14:31:17","guid":{"rendered":"https:\/\/tangooled.com\/?post_type=product&#038;p=42669"},"modified":"2026-01-27T22:48:48","modified_gmt":"2026-01-28T06:48:48","slug":"plaster-in-crown-shaped-led-lighting-profile-for-10mm-strip","status":"publish","type":"product","link":"https:\/\/tangooled.com\/fr\/product\/plaster-in-crown-shaped-led-lighting-profile-for-10mm-strip\/","title":{"rendered":"Profil d'\u00e9clairage LED en pl\u00e2tre en forme de couronne pour bande de 10 mm"},"content":{"rendered":"<div class=\"wp-block-group is-vertical is-layout-flex wp-container-core-group-is-layout-d255d7c4 wp-block-group-is-layout-flex\" style=\"padding-top:var(--wp--preset--spacing--80);padding-bottom:var(--wp--preset--spacing--80)\">\n<p>Our DWP23 crown-shaped plaster-in LED profile will brighten any room. Designed for 10mm LED strips, this aluminum channel features a substantial 96.5mm height and a 13mm internal width. It is expertly designed to fit perfectly into walls or ceilings. The plaster &#8220;wings&#8221; make sure the fit is flush, which makes trimless cove lighting that looks like classic crown molding. This design sends light up, making a smooth, dotless glow that looks like it&#8217;s coming straight from the surface.<\/p>\n<\/div>\n\n\n\n<div class=\"wp-block-group has-background\" style=\"background-color:#f1f1f1;padding-top:var(--wp--preset--spacing--80);padding-bottom:var(--wp--preset--spacing--80)\"><div class=\"wp-block-group__inner-container is-layout-constrained wp-block-group-is-layout-constrained\">\n<div class=\"wp-block-group is-vertical is-layout-flex wp-container-core-group-is-layout-8cf370e7 wp-block-group-is-layout-flex\">\n<h2 class=\"wp-block-heading\" style=\"padding-top:var(--wp--preset--spacing--40);padding-bottom:var(--wp--preset--spacing--40);font-size:25px;font-style:normal;font-weight:600;text-transform:capitalize\">Pourquoi choisir ce profil ?<\/h2>\n\n\n\n<ul class=\"wp-block-list\">\n<li>Lumi\u00e8re douce et invisible : Le diffuseur opale r\u00e9partit la lumi\u00e8re LED uniform\u00e9ment, sans taches ni \u00e9blouissement.<\/li>\n\n\n\n<li>Durable : La construction en aluminium anodis\u00e9 est robuste et maintient les LED au frais, ce qui les fait durer plus longtemps.<\/li>\n\n\n\n<li>Simple &#8220;mud-in&#8221; installation: Just cover the profile&#8217;s wings with plaster for a smooth, trimless finish.<\/li>\n\n\n\n<li>Forme de couronne classique : Dirige doucement la lumi\u00e8re vers le haut et sur les c\u00f4t\u00e9s pour une lueur chaleureuse.<\/li>\n\n\n\n<li>Convient pour des bandes LED de 10 mm : Assez large pour la plupart des bandes LED courantes, telles que SMD 5050, COB ou blanc r\u00e9glable.<\/li>\n<\/ul>\n<\/div>\n<\/div><\/div>\n\n\n\n<div class=\"wp-block-group is-vertical is-layout-flex wp-container-core-group-is-layout-d255d7c4 wp-block-group-is-layout-flex\" style=\"padding-top:var(--wp--preset--spacing--80);padding-bottom:var(--wp--preset--spacing--80)\">\n<hr class=\"wp-block-separator has-alpha-channel-opacity\"\/>\n\n\n\n<div class=\"wp-block-media-text has-media-on-the-right is-stacked-on-mobile\" style=\"grid-template-columns:auto 40%\"><div class=\"wp-block-media-text__content\">\n<h2 class=\"wp-block-heading\" style=\"padding-top:var(--wp--preset--spacing--40);padding-bottom:var(--wp--preset--spacing--40);font-size:25px;font-style:normal;font-weight:600;text-transform:capitalize\">Installation en \u00e9tapes simples<\/h2>\n\n\n\n<ul class=\"wp-block-list\">\n<li>Coupez le placo et placez le profil entre les montants ou les solives.<\/li>\n\n\n\n<li>Utilisez les vis pour fixer le profil en position.<\/li>\n\n\n\n<li>Mettez du pl\u00e2tre ou du compos\u00e9 \u00e0 joint sur les ailes qui comportent des trous.<\/li>\n\n\n\n<li>Poncer la surface jusqu'\u00e0 ce qu'elle soit lisse, puis peindre pour correspondre \u00e0 vos murs.<\/li>\n\n\n\n<li>Ins\u00e9rez votre bande LED de 10 mm dans le canal.<\/li>\n\n\n\n<li>Mettez le diffuseur opale et obtenez une illumination claire, sans points.<\/li>\n<\/ul>\n<\/div><figure class=\"wp-block-media-text__media\"><img loading=\"lazy\" decoding=\"async\" width=\"500\" height=\"500\" src=\"https:\/\/tangooled.com\/wp-content\/uploads\/2025\/12\/dwp23-ins.webp\" alt=\"plaster in crown shaped led lighting profile for 10mm strip\" class=\"wp-image-43067 size-full\" srcset=\"https:\/\/tangooled.com\/wp-content\/uploads\/2025\/12\/dwp23-ins.webp 500w, https:\/\/tangooled.com\/wp-content\/uploads\/2025\/12\/dwp23-ins-300x300.webp 300w, https:\/\/tangooled.com\/wp-content\/uploads\/2025\/12\/dwp23-ins-150x150.webp 150w\" sizes=\"auto, (max-width: 500px) 100vw, 500px\" \/><\/figure><\/div>\n<\/div>\n\n\n\n<div class=\"wp-block-group has-background\" style=\"background-color:#f1f1f1f2;padding-top:var(--wp--preset--spacing--80);padding-bottom:var(--wp--preset--spacing--80)\"><div class=\"wp-block-group__inner-container is-layout-constrained wp-block-group-is-layout-constrained\">\n<h2 class=\"wp-block-heading\" style=\"padding-top:var(--wp--preset--spacing--40);padding-bottom:var(--wp--preset--spacing--40);font-size:25px;font-style:normal;font-weight:600;text-transform:capitalize\">Comment utiliser le profil LED encastr\u00e9 en forme de couronne<\/h2>\n\n\n\n<ul class=\"wp-block-list\">\n<li>\u00c9clairage p\u00e9riph\u00e9rique au plafond : Cr\u00e9ez des lignes de lumi\u00e8re nettes autour de la pi\u00e8ce.<\/li>\n\n\n\n<li>\u00c9clairage indirect : Ce type d'\u00e9clairage est id\u00e9al pour les espaces de vie, les chambres et les cuisines.<\/li>\n\n\n\n<li>Dans les entreprises : Parfait pour les halls d'h\u00f4tel, les magasins ou les bureaux ayant besoin d'une lumi\u00e8re d'ambiance classe.<\/li>\n\n\n\n<li>R\u00e9v\u00e9lations architecturales : Cr\u00e9ez un \u00e9cart ombrag\u00e9 entre les murs et les plafonds.<\/li>\n\n\n\n<li>\u00c9clairage d'ambiance : Fonctionne bien avec des syst\u00e8mes d'\u00e9clairage d'ambiance pouvant \u00eatre att\u00e9nu\u00e9s ou modifi\u00e9s.<\/li>\n<\/ul>\n<\/div><\/div>\n\n\n\n<div class=\"wp-block-group is-vertical is-layout-flex wp-container-core-group-is-layout-d255d7c4 wp-block-group-is-layout-flex\" style=\"padding-top:var(--wp--preset--spacing--80);padding-bottom:var(--wp--preset--spacing--80)\">\n<h2 class=\"wp-block-heading\" style=\"padding-top:var(--wp--preset--spacing--40);padding-bottom:var(--wp--preset--spacing--40);font-size:25px;font-style:normal;font-weight:600;text-transform:capitalize\">Produits associ\u00e9s qui pourraient vous int\u00e9resser<\/h2>\n\n\n\n<ul class=\"wp-block-list\">\n<li><a href=\"https:\/\/tangooled.com\/fr\/product\/black-led-profile-with-black-diffuser-for-10mm-led-strip-light\/\"><mark style=\"background-color:rgba(0, 0, 0, 0)\" class=\"has-inline-color has-vivid-red-color\">Profil LED noir avec diffuseur noir pour bande LED de 10 mm<\/mark><\/a><\/li>\n\n\n\n<li><a href=\"https:\/\/tangooled.com\/fr\/product\/led-light-diffuser-channel-aluminum-15x12mm-for-10mm-led-strips\/\"><mark style=\"background-color:rgba(0, 0, 0, 0)\" class=\"has-inline-color has-vivid-red-color\">Canal diffuseur de lumi\u00e8re LED en aluminium 15x12mm pour bandes LED de 10mm<\/mark><\/a><\/li>\n\n\n\n<li><a href=\"https:\/\/tangooled.com\/fr\/product\/surface-mount-led-profile-with-frosted-diffuser-for-10mm-rope-lights\/\"><mark style=\"background-color:rgba(0, 0, 0, 0)\" class=\"has-inline-color has-vivid-red-color\">Profil LED \u00e0 montage en surface avec diffuseur d\u00e9poli pour bandes de 10 mm<\/mark><\/a><\/li>\n\n\n\n<li><a href=\"https:\/\/tangooled.com\/fr\/product\/recessed-linear-down-lighting-led-strip-profile-for-10mm-led-strip\/\"><mark style=\"background-color:rgba(0, 0, 0, 0)\" class=\"has-inline-color has-vivid-red-color\">Profil de bande LED lin\u00e9aire encastr\u00e9 pour bandes LED de 10 mm<\/mark><\/a><\/li>\n\n\n\n<li><a href=\"https:\/\/tangooled.com\/fr\/product\/trimless-drywall-led-channel-for-15mm-led-strip-lights\/\"><mark style=\"background-color:rgba(0, 0, 0, 0)\" class=\"has-inline-color has-vivid-red-color\">Profil LED sans encadrement pour bandes LED de 15 mm<\/mark><\/a><\/li>\n<\/ul>\n<\/div>\n\n\n\n<div class=\"wp-block-group has-background\" style=\"background-color:#f1f1f1;padding-top:var(--wp--preset--spacing--80);padding-bottom:var(--wp--preset--spacing--80)\"><div class=\"wp-block-group__inner-container is-layout-constrained wp-block-group-is-layout-constrained\">\n<h2 class=\"wp-block-heading\" style=\"padding-top:var(--wp--preset--spacing--40);padding-bottom:var(--wp--preset--spacing--40);font-size:25px;font-style:normal;font-weight:600;text-transform:capitalize\">r\u00e9sum\u00e9<\/h2>\n\n\n\n<p>Notre profil LED en pl\u00e2tre en forme de couronne pour bandes de 10 mm est un excellent moyen d'ajouter une lumi\u00e8re indirecte propre et moderne \u00e0 votre maison ou bureau. Il est facile \u00e0 installer, enti\u00e8rement r\u00e9glable et fonctionne avec la plupart des bandes LED tout en maintenant la chaleur sous contr\u00f4le. Utilisez-le pour donner une apparence incroyable \u00e0 votre pi\u00e8ce avec des effets d'\u00e9clairage architectural.<\/p>\n<\/div><\/div>\n\n\n\n<p><\/p>","protected":false},"featured_media":13965,"template":"","meta":{"_acf_changed":true,"_seopress_robots_primary_cat":"none","_seopress_titles_title":"Crown-Shaped Plaster-in LED Profile | Architectural Trim DWP23","_seopress_titles_desc":"The DWP23 is a unique crown-shaped plaster-in led profile for 10mm strips. Enhance ceilings with this architectural recessed channel that creates a sophisticated layered light effect.","_seopress_robots_index":""},"pcb-width":[228],"product-cat":[197],"class_list":{"0":"post-42669","1":"product","2":"type-product","3":"status-publish","4":"has-post-thumbnail","6":"pcb-width-6-12mm","7":"product-cat-plaster-in-profile"},"acf":[],"_links":{"self":[{"href":"https:\/\/tangooled.com\/fr\/wp-json\/wp\/v2\/product\/42669","targetHints":{"allow":["GET"]}}],"collection":[{"href":"https:\/\/tangooled.com\/fr\/wp-json\/wp\/v2\/product"}],"about":[{"href":"https:\/\/tangooled.com\/fr\/wp-json\/wp\/v2\/types\/product"}],"wp:featuredmedia":[{"embeddable":true,"href":"https:\/\/tangooled.com\/fr\/wp-json\/wp\/v2\/media\/13965"}],"wp:attachment":[{"href":"https:\/\/tangooled.com\/fr\/wp-json\/wp\/v2\/media?parent=42669"}],"wp:term":[{"taxonomy":"pcb-width","embeddable":true,"href":"https:\/\/tangooled.com\/fr\/wp-json\/wp\/v2\/pcb-width?post=42669"},{"taxonomy":"product-cat","embeddable":true,"href":"https:\/\/tangooled.com\/fr\/wp-json\/wp\/v2\/product-cat?post=42669"}],"curies":[{"name":"wp","href":"https:\/\/api.w.org\/{rel}","templated":true}]}}