{"id":42667,"date":"2025-12-23T06:28:11","date_gmt":"2025-12-23T14:28:11","guid":{"rendered":"https:\/\/tangooled.com\/?post_type=product&#038;p=42667"},"modified":"2026-02-01T22:45:51","modified_gmt":"2026-02-02T06:45:51","slug":"plaster-in-led-ceiling-moulding-profile-for-15mm-led-strips","status":"publish","type":"product","link":"https:\/\/tangooled.com\/fr\/product\/plaster-in-led-ceiling-moulding-profile-for-15mm-led-strips\/","title":{"rendered":"Profil de moulage au plafond LED en pl\u00e2tre pour bandes LED de 15 mm"},"content":{"rendered":"<div class=\"wp-block-group is-vertical is-layout-flex wp-container-core-group-is-layout-d255d7c4 wp-block-group-is-layout-flex\" style=\"padding-top:var(--wp--preset--spacing--80);padding-bottom:var(--wp--preset--spacing--80)\">\n<p>Notre profil de moulure LED encastrable DWP22 vous permet d'ajouter un \u00e9clairage \u00e9l\u00e9gant et sans cadre \u00e0 vos murs ou plafonds. Ce profil en aluminium est con\u00e7u pour s'adapter parfaitement, avec une hauteur totale de 97 mm et des ailes en pl\u00e2tre de 20 mm de long. Il est viss\u00e9 dans la plaque de pl\u00e2tre et ensuite recouvert de pl\u00e2tre, ce qui permet de le fondre parfaitement et de cacher tous les bords. Le profil peut contenir des bandes LED jusqu'\u00e0 20 mm de large, ce qui est parfait pour vos bandes de 15 mm. Cette forme permet une excellente dissipation de la chaleur, et une fois peinte, elle cr\u00e9e une belle apparence de lumi\u00e8re flottante sur le mur ou le plafond. Le profil offre une apparence lisse, sans points et architecturale, id\u00e9ale pour des environnements modernes et esth\u00e9tiques. Cela est rendu possible gr\u00e2ce \u00e0 sa lumi\u00e8re orient\u00e9e vers le haut et \u00e0 son diffuseur opale.<\/p>\n<\/div>\n\n\n\n<div class=\"wp-block-group has-background is-vertical is-layout-flex wp-container-core-group-is-layout-d255d7c4 wp-block-group-is-layout-flex\" style=\"background-color:#f1f1f1;padding-top:var(--wp--preset--spacing--80);padding-bottom:var(--wp--preset--spacing--80)\">\n<div class=\"wp-block-group is-vertical is-layout-flex wp-container-core-group-is-layout-8cf370e7 wp-block-group-is-layout-flex\">\n<h2 class=\"wp-block-heading\" style=\"padding-top:var(--wp--preset--spacing--40);padding-bottom:var(--wp--preset--spacing--40);font-size:25px;font-style:normal;font-weight:600;text-transform:capitalize\">Caract\u00e9ristiques et avantages du profil de moulure LED encastrable<\/h2>\n\n\n\n<ul class=\"wp-block-list\">\n<li>Un profil LED sans cadre avec montage affleurant vous offre un canal LED sans cadre int\u00e9gr\u00e9 directement dans votre plaque de pl\u00e2tre.<\/li>\n\n\n\n<li>Compatible avec les installations de canaux d'\u00e9clairage en plaques de pl\u00e2tre \u00e0 haute performance.<\/li>\n\n\n\n<li>L'installation dans la plaque de pl\u00e2tre fait que votre \u00e9clairage semble \u00eatre une partie naturelle de votre plafond ou de votre mur.<\/li>\n\n\n\n<li>La finition en aluminium de haute qualit\u00e9 garantit une excellente dissipation de la chaleur.<\/li>\n\n\n\n<li>Livr\u00e9 avec un couvercle de lumi\u00e8re diffus\u00e9e pour une illumination sans points.<\/li>\n\n\n\n<li>Vous pouvez le peindre pour l'adapter \u00e0 la couleur de n'importe quel mur ou plafond pour un look sobre.<\/li>\n<\/ul>\n<\/div>\n<\/div>\n\n\n\n<div class=\"wp-block-group is-vertical is-layout-flex wp-container-core-group-is-layout-d255d7c4 wp-block-group-is-layout-flex\" style=\"padding-top:var(--wp--preset--spacing--80);padding-bottom:var(--wp--preset--spacing--80)\">\n<hr class=\"wp-block-separator has-alpha-channel-opacity\"\/>\n\n\n\n<div class=\"wp-block-media-text has-media-on-the-right is-stacked-on-mobile\" style=\"grid-template-columns:auto 40%\"><div class=\"wp-block-media-text__content\">\n<h2 class=\"wp-block-heading\" style=\"padding-top:var(--wp--preset--spacing--40);padding-bottom:var(--wp--preset--spacing--40);font-size:25px;font-style:normal;font-weight:600;text-transform:capitalize\">Comment utiliser le profil de moulure LED encastrable<\/h2>\n\n\n\n<ul class=\"wp-block-list\">\n<li>Coupez le profil \u00e0 la bonne longueur.<\/li>\n\n\n\n<li>Fixez les ailes perfor\u00e9es \u00e0 la plaque de pl\u00e2tre avec des vis.<\/li>\n\n\n\n<li>Appliquez du compos\u00e9 \u00e0 joint et du pl\u00e2tre sur les ailes, et lissez les bords pour rendre la surface uniforme.<\/li>\n\n\n\n<li>Peignez pour assortir le mur ou le plafond.<\/li>\n\n\n\n<li>Ins\u00e9rez votre bande LED de 15 mm dans le canal.<\/li>\n\n\n\n<li>Clipsiez le diffuseur d\u00e9poli, en vous assurant que la lumi\u00e8re est uniforme et sans points.<\/li>\n\n\n\n<li>Connectez l'alimentation et les dispositifs de contr\u00f4le (gradateurs et alimentations).<\/li>\n<\/ul>\n<\/div><figure class=\"wp-block-media-text__media\"><img loading=\"lazy\" decoding=\"async\" width=\"500\" height=\"500\" src=\"https:\/\/tangooled.com\/wp-content\/uploads\/2025\/12\/dwp22-ins.webp\" alt=\"plaster in led ceiling moulding profile for 15mm led strips\" class=\"wp-image-43056 size-full\" srcset=\"https:\/\/tangooled.com\/wp-content\/uploads\/2025\/12\/dwp22-ins.webp 500w, https:\/\/tangooled.com\/wp-content\/uploads\/2025\/12\/dwp22-ins-300x300.webp 300w, https:\/\/tangooled.com\/wp-content\/uploads\/2025\/12\/dwp22-ins-150x150.webp 150w\" sizes=\"auto, (max-width: 500px) 100vw, 500px\" \/><\/figure><\/div>\n<\/div>\n\n\n\n<div class=\"wp-block-group has-background\" style=\"background-color:#f1f1f1f2;padding-top:var(--wp--preset--spacing--80);padding-bottom:var(--wp--preset--spacing--80)\"><div class=\"wp-block-group__inner-container is-layout-constrained wp-block-group-is-layout-constrained\">\n<h2 class=\"wp-block-heading\" style=\"padding-top:var(--wp--preset--spacing--40);padding-bottom:var(--wp--preset--spacing--40);font-size:25px;font-style:normal;font-weight:600\">O\u00f9 l'utiliser ?<\/h2>\n\n\n\n<ul class=\"wp-block-list\">\n<li>\u00c9clairage de coves au plafond : Cela cr\u00e9e un \u00e9clairage dramatique qui inonde les murs et plafonds.<\/li>\n\n\n\n<li>\u00c9clairage de murs : Cette technique fait ressortir la rugosit\u00e9 des murs et les rend plus profonds.<\/li>\n\n\n\n<li>\u00c9clairage d'accentuation : Un excellent moyen d'ajouter une touche architecturale propre aux h\u00f4tels, espaces de vie ou commerces.<\/li>\n\n\n\n<li>\u00c9clairage de d\u00e9tail : Illumine les objets sans les rendre peu attrayants.<\/li>\n<\/ul>\n<\/div><\/div>\n\n\n\n<div class=\"wp-block-group is-vertical is-layout-flex wp-container-core-group-is-layout-d255d7c4 wp-block-group-is-layout-flex\" style=\"padding-top:var(--wp--preset--spacing--80);padding-bottom:var(--wp--preset--spacing--80)\">\n<h2 class=\"wp-block-heading\" style=\"padding-top:var(--wp--preset--spacing--40);padding-bottom:var(--wp--preset--spacing--40);font-size:25px;font-style:normal;font-weight:600;text-transform:capitalize\">Produits associ\u00e9s de TANGOLED<\/h2>\n\n\n\n<ul class=\"wp-block-list\">\n<li><a href=\"https:\/\/tangooled.com\/fr\/product\/black-led-diffuser-aluminum-channel-for-12mm-tape-lights\/\"><mark style=\"background-color:rgba(0, 0, 0, 0)\" class=\"has-inline-color has-vivid-red-color\">Profil en aluminium avec diffuseur LED noir pour bandes de 12 mm<\/mark><\/a> \u2013 Great for slimmer LED tapes.<\/li>\n\n\n\n<li><a href=\"https:\/\/tangooled.com\/fr\/product\/22x15mm-led-light-channel-aluminum-extrusion-for-flexible-strips\/\"><mark style=\"background-color:rgba(0, 0, 0, 0)\" class=\"has-inline-color has-vivid-red-color\">Extrusion de canal lumineux LED en aluminium 22x15mm pour bandes flexibles<\/mark><\/a> \u2013 Larger channel for wider LED strips.<\/li>\n\n\n\n<li><a href=\"https:\/\/tangooled.com\/fr\/product\/plaster-in-led-profile-2m-3m-for-gypsum-ceiling-recessed\/\"><mark style=\"background-color:rgba(0, 0, 0, 0)\" class=\"has-inline-color has-vivid-red-color\">Profil LED encastrable 2m &amp; 3m pour plafond en pl\u00e2tre<\/mark><\/a> \u2013 Alternative length options.<\/li>\n\n\n\n<li><a href=\"https:\/\/tangooled.com\/fr\/product\/trimless-drywall-led-channel-for-15mm-led-strip-lights\/\"><mark style=\"background-color:rgba(0, 0, 0, 0)\" class=\"has-inline-color has-vivid-red-color\">Profil LED sans encadrement pour bandes LED de 15 mm<\/mark><\/a> \u2013 Another option for flush LED ceiling channels.<\/li>\n\n\n\n<li><a href=\"https:\/\/tangooled.com\/fr\/product\/aluminum-base-with-opal-square-light-cover-for-suspension\/\"><mark style=\"background-color:rgba(0, 0, 0, 0)\" class=\"has-inline-color has-vivid-red-color\">Base en aluminium avec couvercle en lumi\u00e8re carr\u00e9e opale pour suspension<\/mark><\/a> \u2013 Suspended lighting solutions.<\/li>\n<\/ul>\n<\/div>\n\n\n\n<p><\/p>","protected":false},"featured_media":13960,"template":"","meta":{"_acf_changed":false,"_seopress_robots_primary_cat":"none","_seopress_titles_title":"Plaster-in LED Ceiling Moulding Profile DWP22 | TANGOOLED","_seopress_titles_desc":"The DWP22 is a professional plaster-in led ceiling moulding profile for 15mm strips. This trimless architectural moulding combines decorative cornices with hidden linear lighting.","_seopress_robots_index":""},"pcb-width":[229],"product-cat":[197],"class_list":{"0":"post-42667","1":"product","2":"type-product","3":"status-publish","4":"has-post-thumbnail","6":"pcb-width-15-20mm","7":"product-cat-plaster-in-profile"},"acf":[],"_links":{"self":[{"href":"https:\/\/tangooled.com\/fr\/wp-json\/wp\/v2\/product\/42667","targetHints":{"allow":["GET"]}}],"collection":[{"href":"https:\/\/tangooled.com\/fr\/wp-json\/wp\/v2\/product"}],"about":[{"href":"https:\/\/tangooled.com\/fr\/wp-json\/wp\/v2\/types\/product"}],"wp:featuredmedia":[{"embeddable":true,"href":"https:\/\/tangooled.com\/fr\/wp-json\/wp\/v2\/media\/13960"}],"wp:attachment":[{"href":"https:\/\/tangooled.com\/fr\/wp-json\/wp\/v2\/media?parent=42667"}],"wp:term":[{"taxonomy":"pcb-width","embeddable":true,"href":"https:\/\/tangooled.com\/fr\/wp-json\/wp\/v2\/pcb-width?post=42667"},{"taxonomy":"product-cat","embeddable":true,"href":"https:\/\/tangooled.com\/fr\/wp-json\/wp\/v2\/product-cat?post=42667"}],"curies":[{"name":"wp","href":"https:\/\/api.w.org\/{rel}","templated":true}]}}