{"id":42665,"date":"2025-12-23T06:25:08","date_gmt":"2025-12-23T14:25:08","guid":{"rendered":"https:\/\/tangooled.com\/?post_type=product&#038;p=42665"},"modified":"2026-01-27T22:12:10","modified_gmt":"2026-01-28T06:12:10","slug":"ceiling-mounted-led-cove-light-drywall-profile-recessed-for-15mm-strip","status":"publish","type":"product","link":"https:\/\/tangooled.com\/fr\/product\/ceiling-mounted-led-cove-light-drywall-profile-recessed-for-15mm-strip\/","title":{"rendered":"Profil de lumi\u00e8re cove LED mont\u00e9 au plafond, encastr\u00e9 pour bande de 15 mm"},"content":{"rendered":"<div class=\"wp-block-group is-vertical is-layout-flex wp-container-core-group-is-layout-d255d7c4 wp-block-group-is-layout-flex\" style=\"padding-top:var(--wp--preset--spacing--80);padding-bottom:var(--wp--preset--spacing--80)\">\n<p>Notre profil de lumi\u00e8re cove LED mont\u00e9 au plafond DWP21 en placopl\u00e2tre vous offre un \u00e9clairage ideal et uniforme. Ce profil de lumi\u00e8re cove LED encastr\u00e9 et sans bord mesure 94 mm de large, 34 mm de profondeur et dispose d'un canal interne de 21,36 mm de large. Il s'int\u00e8gre parfaitement dans des plafonds en placopl\u00e2tre ou en plaques de pl\u00e2tre et peut accueillir des bandes LED allant jusqu'\u00e0 15 mm de large. Le profil est fabriqu\u00e9 en aluminium anodis\u00e9 durable et fonctionne comme un dissipateur thermique pour aider vos bandes LED \u00e0 durer plus longtemps en les gardant au frais. Sa forme inclin\u00e9e diffuse une lumi\u00e8re brillante et continue sous le meilleur angle, garantissant un minimum d'\u00e9blouissement et une sortie agr\u00e9able, sans points. Le dispositif dispara\u00eet une fois enduit, vous laissant avec une finition d'\u00e9clairage architectural propre et lisse.<\/p>\n<\/div>\n\n\n\n<div class=\"wp-block-group has-background is-vertical is-layout-flex wp-container-core-group-is-layout-d255d7c4 wp-block-group-is-layout-flex\" style=\"background-color:#f1f1f1;padding-top:var(--wp--preset--spacing--80);padding-bottom:var(--wp--preset--spacing--80)\">\n<div class=\"wp-block-group is-vertical is-layout-flex wp-container-core-group-is-layout-8cf370e7 wp-block-group-is-layout-flex\">\n<h2 class=\"wp-block-heading\" style=\"padding-top:var(--wp--preset--spacing--40);padding-bottom:var(--wp--preset--spacing--40);font-size:25px;font-style:normal;font-weight:600;text-transform:capitalize\">Pourquoi choisir notre profil de lumi\u00e8re cove LED mont\u00e9 au plafond ?<\/h2>\n\n\n\n<ul class=\"wp-block-list\">\n<li>Trimless drywall integration: The recessed LED cover light drywall profile fits flush into plasterboard\uff0c giving it a clean, modern look.<\/li>\n\n\n\n<li>Convient aux bandes LED de 15 mm : Prend en charge des bandes LED larges, y compris celles \u00e0 haute sortie et RGBW.<\/li>\n\n\n\n<li>Livr\u00e9 avec un diffuseur opale : R\u00e9partit la lumi\u00e8re uniform\u00e9ment pour \u00e9viter les points.<\/li>\n\n\n\n<li>Construction en aluminium robuste : Cela le rend durable et aide \u00e0 le refroidir.<\/li>\n\n\n\n<li>Complete kit: Comes with end caps and connectors\u00a0for easy fitting.<\/li>\n<\/ul>\n<\/div>\n<\/div>\n\n\n\n<div class=\"wp-block-group is-vertical is-layout-flex wp-container-core-group-is-layout-d255d7c4 wp-block-group-is-layout-flex\" style=\"padding-top:var(--wp--preset--spacing--80);padding-bottom:var(--wp--preset--spacing--80)\">\n<hr class=\"wp-block-separator has-alpha-channel-opacity\"\/>\n\n\n\n<div class=\"wp-block-media-text has-media-on-the-right is-stacked-on-mobile\" style=\"grid-template-columns:auto 40%\"><div class=\"wp-block-media-text__content\">\n<h2 class=\"wp-block-heading\" style=\"padding-top:var(--wp--preset--spacing--40);padding-bottom:var(--wp--preset--spacing--40);font-size:25px;font-style:normal;font-weight:600;text-transform:capitalize\">\u00c9tapes d'installation<\/h2>\n\n\n\n<ul class=\"wp-block-list\">\n<li>Fixez le profil : Utilisez des vis pour maintenir le canal en aluminium entre les solives de plafond ou les montants en placopl\u00e2tre.<\/li>\n\n\n\n<li>Mud-in plaster: Use drywall mud or plaster to cover the profile&#8217;s flanges that have holes in them for a smooth finish.<\/li>\n\n\n\n<li>Pon\u00e7age et peinture : Pour un effet sans bord parfait, lissez le pl\u00e2tre sur le profil et peignez-le.<\/li>\n\n\n\n<li>Installez la bande LED : Placez votre bande LED de 15 mm \u00e0 l'int\u00e9rieur du canal.<\/li>\n\n\n\n<li>Ajoutez un diffuseur : Placez le couvercle opale sur la bande pour la prot\u00e9ger et adoucir la lumi\u00e8re.<\/li>\n<\/ul>\n<\/div><figure class=\"wp-block-media-text__media\"><img loading=\"lazy\" decoding=\"async\" width=\"500\" height=\"500\" src=\"https:\/\/tangooled.com\/wp-content\/uploads\/2025\/12\/dwp21-ins.webp\" alt=\"ceiling mounted led cove light drywall profile recessed for 15mm strip\" class=\"wp-image-43050 size-full\" srcset=\"https:\/\/tangooled.com\/wp-content\/uploads\/2025\/12\/dwp21-ins.webp 500w, https:\/\/tangooled.com\/wp-content\/uploads\/2025\/12\/dwp21-ins-300x300.webp 300w, https:\/\/tangooled.com\/wp-content\/uploads\/2025\/12\/dwp21-ins-150x150.webp 150w\" sizes=\"auto, (max-width: 500px) 100vw, 500px\" \/><\/figure><\/div>\n<\/div>\n\n\n\n<div class=\"wp-block-group has-background\" style=\"background-color:#f1f1f1f2;padding-top:var(--wp--preset--spacing--80);padding-bottom:var(--wp--preset--spacing--80)\"><div class=\"wp-block-group__inner-container is-layout-constrained wp-block-group-is-layout-constrained\">\n<h2 class=\"wp-block-heading\" style=\"padding-top:var(--wp--preset--spacing--40);padding-bottom:var(--wp--preset--spacing--40);font-size:25px;font-style:normal;font-weight:600\">Comment utiliser ce profil de lumi\u00e8re cove LED en placopl\u00e2tre<\/h2>\n\n\n\n<ul class=\"wp-block-list\">\n<li>\u00c9clairage cove sur le plafond : Illuminez les bords des espaces pour une lueur douce et ambiante.<\/li>\n\n\n\n<li>\u00c9clairage mural et accentuation : Utilisez-les pour attirer l'attention sur des surfaces textur\u00e9es et des d\u00e9tails architecturaux.<\/li>\n\n\n\n<li>Effets de plafond flottant : Utilisez des lignes de lumi\u00e8re douces pour faire para\u00eetre les plafonds flottants.<\/li>\n\n\n\n<li>Maisons et entreprises : salons, bureaux, h\u00f4tels et magasins.<\/li>\n<\/ul>\n<\/div><\/div>\n\n\n\n<div class=\"wp-block-group is-vertical is-layout-flex wp-container-core-group-is-layout-d255d7c4 wp-block-group-is-layout-flex\" style=\"padding-top:var(--wp--preset--spacing--80);padding-bottom:var(--wp--preset--spacing--80)\">\n<h2 class=\"wp-block-heading\" style=\"padding-top:var(--wp--preset--spacing--40);padding-bottom:var(--wp--preset--spacing--40);font-size:25px;font-style:normal;font-weight:600;text-transform:capitalize\">Produits et ressources connexes<\/h2>\n\n\n\n<ul class=\"wp-block-list\">\n<li><a href=\"https:\/\/tangooled.com\/fr\/product\/trimless-drywall-led-channel-for-15mm-led-strip-lights\/\"><mark style=\"background-color:rgba(0, 0, 0, 0)\" class=\"has-inline-color has-vivid-red-color\">Profil LED sans encadrement pour bandes LED de 15 mm<\/mark><\/a>&#8211; Another trimless drywall LED profile option.<\/li>\n\n\n\n<li><a href=\"https:\/\/tangooled.com\/fr\/product\/22x15mm-led-light-channel-aluminum-extrusion-for-flexible-strips\/\"><mark style=\"background-color:rgba(0, 0, 0, 0)\" class=\"has-inline-color has-vivid-red-color\">Extrusion de canal lumineux LED en aluminium 22x15mm pour bandes flexibles<\/mark><\/a> \u2013 For similar wide LED strip use.<\/li>\n\n\n\n<li><a href=\"https:\/\/tangooled.com\/fr\/product\/recessed-aluminum-profile-17x8mm-for-led-strip-lighting\/\"><mark style=\"background-color:rgba(0, 0, 0, 0)\" class=\"has-inline-color has-vivid-red-color\">Profil en aluminium LED encastr\u00e9 17x8mm pour \u00e9clairage par bande LED<\/mark><\/a> \u2013 Recessed LED profile alternative with a smaller size.<\/li>\n\n\n\n<li><a href=\"https:\/\/tangooled.com\/fr\/product\/black-led-diffuser-aluminum-channel-for-12mm-tape-lights\/\"><mark style=\"background-color:rgba(0, 0, 0, 0)\" class=\"has-inline-color has-vivid-red-color\">Profil en aluminium avec diffuseur LED noir pour bandes de 12 mm<\/mark><\/a> \u2013 A diffuser option with a black finish.<\/li>\n\n\n\n<li><a href=\"https:\/\/tangooled.com\/fr\/product\/surface-mount-led-profile-with-frosted-diffuser-for-10mm-rope-lights\/\"><mark style=\"background-color:rgba(0, 0, 0, 0)\" class=\"has-inline-color has-vivid-red-color\">Profil LED \u00e0 montage en surface avec diffuseur d\u00e9poli pour bandes de 10 mm<\/mark><\/a> \u2013 Surface mount style alternative.<\/li>\n<\/ul>\n<\/div>\n\n\n\n<div class=\"wp-block-group has-background\" style=\"background-color:#f1f1f1;padding-top:var(--wp--preset--spacing--80);padding-bottom:var(--wp--preset--spacing--80)\"><div class=\"wp-block-group__inner-container is-layout-constrained wp-block-group-is-layout-constrained\">\n<h2 class=\"wp-block-heading\" style=\"padding-top:var(--wp--preset--spacing--40);padding-bottom:var(--wp--preset--spacing--40);font-size:25px;font-style:normal;font-weight:600;text-transform:capitalize\">R\u00e9sum\u00e9<\/h2>\n\n\n\n<p>Notre profil de lumi\u00e8re cove LED mont\u00e9 au plafond est la meilleure solution pour un design propre et moderne. \u00c9tant encastr\u00e9 dans le pl\u00e2tre, il offre \u00e0 votre placopl\u00e2tre un \u00e9clairage lisse et uniforme sans bordures visibles. Le canal de 15 mm de large convient \u00e0 de nombreuses bandes LED, vous permettant de cr\u00e9er des effets lumineux ou RGB. Le diffuseur opale qui l'accompagne rend la lumi\u00e8re douce et appropri\u00e9e pour les espaces de vie, les bureaux et les entreprises.<\/p>\n<\/div><\/div>\n\n\n\n<p><\/p>","protected":false},"featured_media":13955,"template":"","meta":{"_acf_changed":true,"_seopress_robots_primary_cat":"none","_seopress_titles_title":"LED Cove Light Drywall Profile | 15mm Wide Recessed Channel DWP21","_seopress_titles_desc":"The DWP21 is a professional led cove light drywall profile designed for 15mm strips. Create stunning indirect ceiling lighting with a seamless, trimless finish in any drywall or gypsum ceiling.","_seopress_robots_index":""},"pcb-width":[229],"product-cat":[197],"class_list":{"0":"post-42665","1":"product","2":"type-product","3":"status-publish","4":"has-post-thumbnail","6":"pcb-width-15-20mm","7":"product-cat-plaster-in-profile"},"acf":[],"_links":{"self":[{"href":"https:\/\/tangooled.com\/fr\/wp-json\/wp\/v2\/product\/42665","targetHints":{"allow":["GET"]}}],"collection":[{"href":"https:\/\/tangooled.com\/fr\/wp-json\/wp\/v2\/product"}],"about":[{"href":"https:\/\/tangooled.com\/fr\/wp-json\/wp\/v2\/types\/product"}],"wp:featuredmedia":[{"embeddable":true,"href":"https:\/\/tangooled.com\/fr\/wp-json\/wp\/v2\/media\/13955"}],"wp:attachment":[{"href":"https:\/\/tangooled.com\/fr\/wp-json\/wp\/v2\/media?parent=42665"}],"wp:term":[{"taxonomy":"pcb-width","embeddable":true,"href":"https:\/\/tangooled.com\/fr\/wp-json\/wp\/v2\/pcb-width?post=42665"},{"taxonomy":"product-cat","embeddable":true,"href":"https:\/\/tangooled.com\/fr\/wp-json\/wp\/v2\/product-cat?post=42665"}],"curies":[{"name":"wp","href":"https:\/\/api.w.org\/{rel}","templated":true}]}}