{"id":42662,"date":"2025-12-23T06:22:11","date_gmt":"2025-12-23T14:22:11","guid":{"rendered":"https:\/\/tangooled.com\/?post_type=product&#038;p=42662"},"modified":"2026-01-27T22:11:19","modified_gmt":"2026-01-28T06:11:19","slug":"45-degree-led-plaster-wall-wash-profile-for-15mm-led-strips","status":"publish","type":"product","link":"https:\/\/tangooled.com\/fr\/product\/45-degree-led-plaster-wall-wash-profile-for-15mm-led-strips\/","title":{"rendered":"Profil de wash mural en pl\u00e2tre LED \u00e0 45 degr\u00e9s pour bandes LED de 15 mm"},"content":{"rendered":"<div class=\"wp-block-group is-vertical is-layout-flex wp-container-core-group-is-layout-d255d7c4 wp-block-group-is-layout-flex\" style=\"padding-top:var(--wp--preset--spacing--80);padding-bottom:var(--wp--preset--spacing--80)\">\n<p>Notre profil de wash mural en pl\u00e2tre \u00e0 45 degr\u00e9s donnera \u00e0 vos murs une ligne de lumi\u00e8re lisse et sans d\u00e9faut. Ce produit est con\u00e7u pour des bandes LED de 15 mm et s'int\u00e8gre parfaitement dans le pl\u00e2tre ou le placopl\u00e2tre. Le DWP20 mesure 91 mm de large et 56,8 mm de haut au point le plus \u00e9lev\u00e9. Il a un design en forme de L qui le rend simple \u00e0 installer dans un coin. La forme a une courbe int\u00e9rieure profonde qui \u00e9claire le mur. Il dispose \u00e9galement d'un diffuseur de 20,9 mm et d'une bride de pl\u00e2trage de 31,7 mm qui le maintiennent en place au plafond ou sur une \u00e9tag\u00e8re. Il permet d'\u00e9clairer les murs sans \u00e9blouissement ni taches gr\u00e2ce \u00e0 son faisceau \u00e0 45 degr\u00e9s qui \u00e9claire les murs de mani\u00e8re douce et uniforme. Cette solution d'\u00e9clairage fonctionne \u00e0 la fois comme \u00e9clairage ambiant et directionnel et s'harmonise bien avec l'architecture.<\/p>\n<\/div>\n\n\n\n<div class=\"wp-block-group has-background is-vertical is-layout-flex wp-container-core-group-is-layout-d255d7c4 wp-block-group-is-layout-flex\" style=\"background-color:#f1f1f1;padding-top:var(--wp--preset--spacing--80);padding-bottom:var(--wp--preset--spacing--80)\">\n<div class=\"wp-block-group is-vertical is-layout-flex wp-container-core-group-is-layout-8cf370e7 wp-block-group-is-layout-flex\">\n<h2 class=\"wp-block-heading\" style=\"padding-top:var(--wp--preset--spacing--40);padding-bottom:var(--wp--preset--spacing--40);font-size:25px;font-style:normal;font-weight:600;text-transform:capitalize\">Pourquoi choisir ce profil de wash mural en pl\u00e2tre \u00e0 45 degr\u00e9s ?<\/h2>\n\n\n\n<ul class=\"wp-block-list\">\n<li>Le design en pl\u00e2tre permet de garder le profil enfoui sous le pl\u00e2tre, lui donnant un aspect propre et sans bord.<\/li>\n\n\n\n<li>Fabriqu\u00e9 en aluminium anodis\u00e9 6063-T5 de haute qualit\u00e9, qui garde vos LED au frais et dure longtemps.<\/li>\n\n\n\n<li>Compatible avec toutes les bandes LED de 15 mm de large, y compris celles RGBW et haute densit\u00e9.<\/li>\n\n\n\n<li>Has a frosted PC\u00a0diffuser that makes the light gentle and even without hot spots.<\/li>\n\n\n\n<li>Id\u00e9al pour \u00e9clairer les murs, les couloirs, les plafonds, et plus encore dans les b\u00e2timents.<\/li>\n\n\n\n<li>Peut \u00eatre peint ou est fourni avec une finition anodis\u00e9e blanche, afin de s'int\u00e9grer aux murs.<\/li>\n<\/ul>\n<\/div>\n<\/div>\n\n\n\n<div class=\"wp-block-group is-vertical is-layout-flex wp-container-core-group-is-layout-d255d7c4 wp-block-group-is-layout-flex\" style=\"padding-top:var(--wp--preset--spacing--80);padding-bottom:var(--wp--preset--spacing--80)\">\n<hr class=\"wp-block-separator has-alpha-channel-opacity\"\/>\n\n\n\n<div class=\"wp-block-media-text has-media-on-the-right is-stacked-on-mobile\" style=\"grid-template-columns:auto 40%\"><div class=\"wp-block-media-text__content\">\n<h2 class=\"wp-block-heading\" style=\"padding-top:var(--wp--preset--spacing--40);padding-bottom:var(--wp--preset--spacing--40);font-size:25px;font-style:normal;font-weight:600;text-transform:capitalize\">Comment utiliser ce profil<\/h2>\n\n\n\n<ul class=\"wp-block-list\">\n<li>Coupez une rainure dans le placopl\u00e2tre pour s'adapter aux dimensions du profil.<\/li>\n\n\n\n<li>Use screws\u00a0to attach the profile to the studs.<\/li>\n\n\n\n<li>Ins\u00e9rez un prot\u00e8ge-insert pour garder le pl\u00e2tre propre dans l'emballage.<\/li>\n\n\n\n<li>Recouvrez les brides de pl\u00e2tre et poncez-les pour les rendre lisses.<\/li>\n\n\n\n<li>Si vous le souhaitez, peignez-le pour l'harmoniser parfaitement avec le mur.<\/li>\n\n\n\n<li>Ins\u00e9rez votre bande LED de 15 mm et enclenchez le diffuseur opale en place.<\/li>\n<\/ul>\n<\/div><figure class=\"wp-block-media-text__media\"><img loading=\"lazy\" decoding=\"async\" width=\"500\" height=\"500\" src=\"https:\/\/tangooled.com\/wp-content\/uploads\/2025\/12\/dwp20-ins.webp\" alt=\"45 degree led plaster wall wash profile for 15mm led strips\" class=\"wp-image-42938 size-full\" srcset=\"https:\/\/tangooled.com\/wp-content\/uploads\/2025\/12\/dwp20-ins.webp 500w, https:\/\/tangooled.com\/wp-content\/uploads\/2025\/12\/dwp20-ins-300x300.webp 300w, https:\/\/tangooled.com\/wp-content\/uploads\/2025\/12\/dwp20-ins-150x150.webp 150w\" sizes=\"auto, (max-width: 500px) 100vw, 500px\" \/><\/figure><\/div>\n<\/div>\n\n\n\n<div class=\"wp-block-group has-background is-vertical is-layout-flex wp-container-core-group-is-layout-b429018a wp-block-group-is-layout-flex\" style=\"background-color:#f1f1f1f2;padding-top:var(--wp--preset--spacing--70);padding-bottom:var(--wp--preset--spacing--70)\">\n<h2 class=\"wp-block-heading\" style=\"padding-top:var(--wp--preset--spacing--40);padding-bottom:var(--wp--preset--spacing--40);font-size:25px;font-style:normal;font-weight:600\">Applications et sc\u00e9narios d'utilisation<\/h2>\n\n\n\n<ul class=\"wp-block-list\">\n<li>Architectural Wall Grazing:\u00a0Brings out the textures in stone, wood, or brick walls.<\/li>\n\n\n\n<li>Couloirs et corridors : Cr\u00e9e une lumi\u00e8re apaisante qui vous guide \u00e0 travers des situations sombres et \u00e9troites.<\/li>\n\n\n\n<li>Ceiling Cove Lighting:\u00a0This type of lighting makes the edges of the ceiling look nice and bright without being too bright.<\/li>\n\n\n\n<li>Retail &amp; Hospitality:\u00a0Adds high-end ambient lighting to stores, hotels, and restaurants.<\/li>\n<\/ul>\n<\/div>\n\n\n\n<div class=\"wp-block-group is-vertical is-layout-flex wp-container-core-group-is-layout-d255d7c4 wp-block-group-is-layout-flex\" style=\"padding-top:var(--wp--preset--spacing--80);padding-bottom:var(--wp--preset--spacing--80)\">\n<h2 class=\"wp-block-heading\" style=\"padding-top:var(--wp--preset--spacing--40);padding-bottom:var(--wp--preset--spacing--40);font-size:25px;font-style:normal;font-weight:600;text-transform:capitalize\">Produits associ\u00e9s qui pourraient vous int\u00e9resser<\/h2>\n\n\n\n<ul class=\"wp-block-list\">\n<li><a href=\"https:\/\/tangooled.com\/fr\/product\/black-led-profile-with-black-diffuser-for-10mm-led-strip-light\/\"><mark style=\"background-color:rgba(0, 0, 0, 0)\" class=\"has-inline-color has-vivid-red-color\">Profil LED noir avec diffuseur noir pour bandes LED de 10 mm<\/mark><\/a><\/li>\n\n\n\n<li><a href=\"https:\/\/tangooled.com\/fr\/product\/22x15mm-led-light-channel-aluminum-extrusion-for-flexible-strips\/\"><mark style=\"background-color:rgba(0, 0, 0, 0)\" class=\"has-inline-color has-vivid-red-color\">Extrusion en aluminium de canal lumineux LED de 22x15 mm pour bandes flexibles<\/mark><\/a><\/li>\n\n\n\n<li><a href=\"https:\/\/tangooled.com\/fr\/product\/18x9mm-led-tape-light-profile-for-surface-installation\/\"><mark style=\"background-color:rgba(0, 0, 0, 0)\" class=\"has-inline-color has-vivid-red-color\">Profil de lumi\u00e8re LED de bande de 18x9 mm pour installation en surface<\/mark><\/a><\/li>\n\n\n\n<li><a href=\"https:\/\/tangooled.com\/fr\/product\/25x14m-surface-mounted-led-light-aluminum-profile\/\"><mark style=\"background-color:rgba(0, 0, 0, 0)\" class=\"has-inline-color has-vivid-red-color\">Profil en aluminium \u00e0 LED mont\u00e9 en surface de 25x14 mm<\/mark><\/a><\/li>\n<\/ul>\n<\/div>\n\n\n\n<div class=\"wp-block-group has-background\" style=\"background-color:#f1f1f1;padding-top:var(--wp--preset--spacing--80);padding-bottom:var(--wp--preset--spacing--80)\"><div class=\"wp-block-group__inner-container is-layout-constrained wp-block-group-is-layout-constrained\">\n<h2 class=\"wp-block-heading\" style=\"padding-top:var(--wp--preset--spacing--40);padding-bottom:var(--wp--preset--spacing--40);font-size:25px;font-style:normal;font-weight:600;text-transform:capitalize\">r\u00e9sum\u00e9<\/h2>\n\n\n\n<p>Notre profil de wash mural en pl\u00e2tre \u00e0 45 degr\u00e9s pour bandes LED de 15 mm est une mani\u00e8re attrayante, sans bord et seamless d'\u00e9clairer une pi\u00e8ce. Il est fabriqu\u00e9 en aluminium robuste et poss\u00e8de un diffuseur de haute qualit\u00e9 qui permet un lavage des murs doux et sans \u00e9blouissement, id\u00e9al pour les projets d'\u00e9clairage r\u00e9sidentiels, commerciaux et architecturaux. Il est compatible avec du ruban LED haute densit\u00e9 et garde la chaleur sous contr\u00f4le pendant longtemps tout en s'int\u00e9grant avec votre placopl\u00e2tre ou pl\u00e2tre.<\/p>\n<\/div><\/div>\n\n\n\n<p><\/p>","protected":false},"featured_media":13810,"template":"","meta":{"_acf_changed":true,"_seopress_robots_primary_cat":"none","_seopress_titles_title":"45 Degree Plaster Wall Wash Profile | 15mm LED Channel DWP20","_seopress_titles_desc":"The DWP20 is a professional 45 degree plaster wall wash profile designed for 15mm strips. Achieve a seamless, trimless wall washing effect that highlights textures and architectural details.","_seopress_robots_index":""},"pcb-width":[229],"product-cat":[197],"class_list":{"0":"post-42662","1":"product","2":"type-product","3":"status-publish","4":"has-post-thumbnail","6":"pcb-width-15-20mm","7":"product-cat-plaster-in-profile"},"acf":[],"_links":{"self":[{"href":"https:\/\/tangooled.com\/fr\/wp-json\/wp\/v2\/product\/42662","targetHints":{"allow":["GET"]}}],"collection":[{"href":"https:\/\/tangooled.com\/fr\/wp-json\/wp\/v2\/product"}],"about":[{"href":"https:\/\/tangooled.com\/fr\/wp-json\/wp\/v2\/types\/product"}],"wp:featuredmedia":[{"embeddable":true,"href":"https:\/\/tangooled.com\/fr\/wp-json\/wp\/v2\/media\/13810"}],"wp:attachment":[{"href":"https:\/\/tangooled.com\/fr\/wp-json\/wp\/v2\/media?parent=42662"}],"wp:term":[{"taxonomy":"pcb-width","embeddable":true,"href":"https:\/\/tangooled.com\/fr\/wp-json\/wp\/v2\/pcb-width?post=42662"},{"taxonomy":"product-cat","embeddable":true,"href":"https:\/\/tangooled.com\/fr\/wp-json\/wp\/v2\/product-cat?post=42662"}],"curies":[{"name":"wp","href":"https:\/\/api.w.org\/{rel}","templated":true}]}}