{"id":42658,"date":"2025-12-23T06:10:45","date_gmt":"2025-12-23T14:10:45","guid":{"rendered":"https:\/\/tangooled.com\/?post_type=product&#038;p=42658"},"modified":"2026-01-27T22:02:16","modified_gmt":"2026-01-28T06:02:16","slug":"anti-glare-indirect-lighting-curved-drywall-profile-dwp19","status":"publish","type":"product","link":"https:\/\/tangooled.com\/fr\/product\/anti-glare-indirect-lighting-curved-drywall-profile-dwp19\/","title":{"rendered":"Profil LED incurv\u00e9 anti-\u00e9blouissement pour \u00e9clairage indirect en pl\u00e2tre DWP19"},"content":{"rendered":"<div class=\"wp-block-group is-vertical is-layout-flex wp-container-core-group-is-layout-d255d7c4 wp-block-group-is-layout-flex\" style=\"padding-top:var(--wp--preset--spacing--80);padding-bottom:var(--wp--preset--spacing--80)\">\n<p>Our anti-glare indirect lighting LED drywall profile is a curved, trimless, single flange aluminum extrusion made for plaster-in drywall installation. It gives you smooth, soft light that does not hurt your eyes. The DWP19 profile features a total width of 101mm and a significant overall height of 69mm. It is designed for mounting on an exposed shelf or surface, with the profile&#8217;s 48mm flange secured to the horizontal element. The channel includes a recess for a single LED strip, covered by a 21.5mm wide diffuser, ensuring the light source is completely hidden. This profile is fantastic for architects, interior designers, and lighting installers who desire modern design, clean lines, and a lot of visual comfort. It gives off a wide, semi-circular light beam that flows smoothly into the room.<\/p>\n<\/div>\n\n\n\n<div class=\"wp-block-group has-background is-vertical is-layout-flex wp-container-core-group-is-layout-d255d7c4 wp-block-group-is-layout-flex\" style=\"background-color:#f1f1f1;padding-top:var(--wp--preset--spacing--80);padding-bottom:var(--wp--preset--spacing--80)\">\n<div class=\"wp-block-group is-vertical is-layout-flex wp-container-core-group-is-layout-8cf370e7 wp-block-group-is-layout-flex\">\n<h2 class=\"wp-block-heading\" style=\"padding-top:var(--wp--preset--spacing--40);padding-bottom:var(--wp--preset--spacing--40);font-size:25px;font-style:normal;font-weight:600;text-transform:capitalize\">Qu'est-ce qui rend ce profil de panneaux secs LED pour \u00e9clairage indirect anti-\u00e9blouissement sp\u00e9cial ?<\/h2>\n\n\n\n<ul class=\"wp-block-list\">\n<li>Design anti-\u00e9blouissement : La source de lumi\u00e8re LED est cach\u00e9e dans un canal profond, ce qui emp\u00eache les spots lumineux et l'\u00e9blouissement. Cela rend vos pi\u00e8ces paisibles et confortables.<\/li>\n\n\n\n<li>Forme courb\u00e9e : Pli\u00e9e en usine pour s'adapter aux courbes de votre projet. Id\u00e9ale pour les murs circulaires, les d\u00f4mes au plafond, les arches et les lignes lumineuses qui s'\u00e9coulent.<\/li>\n\n\n\n<li>Installation d'un flasque unique : Le flasque unique est fix\u00e9 \u00e0 la charpente et recouvert de pl\u00e2tre, ce qui lui donne un aspect lisse et sans bord.<\/li>\n\n\n\n<li>\u00c9clairage indirect : \u00c9met de la lumi\u00e8re en douceur sur les murs ou les plafonds pour cr\u00e9er un effet halo sans afficher de points LED.<\/li>\n\n\n\n<li>Mat\u00e9riau en aluminium : L'aluminium anodis\u00e9 est r\u00e9sistant, maintient les LEDs au frais et dure des ann\u00e9es.<\/li>\n\n\n\n<li>Lumi\u00e8re diffus\u00e9e : Le diffuseur d\u00e9poli r\u00e9partit la lumi\u00e8re de mani\u00e8re uniforme, ce qui lui donne un aspect propre.<\/li>\n<\/ul>\n<\/div>\n<\/div>\n\n\n\n<div class=\"wp-block-group\" style=\"padding-top:var(--wp--preset--spacing--80);padding-bottom:var(--wp--preset--spacing--80)\"><div class=\"wp-block-group__inner-container is-layout-constrained wp-block-group-is-layout-constrained\">\n<div class=\"wp-block-media-text has-media-on-the-right is-stacked-on-mobile\" style=\"grid-template-columns:auto 40%\"><div class=\"wp-block-media-text__content\">\n<h2 class=\"wp-block-heading\" style=\"padding-top:var(--wp--preset--spacing--40);padding-bottom:var(--wp--preset--spacing--40);font-size:25px;font-style:normal;font-weight:600;text-transform:capitalize\">Comment utiliser ce profil de plaques de pl\u00e2tre<\/h2>\n\n\n\n<ul class=\"wp-block-list\">\n<li>Commandez votre profil courb\u00e9 unique selon vos besoins.<\/li>\n\n\n\n<li>Placez le flasque unique sur le cadre du panneau de pl\u00e2tre.<\/li>\n\n\n\n<li>Pour obtenir une finition lisse et uniforme, utilisez du mastic et du pl\u00e2tre.<\/li>\n\n\n\n<li>Installez votre bande LED, qui peut faire jusqu'\u00e0 15 mm de large.<\/li>\n\n\n\n<li>Pour obtenir une lumi\u00e8re douce et sans points, clipsez le diffuseur d\u00e9poli.<\/li>\n\n\n\n<li>Connectez le driver LED pour contr\u00f4ler la luminosit\u00e9 et le r\u00e9glage de l'intensit\u00e9 selon vos souhaits.<\/li>\n<\/ul>\n<\/div><figure class=\"wp-block-media-text__media\"><img loading=\"lazy\" decoding=\"async\" width=\"500\" height=\"500\" src=\"https:\/\/tangooled.com\/wp-content\/uploads\/2025\/12\/dwp19-ins.webp\" alt=\"anti glare led drywall profile curved indirect lighting single flange\" class=\"wp-image-42935 size-full\" srcset=\"https:\/\/tangooled.com\/wp-content\/uploads\/2025\/12\/dwp19-ins.webp 500w, https:\/\/tangooled.com\/wp-content\/uploads\/2025\/12\/dwp19-ins-300x300.webp 300w, https:\/\/tangooled.com\/wp-content\/uploads\/2025\/12\/dwp19-ins-150x150.webp 150w\" sizes=\"auto, (max-width: 500px) 100vw, 500px\" \/><\/figure><\/div>\n<\/div><\/div>\n\n\n\n<div class=\"wp-block-group has-background\" style=\"background-color:#f1f1f1f2;padding-top:var(--wp--preset--spacing--80);padding-bottom:var(--wp--preset--spacing--80)\"><div class=\"wp-block-group__inner-container is-layout-constrained wp-block-group-is-layout-constrained\">\n<h2 class=\"wp-block-heading\" style=\"padding-top:var(--wp--preset--spacing--40);padding-bottom:var(--wp--preset--spacing--40);font-size:25px;font-style:normal;font-weight:600;text-transform:capitalize\">Utilisations id\u00e9ales pour notre profil courb\u00e9 \u00e0 flasque unique DWP19<\/h2>\n\n\n\n<ul class=\"wp-block-list\">\n<li>\u00c9clairage de cove autour des murs ou des plafonds<\/li>\n\n\n\n<li>Vo\u00fbtes courb\u00e9es et plafonds en d\u00f4me \u00e9clair\u00e9s&nbsp;<\/li>\n\n\n\n<li>Lignes d'accentuation dans les maisons, magasins, bureaux et h\u00f4tels&nbsp;<\/li>\n\n\n\n<li>Effets de plafond flottant magnifiques<\/li>\n\n\n\n<li>\u00c9clairage graissant pour des textures comme la pierre ou le bois&nbsp;<\/li>\n\n\n\n<li>\u00c9clairage p\u00e9rim\u00e9trique dans les halls et les couloirs<\/li>\n<\/ul>\n<\/div><\/div>\n\n\n\n<div class=\"wp-block-group is-vertical is-layout-flex wp-container-core-group-is-layout-d255d7c4 wp-block-group-is-layout-flex\" style=\"padding-top:var(--wp--preset--spacing--80);padding-bottom:var(--wp--preset--spacing--80)\">\n<h2 class=\"wp-block-heading\" style=\"padding-top:var(--wp--preset--spacing--40);padding-bottom:var(--wp--preset--spacing--40);font-size:25px;font-style:normal;font-weight:600;text-transform:capitalize\">Produits et ressources associ\u00e9s<\/h2>\n\n\n\n<ul class=\"wp-block-list\">\n<li><a href=\"https:\/\/tangooled.com\/fr\/product\/anti-glare-led-drywall-profile-curved-indirect-lighting-single-flange\/\"><mark style=\"background-color:rgba(0, 0, 0, 0)\" class=\"has-inline-color has-vivid-red-color\">Profil LED de plaque de pl\u00e2tre incurv\u00e9 pour \u00e9clairage indirect anti-\u00e9blouissement \u00e0 flasque unique<\/mark><\/a><\/li>\n\n\n\n<li><a href=\"https:\/\/tangooled.com\/fr\/product\/led-strip-light-channel-aluminum-profile-with-diffused-cover-6mm-height\/\"><mark style=\"background-color:rgba(0, 0, 0, 0)\" class=\"has-inline-color has-vivid-red-color\">Profil en aluminium pour bande LED avec couverture diffusante de 6 mm de hauteur<\/mark><\/a><\/li>\n\n\n\n<li><a href=\"https:\/\/tangooled.com\/fr\/product\/trimless-drywall-led-channel-for-15mm-led-strip-lights\/\"><mark style=\"background-color:rgba(0, 0, 0, 0)\" class=\"has-inline-color has-vivid-red-color\">Canal LED de plaque de pl\u00e2tre sans bord pour bandes LED de 15 mm<\/mark><\/a><\/li>\n\n\n\n<li><a href=\"https:\/\/tangooled.com\/fr\/product\/25x6mm-low-profile-led-strip-channel-for-10mm-led-strip-light\/\"><mark style=\"background-color:rgba(0, 0, 0, 0)\" class=\"has-inline-color has-vivid-red-color\">Canal LED au profil bas 25x6mm pour bande LED de 10 mm<\/mark><\/a><\/li>\n<\/ul>\n<\/div>\n\n\n\n<div class=\"wp-block-group has-background\" style=\"background-color:#f1f1f1;padding-top:var(--wp--preset--spacing--80);padding-bottom:var(--wp--preset--spacing--80)\"><div class=\"wp-block-group__inner-container is-layout-constrained wp-block-group-is-layout-constrained\">\n<h2 class=\"wp-block-heading\" style=\"padding-top:var(--wp--preset--spacing--40);padding-bottom:var(--wp--preset--spacing--40);font-size:25px;font-style:normal;font-weight:600;text-transform:capitalize\">r\u00e9sum\u00e9<\/h2>\n\n\n\n<p>Notre profil de panneaux secs LED pour \u00e9clairage indirect anti-\u00e9blouissement est parfait pour ceux qui recherchent une lumi\u00e8re douce et sans bord avec un seul flasque pour les murs en pl\u00e2tre. Ce profil facilite et rend vos projets d'\u00e9clairage plus attrayants en r\u00e9duisant l'\u00e9blouissement.<\/p>\n<\/div><\/div>\n\n\n\n<p><\/p>","protected":false},"featured_media":13803,"template":"","meta":{"_acf_changed":true,"_seopress_robots_primary_cat":"none","_seopress_titles_title":"Anti-Glare Indirect LED Drywall Profile | Curved Single Flange DWP19","_seopress_titles_desc":"The DWP19 is anti glare indirect lighting led drywall profile with a curved single flange design. Create soft, hidden illumination in curved ceilings for a seamless trimless finish.","_seopress_robots_index":""},"pcb-width":[229],"product-cat":[197],"class_list":{"0":"post-42658","1":"product","2":"type-product","3":"status-publish","4":"has-post-thumbnail","6":"pcb-width-15-20mm","7":"product-cat-plaster-in-profile"},"acf":[],"_links":{"self":[{"href":"https:\/\/tangooled.com\/fr\/wp-json\/wp\/v2\/product\/42658","targetHints":{"allow":["GET"]}}],"collection":[{"href":"https:\/\/tangooled.com\/fr\/wp-json\/wp\/v2\/product"}],"about":[{"href":"https:\/\/tangooled.com\/fr\/wp-json\/wp\/v2\/types\/product"}],"wp:featuredmedia":[{"embeddable":true,"href":"https:\/\/tangooled.com\/fr\/wp-json\/wp\/v2\/media\/13803"}],"wp:attachment":[{"href":"https:\/\/tangooled.com\/fr\/wp-json\/wp\/v2\/media?parent=42658"}],"wp:term":[{"taxonomy":"pcb-width","embeddable":true,"href":"https:\/\/tangooled.com\/fr\/wp-json\/wp\/v2\/pcb-width?post=42658"},{"taxonomy":"product-cat","embeddable":true,"href":"https:\/\/tangooled.com\/fr\/wp-json\/wp\/v2\/product-cat?post=42658"}],"curies":[{"name":"wp","href":"https:\/\/api.w.org\/{rel}","templated":true}]}}