{"id":42657,"date":"2025-12-23T06:07:56","date_gmt":"2025-12-23T14:07:56","guid":{"rendered":"https:\/\/tangooled.com\/?post_type=product&#038;p=42657"},"modified":"2026-01-27T21:22:49","modified_gmt":"2026-01-28T05:22:49","slug":"curved-double-flange-led-drywall-profile-dual-strip-dwp18","status":"publish","type":"product","link":"https:\/\/tangooled.com\/fr\/product\/curved-double-flange-led-drywall-profile-dual-strip-dwp18\/","title":{"rendered":"Profil en plaque de pl\u00e2tre incurv\u00e9 \u00e0 double flange pour bande LED double"},"content":{"rendered":"<div class=\"wp-block-group is-vertical is-layout-flex wp-container-core-group-is-layout-d255d7c4 wp-block-group-is-layout-flex\" style=\"padding-top:var(--wp--preset--spacing--80);padding-bottom:var(--wp--preset--spacing--80)\">\n<p>Notre profil LED incurv\u00e9 \u00e0 double flange est con\u00e7u sp\u00e9cifiquement pour les bandes LED doubles et apportera une touche d'\u00e9clat \u00e0 votre \u00e9clairage architectural. Ce canal LED incurv\u00e9 s'encastre parfaitement dans des plaques de pl\u00e2tre. Il permet de cr\u00e9er de belles lignes de lumi\u00e8re fluides sur des murs et plafonds courbes, ressemblant \u00e0 des extrusions LED encastr\u00e9es. Une fois install\u00e9, il est enti\u00e8rement cach\u00e9. Le DWP18 a une forme large et sym\u00e9trique avec une largeur totale de 133,5 mm et une hauteur de 51 mm depuis le niveau de la flasque. Il est con\u00e7u pour accueillir deux bandes LED distinctes, dont chacune se trouve sous un segment de diffuseur de 12,6 mm de large au bas de la courbe. Ce magnifique design en arc de 180 degr\u00e9s diffuse la lumi\u00e8re sur une large surface, cr\u00e9ant un \u00e9clairage ambiant dramatique qui se fond bien dans la structure du plafond, pour un look v\u00e9ritablement moderne.<\/p>\n<\/div>\n\n\n\n<div class=\"wp-block-group has-background is-vertical is-layout-flex wp-container-core-group-is-layout-d255d7c4 wp-block-group-is-layout-flex\" style=\"background-color:#f1f1f1;padding-top:var(--wp--preset--spacing--80);padding-bottom:var(--wp--preset--spacing--80)\">\n<div class=\"wp-block-group is-vertical is-layout-flex wp-container-core-group-is-layout-8cf370e7 wp-block-group-is-layout-flex\">\n<h2 class=\"wp-block-heading\" style=\"padding-top:var(--wp--preset--spacing--40);padding-bottom:var(--wp--preset--spacing--40);font-size:25px;font-style:normal;font-weight:600;text-transform:capitalize\">Pourquoi choisir notre profil LED incurv\u00e9 \u00e0 double flange ?<\/h2>\n\n\n\n<ul class=\"wp-block-list\">\n<li>Double-flange for a smooth finish: The two flanges hold the drywall mud in place, making a surface that is smooth and trimless, hiding the profile and giving the impression of &#8220;light from nowhere.<\/li>\n\n\n\n<li>Conception \u00e0 double emplacement pour un \u00e9clairage angul\u00e9 : \u00c9quip\u00e9 de deux emplacements de montage s\u00e9par\u00e9s (un sur chaque base), ce profil permet l'installation de deux bandes LED haute densit\u00e9, fournissant un \u00e9clairage \u00e0 large angle ou \u00e0 double zone.<\/li>\n\n\n\n<li>Dissipation de chaleur \u00e9lev\u00e9e : Fabriqu\u00e9 en aluminium de qualit\u00e9 architecturale 6063-T5, ce qui prolonge la dur\u00e9e de vie des LED.<\/li>\n\n\n\n<li>Frosted PC\u00a0diffuser: Light that is smooth and dot-free, with no glare.<\/li>\n<\/ul>\n<\/div>\n<\/div>\n\n\n\n<div class=\"wp-block-group\" style=\"padding-top:var(--wp--preset--spacing--80);padding-bottom:var(--wp--preset--spacing--80)\"><div class=\"wp-block-group__inner-container is-layout-constrained wp-block-group-is-layout-constrained\">\n<div class=\"wp-block-media-text has-media-on-the-right is-stacked-on-mobile\" style=\"grid-template-columns:auto 40%\"><div class=\"wp-block-media-text__content\">\n<h2 class=\"wp-block-heading\" style=\"padding-top:var(--wp--preset--spacing--40);padding-bottom:var(--wp--preset--spacing--40);font-size:25px;font-style:normal;font-weight:600;text-transform:capitalize\">\u00c9tapes d'installation<\/h2>\n\n\n\n<ul class=\"wp-block-list\">\n<li>Utilisez des vis pour fixer le profil \u00e0 la structure en plaques de pl\u00e2tre.<\/li>\n\n\n\n<li>Mettez les plaques de pl\u00e2tre sur les flasques et v\u00e9rifiez qu'il n'y a pas d'\u00e9carts.<\/li>\n\n\n\n<li>Appliquez du compos\u00e9 \u00e0 joint sur les flasques et lissez-le.<\/li>\n\n\n\n<li>Poncez et peignez pour que la finition soit au m\u00eame niveau que le mur ou le plafond.<\/li>\n\n\n\n<li>Placez deux bandes LED dans les deux canaux.<\/li>\n\n\n\n<li>Mettez les diffuseurs en place pour obtenir une lumi\u00e8re douce et uniforme.<\/li>\n\n\n\n<li>Connectez les bandes LED \u00e0 une source d'alimentation basse tension qui est compatible.<\/li>\n<\/ul>\n<\/div><figure class=\"wp-block-media-text__media\"><img loading=\"lazy\" decoding=\"async\" width=\"500\" height=\"500\" src=\"https:\/\/tangooled.com\/wp-content\/uploads\/2025\/12\/dwp18-ins.webp\" alt=\"led drywall curved double flange profile for dual strip\" class=\"wp-image-42933 size-full\" srcset=\"https:\/\/tangooled.com\/wp-content\/uploads\/2025\/12\/dwp18-ins.webp 500w, https:\/\/tangooled.com\/wp-content\/uploads\/2025\/12\/dwp18-ins-300x300.webp 300w, https:\/\/tangooled.com\/wp-content\/uploads\/2025\/12\/dwp18-ins-150x150.webp 150w\" sizes=\"auto, (max-width: 500px) 100vw, 500px\" \/><\/figure><\/div>\n<\/div><\/div>\n\n\n\n<div class=\"wp-block-group has-background\" style=\"background-color:#f1f1f1f2;padding-top:var(--wp--preset--spacing--80);padding-bottom:var(--wp--preset--spacing--80)\"><div class=\"wp-block-group__inner-container is-layout-constrained wp-block-group-is-layout-constrained\">\n<h2 class=\"wp-block-heading\" style=\"padding-top:var(--wp--preset--spacing--40);padding-bottom:var(--wp--preset--spacing--40);font-size:25px;font-style:normal;font-weight:600\">Comment utiliser notre profil LED incurv\u00e9 \u00e0 double flange<\/h2>\n\n\n\n<ul class=\"wp-block-list\">\n<li>Les salons, salles de cin\u00e9ma \u00e0 domicile et entr\u00e9es sont tous am\u00e9lior\u00e9s par un \u00e9clairage mural dramatique, des cove de plafond ou des fentes lumineuses sans bordure.<\/li>\n\n\n\n<li>Design Commercial : Id\u00e9al pour les halls d'h\u00f4tel, les bureaux modernes, les showrooms de d\u00e9tail et les galeries o\u00f9 l'\u00e9clairage architectural ajoute \u00e0 l'ambiance.<\/li>\n\n\n\n<li>Caract\u00e9ristiques Architecturales : Parfait pour les transitions mur \u00e0 mur, les plafonds en d\u00f4me, les soffites courb\u00e9s et les faux plafonds encastr\u00e9s.<\/li>\n<\/ul>\n<\/div><\/div>\n\n\n\n<div class=\"wp-block-group is-vertical is-layout-flex wp-container-core-group-is-layout-d255d7c4 wp-block-group-is-layout-flex\" style=\"padding-top:var(--wp--preset--spacing--80);padding-bottom:var(--wp--preset--spacing--80)\">\n<h2 class=\"wp-block-heading\" style=\"padding-top:var(--wp--preset--spacing--40);padding-bottom:var(--wp--preset--spacing--40);font-size:25px;font-style:normal;font-weight:600;text-transform:capitalize\">Produits connexes pour compl\u00e9ter votre installation d'\u00e9clairage<\/h2>\n\n\n\n<ul class=\"wp-block-list\">\n<li><a href=\"https:\/\/tangooled.com\/fr\/product\/aluminum-profile-with-60-degree-lens-led-diffuser\/\"><mark style=\"background-color:rgba(0, 0, 0, 0)\" class=\"has-inline-color has-vivid-red-color\">Profil LED en aluminium avec diffuseur \u00e0 lentille de 60 degr\u00e9s<\/mark><\/a> \u2014 for sharp light angles.<\/li>\n\n\n\n<li><mark style=\"background-color:rgba(0, 0, 0, 0)\" class=\"has-inline-color has-vivid-red-color\"><a href=\"https:\/\/tangooled.com\/fr\/product\/25x14m-surface-mounted-led-light-aluminum-profile\/\">Profil\u00e9 en aluminium pour lumi\u00e8re LED mont\u00e9 en surface 25x14mm<\/a> <\/mark>\u2014 for surface installation.<\/li>\n\n\n\n<li><a href=\"https:\/\/tangooled.com\/fr\/product\/aluminum-led-strip-extrusion-diffuser-channel-for-5050-double-row-led-strip\/\"><mark style=\"background-color:rgba(0, 0, 0, 0)\" class=\"has-inline-color has-vivid-red-color\">Profil de diffuseur en aluminium pour bande LED 5050 \u00e0 double rang\u00e9e<\/mark><\/a> \u2014 perfect double LED strip channel.<\/li>\n<\/ul>\n<\/div>\n\n\n\n<div class=\"wp-block-group has-background\" style=\"background-color:#f1f1f1;padding-top:var(--wp--preset--spacing--80);padding-bottom:var(--wp--preset--spacing--80)\"><div class=\"wp-block-group__inner-container is-layout-constrained wp-block-group-is-layout-constrained\">\n<h2 class=\"wp-block-heading\" style=\"padding-top:var(--wp--preset--spacing--40);padding-bottom:var(--wp--preset--spacing--40);font-size:25px;font-style:normal;font-weight:600;text-transform:capitalize\">r\u00e9sum\u00e9<\/h2>\n\n\n\n<p>Notre profil LED incurv\u00e9 \u00e0 double flasque pour bandes LED est l'option id\u00e9ale pour un \u00e9clairage architectural de haute qualit\u00e9, sans bordures et flexible. Il offre un excellent \u00e9clairage ambiant, un \u00e9clairage d'accentuation et des effets de lavage mural, tant pour des projets r\u00e9sidentiels que commerciaux. Il est fabriqu\u00e9 en aluminium de haute qualit\u00e9, dispose d'un grand espace de canal et d'un diffuseur lisse.<\/p>\n<\/div><\/div>\n\n\n\n<p><\/p>","protected":false},"featured_media":13794,"template":"","meta":{"_acf_changed":true,"_seopress_robots_primary_cat":"none","_seopress_titles_title":"Curved Double Flange LED Drywall Profile | Dual Strip DWP18 | TANGOOLED","_seopress_titles_desc":"The DWP18 is a heavy-duty curved double flange LED drywall profile built for dual strips. This hidden drywall LED channel offers superior stability for curved ceilings with a high-output trimless finish.","_seopress_robots_index":""},"pcb-width":[228],"product-cat":[197],"class_list":{"0":"post-42657","1":"product","2":"type-product","3":"status-publish","4":"has-post-thumbnail","6":"pcb-width-6-12mm","7":"product-cat-plaster-in-profile"},"acf":[],"_links":{"self":[{"href":"https:\/\/tangooled.com\/fr\/wp-json\/wp\/v2\/product\/42657","targetHints":{"allow":["GET"]}}],"collection":[{"href":"https:\/\/tangooled.com\/fr\/wp-json\/wp\/v2\/product"}],"about":[{"href":"https:\/\/tangooled.com\/fr\/wp-json\/wp\/v2\/types\/product"}],"wp:featuredmedia":[{"embeddable":true,"href":"https:\/\/tangooled.com\/fr\/wp-json\/wp\/v2\/media\/13794"}],"wp:attachment":[{"href":"https:\/\/tangooled.com\/fr\/wp-json\/wp\/v2\/media?parent=42657"}],"wp:term":[{"taxonomy":"pcb-width","embeddable":true,"href":"https:\/\/tangooled.com\/fr\/wp-json\/wp\/v2\/pcb-width?post=42657"},{"taxonomy":"product-cat","embeddable":true,"href":"https:\/\/tangooled.com\/fr\/wp-json\/wp\/v2\/product-cat?post=42657"}],"curies":[{"name":"wp","href":"https:\/\/api.w.org\/{rel}","templated":true}]}}