{"id":42655,"date":"2025-12-23T06:05:21","date_gmt":"2025-12-23T14:05:21","guid":{"rendered":"https:\/\/tangooled.com\/?post_type=product&#038;p=42655"},"modified":"2026-01-27T21:14:47","modified_gmt":"2026-01-28T05:14:47","slug":"pre-embedded-ceiling-curved-led-profile-hidden-drywall-dwp17","status":"publish","type":"product","link":"https:\/\/tangooled.com\/fr\/product\/pre-embedded-ceiling-curved-led-profile-hidden-drywall-dwp17\/","title":{"rendered":"Profil courb\u00e9 de plafond pr\u00e9-encastr\u00e9, canal LED pour cloison s\u00e8che cach\u00e9"},"content":{"rendered":"<div class=\"wp-block-group is-vertical is-layout-flex wp-container-core-group-is-layout-d255d7c4 wp-block-group-is-layout-flex\" style=\"padding-top:var(--wp--preset--spacing--80);padding-bottom:var(--wp--preset--spacing--80)\">\n<p>Notre profil LED courb\u00e9 de plafond pr\u00e9-encastr\u00e9 est le meilleur moyen de cr\u00e9er des lignes de lumi\u00e8re droites et magnifiques. Ce canal LED pour cloison s\u00e8che est cach\u00e9 et se fond dans les plafonds et les murs. Il donne \u00e0 votre espace un look moderne et professionnel sans cadres ou garnitures apparents. Le profil DWP17 a une base large de 91,5 mm et une hauteur maximale de 57,1 mm depuis le bord du mur. Sa forme quart de rond est parfaite pour l'installation dans les coins, o\u00f9 il passe en douceur du mur au plafond. La chambre int\u00e9rieure a une profondeur de 34 mm, ce qui est suffisant pour les bandes LED, et le segment diffuseur fait 12,8 mm de large. Il est fabriqu\u00e9 en aluminium robuste et est con\u00e7u pour \u00eatre encastr\u00e9 dans des cloisons s\u00e8ches ou du pl\u00e2tre. Il vous permet de cr\u00e9er des courbes et des arcs lisses qui produisent un bel effet d'\u00e9clairage de niche qui rehausse n'importe quelle pi\u00e8ce.<\/p>\n<\/div>\n\n\n\n<div class=\"wp-block-group has-background\" style=\"background-color:#f1f1f1;padding-top:var(--wp--preset--spacing--80);padding-bottom:var(--wp--preset--spacing--80)\"><div class=\"wp-block-group__inner-container is-layout-constrained wp-block-group-is-layout-constrained\">\n<div class=\"wp-block-group is-vertical is-layout-flex wp-container-core-group-is-layout-8cf370e7 wp-block-group-is-layout-flex\">\n<h2 class=\"wp-block-heading\" style=\"padding-top:var(--wp--preset--spacing--40);padding-bottom:var(--wp--preset--spacing--40);font-size:25px;font-style:normal;font-weight:600;text-transform:capitalize\">Pourquoi choisir notre profil LED courb\u00e9 de plafond pr\u00e9-encastr\u00e9 ?<\/h2>\n\n\n\n<ul class=\"wp-block-list\">\n<li>Sans cadre et cach\u00e9 : Cach\u00e9 \u00e0 fleur \u00e0 l'int\u00e9rieur de la cloison s\u00e8che sans bords apparents.<\/li>\n\n\n\n<li>\u00c9clairage lisse et sans points : Utilisez avec des bandes LED \u00e0 haute densit\u00e9 pour obtenir une lumi\u00e8re uniforme.<\/li>\n\n\n\n<li>Aluminium durable : L'alliage 6063-T5 sert \u00e0 la fois de support et de dissipateur de chaleur.<\/li>\n\n\n\n<li>Fixation s\u00e9curis\u00e9e : Les brides perfor\u00e9es s'encastrent dans les murs pour une finition durable.<\/li>\n\n\n\n<li>Avec un profil LED courb\u00e9 de plafond pr\u00e9-encastr\u00e9 qui dispara\u00eet dans la cloison s\u00e8che, vous pouvez facilement ajouter un \u00e9clairage \u00e0 votre architecture. Il montre uniquement une lumi\u00e8re pure et continue sur les courbes et les bords.<\/li>\n<\/ul>\n<\/div>\n<\/div><\/div>\n\n\n\n<div class=\"wp-block-group is-vertical is-layout-flex wp-container-core-group-is-layout-d255d7c4 wp-block-group-is-layout-flex\" style=\"padding-top:var(--wp--preset--spacing--80);padding-bottom:var(--wp--preset--spacing--80)\">\n<hr class=\"wp-block-separator has-alpha-channel-opacity\"\/>\n\n\n\n<div class=\"wp-block-media-text has-media-on-the-right is-stacked-on-mobile\" style=\"grid-template-columns:auto 40%\"><div class=\"wp-block-media-text__content\">\n<h2 class=\"wp-block-heading\" style=\"padding-top:var(--wp--preset--spacing--40);padding-bottom:var(--wp--preset--spacing--40);font-size:25px;font-style:normal;font-weight:600;text-transform:capitalize\">Comment utiliser ce canal LED pour cloison s\u00e8che cach\u00e9<\/h2>\n\n\n\n<ul class=\"wp-block-list\">\n<li>Fixez solidement le canal aux montants du plafond ou \u00e0 la structure du pl\u00e2tre.<\/li>\n\n\n\n<li>Pour une finition lisse, appliquez un mastic pour cloison s\u00e8che ou du pl\u00e2tre sur les brides avec trous.<\/li>\n\n\n\n<li>Pour rendre la surface du plafond ou du mur lisse, poncez et peignez le pl\u00e2tre.<\/li>\n\n\n\n<li>Mettez la bande LED dans le canal et clipsez le diffuseur.<\/li>\n\n\n\n<li>Connectez le syst\u00e8me de contr\u00f4le et le driver LED afin qu'ils puissent recevoir de l'\u00e9lectricit\u00e9 et \u00eatre dimmables.<\/li>\n<\/ul>\n<\/div><figure class=\"wp-block-media-text__media\"><img loading=\"lazy\" decoding=\"async\" width=\"500\" height=\"500\" src=\"https:\/\/tangooled.com\/wp-content\/uploads\/2025\/12\/dwp17-ins.webp\" alt=\"pre embedded ceiling curved profile hidden drywall led channel\" class=\"wp-image-42924 size-full\" srcset=\"https:\/\/tangooled.com\/wp-content\/uploads\/2025\/12\/dwp17-ins.webp 500w, https:\/\/tangooled.com\/wp-content\/uploads\/2025\/12\/dwp17-ins-300x300.webp 300w, https:\/\/tangooled.com\/wp-content\/uploads\/2025\/12\/dwp17-ins-150x150.webp 150w\" sizes=\"auto, (max-width: 500px) 100vw, 500px\" \/><\/figure><\/div>\n<\/div>\n\n\n\n<div class=\"wp-block-group has-background\" style=\"background-color:#f1f1f1f2;padding-top:var(--wp--preset--spacing--80);padding-bottom:var(--wp--preset--spacing--80)\"><div class=\"wp-block-group__inner-container is-layout-constrained wp-block-group-is-layout-constrained\">\n<h2 class=\"wp-block-heading\" style=\"padding-top:var(--wp--preset--spacing--40);padding-bottom:var(--wp--preset--spacing--40);font-size:25px;font-style:normal;font-weight:600\">Sc\u00e9narios d'utilisation pour le profil LED courb\u00e9 de plafond pr\u00e9-encastr\u00e9<\/h2>\n\n\n\n<ul class=\"wp-block-list\">\n<li>R\u00e9v\u00e9lations architecturales : Utilisez une lumi\u00e8re lisse et gracieuse pour attirer l'attention sur les transitions entre les murs et les plafonds.<\/li>\n\n\n\n<li>Murs courb\u00e9s avec r\u00e9tro\u00e9clairage : Cr\u00e9ez des murs d'ambiance doux pour des h\u00f4tels, des magasins ou des maisons modernes.<\/li>\n\n\n\n<li>Pour les entreprises et les maisons : Id\u00e9al pour les lieux de travail, les centres commerciaux, les h\u00f4tels et les maisons haut de gamme.<\/li>\n<\/ul>\n<\/div><\/div>\n\n\n\n<div class=\"wp-block-group\" style=\"padding-top:var(--wp--preset--spacing--80);padding-bottom:var(--wp--preset--spacing--80)\"><div class=\"wp-block-group__inner-container is-layout-constrained wp-block-group-is-layout-constrained\">\n<h2 class=\"wp-block-heading\" style=\"padding-top:var(--wp--preset--spacing--40);padding-bottom:var(--wp--preset--spacing--40);font-size:25px;font-style:normal;font-weight:600;text-transform:capitalize\">Produits associ\u00e9s pour des syst\u00e8mes d'\u00e9clairage am\u00e9lior\u00e9s<\/h2>\n\n\n\n<ul class=\"wp-block-list\">\n<li><a href=\"https:\/\/tangooled.com\/fr\/product\/black-led-diffuser-aluminum-channel-for-12mm-tape-lights\/\"><mark style=\"background-color:rgba(0, 0, 0, 0)\" class=\"has-inline-color has-vivid-red-color\">Canal en aluminium avec diffuseur LED noir pour bandes de 12mm<\/mark><\/a><\/li>\n\n\n\n<li><a href=\"https:\/\/tangooled.com\/fr\/product\/led-strip-light-channel-aluminum-profile-with-diffused-cover-6mm-height\/\"><mark style=\"background-color:rgba(0, 0, 0, 0)\" class=\"has-inline-color has-vivid-red-color\">Profil en aluminium pour bande LED avec couverture diffusante de 6 mm de hauteur<\/mark><\/a><\/li>\n\n\n\n<li><a href=\"https:\/\/tangooled.com\/fr\/product\/surface-mount-led-profile-with-frosted-diffuser-for-10mm-rope-lights\/\"><mark style=\"background-color:rgba(0, 0, 0, 0)\" class=\"has-inline-color has-vivid-red-color\">Profil LED \u00e0 monter en surface avec diffuseur d\u00e9poli pour lumi\u00e8res en corde de 10mm<\/mark><\/a><\/li>\n<\/ul>\n\n\n\n<p>Ces profils compl\u00e8tent les installations de canaux LED cach\u00e9s dans les cloisons s\u00e8ches en fournissant des finitions et des styles assortis pour l'\u00e9clairage de surface et de transition.<\/p>\n<\/div><\/div>\n\n\n\n<div class=\"wp-block-group has-background\" style=\"background-color:#f1f1f1;padding-top:var(--wp--preset--spacing--80);padding-bottom:var(--wp--preset--spacing--80)\"><div class=\"wp-block-group__inner-container is-layout-constrained wp-block-group-is-layout-constrained\">\n<p>Notre profil LED courb\u00e9 de plafond pr\u00e9-encastr\u00e9 a un \u00e9clairage \u00e9l\u00e9gant, fort et discret qui fera prendre vie vos plafonds et murs courb\u00e9s. Ce canal LED cach\u00e9 pour cloison s\u00e8che vous permet de cr\u00e9er des lignes de lumi\u00e8re qui s\u2019harmonisent avec votre design sans aucune lacune.<\/p>\n<\/div><\/div>\n\n\n\n<p><\/p>","protected":false},"featured_media":13789,"template":"","meta":{"_acf_changed":true,"_seopress_robots_primary_cat":"none","_seopress_titles_title":"Curved Pre-embedded LED Profile | Hidden Drywall Channel DWP17","_seopress_titles_desc":"The DWP17 is a pre-embedded ceiling curved led profile for creating seamless fluid light lines. This hidden drywall led channel blends into organic architectural shapes for a perfect trimless finish.","_seopress_robots_index":""},"pcb-width":[228],"product-cat":[197],"class_list":{"0":"post-42655","1":"product","2":"type-product","3":"status-publish","4":"has-post-thumbnail","6":"pcb-width-6-12mm","7":"product-cat-plaster-in-profile"},"acf":[],"_links":{"self":[{"href":"https:\/\/tangooled.com\/fr\/wp-json\/wp\/v2\/product\/42655","targetHints":{"allow":["GET"]}}],"collection":[{"href":"https:\/\/tangooled.com\/fr\/wp-json\/wp\/v2\/product"}],"about":[{"href":"https:\/\/tangooled.com\/fr\/wp-json\/wp\/v2\/types\/product"}],"wp:featuredmedia":[{"embeddable":true,"href":"https:\/\/tangooled.com\/fr\/wp-json\/wp\/v2\/media\/13789"}],"wp:attachment":[{"href":"https:\/\/tangooled.com\/fr\/wp-json\/wp\/v2\/media?parent=42655"}],"wp:term":[{"taxonomy":"pcb-width","embeddable":true,"href":"https:\/\/tangooled.com\/fr\/wp-json\/wp\/v2\/pcb-width?post=42655"},{"taxonomy":"product-cat","embeddable":true,"href":"https:\/\/tangooled.com\/fr\/wp-json\/wp\/v2\/product-cat?post=42655"}],"curies":[{"name":"wp","href":"https:\/\/api.w.org\/{rel}","templated":true}]}}