{"id":42653,"date":"2025-12-23T06:02:26","date_gmt":"2025-12-23T14:02:26","guid":{"rendered":"https:\/\/tangooled.com\/?post_type=product&#038;p=42653"},"modified":"2026-01-27T21:08:34","modified_gmt":"2026-01-28T05:08:34","slug":"trimless-drywall-led-channel-for-15mm-led-strip-lights","status":"publish","type":"product","link":"https:\/\/tangooled.com\/fr\/product\/trimless-drywall-led-channel-for-15mm-led-strip-lights\/","title":{"rendered":"Canal LED de plaque de pl\u00e2tre sans bord pour bandes LED de 15 mm"},"content":{"rendered":"<div class=\"wp-block-group is-vertical is-layout-flex wp-container-core-group-is-layout-d255d7c4 wp-block-group-is-layout-flex\" style=\"padding-top:var(--wp--preset--spacing--80);padding-bottom:var(--wp--preset--spacing--80)\">\n<p>Notre canal LED sans cadre pour cloison s\u00e8che est con\u00e7u pour les bandes LED de 15 mm et vous aidera \u00e0 trouver la bonne ligne de lumi\u00e8re propre. Ce profil LED \u00e0 encastrer est facile \u00e0 installer directement dans la cloison s\u00e8che ou le placopl\u00e2tre, offrant \u00e0 votre illumination un look moderne, minimaliste et sans cadre apparent. Le DWP16 a une largeur de 61,7 mm d'un rebord \u00e0 l'autre et une hauteur totale de 13,6 mm. La cavit\u00e9 int\u00e9rieure, qui mesure 20,9 mm de large et est faite pour les bandes LED, est recouverte d'un diffuseur arrondi de 28,8 mm de large. Une fois install\u00e9 et pl\u00e2tr\u00e9, le profil est parfaitement plat, fournissant un faisceau de lumi\u00e8re large et uniforme qui semble provenir directement du mur ou du plafond. Ce choix d'\u00e9clairage discret est id\u00e9al pour les maisons modernes et les entreprises souhaitant enrichir leur architecture.<\/p>\n<\/div>\n\n\n\n<div class=\"wp-block-group has-background\" style=\"background-color:#f1f1f1;padding-top:var(--wp--preset--spacing--80);padding-bottom:var(--wp--preset--spacing--80)\"><div class=\"wp-block-group__inner-container is-layout-constrained wp-block-group-is-layout-constrained\">\n<div class=\"wp-block-group is-vertical is-layout-flex wp-container-core-group-is-layout-8cf370e7 wp-block-group-is-layout-flex\">\n<h2 class=\"wp-block-heading\" style=\"padding-top:var(--wp--preset--spacing--40);padding-bottom:var(--wp--preset--spacing--40);font-size:25px;font-style:normal;font-weight:600;text-transform:capitalize\">Pourquoi choisir notre canal LED sans cadre pour cloison s\u00e8che ?<\/h2>\n\n\n\n<ul class=\"wp-block-list\">\n<li>Installation sans cadre : Les flans \u00e0 pl\u00e2trer vous permettent de pl\u00e2trer directement sur le profil. Pas d'ar\u00eates. Pas de cadre visible. Cela ressemble \u00e0 une ligne de lumi\u00e8re claire et droite int\u00e9gr\u00e9e dans le mur ou le plafond.<\/li>\n\n\n\n<li>Convient aux bandes LED de 15 mm : L'espace est suffisamment grand pour accueillir des bandes LED puissantes et \u00e0 fort rendement, y compris des alternatives intelligentes comme Philips Hue ou des bandes LED COB \u00e0 double rang\u00e9e.<\/li>\n\n\n\n<li>Mat\u00e9riaux de haute qualit\u00e9 : Fabriqu\u00e9 en aluminium anodis\u00e9 6063-T5, ce qui aide \u00e0 dissipater la chaleur rapidement. Garde vos LEDs au frais pour qu'elles durent plus longtemps.<\/li>\n\n\n\n<li>\u00c9clairage sans points : Le diffuseur en polycarbonate (PC) d\u00e9poli rend la lumi\u00e8re douce et uniforme, sans \u00e9blouissement ni points.<\/li>\n\n\n\n<li>Simple \u00e0 couper et \u00e0 installer : Utilisez une scie pour changer la longueur, vissez-le dans les montants de cloison s\u00e8che ou le cadre, pl\u00e2triez-le, poncez-le et peignez-le.<\/li>\n\n\n\n<li>Peut \u00eatre utilis\u00e9 pour de nombreuses applications : id\u00e9al pour les accents architecturaux, l'\u00e9clairage en corniche, l'\u00e9clairage fonctionnel et l'\u00e9clairage indirect dans les maisons, bureaux, magasins et h\u00f4tels.<\/li>\n<\/ul>\n<\/div>\n<\/div><\/div>\n\n\n\n<div class=\"wp-block-group is-vertical is-layout-flex wp-container-core-group-is-layout-d255d7c4 wp-block-group-is-layout-flex\" style=\"padding-top:var(--wp--preset--spacing--80);padding-bottom:var(--wp--preset--spacing--80)\">\n<hr class=\"wp-block-separator has-alpha-channel-opacity\"\/>\n\n\n\n<div class=\"wp-block-media-text has-media-on-the-right is-stacked-on-mobile\" style=\"grid-template-columns:auto 40%\"><div class=\"wp-block-media-text__content\">\n<h2 class=\"wp-block-heading\" style=\"padding-top:var(--wp--preset--spacing--40);padding-bottom:var(--wp--preset--spacing--40);font-size:25px;font-style:normal;font-weight:600;text-transform:capitalize\">Conseils d'installation et d'entretien<\/h2>\n\n\n\n<ul class=\"wp-block-list\">\n<li>Utilisez une scie \u00e0 dents fines pour couper le canal en aluminium et le diffuseur \u00e0 la bonne taille.<\/li>\n\n\n\n<li>Utilisez des vis pour l'attacher aux montants ou \u00e0 un cadre robuste.<\/li>\n\n\n\n<li>Appliquez du pl\u00e2tre sur les flans qui ont des trous<\/li>\n\n\n\n<li>Apr\u00e8s s\u00e9chage, poncez-le lisse et peignez-le pour l'assortir aux murs ou au plafond.<\/li>\n\n\n\n<li>Mettez des bandes LED \u00e0 l'int\u00e9rieur, branchez-les et profitez-en !<\/li>\n<\/ul>\n<\/div><figure class=\"wp-block-media-text__media\"><img loading=\"lazy\" decoding=\"async\" width=\"500\" height=\"500\" src=\"https:\/\/tangooled.com\/wp-content\/uploads\/2025\/12\/dwp16-ins.webp\" alt=\"trimless drywall led channel for 15mm led strip lights\" class=\"wp-image-42919 size-full\" srcset=\"https:\/\/tangooled.com\/wp-content\/uploads\/2025\/12\/dwp16-ins.webp 500w, https:\/\/tangooled.com\/wp-content\/uploads\/2025\/12\/dwp16-ins-300x300.webp 300w, https:\/\/tangooled.com\/wp-content\/uploads\/2025\/12\/dwp16-ins-150x150.webp 150w\" sizes=\"auto, (max-width: 500px) 100vw, 500px\" \/><\/figure><\/div>\n<\/div>\n\n\n\n<div class=\"wp-block-group has-background\" style=\"background-color:#f1f1f1f2;padding-top:var(--wp--preset--spacing--80);padding-bottom:var(--wp--preset--spacing--80)\"><div class=\"wp-block-group__inner-container is-layout-constrained wp-block-group-is-layout-constrained\">\n<h2 class=\"wp-block-heading\" style=\"padding-top:var(--wp--preset--spacing--40);padding-bottom:var(--wp--preset--spacing--40);font-size:25px;font-style:normal;font-weight:600\">Comment vous pouvez utiliser ce canal LED sans cadre pour cloison s\u00e8che<\/h2>\n\n\n\n<ul class=\"wp-block-list\">\n<li>\u00c9clairage architectural : Cr\u00e9ez des lignes lumineuses propres et nettes qui disparaissent dans les murs et plafonds. Id\u00e9al pour un design moderne \u00e9pur\u00e9.<\/li>\n\n\n\n<li>Int\u00e9gration dans les murs et plafonds : Installez-le dans la cloison s\u00e8che pour un montage affleurant qui cache le luminaire et ne montre que la lumi\u00e8re.<\/li>\n\n\n\n<li>\u00c9clairage ambiant et fonctionnel : id\u00e9al pour les espaces de vie, cuisines, couloirs, bureaux et magasins.<\/li>\n\n\n\n<li>\u00c9clairage d\u00e9coratif mural : Vous pouvez le placer \u00e0 la verticale ou \u00e0 l'horizontale pour illuminer des surfaces rugueuses avec une lumi\u00e8re apaisante.<\/li>\n\n\n\n<li>\u00c9clairage en corniche et en soffite : Pour un excellent \u00e9clairage indirect, cachez compl\u00e8tement la source de lumi\u00e8re.<\/li>\n<\/ul>\n<\/div><\/div>\n\n\n\n<div class=\"wp-block-group is-vertical is-layout-flex wp-container-core-group-is-layout-d255d7c4 wp-block-group-is-layout-flex\" style=\"padding-top:var(--wp--preset--spacing--80);padding-bottom:var(--wp--preset--spacing--80)\">\n<h2 class=\"wp-block-heading\" style=\"padding-top:var(--wp--preset--spacing--40);padding-bottom:var(--wp--preset--spacing--40);font-size:25px;font-style:normal;font-weight:600;text-transform:capitalize\">Produits et liens connexes<\/h2>\n\n\n\n<ul class=\"wp-block-list\">\n<li>D\u00e9couvrez le <a href=\"https:\/\/tangooled.com\/fr\/product\/black-led-diffuser-aluminum-channel-for-12mm-tape-lights\/\"><mark style=\"background-color:rgba(0, 0, 0, 0)\" class=\"has-inline-color has-vivid-red-color\">canal en aluminium diffuseur LED noir pour lumi\u00e8res \u00e0 bande de 12 mm<\/mark><\/a> pour des bandes plus petites.<\/li>\n\n\n\n<li>Explorez le <a href=\"https:\/\/tangooled.com\/fr\/product\/surface-mount-led-profile-with-frosted-diffuser-for-10mm-rope-lights\/\"><mark style=\"background-color:rgba(0, 0, 0, 0)\" class=\"has-inline-color has-vivid-red-color\">profil LED \u00e0 monter en surface avec diffuseur d\u00e9poli pour \u00e9clairage \u00e0 corde de 10 mm<\/mark><\/a> si une installation de surface est n\u00e9cessaire.<\/li>\n\n\n\n<li>Voir le <a href=\"https:\/\/tangooled.com\/fr\/product\/22x15mm-led-light-channel-aluminum-extrusion-for-flexible-strips\/\"><mark style=\"background-color:rgba(0, 0, 0, 0)\" class=\"has-inline-color has-vivid-red-color\">Extrusion de canal lumineux LED en aluminium 22x15mm pour bandes flexibles<\/mark><\/a> pour d'autres options d'extrusion.<\/li>\n\n\n\n<li>Compl\u00e9tez votre installation avec<mark style=\"background-color:rgba(0, 0, 0, 0)\" class=\"has-inline-color has-vivid-red-color\"> <a href=\"https:\/\/tangooled.com\/fr\/product\/aluminum-u-channel-with-curved-led-diffuser-inner-16mm\/\">profil U en aluminium avec diffuseur LED incurv\u00e9 int\u00e9rieur de 16 mm<\/a> <\/mark>pour des lignes lumineuses incurv\u00e9es.<\/li>\n\n\n\n<li>Si vous recherchez un design sans cadre pour les plafonds, consultez <a href=\"https:\/\/tangooled.com\/fr\/product\/flush-mount-22mm-groove-use-aluminum-drywall-led-channel\/\"><mark style=\"background-color:rgba(0, 0, 0, 0)\" class=\"has-inline-color has-vivid-red-color\">canal LED en aluminium pour cloison s\u00e8che \u00e0 groove affleurant de 22 mm<\/mark><\/a>.<\/li>\n<\/ul>\n<\/div>\n\n\n\n<div class=\"wp-block-group\" style=\"padding-top:0;padding-bottom:0\"><div class=\"wp-block-group__inner-container is-layout-constrained wp-block-group-is-layout-constrained\">\n<p>Obtenez un canal LED pour cloison s\u00e8che sans cadre aujourd'hui et changez l'apparence de votre pi\u00e8ce avec un \u00e9clairage propre, moderne et architectural. Id\u00e9al pour ceux qui pr\u00e9f\u00e8rent une lumi\u00e8re pure sans cadre visible.<\/p>\n<\/div><\/div>\n\n\n\n<p><\/p>","protected":false},"featured_media":13783,"template":"","meta":{"_acf_changed":true,"_seopress_robots_primary_cat":"none","_seopress_titles_title":"Trimless Drywall LED Channel | Wide 15mm Strip Housing DWP16","_seopress_titles_desc":"The DWP16 is a high-performance trimless drywall led channel optimized for 15mm led strip lights. Create a flawless, integrated linear light finish in plasterboards and ceilings.","_seopress_robots_index":""},"pcb-width":[229],"product-cat":[197],"class_list":{"0":"post-42653","1":"product","2":"type-product","3":"status-publish","4":"has-post-thumbnail","6":"pcb-width-15-20mm","7":"product-cat-plaster-in-profile"},"acf":[],"_links":{"self":[{"href":"https:\/\/tangooled.com\/fr\/wp-json\/wp\/v2\/product\/42653","targetHints":{"allow":["GET"]}}],"collection":[{"href":"https:\/\/tangooled.com\/fr\/wp-json\/wp\/v2\/product"}],"about":[{"href":"https:\/\/tangooled.com\/fr\/wp-json\/wp\/v2\/types\/product"}],"wp:featuredmedia":[{"embeddable":true,"href":"https:\/\/tangooled.com\/fr\/wp-json\/wp\/v2\/media\/13783"}],"wp:attachment":[{"href":"https:\/\/tangooled.com\/fr\/wp-json\/wp\/v2\/media?parent=42653"}],"wp:term":[{"taxonomy":"pcb-width","embeddable":true,"href":"https:\/\/tangooled.com\/fr\/wp-json\/wp\/v2\/pcb-width?post=42653"},{"taxonomy":"product-cat","embeddable":true,"href":"https:\/\/tangooled.com\/fr\/wp-json\/wp\/v2\/product-cat?post=42653"}],"curies":[{"name":"wp","href":"https:\/\/api.w.org\/{rel}","templated":true}]}}