{"id":42651,"date":"2025-12-23T05:59:15","date_gmt":"2025-12-23T13:59:15","guid":{"rendered":"https:\/\/tangooled.com\/?post_type=product&#038;p=42651"},"modified":"2026-02-01T22:35:57","modified_gmt":"2026-02-02T06:35:57","slug":"plaster-in-led-profile-2m-3m-for-gypsum-ceiling-recessed","status":"publish","type":"product","link":"https:\/\/tangooled.com\/fr\/product\/plaster-in-led-profile-2m-3m-for-gypsum-ceiling-recessed\/","title":{"rendered":"profil LED encastr\u00e9 en pl\u00e2tre 2m et 3m pour plafond en pl\u00e2tre"},"content":{"rendered":"<div class=\"wp-block-group is-vertical is-layout-flex wp-container-core-group-is-layout-d255d7c4 wp-block-group-is-layout-flex\" style=\"padding-top:var(--wp--preset--spacing--80);padding-bottom:var(--wp--preset--spacing--80)\">\n<p>Nous proposons des longueurs de profil LED encastr\u00e9 en pl\u00e2tre 2m et 3m au choix. Ces ensembles de canaux en aluminium professionnel sont con\u00e7us pour \u00eatre install\u00e9s dans des espaces encastr\u00e9s dans des murs et plafonds en pl\u00e2tre. Ils sont con\u00e7us pour offrir une finition compl\u00e8tement lisse, propre et sans bord. Le profil a des ailes sp\u00e9ciales qui sont recouvertes de pl\u00e2tre pendant l'installation. Cela cache toute la structure en aluminium et la bande LED int\u00e9gr\u00e9e. Cette approche intelligente de l'encastrement assure que seule la lumi\u00e8re douce, homog\u00e8ne et sans points est visible. Elle cr\u00e9e un look moderne et \u00e9pur\u00e9 sans bords ou bosses \u00e9vidents.<\/p>\n<\/div>\n\n\n\n<div class=\"wp-block-group has-background is-vertical is-layout-flex wp-container-core-group-is-layout-d255d7c4 wp-block-group-is-layout-flex\" style=\"background-color:#f1f1f1;padding-top:var(--wp--preset--spacing--80);padding-bottom:var(--wp--preset--spacing--80)\">\n<div class=\"wp-block-group is-vertical is-layout-flex wp-container-core-group-is-layout-8cf370e7 wp-block-group-is-layout-flex\">\n<h2 class=\"wp-block-heading\" style=\"padding-top:var(--wp--preset--spacing--40);padding-bottom:var(--wp--preset--spacing--40);font-size:25px;font-style:normal;font-weight:600;text-transform:capitalize\">Pourquoi utiliser notre profil LED encastr\u00e9 en pl\u00e2tre de 2m ou 3m ?<\/h2>\n\n\n\n<ul class=\"wp-block-list\">\n<li>Con\u00e7u pour \u00eatre mont\u00e9 dans les plafonds et les murs afin qu'ils soient affleurants et lisses.<\/li>\n\n\n\n<li>Dispose d'ailes qui maintiennent le pl\u00e2tre pour une finition affleurante et lisse.<\/li>\n\n\n\n<li>Works with various LED strip lights that are 10\u201315mm wide.<\/li>\n\n\n\n<li>Disponible en deux longueurs : 2 m\u00e8tres et 3 m\u00e8tres.<\/li>\n\n\n\n<li>Fabriqu\u00e9 en aluminium robuste 6063 T5 capable de r\u00e9sister \u00e0 la chaleur.<\/li>\n\n\n\n<li>Fabriqu\u00e9 en aluminium solide 6063 T5 capable de r\u00e9sister \u00e0 la chaleur.&nbsp;<\/li>\n\n\n\n<li>Vient avec un diffuseur en polycarbonate d\u00e9poli qui adoucit la lumi\u00e8re et l'emp\u00eache de faire des points.<\/li>\n<\/ul>\n<\/div>\n<\/div>\n\n\n\n<div class=\"wp-block-group is-vertical is-layout-flex wp-container-core-group-is-layout-d255d7c4 wp-block-group-is-layout-flex\" style=\"padding-top:var(--wp--preset--spacing--80);padding-bottom:var(--wp--preset--spacing--80)\">\n<hr class=\"wp-block-separator has-alpha-channel-opacity\"\/>\n\n\n\n<div class=\"wp-block-media-text has-media-on-the-right is-stacked-on-mobile\" style=\"grid-template-columns:auto 40%\"><div class=\"wp-block-media-text__content\">\n<h2 class=\"wp-block-heading\" style=\"padding-top:var(--wp--preset--spacing--40);padding-bottom:var(--wp--preset--spacing--40);font-size:25px;font-style:normal;font-weight:600;text-transform:capitalize\">Comment utiliser<\/h2>\n\n\n\n<p>Our plaster-in led profile&nbsp;2m or 3m fits into a groove created in your gypsum ceiling. Once you&#8217;ve screwed the profile into place:<\/p>\n\n\n\n<ul class=\"wp-block-list\">\n<li>Mettre du pl\u00e2tre sur les ailes.<\/li>\n\n\n\n<li>Lisser le pl\u00e2tre pour une finition affleurante.<\/li>\n\n\n\n<li>Ins\u00e9rer une bande LED de haute qualit\u00e9.<\/li>\n\n\n\n<li>Installer le diffuseur opale.<\/li>\n\n\n\n<li>Allumer votre ligne lumineuse LED propre et lisse.<\/li>\n<\/ul>\n<\/div><figure class=\"wp-block-media-text__media\"><img loading=\"lazy\" decoding=\"async\" width=\"500\" height=\"500\" src=\"https:\/\/tangooled.com\/wp-content\/uploads\/2025\/12\/dwp15-ins.webp\" alt=\"plaster in led profile 2m &amp; 3m for gypsum ceiling recessed\" class=\"wp-image-42914 size-full\" srcset=\"https:\/\/tangooled.com\/wp-content\/uploads\/2025\/12\/dwp15-ins.webp 500w, https:\/\/tangooled.com\/wp-content\/uploads\/2025\/12\/dwp15-ins-300x300.webp 300w, https:\/\/tangooled.com\/wp-content\/uploads\/2025\/12\/dwp15-ins-150x150.webp 150w\" sizes=\"auto, (max-width: 500px) 100vw, 500px\" \/><\/figure><\/div>\n<\/div>\n\n\n\n<div class=\"wp-block-group has-background is-vertical is-layout-flex wp-container-core-group-is-layout-b429018a wp-block-group-is-layout-flex\" style=\"background-color:#f1f1f1f2;padding-top:var(--wp--preset--spacing--70);padding-bottom:var(--wp--preset--spacing--70)\">\n<h2 class=\"wp-block-heading\" style=\"padding-top:var(--wp--preset--spacing--40);padding-bottom:var(--wp--preset--spacing--40);font-size:25px;font-style:normal;font-weight:600\">Id\u00e9al pour ces endroits<\/h2>\n\n\n\n<ul class=\"wp-block-list\">\n<li>Maisons : \u00c9clairer les salons, cuisines et couloirs.<\/li>\n\n\n\n<li>Bureaux : \u00c9clairage au plafond ou sur les murs qui est moderne.<\/li>\n\n\n\n<li>H\u00f4tels et magasins : Utiliser des lignes lumineuses nettes et sans bord pour mettre en valeur votre marque.<\/li>\n\n\n\n<li>Projets en architecture : Attirer l'attention sur les plafonds, les coins et les corniches.<\/li>\n\n\n\n<li>\u00c9clairage de t\u00e2che : Endroits o\u00f9 une bonne lumi\u00e8re est importante, comme les cuisines et les espaces de travail.<\/li>\n<\/ul>\n<\/div>\n\n\n\n<div class=\"wp-block-group is-vertical is-layout-flex wp-container-core-group-is-layout-d255d7c4 wp-block-group-is-layout-flex\" style=\"padding-top:var(--wp--preset--spacing--80);padding-bottom:var(--wp--preset--spacing--80)\">\n<h2 class=\"wp-block-heading\" style=\"padding-top:var(--wp--preset--spacing--40);padding-bottom:var(--wp--preset--spacing--40);font-size:25px;font-style:normal;font-weight:600;text-transform:capitalize\">En savoir plus sur les produits connexes<\/h2>\n\n\n\n<ul class=\"wp-block-list\">\n<li>V\u00e9rifiez ceci <a href=\"https:\/\/tangooled.com\/fr\/product\/black-led-profile-with-black-diffuser-for-10mm-led-strip-light\/\"><mark style=\"background-color:rgba(0, 0, 0, 0)\" class=\"has-inline-color has-vivid-red-color\">profil LED noir avec diffuseur noir pour bande lumineuse LED de 10 mm <\/mark><\/a>pour des accessoires assortis.<\/li>\n\n\n\n<li>Explorez le <a href=\"https:\/\/tangooled.com\/fr\/product\/25x14m-surface-mounted-led-light-aluminum-profile\/\"><mark style=\"background-color:rgba(0, 0, 0, 0)\" class=\"has-inline-color has-vivid-red-color\">Profil en aluminium pour \u00e9clairage LED \u00e0 montage en surface 25x14m<\/mark><\/a> options.<\/li>\n\n\n\n<li>Besoin d'un profil plus petit avec une faible hauteur ? Essayez notre <a href=\"https:\/\/tangooled.com\/fr\/product\/led-strip-light-channel-aluminum-profile-with-diffused-cover-6mm-height\/\"><mark style=\"background-color:rgba(0, 0, 0, 0)\" class=\"has-inline-color has-vivid-red-color\">Profil en aluminium pour bande LED avec couvercle diffusant de 6 mm de hauteur<\/mark><\/a>.<\/li>\n<\/ul>\n<\/div>\n\n\n\n<div class=\"wp-block-group has-background\" style=\"background-color:#f1f1f1;padding-top:var(--wp--preset--spacing--80);padding-bottom:var(--wp--preset--spacing--80)\"><div class=\"wp-block-group__inner-container is-layout-constrained wp-block-group-is-layout-constrained\">\n<h2 class=\"wp-block-heading\" style=\"padding-top:var(--wp--preset--spacing--40);padding-bottom:var(--wp--preset--spacing--40);font-size:25px;font-style:normal;font-weight:600;text-transform:capitalize\">mots de fin<\/h2>\n\n\n\n<p style=\"padding-right:var(--wp--preset--spacing--50);padding-left:var(--wp--preset--spacing--50)\">Pour votre prochain projet d'installation d'\u00e9clairage encastr\u00e9 dans un plafond en pl\u00e2tre, choisissez soit le profil LED encastr\u00e9 en pl\u00e2tre 2m ou 3m. Profitez d'une finition lisse et affleurante qui dure et d'une lumi\u00e8re douce fantastique. Les profils en aluminium encastr\u00e9s sans bord sont con\u00e7us pour les professionnels et les designers de maison. Ils rendront votre espace moderne, lumineux et magnifique.<\/p>\n<\/div><\/div>\n\n\n\n<p><\/p>","protected":false},"featured_media":13779,"template":"","meta":{"_acf_changed":true,"_seopress_robots_primary_cat":"none","_seopress_titles_title":"Plaster-in LED Profile 2m & 3m | Recessed Gypsum Ceiling Channel DWP15","_seopress_titles_desc":"The DWP15 is a professional plaster-in led profile available in 2m and 3m lengths. Designed for recessed gypsum ceiling installation, this trimless channel ensures a seamless linear light finish for large-scale projects.","_seopress_robots_index":""},"pcb-width":[229],"product-cat":[197],"class_list":{"0":"post-42651","1":"product","2":"type-product","3":"status-publish","4":"has-post-thumbnail","6":"pcb-width-15-20mm","7":"product-cat-plaster-in-profile"},"acf":[],"_links":{"self":[{"href":"https:\/\/tangooled.com\/fr\/wp-json\/wp\/v2\/product\/42651","targetHints":{"allow":["GET"]}}],"collection":[{"href":"https:\/\/tangooled.com\/fr\/wp-json\/wp\/v2\/product"}],"about":[{"href":"https:\/\/tangooled.com\/fr\/wp-json\/wp\/v2\/types\/product"}],"wp:featuredmedia":[{"embeddable":true,"href":"https:\/\/tangooled.com\/fr\/wp-json\/wp\/v2\/media\/13779"}],"wp:attachment":[{"href":"https:\/\/tangooled.com\/fr\/wp-json\/wp\/v2\/media?parent=42651"}],"wp:term":[{"taxonomy":"pcb-width","embeddable":true,"href":"https:\/\/tangooled.com\/fr\/wp-json\/wp\/v2\/pcb-width?post=42651"},{"taxonomy":"product-cat","embeddable":true,"href":"https:\/\/tangooled.com\/fr\/wp-json\/wp\/v2\/product-cat?post=42651"}],"curies":[{"name":"wp","href":"https:\/\/api.w.org\/{rel}","templated":true}]}}