{"id":42649,"date":"2025-12-23T05:56:05","date_gmt":"2025-12-23T13:56:05","guid":{"rendered":"https:\/\/tangooled.com\/?post_type=product&#038;p=42649"},"modified":"2026-01-27T21:04:35","modified_gmt":"2026-01-28T05:04:35","slug":"inner-25mm-width-led-drywall-corner-profile-for-down-direction-lighting","status":"publish","type":"product","link":"https:\/\/tangooled.com\/fr\/product\/inner-25mm-width-led-drywall-corner-profile-for-down-direction-lighting\/","title":{"rendered":"profil de coin en plaque de pl\u00e2tre LED de 25 mm de largeur int\u00e9rieure pour \u00e9clairage dirig\u00e9 vers le bas"},"content":{"rendered":"<div class=\"wp-block-group is-vertical is-layout-flex wp-container-core-group-is-layout-d255d7c4 wp-block-group-is-layout-flex\" style=\"padding-top:var(--wp--preset--spacing--80);padding-bottom:var(--wp--preset--spacing--80)\">\n<p>Our 25mm inner width LED drywall profile is a smart and stylish solution for recessed corner lighting. It fits well in the corners of drywall or gypsum and makes wonderful light lines. It&#8217;s good for professionals and DIYers. The trimless corner lighting effect from this drywall corner light channel goes well with your walls. Instead of huge frames or trimmings, you&#8217;ll see beautiful light coming from a large, strong aluminum\u00a0housing with no dots. The profile&#8217;s shape\u00a0makes it reflect light down and away from the corner. This makes directional downlighting that works well for wall grazing, accent lighting, or gentle ambient lighting in living rooms, hotels, businesses, or stores.<\/p>\n<\/div>\n\n\n\n<div class=\"wp-block-group has-background is-vertical is-layout-flex wp-container-core-group-is-layout-d255d7c4 wp-block-group-is-layout-flex\" style=\"background-color:#f1f1f1;padding-top:var(--wp--preset--spacing--80);padding-bottom:var(--wp--preset--spacing--80)\">\n<div class=\"wp-block-group is-vertical is-layout-flex wp-container-core-group-is-layout-8cf370e7 wp-block-group-is-layout-flex\">\n<h2 class=\"wp-block-heading\" style=\"padding-top:var(--wp--preset--spacing--40);padding-bottom:var(--wp--preset--spacing--40);font-size:25px;font-style:normal;font-weight:600;text-transform:capitalize\">Pourquoi choisir notre profil de plaque de pl\u00e2tre LED de 25 mm de largeur int\u00e9rieure ?<\/h2>\n\n\n\n<ul class=\"wp-block-list\">\n<li>Conception sans cadre, \u00e0 pl\u00e2trer : S'ins\u00e8re dans les coins des plaques de pl\u00e2tre avec un cadre cach\u00e9 pour une finition lisse et propre.<\/li>\n\n\n\n<li>Inner\u00a025mm wide\u00a0channel: This lets you use high-output LED tape to make the light brighter because it fits wide LED strips.<\/li>\n\n\n\n<li>Direction de la lumi\u00e8re vers le bas : La lumi\u00e8re inclin\u00e9e lave les murs de mani\u00e8re parfaite et diffuse une belle lueur sans \u00eatre trop brillante.<\/li>\n\n\n\n<li>mat\u00e9riau r\u00e9sistant : L'aluminium anodis\u00e9 6063-T5 est solide et dure longtemps tout en laissant \u00e9chapper la chaleur facilement.<\/li>\n\n\n\n<li>Sortie de lumi\u00e8re lisse : Le diffuseur opale garantit que la lumi\u00e8re est r\u00e9partie uniform\u00e9ment, sans zones sombres.<\/li>\n<\/ul>\n<\/div>\n<\/div>\n\n\n\n<div class=\"wp-block-group is-vertical is-layout-flex wp-container-core-group-is-layout-d255d7c4 wp-block-group-is-layout-flex\" style=\"padding-top:var(--wp--preset--spacing--80);padding-bottom:var(--wp--preset--spacing--80)\">\n<hr class=\"wp-block-separator has-alpha-channel-opacity\"\/>\n\n\n\n<div class=\"wp-block-media-text has-media-on-the-right is-stacked-on-mobile\" style=\"grid-template-columns:auto 40%\"><div class=\"wp-block-media-text__content\">\n<h2 class=\"wp-block-heading\" style=\"padding-top:var(--wp--preset--spacing--40);padding-bottom:var(--wp--preset--spacing--40);font-size:25px;font-style:normal;font-weight:600;text-transform:capitalize\">Simple \u00e0 installer et \u00e0 utiliser<\/h2>\n\n\n\n<ul class=\"wp-block-list\">\n<li>Fits standard drywall thickness, so it&#8217;s easy to put up on walls and ceilings.\u00a0<\/li>\n\n\n\n<li>Poss\u00e8de des flans de boue avec des trous qui vous permettent de pl\u00e2trer et de lisser pour une finition lisse.<\/li>\n\n\n\n<li>Le diffuseur opale \u00e0 enclenchement adoucit et \u00e9galise la lumi\u00e8re et cache les points LED.\u00a0<\/li>\n\n\n\n<li>Vous pouvez le couper \u00e0 la taille sur place \u00e0 l'aide d'une scie \u00e0 onglet.<\/li>\n\n\n\n<li>Il fonctionne avec de nombreux \u00e9clairages \u00e0 LED, comme les bandes RGB, les types \u00e0 haute CRI et dimmables.<\/li>\n<\/ul>\n<\/div><figure class=\"wp-block-media-text__media\"><img loading=\"lazy\" decoding=\"async\" width=\"500\" height=\"500\" src=\"https:\/\/tangooled.com\/wp-content\/uploads\/2025\/12\/dwp14-ins.webp\" alt=\"profil de coin en plaque de pl\u00e2tre LED de 25 mm de largeur int\u00e9rieure pour \u00e9clairage dirig\u00e9 vers le bas\" class=\"wp-image-42904 size-full\" srcset=\"https:\/\/tangooled.com\/wp-content\/uploads\/2025\/12\/dwp14-ins.webp 500w, https:\/\/tangooled.com\/wp-content\/uploads\/2025\/12\/dwp14-ins-300x300.webp 300w, https:\/\/tangooled.com\/wp-content\/uploads\/2025\/12\/dwp14-ins-150x150.webp 150w\" sizes=\"auto, (max-width: 500px) 100vw, 500px\" \/><\/figure><\/div>\n<\/div>\n\n\n\n<div class=\"wp-block-group has-background\" style=\"background-color:#f1f1f1f2;padding-top:var(--wp--preset--spacing--80);padding-bottom:var(--wp--preset--spacing--80)\"><div class=\"wp-block-group__inner-container is-layout-constrained wp-block-group-is-layout-constrained\">\n<h2 class=\"wp-block-heading\" style=\"padding-top:var(--wp--preset--spacing--40);padding-bottom:var(--wp--preset--spacing--40);font-size:25px;font-style:normal;font-weight:600\">O\u00f9 pouvez-vous utiliser ce profil ?<\/h2>\n\n\n\n<ul class=\"wp-block-list\">\n<li>Coves muraux au plafond : Lignes lumineuses qui flottent le long des murs et des plafonds donnent l'illusion que les plafonds sont plus hauts.<\/li>\n\n\n\n<li>Coins verticaux : Un \u00e9clairage qui va du sol au plafond dans des coins verticaux rend la pi\u00e8ce plus belle et intrigante.<\/li>\n\n\n\n<li>stairwells and hallways: Safe light that doesn&#8217;t produce glare for lengthy hallways and staircases.<\/li>\n\n\n\n<li>Commerce de d\u00e9tail et h\u00f4tellerie : Utilisez des accents de lumi\u00e8re douce pour attirer l'attention sur les vitrines et les d\u00e9tails architecturaux.\u00a0<\/li>\n<\/ul>\n<\/div><\/div>\n\n\n\n<div class=\"wp-block-group is-vertical is-layout-flex wp-container-core-group-is-layout-d255d7c4 wp-block-group-is-layout-flex\" style=\"padding-top:var(--wp--preset--spacing--80);padding-bottom:var(--wp--preset--spacing--80)\">\n<h2 class=\"wp-block-heading\" style=\"padding-top:var(--wp--preset--spacing--40);padding-bottom:var(--wp--preset--spacing--40);font-size:25px;font-style:normal;font-weight:600;text-transform:capitalize\">Explorez plus de profils<\/h2>\n\n\n\n<ul class=\"wp-block-list\">\n<li>D\u00e9couvrez notre<mark style=\"background-color:rgba(0, 0, 0, 0)\" class=\"has-inline-color has-vivid-red-color\"> <a href=\"https:\/\/tangooled.com\/fr\/product\/25x14m-surface-mounted-led-light-aluminum-profile\/\">Profil\u00e9 en aluminium pour lumi\u00e8re LED mont\u00e9 en surface 25x14mm<\/a><\/mark> pour installations en surface.<\/li>\n\n\n\n<li>Besoin d'une taille plus petite ? Consultez le <a href=\"https:\/\/tangooled.com\/fr\/product\/18x9mm-led-tape-light-profile-for-surface-installation\/\"><mark style=\"background-color:rgba(0, 0, 0, 0)\" class=\"has-inline-color has-vivid-red-color\">profil de bande LED 18x9mm<\/mark><\/a> pour des installations compactes.<\/li>\n\n\n\n<li>Pour des besoins d'\u00e9clairage angulaire, essayez notre <a href=\"https:\/\/tangooled.com\/fr\/product\/aluminum-profile-with-60-degree-lens-led-diffuser\/\"><mark style=\"background-color:rgba(0, 0, 0, 0)\" class=\"has-inline-color has-vivid-red-color\">profil en aluminium avec diffuseur \u00e0 lentille de 60 degr\u00e9s LED<\/mark><\/a>.<\/li>\n<\/ul>\n<\/div>\n\n\n\n<div class=\"wp-block-group has-background\" style=\"background-color:#f1f1f1;padding-top:var(--wp--preset--spacing--80);padding-bottom:var(--wp--preset--spacing--80)\"><div class=\"wp-block-group__inner-container is-layout-constrained wp-block-group-is-layout-constrained\">\n<h2 class=\"wp-block-heading\" style=\"padding-top:var(--wp--preset--spacing--40);padding-bottom:var(--wp--preset--spacing--40);font-size:25px;font-style:normal;font-weight:600;text-transform:capitalize\">r\u00e9sum\u00e9<\/h2>\n\n\n\n<p style=\"padding-right:var(--wp--preset--spacing--50);padding-left:var(--wp--preset--spacing--50)\">Notre profil de coin en plaque de pl\u00e2tre LED de 25 mm de largeur int\u00e9rieure pour un \u00e9clairage vers le bas change la fa\u00e7on dont votre pi\u00e8ce se sent. Il rend tout, de l'\u00e9clairage architectural domestique aux installations commerciales et h\u00f4teli\u00e8res, propre et lumineux. C'est un excellent choix pour toute installation d'\u00e9clairage encastr\u00e9 dans les plaques de pl\u00e2tre \u00e9tant donn\u00e9 qu'il est facile \u00e0 installer et durable.<\/p>\n<\/div><\/div>\n\n\n\n<p><\/p>","protected":false},"featured_media":13772,"template":"","meta":{"_acf_changed":true,"_seopress_robots_primary_cat":"none","_seopress_titles_title":"25mm Wide Drywall LED Profile | Downlight Corner Channel DWP14 | TANGOOLED","_seopress_titles_desc":"The DWP14 is a high-output 25mm inner width led drywall profile for down-direction corner lighting. Achieve a trimless, powerful linear glow at wall junctions with this wide aluminum channel.","_seopress_robots_index":""},"pcb-width":[230],"product-cat":[197],"class_list":{"0":"post-42649","1":"product","2":"type-product","3":"status-publish","4":"has-post-thumbnail","6":"pcb-width-20-25mm","7":"product-cat-plaster-in-profile"},"acf":[],"_links":{"self":[{"href":"https:\/\/tangooled.com\/fr\/wp-json\/wp\/v2\/product\/42649","targetHints":{"allow":["GET"]}}],"collection":[{"href":"https:\/\/tangooled.com\/fr\/wp-json\/wp\/v2\/product"}],"about":[{"href":"https:\/\/tangooled.com\/fr\/wp-json\/wp\/v2\/types\/product"}],"wp:featuredmedia":[{"embeddable":true,"href":"https:\/\/tangooled.com\/fr\/wp-json\/wp\/v2\/media\/13772"}],"wp:attachment":[{"href":"https:\/\/tangooled.com\/fr\/wp-json\/wp\/v2\/media?parent=42649"}],"wp:term":[{"taxonomy":"pcb-width","embeddable":true,"href":"https:\/\/tangooled.com\/fr\/wp-json\/wp\/v2\/pcb-width?post=42649"},{"taxonomy":"product-cat","embeddable":true,"href":"https:\/\/tangooled.com\/fr\/wp-json\/wp\/v2\/product-cat?post=42649"}],"curies":[{"name":"wp","href":"https:\/\/api.w.org\/{rel}","templated":true}]}}