{"id":42647,"date":"2025-12-23T05:53:30","date_gmt":"2025-12-23T13:53:30","guid":{"rendered":"https:\/\/tangooled.com\/?post_type=product&#038;p=42647"},"modified":"2026-01-27T20:57:00","modified_gmt":"2026-01-28T04:57:00","slug":"inner-20mm-width-led-plaster-in-channel-profile","status":"publish","type":"product","link":"https:\/\/tangooled.com\/fr\/product\/inner-20mm-width-led-plaster-in-channel-profile\/","title":{"rendered":"profil de pl\u00e2tre encastr\u00e9 \u00e0 LED de 20 mm de largeur int\u00e9rieure"},"content":{"rendered":"<div class=\"wp-block-group is-vertical is-layout-flex wp-container-core-group-is-layout-d255d7c4 wp-block-group-is-layout-flex\" style=\"padding-top:var(--wp--preset--spacing--80);padding-bottom:var(--wp--preset--spacing--80)\">\n<p>Le profil de pl\u00e2tre encastr\u00e9 \u00e0 LED de 20 mm de largeur int\u00e9rieure produit une lumi\u00e8re douce et claire. Ce produit est parfait pour un look moderne car il s'int\u00e8gre parfaitement dans le placopl\u00e2tre ou le pl\u00e2tre, laissant une finition propre sans cadre. Ce&nbsp;canal DWP13&nbsp;a une hauteur de 23,1 mm et une largeur de 64,2 mm au niveau de ses flasques. Le compartiment int\u00e9rieur mesure 20 mm de large et peut accueillir&nbsp;des bandes LED typiques de 9,8 mm de profondeur. Il fonctionne avec beaucoup de bandes LED diff\u00e9rentes et \u00e9met beaucoup de lumi\u00e8re, ce qui le rend id\u00e9al pour les maisons, les bureaux et les magasins. La lumi\u00e8re qu'il produit est douce mais forte, et elle s'harmonise bien avec l'architecture.<\/p>\n<\/div>\n\n\n\n<div class=\"wp-block-group has-background is-vertical is-layout-flex wp-container-core-group-is-layout-d255d7c4 wp-block-group-is-layout-flex\" style=\"background-color:#f1f1f1;padding-top:var(--wp--preset--spacing--80);padding-bottom:var(--wp--preset--spacing--80)\">\n<div class=\"wp-block-group is-vertical is-layout-flex wp-container-core-group-is-layout-8cf370e7 wp-block-group-is-layout-flex\">\n<h2 class=\"wp-block-heading\" style=\"padding-top:var(--wp--preset--spacing--40);padding-bottom:var(--wp--preset--spacing--40);font-size:25px;font-style:normal;font-weight:600;text-transform:capitalize\">Pourquoi choisir ce canal \u00e0 LED encastr\u00e9 dans le pl\u00e2tre ?<\/h2>\n\n\n\n<ul class=\"wp-block-list\">\n<li>Sans cadre et montage affleurant : Le canal est plac\u00e9 sous le pl\u00e2tre, cr\u00e9ant une ligne de lumi\u00e8re propre et lisse.<\/li>\n\n\n\n<li>Largeur int\u00e9rieure de 20 mm : S'adapte aux grandes bandes LED qui produisent une lumi\u00e8re brillante et uniforme.<\/li>\n\n\n\n<li>Corps en aluminium durable : prot\u00e8ge les LED et permet une bonne dissipation de la chaleur.<\/li>\n\n\n\n<li>Dotless light diffusion: The soft opal cover\u00a0gets rid of glare and hot spots.<\/li>\n\n\n\n<li>Facile \u00e0 assembler : Fixez-le aux montants en placopl\u00e2tre, recouvrez de pl\u00e2tre, puis peignez pour l'adapter \u00e0 votre design.<\/li>\n<\/ul>\n<\/div>\n<\/div>\n\n\n\n<div class=\"wp-block-group is-vertical is-layout-flex wp-container-core-group-is-layout-d255d7c4 wp-block-group-is-layout-flex\" style=\"padding-top:var(--wp--preset--spacing--80);padding-bottom:var(--wp--preset--spacing--80)\">\n<hr class=\"wp-block-separator has-alpha-channel-opacity\"\/>\n\n\n\n<div class=\"wp-block-media-text has-media-on-the-right is-stacked-on-mobile\" style=\"grid-template-columns:auto 40%\"><div class=\"wp-block-media-text__content\">\n<h2 class=\"wp-block-heading\" style=\"padding-top:var(--wp--preset--spacing--40);padding-bottom:var(--wp--preset--spacing--40);font-size:25px;font-style:normal;font-weight:600;text-transform:capitalize\">Comment configurer<\/h2>\n\n\n\n<ul class=\"wp-block-list\">\n<li>Place the aluminum\u00a0profile in the drywall or plasterboard.<\/li>\n\n\n\n<li>Appliquez du pl\u00e2tre sur les flasques qui ont des trous.<\/li>\n\n\n\n<li>Utilisez du papier de verre pour le lisser et le peindre de la m\u00eame couleur que le mur.<\/li>\n\n\n\n<li>Vous pouvez utiliser des bandes LED qui mesurent jusqu'\u00e0 20 mm de large.<\/li>\n\n\n\n<li>Mettez le diffuseur pour adoucir la lumi\u00e8re.<\/li>\n\n\n\n<li>Terminez en pla\u00e7ant les capuchons d'extr\u00e9mit\u00e9.<\/li>\n<\/ul>\n<\/div><figure class=\"wp-block-media-text__media\"><img loading=\"lazy\" decoding=\"async\" width=\"500\" height=\"500\" src=\"https:\/\/tangooled.com\/wp-content\/uploads\/2025\/12\/dwp13-ins.webp\" alt=\"profil de pl\u00e2tre encastr\u00e9 \u00e0 LED de 20 mm de largeur int\u00e9rieure\" class=\"wp-image-42876 size-full\" srcset=\"https:\/\/tangooled.com\/wp-content\/uploads\/2025\/12\/dwp13-ins.webp 500w, https:\/\/tangooled.com\/wp-content\/uploads\/2025\/12\/dwp13-ins-300x300.webp 300w, https:\/\/tangooled.com\/wp-content\/uploads\/2025\/12\/dwp13-ins-150x150.webp 150w\" sizes=\"auto, (max-width: 500px) 100vw, 500px\" \/><\/figure><\/div>\n<\/div>\n\n\n\n<div class=\"wp-block-group has-background is-vertical is-layout-flex wp-container-core-group-is-layout-b429018a wp-block-group-is-layout-flex\" style=\"background-color:#f1f1f1f2;padding-top:var(--wp--preset--spacing--70);padding-bottom:var(--wp--preset--spacing--70)\">\n<h2 class=\"wp-block-heading\" style=\"padding-top:var(--wp--preset--spacing--40);padding-bottom:var(--wp--preset--spacing--40);font-size:25px;font-style:normal;font-weight:600\">Comment vous pouvez l'utiliser<\/h2>\n\n\n\n<p>Notre profil de canal encastr\u00e9 \u00e0 LED de 20 mm de largeur int\u00e9rieure peut r\u00e9pondre \u00e0 de nombreux besoins d'\u00e9clairage :<\/p>\n\n\n\n<ul class=\"wp-block-list\">\n<li>\u00c9clairage pour la maison : cuisines (sous les armoires et les dosserets), chambres, couloirs et salons.<\/li>\n\n\n\n<li>\u00c9clairage pour les entreprises, comme les magasins, les bureaux, les halls d'h\u00f4tels et les restaurants.<\/li>\n\n\n\n<li>D\u00e9tails architecturaux, y compris l'\u00e9clairage indirect, le lavage de murs, ou des lignes qui ressortent sur les sols et les plafonds.<\/li>\n\n\n\n<li>\u00c9clairage de t\u00e2che : lumi\u00e8res pour bureaux, plans de travail de cuisine, et endroits o\u00f9 vous travaillez.<\/li>\n\n\n\n<li>Constructions sur mesure : Cr\u00e9ez des lignes de lumi\u00e8re droites et nettes qui s'int\u00e8grent parfaitement dans les murs en pl\u00e2tre ou en placopl\u00e2tre.<\/li>\n<\/ul>\n<\/div>\n\n\n\n<div class=\"wp-block-group is-vertical is-layout-flex wp-container-core-group-is-layout-d255d7c4 wp-block-group-is-layout-flex\" style=\"padding-top:var(--wp--preset--spacing--80);padding-bottom:var(--wp--preset--spacing--80)\">\n<h2 class=\"wp-block-heading\" style=\"padding-top:var(--wp--preset--spacing--40);padding-bottom:var(--wp--preset--spacing--40);font-size:25px;font-style:normal;font-weight:600;text-transform:capitalize\">Produits connexes qui pourraient vous int\u00e9resser :<\/h2>\n\n\n\n<ul class=\"wp-block-list\">\n<li><a href=\"https:\/\/tangooled.com\/fr\/product\/black-led-profile-with-black-diffuser-for-10mm-led-strip-light\/\"><mark style=\"background-color:rgba(0, 0, 0, 0)\" class=\"has-inline-color has-vivid-red-color\">Profil LED noir avec diffuseur noir pour bande LED de 10mm<\/mark><\/a> \u2014 For slim, black finish lighting.<\/li>\n\n\n\n<li><mark style=\"background-color:rgba(0, 0, 0, 0)\" class=\"has-inline-color has-vivid-red-color\"><a href=\"https:\/\/tangooled.com\/fr\/product\/surface-mount-led-profile-with-frosted-diffuser-for-10mm-rope-lights\/\">Profil LED \u00e0 monter en surface avec diffuseur d\u00e9poli pour lumi\u00e8res en corde de 10mm<\/a> <\/mark>\u2014 Easy surface mount option.<\/li>\n\n\n\n<li><a href=\"https:\/\/tangooled.com\/fr\/product\/led-strip-light-channel-aluminum-profile-with-diffused-cover-6mm-height\/\"><mark style=\"background-color:rgba(0, 0, 0, 0)\" class=\"has-inline-color has-vivid-red-color\">Profil en aluminium pour bande LED avec couverture diffusante de 6 mm de hauteur<\/mark><\/a> \u2014 Low profile LED channel.<\/li>\n\n\n\n<li><a href=\"https:\/\/tangooled.com\/fr\/product\/trimless-drywall-led-channel-for-15mm-led-strip-lights\/\"><mark style=\"background-color:rgba(0, 0, 0, 0)\" class=\"has-inline-color has-vivid-red-color\">Canal LED \u00e0 poser sans cadre pour bandes LED de 15 mm<\/mark><\/a> \u2014 Wider channel for bigger LED tapes.<\/li>\n\n\n\n<li><a href=\"https:\/\/tangooled.com\/fr\/product\/inner-20mm-width-led-plaster-in-channel-profile\/\"><mark style=\"background-color:rgba(0, 0, 0, 0)\" class=\"has-inline-color has-vivid-red-color\">Profil de canal en pl\u00e2tre encastr\u00e9 \u00e0 LED de largeur int\u00e9rieure de 20 mm<\/mark><\/a> \u2014 Exact match for this product&#8217;s specs.<\/li>\n<\/ul>\n<\/div>\n\n\n\n<div class=\"wp-block-group has-background\" style=\"background-color:#f1f1f1;padding-top:var(--wp--preset--spacing--80);padding-bottom:var(--wp--preset--spacing--80)\"><div class=\"wp-block-group__inner-container is-layout-constrained wp-block-group-is-layout-constrained\">\n<h2 class=\"wp-block-heading\" style=\"padding-top:var(--wp--preset--spacing--40);padding-bottom:var(--wp--preset--spacing--40);font-size:25px;font-style:normal;font-weight:600;text-transform:capitalize\">R\u00e9sum\u00e9<\/h2>\n\n\n\n<p style=\"padding-right:var(--wp--preset--spacing--50);padding-left:var(--wp--preset--spacing--50)\">Our 20mm inner width led plaster in profile is an ideal option for clean, trimless linear LED illumination. It works with wide\u00a0LED strips, puts off smooth, dotless light, and fits right in with drywall or plasterboard. It has a robust anodized body that makes it last longer and keeps heat under control. Today, you can get professional-grade lighting that fits exactly and looks beautiful in homes, businesses, and stores.<\/p>\n<\/div><\/div>\n\n\n\n<p><\/p>","protected":false},"featured_media":13767,"template":"","meta":{"_acf_changed":true,"_seopress_robots_primary_cat":"none","_seopress_titles_title":"20mm Inner Width LED Plaster-in Profile DWP13 | TANGOOLED","_seopress_titles_desc":"The DWP13 is a 20mm inner width led plaster in profile designed for high-output lighting. Accommodates double-row or wide LED strips for a seamless, trimless finish in drywalls.","_seopress_robots_index":""},"pcb-width":[229],"product-cat":[197],"class_list":{"0":"post-42647","1":"product","2":"type-product","3":"status-publish","4":"has-post-thumbnail","6":"pcb-width-15-20mm","7":"product-cat-plaster-in-profile"},"acf":[],"_links":{"self":[{"href":"https:\/\/tangooled.com\/fr\/wp-json\/wp\/v2\/product\/42647","targetHints":{"allow":["GET"]}}],"collection":[{"href":"https:\/\/tangooled.com\/fr\/wp-json\/wp\/v2\/product"}],"about":[{"href":"https:\/\/tangooled.com\/fr\/wp-json\/wp\/v2\/types\/product"}],"wp:featuredmedia":[{"embeddable":true,"href":"https:\/\/tangooled.com\/fr\/wp-json\/wp\/v2\/media\/13767"}],"wp:attachment":[{"href":"https:\/\/tangooled.com\/fr\/wp-json\/wp\/v2\/media?parent=42647"}],"wp:term":[{"taxonomy":"pcb-width","embeddable":true,"href":"https:\/\/tangooled.com\/fr\/wp-json\/wp\/v2\/pcb-width?post=42647"},{"taxonomy":"product-cat","embeddable":true,"href":"https:\/\/tangooled.com\/fr\/wp-json\/wp\/v2\/product-cat?post=42647"}],"curies":[{"name":"wp","href":"https:\/\/api.w.org\/{rel}","templated":true}]}}