{"id":42644,"date":"2025-12-23T05:49:56","date_gmt":"2025-12-23T13:49:56","guid":{"rendered":"https:\/\/tangooled.com\/?post_type=product&#038;p=42644"},"modified":"2026-01-27T20:48:59","modified_gmt":"2026-01-28T04:48:59","slug":"flush-mount-22mm-groove-use-aluminum-drywall-led-channel","status":"publish","type":"product","link":"https:\/\/tangooled.com\/fr\/product\/flush-mount-22mm-groove-use-aluminum-drywall-led-channel\/","title":{"rendered":"montage \u00e0 fleur, rainure de 22 mm, utiliser le canal LED en aluminium pour plaque de pl\u00e2tre"},"content":{"rendered":"<div class=\"wp-block-group is-vertical is-layout-flex wp-container-core-group-is-layout-d255d7c4 wp-block-group-is-layout-flex\" style=\"padding-top:var(--wp--preset--spacing--80);padding-bottom:var(--wp--preset--spacing--80)\">\n<p>Our 22mm groove drywall LED channel flush mount will add style and light to your room. The aluminum LED channel fits well into drywall grooves, making it seem clean and trimless. The flange is 64.4 mm wide, the inner channel is 20 mm deep, and the overall height is 23.3 mm. The interior cavity is 20mm wide and 20mm deep, which is just right for housing standard LED strips. Once it&#8217;s in place, the profile is completely covered in the drywall, and only the diffused light source can be seen. You can use it to make a modern, streamlined architectural light that fits within walls or ceilings. The light will cascade over the surface below, making any modern space look more elegant.<\/p>\n<\/div>\n\n\n\n<div class=\"wp-block-group has-background\" style=\"background-color:#f1f1f1;padding-top:var(--wp--preset--spacing--80);padding-bottom:var(--wp--preset--spacing--80)\"><div class=\"wp-block-group__inner-container is-layout-constrained wp-block-group-is-layout-constrained\">\n<div class=\"wp-block-group is-vertical is-layout-flex wp-container-core-group-is-layout-8cf370e7 wp-block-group-is-layout-flex\">\n<h2 class=\"wp-block-heading\" style=\"padding-top:var(--wp--preset--spacing--40);padding-bottom:var(--wp--preset--spacing--40);font-size:25px;font-style:normal;font-weight:600;text-transform:capitalize\">Pourquoi choisir notre canal LED pour plaque de pl\u00e2tre \u00e0 rainure de 22 mm ?<\/h2>\n\n\n\n<ul class=\"wp-block-list\">\n<li>Installation facile : Les brides avec des trous vous permettent de pl\u00e2trer imm\u00e9diatement sur le canal. Pour un montage \u00e0 fleur, il devient un avec votre plaque de pl\u00e2tre, donc aucune finition n'est n\u00e9cessaire.<\/li>\n\n\n\n<li>Cool Aluminum Body: Our profile is made of anodized aluminum, which helps keep LEDs\u00a0cool. This keeps your LED strips safe, which makes them last longer and shine brighter.<\/li>\n\n\n\n<li>Effet de lumi\u00e8re sans points : Utilisez le diffuseur diffus pour emp\u00eacher l'apparition des points LED. Obtenez une lumi\u00e8re douce et uniforme tout au long.<\/li>\n\n\n\n<li>Compatible with regular LED strips: It can hold strips that are up to 20mm wide\u00a0in its 22mm groove.<\/li>\n\n\n\n<li>Facile \u00e0 couper et \u00e0 installer : Il suffit de couper le profil pour l'adapter \u00e0 votre projet et d'utiliser des vis pour le fixer \u00e0 fleur dans les rainures de la plaque de pl\u00e2tre.<\/li>\n\n\n\n<li>Livr\u00e9 avec des bouchons de fin : Les bouchons de fin fournis prot\u00e8gent les extr\u00e9mit\u00e9s. L'un d'eux a un trou pour faire passer les fils afin de garder un look propre.<\/li>\n<\/ul>\n<\/div>\n<\/div><\/div>\n\n\n\n<div class=\"wp-block-group is-vertical is-layout-flex wp-container-core-group-is-layout-d255d7c4 wp-block-group-is-layout-flex\" style=\"padding-top:var(--wp--preset--spacing--80);padding-bottom:var(--wp--preset--spacing--80)\">\n<hr class=\"wp-block-separator has-alpha-channel-opacity\"\/>\n\n\n\n<div class=\"wp-block-media-text has-media-on-the-right is-stacked-on-mobile\" style=\"grid-template-columns:auto 40%\"><div class=\"wp-block-media-text__content\">\n<h2 class=\"wp-block-heading\" style=\"padding-top:var(--wp--preset--spacing--40);padding-bottom:var(--wp--preset--spacing--40);font-size:25px;font-style:normal;font-weight:600;text-transform:capitalize\">Comment installer le canal LED pour plaque de pl\u00e2tre \u00e0 montage \u00e0 fleur de 22 mm<\/h2>\n\n\n\n<ul class=\"wp-block-list\">\n<li>Couper la rainure : Faire une rainure de 23 mm de large dans votre plaque de pl\u00e2tre.<\/li>\n\n\n\n<li>Fixer le canal : Utilisez des vis pour fixer le canal en aluminium afin qu'il soit de niveau avec la rainure.<\/li>\n\n\n\n<li>Pl\u00e2trer sur les brides : Utilisez du compos\u00e9 \u00e0 joint ou du pl\u00e2tre pour couvrir les brides qui ont des trous. Laissez s\u00e9cher puis poncez pour obtenir une surface lisse.<\/li>\n\n\n\n<li>Installer la bande LED : Mettez votre bande LED \u00e0 l'int\u00e9rieur du canal.<\/li>\n\n\n\n<li>Diffuseur \u00e0 clipser : Utilisez le diffuseur diffus pour couvrir les lumi\u00e8res et rendre la lumi\u00e8re uniforme.<\/li>\n<\/ul>\n<\/div><figure class=\"wp-block-media-text__media\"><img loading=\"lazy\" decoding=\"async\" width=\"500\" height=\"500\" src=\"https:\/\/tangooled.com\/wp-content\/uploads\/2025\/12\/dwp12-ins.webp\" alt=\"montage \u00e0 fleur, rainure de 22 mm, utiliser le canal LED en aluminium pour plaque de pl\u00e2tre\" class=\"wp-image-42873 size-full\" srcset=\"https:\/\/tangooled.com\/wp-content\/uploads\/2025\/12\/dwp12-ins.webp 500w, https:\/\/tangooled.com\/wp-content\/uploads\/2025\/12\/dwp12-ins-300x300.webp 300w, https:\/\/tangooled.com\/wp-content\/uploads\/2025\/12\/dwp12-ins-150x150.webp 150w\" sizes=\"auto, (max-width: 500px) 100vw, 500px\" \/><\/figure><\/div>\n<\/div>\n\n\n\n<div class=\"wp-block-group has-background\" style=\"background-color:#f1f1f1f2;padding-top:var(--wp--preset--spacing--80);padding-bottom:var(--wp--preset--spacing--80)\"><div class=\"wp-block-group__inner-container is-layout-constrained wp-block-group-is-layout-constrained\">\n<h2 class=\"wp-block-heading\" style=\"padding-top:var(--wp--preset--spacing--40);padding-bottom:var(--wp--preset--spacing--40);font-size:25px;font-style:normal;font-weight:600\">Cas d'utilisation pour notre canal LED pour plaque de pl\u00e2tre \u00e0 rainure de 22 mm<\/h2>\n\n\n\n<ul class=\"wp-block-list\">\n<li>\u00c9clairage architectural : Parfait pour les murs et les plafonds avec des lignes modernes et \u00e9pur\u00e9es.<\/li>\n\n\n\n<li>\u00c9clairage de corniche et de soffite : Placez des lumi\u00e8res dans les corniches de plafond ou les renfoncements muraux pour obtenir une lumi\u00e8re douce et indirecte.<\/li>\n\n\n\n<li>Espaces commerciaux et de vente : Les showrooms et les bureaux ont meilleure allure avec un \u00e9clairage \u00e9l\u00e9gant et haut de gamme.<\/li>\n\n\n\n<li>Murs d'accent : Utilisez un \u00e9clairage sans points pour attirer l'attention sur des \u0153uvres d'art, des niches ou des \u00e9l\u00e9ments de design. Ce canal offre une sortie lumineuse uniforme et un design \u00e9l\u00e9gant et minimaliste pour tout projet.<\/li>\n<\/ul>\n<\/div><\/div>\n\n\n\n<div class=\"wp-block-group is-vertical is-layout-flex wp-container-core-group-is-layout-d255d7c4 wp-block-group-is-layout-flex\" style=\"padding-top:var(--wp--preset--spacing--80);padding-bottom:var(--wp--preset--spacing--80)\">\n<h2 class=\"wp-block-heading\" style=\"padding-top:var(--wp--preset--spacing--40);padding-bottom:var(--wp--preset--spacing--40);font-size:25px;font-style:normal;font-weight:600;text-transform:capitalize\">Produits Tangooled connexes pour votre projet<\/h2>\n\n\n\n<ul class=\"wp-block-list\">\n<li>Explorez le <a href=\"https:\/\/tangooled.com\/fr\/product\/black-led-diffuser-aluminum-channel-for-12mm-tape-lights\/\"><mark style=\"background-color:rgba(0, 0, 0, 0)\" class=\"has-inline-color has-vivid-red-color\">canal en aluminium diffuseur LED noir pour lumi\u00e8res \u00e0 bande de 12 mm<\/mark><\/a> \u2013 perfect for matching black tape strips.<\/li>\n\n\n\n<li>Essayez le <a href=\"https:\/\/tangooled.com\/fr\/product\/surface-mount-led-profile-with-frosted-diffuser-for-10mm-rope-lights\/\"><mark style=\"background-color:rgba(0, 0, 0, 0)\" class=\"has-inline-color has-vivid-red-color\">profil LED \u00e0 monter en surface avec diffuseur d\u00e9poli pour \u00e9clairage \u00e0 corde de 10 mm <\/mark><\/a>pour des installations de surface faciles.<\/li>\n\n\n\n<li>D\u00e9couvrez le <a href=\"https:\/\/tangooled.com\/fr\/product\/22mm-surface-led-aluminum-strip-channel-with-opal-diffuser\/\"><mark style=\"background-color:rgba(0, 0, 0, 0)\" class=\"has-inline-color has-vivid-red-color\">Canal en aluminium pour bande LED de 22 mm de surface avec diffuseur opale <\/mark><\/a>pour une ligne lumineuse diffuse \u00e0 fleur.<\/li>\n\n\n\n<li>Pour des projets plus petits, consultez le <a href=\"https:\/\/tangooled.com\/fr\/product\/10mm-led-profile-aluminum-channel-for-8mm-led-tape-lights\/\"><mark style=\"background-color:rgba(0, 0, 0, 0)\" class=\"has-inline-color has-vivid-red-color\">canal en aluminium pour profil LED de 10 mm pour bandes LED de 8 mm<\/mark><\/a>.<\/li>\n\n\n\n<li>Pour un \u00e9clairage dans les angles, explorez le <a href=\"https:\/\/tangooled.com\/fr\/product\/corner-mount-right-angle-diffuser-aluminum-led-extrusion-profile-inner-12mm\/\"><mark style=\"background-color:rgba(0, 0, 0, 0)\" class=\"has-inline-color has-vivid-red-color\">profil d'extrusion en aluminium diffuseur d'angle \u00e0 montage droit de 12 mm<\/mark><\/a>.<\/li>\n<\/ul>\n<\/div>\n\n\n\n<div class=\"wp-block-group has-background\" style=\"background-color:#f1f1f1;padding-top:var(--wp--preset--spacing--80);padding-bottom:var(--wp--preset--spacing--80)\"><div class=\"wp-block-group__inner-container is-layout-constrained wp-block-group-is-layout-constrained\">\n<h2 class=\"wp-block-heading\" style=\"padding-top:var(--wp--preset--spacing--40);padding-bottom:var(--wp--preset--spacing--40);font-size:25px;font-style:normal;font-weight:600;text-transform:capitalize\">R\u00e9sum\u00e9<\/h2>\n\n\n\n<p style=\"padding-right:var(--wp--preset--spacing--50);padding-left:var(--wp--preset--spacing--50)\">Le canal LED pour plaque de pl\u00e2tre \u00e0 montage \u00e0 fleur avec une rainure de 22 mm est une excellente solution pour obtenir un \u00e9clairage LED professionnel, propre et encastr\u00e9. Il est compos\u00e9 d'aluminium anodis\u00e9 de haute qualit\u00e9 et s'int\u00e8gre dans les rainures de la plaque de pl\u00e2tre. Il peut contenir des bandes LED d'une largeur maximale de 20 mm. La bride \u00e0 pl\u00e2trer facilite l'application du pl\u00e2tre, donnant aux lumi\u00e8res du mur ou du plafond une finition lisse. D\u00e9couvrez comme il est facile de modifier l'apparence de votre espace avec un \u00e9clairage lin\u00e9aire coh\u00e9rent, un \u00e9clat sans points et des extrusions robustes qui prot\u00e8gent vos LEDs et s'harmonisent avec la d\u00e9coration de votre maison. Cliquez sur les profils LED en aluminium Tangooled \u00e9num\u00e9r\u00e9s ici pour en savoir plus sur le produit.<\/p>\n<\/div><\/div>\n\n\n\n<p><\/p>","protected":false},"featured_media":13762,"template":"","meta":{"_acf_changed":true,"_seopress_robots_primary_cat":"none","_seopress_titles_title":"22mm Groove Drywall LED Channel Plaster-in DWP12 | TANGOOLED","_seopress_titles_desc":"The DWP12 is a 22mm groove drywall led channel with a slim 10mm depth. Designed for wider linear light effects, this plaster-in aluminum profile integrates seamlessly into ceilings for a trimless finish.","_seopress_robots_index":""},"pcb-width":[229],"product-cat":[197],"class_list":{"0":"post-42644","1":"product","2":"type-product","3":"status-publish","4":"has-post-thumbnail","6":"pcb-width-15-20mm","7":"product-cat-plaster-in-profile"},"acf":[],"_links":{"self":[{"href":"https:\/\/tangooled.com\/fr\/wp-json\/wp\/v2\/product\/42644","targetHints":{"allow":["GET"]}}],"collection":[{"href":"https:\/\/tangooled.com\/fr\/wp-json\/wp\/v2\/product"}],"about":[{"href":"https:\/\/tangooled.com\/fr\/wp-json\/wp\/v2\/types\/product"}],"wp:featuredmedia":[{"embeddable":true,"href":"https:\/\/tangooled.com\/fr\/wp-json\/wp\/v2\/media\/13762"}],"wp:attachment":[{"href":"https:\/\/tangooled.com\/fr\/wp-json\/wp\/v2\/media?parent=42644"}],"wp:term":[{"taxonomy":"pcb-width","embeddable":true,"href":"https:\/\/tangooled.com\/fr\/wp-json\/wp\/v2\/pcb-width?post=42644"},{"taxonomy":"product-cat","embeddable":true,"href":"https:\/\/tangooled.com\/fr\/wp-json\/wp\/v2\/product-cat?post=42644"}],"curies":[{"name":"wp","href":"https:\/\/api.w.org\/{rel}","templated":true}]}}