{"id":42642,"date":"2025-12-23T05:44:07","date_gmt":"2025-12-23T13:44:07","guid":{"rendered":"https:\/\/tangooled.com\/?post_type=product&#038;p=42642"},"modified":"2026-01-27T20:45:43","modified_gmt":"2026-01-28T04:45:43","slug":"10mm-deep-recessed-drywall-led-strip-channel","status":"publish","type":"product","link":"https:\/\/tangooled.com\/fr\/product\/10mm-deep-recessed-drywall-led-strip-channel\/","title":{"rendered":"Canal pour bandes LED encastr\u00e9 de 10 mm"},"content":{"rendered":"<div class=\"wp-block-group is-vertical is-layout-flex wp-container-core-group-is-layout-d255d7c4 wp-block-group-is-layout-flex\" style=\"padding-top:var(--wp--preset--spacing--80);padding-bottom:var(--wp--preset--spacing--80)\">\n<p>Our 10mm deep drywall LED channel is perfect for modern, stylish lighting that fits perfectly against drywall walls and ceilings. This high-quality profile fits flawlessly inside drywall or plasterboard, whether it&#8217;s recessed or &#8220;plaster-in.&#8221; It generates light that is smooth and lovely, with no hard shadows or framing that is easy to see. It can hold LED strips that are up to 20mm wide and works well with both COB and standard SMD LED tapes. The recessed drywall LED strip channel keeps the LED tape safe, and the smooth PC frost diffuser that comes with it spreads the light evenly and without glare.<\/p>\n<\/div>\n\n\n\n<div class=\"wp-block-group has-background is-vertical is-layout-flex wp-container-core-group-is-layout-d255d7c4 wp-block-group-is-layout-flex\" style=\"background-color:#f1f1f1;padding-top:var(--wp--preset--spacing--80);padding-bottom:var(--wp--preset--spacing--80)\">\n<div class=\"wp-block-group is-vertical is-layout-flex wp-container-core-group-is-layout-8cf370e7 wp-block-group-is-layout-flex\">\n<h2 class=\"wp-block-heading\" style=\"padding-top:var(--wp--preset--spacing--40);padding-bottom:var(--wp--preset--spacing--40);font-size:25px;font-style:normal;font-weight:600;text-transform:capitalize\">Pourquoi choisir notre canal LED pour plaques de pl\u00e2tre de 10 mm ?<\/h2>\n\n\n\n<ul class=\"wp-block-list\">\n<li>Vous b\u00e9n\u00e9ficiez d'un effet de dissipateur thermique gr\u00e2ce \u00e0 l'extrusion en aluminium de haute qualit\u00e9 qui prot\u00e8ge vos bandes LED.<\/li>\n\n\n\n<li>Le bo\u00eetier peinturable permet une int\u00e9gration compl\u00e8te avec la couleur de votre mur ou plafond.<\/li>\n\n\n\n<li>Le diffuseur en PC vous offre une diffusion de lumi\u00e8re impeccable sans points lumineux.<\/li>\n\n\n\n<li>Id\u00e9al pour les designs d'\u00e9clairage architectural recherchant un look de canal encastr\u00e9 sans encadrement.<\/li>\n\n\n\n<li>Prend en charge une installation facile dans les nouvelles constructions et les r\u00e9novations, parfait pour les projets de entrepreneurs g\u00e9n\u00e9raux ou de bricolage.<\/li>\n<\/ul>\n<\/div>\n<\/div>\n\n\n\n<div class=\"wp-block-group is-vertical is-layout-flex wp-container-core-group-is-layout-d255d7c4 wp-block-group-is-layout-flex\" style=\"padding-top:var(--wp--preset--spacing--80);padding-bottom:var(--wp--preset--spacing--80)\">\n<hr class=\"wp-block-separator has-alpha-channel-opacity\"\/>\n\n\n\n<div class=\"wp-block-media-text has-media-on-the-right is-stacked-on-mobile\" style=\"grid-template-columns:auto 40%\"><div class=\"wp-block-media-text__content\">\n<h2 class=\"wp-block-heading\" style=\"padding-top:var(--wp--preset--spacing--40);padding-bottom:var(--wp--preset--spacing--40);font-size:25px;font-style:normal;font-weight:600;text-transform:capitalize\">Comment utiliser ce canal encastr\u00e9 DWP11<\/h2>\n\n\n\n<ul class=\"wp-block-list\">\n<li>V\u00e9rifiez que la rainure dans votre panneau de pl\u00e2tre ou plaque de pl\u00e2tre est \u00e0 la bonne profondeur (10 mm).<\/li>\n\n\n\n<li>Placez le canal en aluminium dans la rainure et assurez-vous qu'il est correctement fix\u00e9 aux montants ou au support.<\/li>\n\n\n\n<li>Utilisez du compos\u00e9 \u00e0 joint ou du pl\u00e2tre pour remplir les trous sur les flancs et rendre la surface uniforme.<\/li>\n\n\n\n<li>Pour cr\u00e9er une surface lisse qui cache compl\u00e8tement l'appareil, poncez et peignez la plaque de pl\u00e2tre.<\/li>\n\n\n\n<li>Placez la bande LED dans le canal et enclenchez le couvercle diffuseur mat pour vous assurer que la lumi\u00e8re se diffuse uniform\u00e9ment.<\/li>\n<\/ul>\n<\/div><figure class=\"wp-block-media-text__media\"><img loading=\"lazy\" decoding=\"async\" width=\"500\" height=\"500\" src=\"https:\/\/tangooled.com\/wp-content\/uploads\/2025\/12\/dwp11-ins.webp\" alt=\"Canal pour bandes LED encastr\u00e9 de 10 mm\" class=\"wp-image-42866 size-full\" srcset=\"https:\/\/tangooled.com\/wp-content\/uploads\/2025\/12\/dwp11-ins.webp 500w, https:\/\/tangooled.com\/wp-content\/uploads\/2025\/12\/dwp11-ins-300x300.webp 300w, https:\/\/tangooled.com\/wp-content\/uploads\/2025\/12\/dwp11-ins-150x150.webp 150w\" sizes=\"auto, (max-width: 500px) 100vw, 500px\" \/><\/figure><\/div>\n<\/div>\n\n\n\n<div class=\"wp-block-group has-background\" style=\"background-color:#f1f1f1f2;padding-top:var(--wp--preset--spacing--80);padding-bottom:var(--wp--preset--spacing--80)\"><div class=\"wp-block-group__inner-container is-layout-constrained wp-block-group-is-layout-constrained\">\n<h2 class=\"wp-block-heading\" style=\"padding-top:var(--wp--preset--spacing--40);padding-bottom:var(--wp--preset--spacing--40);font-size:25px;font-style:normal;font-weight:600\">Sc\u00e9narios d'utilisation r\u00e9els<\/h2>\n\n\n\n<ul class=\"wp-block-list\">\n<li>Lignes de transition lumineuses du mur au plafond qui sont attrayantes et disparaissent lorsque la lumi\u00e8re est \u00e9teinte.<\/li>\n\n\n\n<li>Les \u00e9clairages d'accent moderne au plafond rendent la pi\u00e8ce chaleureuse et accueillante.<\/li>\n\n\n\n<li>Un \u00e9clairage s\u00fbr et \u00e9l\u00e9gant pour les escaliers et les couloirs.<\/li>\n\n\n\n<li>Un \u00e9clairage ambiant propre et professionnel pour les entreprises, h\u00f4tels et restaurants.<\/li>\n\n\n\n<li>C'est ce que les professionnels et les amateurs de bricolage utilisent pour obtenir un \u00e9clairage LED parfait sur les plaques de pl\u00e2tre.<\/li>\n<\/ul>\n<\/div><\/div>\n\n\n\n<div class=\"wp-block-group is-vertical is-layout-flex wp-container-core-group-is-layout-d255d7c4 wp-block-group-is-layout-flex\" style=\"padding-top:var(--wp--preset--spacing--80);padding-bottom:var(--wp--preset--spacing--80)\">\n<h2 class=\"wp-block-heading\" style=\"padding-top:var(--wp--preset--spacing--40);padding-bottom:var(--wp--preset--spacing--40);font-size:25px;font-style:normal;font-weight:600;text-transform:capitalize\">Produits associ\u00e9s qui pourraient vous int\u00e9resser<\/h2>\n\n\n\n<ul class=\"wp-block-list\">\n<li><a href=\"https:\/\/tangooled.com\/fr\/product\/black-led-profile-with-black-diffuser-for-10mm-led-strip-light\/\"><mark style=\"background-color:rgba(0, 0, 0, 0)\" class=\"has-inline-color has-vivid-red-color\">Profil LED noir avec diffuseur noir pour bande LED de 10 mm<\/mark><\/a><\/li>\n\n\n\n<li><a href=\"https:\/\/tangooled.com\/fr\/product\/surface-mount-led-profile-with-frosted-diffuser-for-10mm-rope-lights\/\"><mark style=\"background-color:rgba(0, 0, 0, 0)\" class=\"has-inline-color has-vivid-red-color\">Profil LED \u00e0 montage en surface avec diffuseur d\u00e9poli pour bandes de 10 mm<\/mark><\/a><\/li>\n\n\n\n<li><a href=\"https:\/\/tangooled.com\/fr\/product\/led-light-diffuser-channel-aluminum-15x12mm-for-10mm-led-strips\/\"><mark style=\"background-color:rgba(0, 0, 0, 0)\" class=\"has-inline-color has-vivid-red-color\">Canal diffuseur de lumi\u00e8re LED en aluminium 15x12mm pour bandes LED de 10mm<\/mark><\/a><\/li>\n\n\n\n<li><a href=\"https:\/\/tangooled.com\/fr\/product\/recessed-led-strip-lighting-channel-17x15mm-for-10mm-tape-lights\/\"><mark style=\"background-color:rgba(0, 0, 0, 0)\" class=\"has-inline-color has-vivid-red-color\">Profil en aluminium encastr\u00e9 17x15 mm pour bandes LED de 10 mm<\/mark><\/a><\/li>\n<\/ul>\n<\/div>\n\n\n\n<div class=\"wp-block-group has-background\" style=\"background-color:#f1f1f1;padding-top:var(--wp--preset--spacing--80);padding-bottom:var(--wp--preset--spacing--80)\"><div class=\"wp-block-group__inner-container is-layout-constrained wp-block-group-is-layout-constrained\">\n<h2 class=\"wp-block-heading\" style=\"padding-top:var(--wp--preset--spacing--40);padding-bottom:var(--wp--preset--spacing--40);font-size:25px;font-style:normal;font-weight:600;text-transform:capitalize\">R\u00e9sum\u00e9 : Parfait pour un \u00e9clairage moderne sans encadrement<\/h2>\n\n\n\n<p style=\"padding-right:var(--wp--preset--spacing--50);padding-left:var(--wp--preset--spacing--50)\">Notre canal LED encastr\u00e9 de 10 mm est le meilleur canal en aluminium extrud\u00e9 \u00e0 installer dans des profils LED affleurant au mur ou pl\u00e2tr\u00e9s. Il poss\u00e8de une vari\u00e9t\u00e9 de finitions et fournit un \u00e9clairage direct sans spots. Il peut contenir des bandes LED COB et SMD allant jusqu'\u00e0 20 mm de large. Ce canal ouvre un tout nouveau monde d'options d'\u00e9clairage LED architectural pour les maisons, bureaux, commerces et h\u00f4tels.<\/p>\n<\/div><\/div>\n\n\n\n<p><\/p>","protected":false},"featured_media":13757,"template":"","meta":{"_acf_changed":true,"_seopress_robots_primary_cat":"none","_seopress_titles_title":"10mm Deep Drywall LED Channel | Recessed Plaster-in DWP11 | TANGOOLED","_seopress_titles_desc":"The DWP11 is a 10mm deep drywall led channel designed for a seamless plaster-in finish. Optimized for recessed installation in ceilings and walls, this slim aluminum profile creates a clean linear light path.","_seopress_robots_index":""},"pcb-width":[229],"product-cat":[197],"class_list":{"0":"post-42642","1":"product","2":"type-product","3":"status-publish","4":"has-post-thumbnail","6":"pcb-width-15-20mm","7":"product-cat-plaster-in-profile"},"acf":[],"_links":{"self":[{"href":"https:\/\/tangooled.com\/fr\/wp-json\/wp\/v2\/product\/42642","targetHints":{"allow":["GET"]}}],"collection":[{"href":"https:\/\/tangooled.com\/fr\/wp-json\/wp\/v2\/product"}],"about":[{"href":"https:\/\/tangooled.com\/fr\/wp-json\/wp\/v2\/types\/product"}],"wp:featuredmedia":[{"embeddable":true,"href":"https:\/\/tangooled.com\/fr\/wp-json\/wp\/v2\/media\/13757"}],"wp:attachment":[{"href":"https:\/\/tangooled.com\/fr\/wp-json\/wp\/v2\/media?parent=42642"}],"wp:term":[{"taxonomy":"pcb-width","embeddable":true,"href":"https:\/\/tangooled.com\/fr\/wp-json\/wp\/v2\/pcb-width?post=42642"},{"taxonomy":"product-cat","embeddable":true,"href":"https:\/\/tangooled.com\/fr\/wp-json\/wp\/v2\/product-cat?post=42642"}],"curies":[{"name":"wp","href":"https:\/\/api.w.org\/{rel}","templated":true}]}}