{"id":42637,"date":"2025-12-23T05:39:57","date_gmt":"2025-12-23T13:39:57","guid":{"rendered":"https:\/\/tangooled.com\/?post_type=product&#038;p=42637"},"modified":"2026-02-01T22:31:35","modified_gmt":"2026-02-02T06:31:35","slug":"drywall-led-channel-with-outer-square-diffuser-inner-width-12mm","status":"publish","type":"product","link":"https:\/\/tangooled.com\/fr\/product\/drywall-led-channel-with-outer-square-diffuser-inner-width-12mm\/","title":{"rendered":"canal LED pour plaque de pl\u00e2tre avec diffuseur carr\u00e9 ext\u00e9rieur, largeur int\u00e9rieure 12mm"},"content":{"rendered":"<div class=\"wp-block-group is-vertical is-layout-flex wp-container-core-group-is-layout-d255d7c4 wp-block-group-is-layout-flex\" style=\"padding-top:var(--wp--preset--spacing--80);padding-bottom:var(--wp--preset--spacing--80)\">\n<p>Notre canal LED pour plaque de pl\u00e2tre DWP10 rendra votre pi\u00e8ce plus lumineuse avec une lumi\u00e8re propre et douce. Ce design est adapt\u00e9 \u00e0 un \u00e9clairage architectural moderne et sans bord, et s'int\u00e8gre parfaitement dans les plafonds construits en plaques de pl\u00e2tre. Le canal mesure 56,2mm de large et 23,1mm de profond, permettant ainsi aux bandes LED jusqu'\u00e0 12mm de large de s'y adapter. Le diffuseur carr\u00e9 \u00e0 l'ext\u00e9rieur diffuse la lumi\u00e8re de mani\u00e8re uniforme et magnifique, produisant un \u00e9clat qui semble provenir directement du plafond. Ce profil est adapt\u00e9 aux maisons et aux entreprises haut de gamme.<\/p>\n<\/div>\n\n\n\n<div class=\"wp-block-group has-background is-vertical is-layout-flex wp-container-core-group-is-layout-d255d7c4 wp-block-group-is-layout-flex\" style=\"background-color:#f1f1f1;padding-top:var(--wp--preset--spacing--80);padding-bottom:var(--wp--preset--spacing--80)\">\n<div class=\"wp-block-group\"><div class=\"wp-block-group__inner-container is-layout-constrained wp-block-group-is-layout-constrained\">\n<h2 class=\"wp-block-heading\" style=\"padding-top:var(--wp--preset--spacing--40);padding-bottom:var(--wp--preset--spacing--40);font-size:25px;font-style:normal;font-weight:600;text-transform:capitalize\">Pourquoi choisir notre canal LED pour plaque de pl\u00e2tre DWP10 ?<\/h2>\n\n\n\n<ul class=\"wp-block-list\">\n<li>Une finition lisse et affleurante qui cache tous les bords \u00e0 l'int\u00e9rieur de la plaque de pl\u00e2tre.<\/li>\n\n\n\n<li>Fabriqu\u00e9 en aluminium anodis\u00e9 r\u00e9sistant qui permet une bonne dissipation de la chaleur et prolonge la dur\u00e9e de vie des LED.<\/li>\n\n\n\n<li>Compatible avec toutes les bandes LED populaires de 12mm de large, telles que COB, RGBW et bandes blanches r\u00e9glables.<\/li>\n\n\n\n<li>Un diffuseur carr\u00e9 ext\u00e9rieur lui conf\u00e8re un aspect moderne audacieux tout en cachant les points chauds.&nbsp;<\/li>\n\n\n\n<li>Livr\u00e9 avec des embouts et des vis pour un travail soign\u00e9 et professionnel.<\/li>\n\n\n\n<li>Facile \u00e0 pl\u00e2trer avec des flanges d\u00e9j\u00e0 perfor\u00e9es pour le moulage.<\/li>\n<\/ul>\n<\/div><\/div>\n<\/div>\n\n\n\n<div class=\"wp-block-group is-vertical is-layout-flex wp-container-core-group-is-layout-d255d7c4 wp-block-group-is-layout-flex\" style=\"padding-top:var(--wp--preset--spacing--80);padding-bottom:var(--wp--preset--spacing--80)\">\n<hr class=\"wp-block-separator has-alpha-channel-opacity\"\/>\n\n\n\n<div class=\"wp-block-media-text has-media-on-the-right is-stacked-on-mobile\" style=\"grid-template-columns:auto 40%\"><div class=\"wp-block-media-text__content\">\n<h2 class=\"wp-block-heading\" style=\"padding-top:var(--wp--preset--spacing--40);padding-bottom:var(--wp--preset--spacing--40);font-size:25px;font-style:normal;font-weight:600;text-transform:capitalize\">Comment Installer<\/h2>\n\n\n\n<ul class=\"wp-block-list\">\n<li>Utilisez des vis \u00e0 travers la flanc perfor\u00e9 pour fixer le canal au cadre ou au support en plaque de pl\u00e2tre.<\/li>\n\n\n\n<li>Installez le placo de mani\u00e8re \u00e0 ce qu'il s'adapte aux bords du canal.<\/li>\n\n\n\n<li>Appliquer du pl\u00e2tre ou un compos\u00e9 \u00e0 joint sur les flans et les poncer pour les rendre lisses.<\/li>\n\n\n\n<li>Pour un aspect propre, peignez votre mur.<\/li>\n\n\n\n<li>Placez votre bande LED de 12mm \u00e0 l'int\u00e9rieur du canal.<\/li>\n\n\n\n<li>Branchez le c\u00e2blage ensemble et clipsez le diffuseur carr\u00e9.<\/li>\n<\/ul>\n<\/div><figure class=\"wp-block-media-text__media\"><img loading=\"lazy\" decoding=\"async\" width=\"500\" height=\"500\" src=\"https:\/\/tangooled.com\/wp-content\/uploads\/2025\/12\/dwp10-ins.webp\" alt=\"canal LED pour plaque de pl\u00e2tre avec diffuseur carr\u00e9 ext\u00e9rieur, largeur int\u00e9rieure 12mm\" class=\"wp-image-42863 size-full\" srcset=\"https:\/\/tangooled.com\/wp-content\/uploads\/2025\/12\/dwp10-ins.webp 500w, https:\/\/tangooled.com\/wp-content\/uploads\/2025\/12\/dwp10-ins-300x300.webp 300w, https:\/\/tangooled.com\/wp-content\/uploads\/2025\/12\/dwp10-ins-150x150.webp 150w\" sizes=\"auto, (max-width: 500px) 100vw, 500px\" \/><\/figure><\/div>\n<\/div>\n\n\n\n<div class=\"wp-block-group has-background is-vertical is-layout-flex wp-container-core-group-is-layout-b429018a wp-block-group-is-layout-flex\" style=\"background-color:#f1f1f1f2;padding-top:var(--wp--preset--spacing--70);padding-bottom:var(--wp--preset--spacing--70)\">\n<h2 class=\"wp-block-heading\" style=\"padding-top:var(--wp--preset--spacing--40);padding-bottom:var(--wp--preset--spacing--40);font-size:25px;font-style:normal;font-weight:600\">Id\u00e9al pour de nombreux besoins en \u00e9clairage<\/h2>\n\n\n\n<p>Notre canal LED pour plaque de pl\u00e2tre avec un diffuseur carr\u00e9 ext\u00e9rieur et une largeur int\u00e9rieure de 12mm convient \u00e0 de nombreux projets diff\u00e9rents, tels que :<\/p>\n\n\n\n<ul class=\"wp-block-list\">\n<li>Un \u00e9clairage encastr\u00e9 dans le mur et le plafond pour une ligne de lumi\u00e8re lisse.&nbsp;<\/li>\n\n\n\n<li>Des cuisines modernes et des espaces de vie n\u00e9cessitant des \u00e9clairages d'accent sans finition.<\/li>\n\n\n\n<li>Des magasins et des entreprises qui exigent un \u00e9clairage architectural professionnel.<\/li>\n\n\n\n<li>Un \u00e9clairage en corniche et des lignes lumineuses du sol au plafond pour un effet dramatique.<\/li>\n<\/ul>\n<\/div>\n\n\n\n<div class=\"wp-block-group is-vertical is-layout-flex wp-container-core-group-is-layout-d255d7c4 wp-block-group-is-layout-flex\" style=\"padding-top:var(--wp--preset--spacing--80);padding-bottom:var(--wp--preset--spacing--80)\">\n<h2 class=\"wp-block-heading\" style=\"padding-top:var(--wp--preset--spacing--40);padding-bottom:var(--wp--preset--spacing--40);font-size:25px;font-style:normal;font-weight:600;text-transform:capitalize\">Produits connexes dont vous pourriez avoir besoin<\/h2>\n\n\n\n<ul class=\"wp-block-list\">\n<li>Explorez notre <a href=\"https:\/\/tangooled.com\/fr\/product\/black-led-diffuser-aluminum-channel-for-12mm-tape-lights\/\"><mark style=\"background-color:rgba(0, 0, 0, 0)\" class=\"has-inline-color has-vivid-red-color\">canal en aluminium diffuseur LED noir pour lumi\u00e8res \u00e0 bande de 12 mm<\/mark><\/a> pour une finition noire moderne et \u00e9l\u00e9gante.<\/li>\n\n\n\n<li>Essayez le <a href=\"https:\/\/tangooled.com\/fr\/product\/led-strip-light-channel-aluminum-profile-with-diffused-cover-6mm-height\/\"><mark style=\"background-color:rgba(0, 0, 0, 0)\" class=\"has-inline-color has-vivid-red-color\">Profil en aluminium pour bande LED avec couvercle diffusant de 6 mm de hauteur<\/mark><\/a> si vous voulez un profil plus mince.<\/li>\n\n\n\n<li>Pour des options de montage en surface, consultez le <a href=\"https:\/\/tangooled.com\/fr\/product\/surface-mount-led-profile-with-frosted-diffuser-for-10mm-rope-lights\/\"><mark style=\"background-color:rgba(0, 0, 0, 0)\" class=\"has-inline-color has-vivid-red-color\">profil LED \u00e0 monter en surface avec diffuseur d\u00e9poli pour \u00e9clairage \u00e0 corde de 10 mm<\/mark><\/a>.<\/li>\n<\/ul>\n<\/div>\n\n\n\n<div class=\"wp-block-group is-vertical is-layout-flex wp-container-core-group-is-layout-d255d7c4 wp-block-group-is-layout-flex\" style=\"padding-top:var(--wp--preset--spacing--80);padding-bottom:var(--wp--preset--spacing--80)\">\n<h2 class=\"wp-block-heading\" style=\"padding-top:var(--wp--preset--spacing--40);padding-bottom:var(--wp--preset--spacing--40);font-size:25px;font-style:normal;font-weight:600;text-transform:capitalize\">R\u00e9sum\u00e9<\/h2>\n\n\n\n<p>Our drywall led channel, featuring an outside square diffuser and an inner width of 12mm, provides you with a lighting solution that is completely hidden and doesn&#8217;t need any trim. It is robust, simple to set up, and works with a variety of 12mm LED strips. Its square diffuser gives off gentle, even light, which is great for both home and business projects.<\/p>\n<\/div>\n\n\n\n<p><\/p>","protected":false},"featured_media":13752,"template":"","meta":{"_acf_changed":true,"_seopress_robots_primary_cat":"none","_seopress_titles_title":"Square Diffuser Plaster-in LED Profile | 12mm Inner Width DWP10","_seopress_titles_desc":"The DWP10 is a unique plaster-in led profile featuring an outer square diffuser for a wider light beam. With a 12mm inner width, this aluminum channel provides a modern architectural look for ceilings and drywalls.","_seopress_robots_index":""},"pcb-width":[228],"product-cat":[197],"class_list":{"0":"post-42637","1":"product","2":"type-product","3":"status-publish","4":"has-post-thumbnail","6":"pcb-width-6-12mm","7":"product-cat-plaster-in-profile"},"acf":[],"_links":{"self":[{"href":"https:\/\/tangooled.com\/fr\/wp-json\/wp\/v2\/product\/42637","targetHints":{"allow":["GET"]}}],"collection":[{"href":"https:\/\/tangooled.com\/fr\/wp-json\/wp\/v2\/product"}],"about":[{"href":"https:\/\/tangooled.com\/fr\/wp-json\/wp\/v2\/types\/product"}],"wp:featuredmedia":[{"embeddable":true,"href":"https:\/\/tangooled.com\/fr\/wp-json\/wp\/v2\/media\/13752"}],"wp:attachment":[{"href":"https:\/\/tangooled.com\/fr\/wp-json\/wp\/v2\/media?parent=42637"}],"wp:term":[{"taxonomy":"pcb-width","embeddable":true,"href":"https:\/\/tangooled.com\/fr\/wp-json\/wp\/v2\/pcb-width?post=42637"},{"taxonomy":"product-cat","embeddable":true,"href":"https:\/\/tangooled.com\/fr\/wp-json\/wp\/v2\/product-cat?post=42637"}],"curies":[{"name":"wp","href":"https:\/\/api.w.org\/{rel}","templated":true}]}}