{"id":42634,"date":"2025-12-23T05:35:09","date_gmt":"2025-12-23T13:35:09","guid":{"rendered":"https:\/\/tangooled.com\/?post_type=product&#038;p=42634"},"modified":"2026-02-01T22:21:38","modified_gmt":"2026-02-02T06:21:38","slug":"20mm-deep-mud-in-drywall-led-profile-for-10mm-tape-light","status":"publish","type":"product","link":"https:\/\/tangooled.com\/fr\/product\/20mm-deep-mud-in-drywall-led-profile-for-10mm-tape-light\/","title":{"rendered":"Profil LED en pl\u00e2tre de 20 mm de profondeur pour bandeau lumineux de 10 mm"},"content":{"rendered":"<div class=\"wp-block-group is-vertical is-layout-flex wp-container-core-group-is-layout-d255d7c4 wp-block-group-is-layout-flex\" style=\"padding-top:var(--wp--preset--spacing--80);padding-bottom:var(--wp--preset--spacing--80)\">\n<p>Notre profil LED DWP09 de 20 mm de profondeur est con\u00e7u pour les installations en pl\u00e2tre. Il cr\u00e9e des lignes de lumi\u00e8re lisses et nettes sans cadres ni bordures apparentes. Le profil mesure 56,6 mm de large et a une profondeur de canal int\u00e9gr\u00e9e de 23,2 mm et une hauteur interne de 20,0 mm. Il est fabriqu\u00e9 en aluminium anodis\u00e9 6063-T5 durable. La largeur interne de 12,2 mm est juste parfaite pour les bandes LED de 10 mm, y compris les versions \u00e0 simple rang\u00e9e, RGB et COB. Le mat\u00e9riau solide agit comme un dissipateur de chaleur, ce qui maintient votre bandeau lumineux au frais et prolonge sa dur\u00e9e de vie.<\/p>\n<\/div>\n\n\n\n<div class=\"wp-block-group has-background is-vertical is-layout-flex wp-container-core-group-is-layout-d255d7c4 wp-block-group-is-layout-flex\" style=\"background-color:#f1f1f1;padding-top:var(--wp--preset--spacing--80);padding-bottom:var(--wp--preset--spacing--80)\">\n<div class=\"wp-block-group is-vertical is-layout-flex wp-container-core-group-is-layout-8cf370e7 wp-block-group-is-layout-flex\">\n<h2 class=\"wp-block-heading\" style=\"padding-top:var(--wp--preset--spacing--40);padding-bottom:var(--wp--preset--spacing--40);font-size:25px;font-style:normal;font-weight:600;text-transform:capitalize\">Pourquoi choisir ce profil LED en pl\u00e2tre de 20 mm de profondeur ?<\/h2>\n\n\n\n<ul class=\"wp-block-list\">\n<li>Finition affleurante : Les bords ont de petits trous (flans perc\u00e9s) qui permettent \u00e0 la boue de s'accrocher. Cela ressemble \u00e0 une partie de votre mur une fois sec.<\/li>\n\n\n\n<li>Dissipateur thermique solide : Le bo\u00eetier en m\u00e9tal garde les bandes LED au frais, ce qui prolonge leur dur\u00e9e de vie.<\/li>\n\n\n\n<li>Lumi\u00e8re sans points : Il est livr\u00e9 avec un couvercle diffuseur opale qui se clipse. Cela r\u00e9partit la lumi\u00e8re uniform\u00e9ment et en douceur, sans points ni zones chaudes.<\/li>\n\n\n\n<li>Fits perfectly: Made for regular drywall (1\/2&#8243; or 5\/8&#8243;) to make sure it stays in place.<\/li>\n\n\n\n<li>Prot\u00e8ge la bande LED : \u00c9vite la poussi\u00e8re et les dommages et facilite l'installation.<\/li>\n\n\n\n<li>trim to size: You may get it in 1 or 2 meters and it&#8217;s easy to trim to the right length.<\/li>\n<\/ul>\n<\/div>\n<\/div>\n\n\n\n<div class=\"wp-block-group\" style=\"padding-top:var(--wp--preset--spacing--80);padding-bottom:var(--wp--preset--spacing--80)\"><div class=\"wp-block-group__inner-container is-layout-constrained wp-block-group-is-layout-constrained\">\n<div class=\"wp-block-media-text has-media-on-the-right is-stacked-on-mobile\" style=\"grid-template-columns:auto 40%\"><div class=\"wp-block-media-text__content\">\n<h2 class=\"wp-block-heading\" style=\"padding-top:var(--wp--preset--spacing--40);padding-bottom:var(--wp--preset--spacing--40);font-size:25px;font-style:normal;font-weight:600;text-transform:capitalize\">Comment l'utiliser ?<\/h2>\n\n\n\n<ul class=\"wp-block-list\">\n<li>Fixez le profil en aluminium au mur ou au cadre de plafond.<\/li>\n\n\n\n<li>Mettez de la boue \u00e0 pl\u00e2tre sur les ailes qui ont des trous.<\/li>\n\n\n\n<li>Attendez que la boue s\u00e8che, puis poncez-la.<\/li>\n\n\n\n<li>Placez la bande lumineuse de 10 mm dans le canal.<\/li>\n\n\n\n<li>Attachez le diffuseur pour une lumi\u00e8re lisse et sans points.<\/li>\n\n\n\n<li>Reliez la bande LED au syst\u00e8me d'alimentation et de contr\u00f4le.<\/li>\n<\/ul>\n<\/div><figure class=\"wp-block-media-text__media\"><img loading=\"lazy\" decoding=\"async\" width=\"500\" height=\"500\" src=\"https:\/\/tangooled.com\/wp-content\/uploads\/2025\/12\/dwp09-ins.webp\" alt=\"Profil LED en pl\u00e2tre de 20 mm de profondeur pour bandeau lumineux de 10 mm\" class=\"wp-image-42811 size-full\" srcset=\"https:\/\/tangooled.com\/wp-content\/uploads\/2025\/12\/dwp09-ins.webp 500w, https:\/\/tangooled.com\/wp-content\/uploads\/2025\/12\/dwp09-ins-300x300.webp 300w, https:\/\/tangooled.com\/wp-content\/uploads\/2025\/12\/dwp09-ins-150x150.webp 150w\" sizes=\"auto, (max-width: 500px) 100vw, 500px\" \/><\/figure><\/div>\n<\/div><\/div>\n\n\n\n<div class=\"wp-block-group has-background\" style=\"background-color:#f1f1f1f2;padding-top:var(--wp--preset--spacing--80);padding-bottom:var(--wp--preset--spacing--80)\"><div class=\"wp-block-group__inner-container is-layout-constrained wp-block-group-is-layout-constrained\">\n<h2 class=\"wp-block-heading\" style=\"padding-top:var(--wp--preset--spacing--40);padding-bottom:var(--wp--preset--spacing--40);font-size:25px;font-style:normal;font-weight:600;text-transform:capitalize\">O\u00f9 pouvez-vous utiliser ce canal sans points ?<\/h2>\n\n\n\n<ul class=\"wp-block-list\">\n<li>\u00c9clairage encastr\u00e9 dans le mur ou le plafond pour cr\u00e9er des lignes de lumi\u00e8re sans coins.<\/li>\n\n\n\n<li>\u00c9clairage derri\u00e8re des armoires ou des \u00e9tag\u00e8res dans les cuisines ou les postes de travail.<\/li>\n\n\n\n<li>\u00c9clairage pour l'architecture et la d\u00e9coration qui met en valeur les formes et les espaces.<\/li>\n\n\n\n<li>Bandes LED modernes pour ateliers, caves et projets cr\u00e9atifs.<\/li>\n<\/ul>\n<\/div><\/div>\n\n\n\n<div class=\"wp-block-group is-vertical is-layout-flex wp-container-core-group-is-layout-d255d7c4 wp-block-group-is-layout-flex\" style=\"padding-top:var(--wp--preset--spacing--80);padding-bottom:var(--wp--preset--spacing--80)\">\n<h2 class=\"wp-block-heading\" style=\"padding-top:var(--wp--preset--spacing--40);padding-bottom:var(--wp--preset--spacing--40);font-size:25px;font-style:normal;font-weight:600;text-transform:capitalize\">Produits associ\u00e9s<\/h2>\n\n\n\n<ul class=\"wp-block-list\">\n<li>Explorer <a href=\"https:\/\/tangooled.com\/fr\/product\/surface-mount-led-profile-with-frosted-diffuser-for-10mm-rope-lights\/\"><mark style=\"background-color:rgba(0, 0, 0, 0)\" class=\"has-inline-color has-vivid-red-color\">Profil LED \u00e0 montage en surface avec diffuseur d\u00e9poli pour bandes de 10 mm<\/mark><\/a> pour des solutions de montage de surface faciles.<\/li>\n\n\n\n<li>V\u00e9rifier <a href=\"https:\/\/tangooled.com\/fr\/product\/led-light-diffuser-channel-aluminum-15x12mm-for-10mm-led-strips\/\"><mark style=\"background-color:rgba(0, 0, 0, 0)\" class=\"has-inline-color has-vivid-red-color\">Canal diffuseur de lumi\u00e8re LED en aluminium 15x12mm pour bandes LED de 10mm<\/mark><\/a> si vous voulez un profil plus mince.<\/li>\n\n\n\n<li>Trouver <a href=\"https:\/\/tangooled.com\/fr\/product\/recessed-aluminum-channel-with-ceiling-buckle-for-led-10mm-strip-light\/\"><mark style=\"background-color:rgba(0, 0, 0, 0)\" class=\"has-inline-color has-vivid-red-color\">Profil LED encastr\u00e9 en aluminium avec boucle de plafond<\/mark><\/a> si vous avez besoin de s\u00e9curiser rapidement des canaux au plafond.<\/li>\n<\/ul>\n<\/div>\n\n\n\n<div class=\"wp-block-group has-background\" style=\"background-color:#f1f1f1;padding-top:var(--wp--preset--spacing--80);padding-bottom:var(--wp--preset--spacing--80)\"><div class=\"wp-block-group__inner-container is-layout-constrained wp-block-group-is-layout-constrained\">\n<p>Notre profil LED de 20 mm de profondeur est le choix parfait pour des installations de bandes LED propres, nettes et professionnelles. Fabriqu\u00e9 \u00e0 partir de mat\u00e9riaux de haute qualit\u00e9 et con\u00e7u pour un montage en pl\u00e2tre sans couture, ce profil garantit que votre bande lumineuse de 10 mm offre un \u00e9clairage doux, lisse et durable pendant des ann\u00e9es.<\/p>\n<\/div><\/div>\n\n\n\n<p><\/p>","protected":false},"featured_media":13743,"template":"","meta":{"_acf_changed":true,"_seopress_robots_primary_cat":"none","_seopress_titles_title":"20mm Deep Drywall LED Profile | Dot-Free Mud-in Channel DWP09","_seopress_titles_desc":"The DWP09 is a professional 20mm deep drywall led profile designed for 10mm tape lights. Its deep-recessed design ensures a dot-free, seamless linear light finish in plasterboards.","_seopress_robots_index":""},"pcb-width":[228],"product-cat":[197],"class_list":{"0":"post-42634","1":"product","2":"type-product","3":"status-publish","4":"has-post-thumbnail","6":"pcb-width-6-12mm","7":"product-cat-plaster-in-profile"},"acf":[],"_links":{"self":[{"href":"https:\/\/tangooled.com\/fr\/wp-json\/wp\/v2\/product\/42634","targetHints":{"allow":["GET"]}}],"collection":[{"href":"https:\/\/tangooled.com\/fr\/wp-json\/wp\/v2\/product"}],"about":[{"href":"https:\/\/tangooled.com\/fr\/wp-json\/wp\/v2\/types\/product"}],"wp:featuredmedia":[{"embeddable":true,"href":"https:\/\/tangooled.com\/fr\/wp-json\/wp\/v2\/media\/13743"}],"wp:attachment":[{"href":"https:\/\/tangooled.com\/fr\/wp-json\/wp\/v2\/media?parent=42634"}],"wp:term":[{"taxonomy":"pcb-width","embeddable":true,"href":"https:\/\/tangooled.com\/fr\/wp-json\/wp\/v2\/pcb-width?post=42634"},{"taxonomy":"product-cat","embeddable":true,"href":"https:\/\/tangooled.com\/fr\/wp-json\/wp\/v2\/product-cat?post=42634"}],"curies":[{"name":"wp","href":"https:\/\/api.w.org\/{rel}","templated":true}]}}