{"id":42633,"date":"2025-12-23T05:29:47","date_gmt":"2025-12-23T13:29:47","guid":{"rendered":"https:\/\/tangooled.com\/?post_type=product&#038;p=42633"},"modified":"2026-01-27T20:11:23","modified_gmt":"2026-01-28T04:11:23","slug":"inside-corner-tile-trim-led-aluminum-profile-for-12mm-strips","status":"publish","type":"product","link":"https:\/\/tangooled.com\/fr\/product\/inside-corner-tile-trim-led-aluminum-profile-for-12mm-strips\/","title":{"rendered":"Profil\u00e9 LED en aluminium pour tapis de carrelage d'angle int\u00e9rieur pour bandes de 12 mm"},"content":{"rendered":"<div class=\"wp-block-group is-vertical is-layout-flex wp-container-core-group-is-layout-d255d7c4 wp-block-group-is-layout-flex\" style=\"padding-top:var(--wp--preset--spacing--80);padding-bottom:var(--wp--preset--spacing--80)\">\n<p>Notre profil\u00e9 LED DWP08 pour tapis de carrelage d'angle int\u00e9rieur illumine et embellit les coins de vos carrelages. Ce profil\u00e9 en aluminium anodis\u00e9 professionnel est con\u00e7u pour \u00eatre int\u00e9gr\u00e9 dans le pl\u00e2tre ou le carrelage dans des coins \u00e0 90 degr\u00e9s \u00e0 l'int\u00e9rieur. Il mesure 58 mm de large et dispose de pattes de pl\u00e2trage pouvant \u00eatre de 25 mm ou 36 mm de large. Il peut accueillir des bandes LED de 12 mm en toute s\u00e9curit\u00e9 et les dissimuler. Sa construction robuste prot\u00e8ge les LEDs et fonctionne comme un dissipateur thermique, garantissant leur long\u00e9vit\u00e9. Pour un \u00e9clairage lin\u00e9aire sans cadre et sans interrupteur dans les cuisines, salles de bains, douches et autres espaces carrel\u00e9s, utilisez-le.<\/p>\n<\/div>\n\n\n\n<div class=\"wp-block-group has-background is-vertical is-layout-flex wp-container-core-group-is-layout-d255d7c4 wp-block-group-is-layout-flex\" style=\"background-color:#f1f1f1;padding-top:var(--wp--preset--spacing--80);padding-bottom:var(--wp--preset--spacing--80)\">\n<div class=\"wp-block-group is-vertical is-layout-flex wp-container-core-group-is-layout-8cf370e7 wp-block-group-is-layout-flex\">\n<h2 class=\"wp-block-heading\" style=\"padding-top:var(--wp--preset--spacing--40);padding-bottom:var(--wp--preset--spacing--40);font-size:25px;font-style:normal;font-weight:600;text-transform:capitalize\">Pourquoi choisir notre profil\u00e9 LED pour tapis de carrelage d'angle int\u00e9rieur ?<\/h2>\n\n\n\n<ul class=\"wp-block-list\">\n<li>Fonctionne parfaitement avec des bandes LED de 12 mm, comme les bandes de type COB et SMD.<\/li>\n\n\n\n<li>Fabriqu\u00e9 en aluminium anodis\u00e9 6063-T5, qui est solide et permet une bonne dissipation thermique.<\/li>\n\n\n\n<li>Livr\u00e9 avec un diffuseur d\u00e9poli ou opale qui adoucit la lumi\u00e8re et \u00e9vite les points lumineux.\u00a0<\/li>\n\n\n\n<li>La jambe de montage est perfor\u00e9e pour permettre au profil\u00e9 de se fixer au coulis de carrelage ou \u00e0 l'adh\u00e9sif pour une tenue solide. Vous pouvez le choisir en argent, noir ou blanc pour s'harmoniser avec votre d\u00e9cor.<\/li>\n\n\n\n<li>Disponible en longueurs de 1 m, 2 m ou 3 m, et se coupe facilement pour tous vos projets.<\/li>\n\n\n\n<li>Livr\u00e9 avec des embouts pour maintenir les extr\u00e9mit\u00e9s en ordre et faciliter le passage des fils.<\/li>\n<\/ul>\n<\/div>\n<\/div>\n\n\n\n<div class=\"wp-block-group is-vertical is-layout-flex wp-container-core-group-is-layout-d255d7c4 wp-block-group-is-layout-flex\" style=\"padding-top:var(--wp--preset--spacing--80);padding-bottom:var(--wp--preset--spacing--80)\">\n<hr class=\"wp-block-separator has-alpha-channel-opacity\"\/>\n\n\n\n<div class=\"wp-block-media-text has-media-on-the-right is-stacked-on-mobile\" style=\"grid-template-columns:auto 40%\"><div class=\"wp-block-media-text__content\">\n<h2 class=\"wp-block-heading\" style=\"padding-top:var(--wp--preset--spacing--40);padding-bottom:var(--wp--preset--spacing--40);font-size:25px;font-style:normal;font-weight:600;text-transform:capitalize\">Comment utiliser le profil\u00e9 LED pour tapis de carrelage d'angle int\u00e9rieur<\/h2>\n\n\n\n<ul class=\"wp-block-list\">\n<li>Placez la patte perfor\u00e9e dans du mortier \u00e0 joint ou de l'adh\u00e9sif pour carrelage.<\/li>\n\n\n\n<li>Pour un fini lisse, assurez-vous que les bords des carrelages soient au m\u00eame niveau que le profil\u00e9.<\/li>\n\n\n\n<li>Pour un \u00e9clairage net et uniforme dans les coins, ins\u00e9rez votre bande LED de 12 mm \u00e0 l'int\u00e9rieur.<\/li>\n\n\n\n<li>Pour un \u00e9clairage homog\u00e8ne, placez le couvercle diffuseur d\u00e9poli au-dessus.<\/li>\n<\/ul>\n<\/div><figure class=\"wp-block-media-text__media\"><img loading=\"lazy\" decoding=\"async\" width=\"500\" height=\"500\" src=\"https:\/\/tangooled.com\/wp-content\/uploads\/2025\/12\/dwp08-ins.webp\" alt=\"inside corner tile trim led aluminum profile for 12mm strips\" class=\"wp-image-42807 size-full\" srcset=\"https:\/\/tangooled.com\/wp-content\/uploads\/2025\/12\/dwp08-ins.webp 500w, https:\/\/tangooled.com\/wp-content\/uploads\/2025\/12\/dwp08-ins-300x300.webp 300w, https:\/\/tangooled.com\/wp-content\/uploads\/2025\/12\/dwp08-ins-150x150.webp 150w\" sizes=\"auto, (max-width: 500px) 100vw, 500px\" \/><\/figure><\/div>\n<\/div>\n\n\n\n<div class=\"wp-block-group has-background\" style=\"background-color:#f1f1f1f2;padding-top:var(--wp--preset--spacing--80);padding-bottom:var(--wp--preset--spacing--80)\"><div class=\"wp-block-group__inner-container is-layout-constrained wp-block-group-is-layout-constrained\">\n<h2 class=\"wp-block-heading\" style=\"padding-top:var(--wp--preset--spacing--40);padding-bottom:var(--wp--preset--spacing--40);font-size:25px;font-style:normal;font-weight:600\">Principales applications du profil\u00e9 LED pour tapis de carrelage d'angle int\u00e9rieur<\/h2>\n\n\n\n<ul class=\"wp-block-list\">\n<li>Rev\u00eatements muraux de cuisine : Utilisez un \u00e9clairage d'accent vibrant pour mettre en valeur les coins de votre plan de travail.<\/li>\n\n\n\n<li>Couloirs et escaliers : Installer des lignes le long des marches et des coins les rendra plus s\u00fbrs et plus modernes.<\/li>\n\n\n\n<li>\u00c9clairage en corniche sur le plafond et les murs : Utilisez un \u00e9clairage indirect dans les coins pour donner une impression de hauteur.<\/li>\n\n\n\n<li>Transitions entre murs et sols : Cr\u00e9ez des plinthes ou des bandes de carrelage \u00e9clair\u00e9es.<\/li>\n\n\n\n<li>Pr\u00e9sentations commerciales et retail : Utilisez l'\u00e9clairage pour mettre en avant les \u00e9tag\u00e8res, les pr\u00e9sentoirs et les \u00e9l\u00e9ments architecturaux.<\/li>\n<\/ul>\n<\/div><\/div>\n\n\n\n<div class=\"wp-block-group is-vertical is-layout-flex wp-container-core-group-is-layout-d255d7c4 wp-block-group-is-layout-flex\" style=\"padding-top:var(--wp--preset--spacing--80);padding-bottom:var(--wp--preset--spacing--80)\">\n<h2 class=\"wp-block-heading\" style=\"font-size:25px;font-style:normal;font-weight:600;text-transform:capitalize\">Produits associ\u00e9s qui pourraient vous int\u00e9resser<\/h2>\n\n\n\n<ul class=\"wp-block-list\">\n<li><a href=\"https:\/\/tangooled.com\/fr\/product\/black-led-diffuser-aluminum-channel-for-12mm-tape-lights\/\"><mark style=\"background-color:rgba(0, 0, 0, 0)\" class=\"has-inline-color has-vivid-red-color\">Canal en aluminium avec diffuseur LED noir pour bandes de 12mm<\/mark><\/a> \u2014 Perfect match for dark designs.<\/li>\n\n\n\n<li><a href=\"https:\/\/tangooled.com\/fr\/product\/18x18mm-led-strip-corner-profile-for-12mm-led-strips\/\"><mark style=\"background-color:rgba(0, 0, 0, 0)\" class=\"has-inline-color has-vivid-red-color\">Profil\u00e9 d'angle LED 18x18mm pour bandes LED de 12 mm<\/mark><\/a> \u2014 Great for sharp corner lighting.<\/li>\n\n\n\n<li><a href=\"https:\/\/tangooled.com\/fr\/product\/led-profile-under-cabinet-corner-lighting-for-led-strip-12mm\/\"><mark style=\"background-color:rgba(0, 0, 0, 0)\" class=\"has-inline-color has-vivid-red-color\">\u00c9clairage d'angle sous cabinet pour bandes LED de 12 mm<\/mark><\/a> \u2014 Ideal for kitchen under cabinet corners.<\/li>\n<\/ul>\n<\/div>\n\n\n\n<p><\/p>","protected":false},"featured_media":13738,"template":"","meta":{"_acf_changed":true,"_seopress_robots_primary_cat":"none","_seopress_titles_title":"Inside Corner Tile Trim LED Profile | 12mm Internal Corner DWP08 | TANGOOLED","_seopress_titles_desc":"The DWP08 is a specialized inside corner tile trim led profile for 12mm strips. Perfect for creating ambient lighting in tile corners of bathrooms and showers while providing a clean trim finish.","_seopress_robots_index":""},"pcb-width":[228],"product-cat":[197],"class_list":{"0":"post-42633","1":"product","2":"type-product","3":"status-publish","4":"has-post-thumbnail","6":"pcb-width-6-12mm","7":"product-cat-plaster-in-profile"},"acf":[],"_links":{"self":[{"href":"https:\/\/tangooled.com\/fr\/wp-json\/wp\/v2\/product\/42633","targetHints":{"allow":["GET"]}}],"collection":[{"href":"https:\/\/tangooled.com\/fr\/wp-json\/wp\/v2\/product"}],"about":[{"href":"https:\/\/tangooled.com\/fr\/wp-json\/wp\/v2\/types\/product"}],"wp:featuredmedia":[{"embeddable":true,"href":"https:\/\/tangooled.com\/fr\/wp-json\/wp\/v2\/media\/13738"}],"wp:attachment":[{"href":"https:\/\/tangooled.com\/fr\/wp-json\/wp\/v2\/media?parent=42633"}],"wp:term":[{"taxonomy":"pcb-width","embeddable":true,"href":"https:\/\/tangooled.com\/fr\/wp-json\/wp\/v2\/pcb-width?post=42633"},{"taxonomy":"product-cat","embeddable":true,"href":"https:\/\/tangooled.com\/fr\/wp-json\/wp\/v2\/product-cat?post=42633"}],"curies":[{"name":"wp","href":"https:\/\/api.w.org\/{rel}","templated":true}]}}