{"id":42628,"date":"2025-12-23T05:26:22","date_gmt":"2025-12-23T13:26:22","guid":{"rendered":"https:\/\/tangooled.com\/?post_type=product&#038;p=42628"},"modified":"2026-01-27T20:09:10","modified_gmt":"2026-01-28T04:09:10","slug":"outside-corner-tile-led-strip-profile-for-12mm-light-tape","status":"publish","type":"product","link":"https:\/\/tangooled.com\/fr\/product\/outside-corner-tile-led-strip-profile-for-12mm-light-tape\/","title":{"rendered":"Profil LED pour coin ext\u00e9rieur avec carrelage pour bande lumineuse de 12 mm"},"content":{"rendered":"<div class=\"wp-block-group is-vertical is-layout-flex wp-container-core-group-is-layout-d255d7c4 wp-block-group-is-layout-flex\" style=\"padding-top:var(--wp--preset--spacing--80);padding-bottom:var(--wp--preset--spacing--80)\">\n<p>Our DWP07 Outside corner tile LED profile will make your tiled corners glow. This high-quality aluminum\u00a0profile is made to hold and protect your 12mm light tape while making the corners of your outdoor tiles seem clean and smooth. It is 46.8mm broad and 21.5mm deep. The profile is made of durable anodized aluminum, which functions as a heat sink to keep your LEDs cool and safe. The inbuilt opal diffuser makes the light gentle and dot-free, which makes it great for kitchens, baths, staircases, and other tiled areas.<\/p>\n<\/div>\n\n\n\n<div class=\"wp-block-group has-background is-vertical is-layout-flex wp-container-core-group-is-layout-d255d7c4 wp-block-group-is-layout-flex\" style=\"background-color:#f1f1f1;padding-top:var(--wp--preset--spacing--80);padding-bottom:var(--wp--preset--spacing--80)\">\n<div class=\"wp-block-group is-vertical is-layout-flex wp-container-core-group-is-layout-8cf370e7 wp-block-group-is-layout-flex\">\n<h2 class=\"wp-block-heading\" style=\"padding-top:var(--wp--preset--spacing--40);padding-bottom:var(--wp--preset--spacing--40);font-size:25px;font-style:normal;font-weight:600;text-transform:capitalize\">Pourquoi avez-vous besoin de ce profil LED pour coin ext\u00e9rieur<\/h2>\n\n\n\n<ul class=\"wp-block-list\">\n<li>\u00c9vite que les coins des carreaux ne s'\u00e9br\u00e8chent ou ne se fissurent.<\/li>\n\n\n\n<li>Donne \u00e0 vos \u00e9clairages un aspect moderne et \u00e9pur\u00e9.<\/li>\n\n\n\n<li>La bride perfor\u00e9e adh\u00e8re efficacement au mortier de carreau, ce qui la rend tr\u00e8s robuste.<\/li>\n\n\n\n<li>Peut \u00eatre utilis\u00e9 dans des endroits humides et secs.<\/li>\n\n\n\n<li>Rend l'\u00e9clairage dans votre salle de bain, cuisine, escalier ou mur net et brillant.<\/li>\n\n\n\n<li>Compatible avec de nombreuses bandes LED SMD ou COB pour une lumi\u00e8re diffuse sans points.<\/li>\n<\/ul>\n<\/div>\n<\/div>\n\n\n\n<div class=\"wp-block-group is-vertical is-layout-flex wp-container-core-group-is-layout-d255d7c4 wp-block-group-is-layout-flex\" style=\"padding-top:var(--wp--preset--spacing--80);padding-bottom:var(--wp--preset--spacing--80)\">\n<hr class=\"wp-block-separator has-alpha-channel-opacity\"\/>\n\n\n\n<div class=\"wp-block-media-text has-media-on-the-right is-stacked-on-mobile\" style=\"grid-template-columns:auto 40%\"><div class=\"wp-block-media-text__content\">\n<h2 class=\"wp-block-heading\" style=\"padding-top:var(--wp--preset--spacing--40);padding-bottom:var(--wp--preset--spacing--40);font-size:25px;font-style:normal;font-weight:600;text-transform:capitalize\">Comment Installer<\/h2>\n\n\n\n<ul class=\"wp-block-list\">\n<li>Assurez-vous que le coin du carrelage est propre et sec.<\/li>\n\n\n\n<li>Utilisez de la colle \u00e0 carrelage ou du mortier mince pour installer la bride perfor\u00e9e en place.<\/li>\n\n\n\n<li>Attendez que la colle s\u00e8che avant de placer la bande LED dans le canal.<\/li>\n\n\n\n<li>Mettez le couvercle diffuseur opale sur le profil en le clipant.<\/li>\n\n\n\n<li>Utilisez les caps de finition pour verrouiller les extr\u00e9mit\u00e9s. Si la zone est humide, utilisez du silicone pour sceller les bords.<\/li>\n\n\n\n<li>Connectez les bandes LED \u00e0 l'alimentation et utilisez des variateurs ou des contr\u00f4les intelligents pour des r\u00e9sultats optimaux.<\/li>\n<\/ul>\n<\/div><figure class=\"wp-block-media-text__media\"><img loading=\"lazy\" decoding=\"async\" width=\"500\" height=\"500\" src=\"https:\/\/tangooled.com\/wp-content\/uploads\/2025\/12\/dwp07-ins.webp\" alt=\"outside corner tile led strip profile for 12mm light tape\" class=\"wp-image-42805 size-full\" srcset=\"https:\/\/tangooled.com\/wp-content\/uploads\/2025\/12\/dwp07-ins.webp 500w, https:\/\/tangooled.com\/wp-content\/uploads\/2025\/12\/dwp07-ins-300x300.webp 300w, https:\/\/tangooled.com\/wp-content\/uploads\/2025\/12\/dwp07-ins-150x150.webp 150w\" sizes=\"auto, (max-width: 500px) 100vw, 500px\" \/><\/figure><\/div>\n<\/div>\n\n\n\n<div class=\"wp-block-group has-background is-vertical is-layout-flex wp-container-core-group-is-layout-b429018a wp-block-group-is-layout-flex\" style=\"background-color:#f1f1f1f2;padding-top:var(--wp--preset--spacing--70);padding-bottom:var(--wp--preset--spacing--70)\">\n<h2 class=\"wp-block-heading\" style=\"padding-top:var(--wp--preset--spacing--40);padding-bottom:var(--wp--preset--spacing--40);font-size:25px;font-style:normal;font-weight:600\">O\u00f9 utiliser le profil LED pour coin ext\u00e9rieur<\/h2>\n\n\n\n<p>Vous pouvez utiliser ce profil LED pour coin ext\u00e9rieur dans de nombreux endroits o\u00f9 le carrelage et la lumi\u00e8re se rencontrent :<\/p>\n\n\n\n<ul class=\"wp-block-list\">\n<li>Salles d'eau et douches : Ajoutez de la lumi\u00e8re aux coins de vos murs de douche ou niches.<\/li>\n\n\n\n<li>Cr\u00e9dences de cuisine : Ajoutez de la lumi\u00e8re sur les bords de la cr\u00e9dence.<\/li>\n\n\n\n<li>Marches carrel\u00e9es : Placez-les sur les c\u00f4t\u00e9s des escaliers pour les rendre plus s\u00fbrs et plus attrayants.<\/li>\n\n\n\n<li>Fonctionnalit\u00e9s murales et niches : Mettez en valeur les coins carrel\u00e9s sur les murs ou pr\u00e9sentez des niches.<\/li>\n\n\n\n<li>Baguettes et plinthes : Illuminez les bords des carreaux l\u00e0 o\u00f9 ils rencontrent le sol ou le mur.<\/li>\n<\/ul>\n<\/div>\n\n\n\n<div class=\"wp-block-group is-vertical is-layout-flex wp-container-core-group-is-layout-d255d7c4 wp-block-group-is-layout-flex\" style=\"padding-top:var(--wp--preset--spacing--80);padding-bottom:var(--wp--preset--spacing--80)\">\n<h2 class=\"wp-block-heading\" style=\"padding-top:var(--wp--preset--spacing--40);padding-bottom:var(--wp--preset--spacing--40);font-size:25px;font-style:normal;font-weight:600;text-transform:capitalize\">Produits connexes et informations suppl\u00e9mentaires<\/h2>\n\n\n\n<ul class=\"wp-block-list\">\n<li><a href=\"https:\/\/tangooled.com\/fr\/product\/black-led-diffuser-aluminum-channel-for-12mm-tape-lights\/\"><mark style=\"background-color:rgba(0, 0, 0, 0)\" class=\"has-inline-color has-vivid-red-color\">Canal en aluminium diffuseur LED noir pour bandes lumineuses de 12 mm<\/mark><\/a>- parfait pour des finitions noires \u00e9l\u00e9gantes.<\/li>\n\n\n\n<li><a href=\"https:\/\/tangooled.com\/fr\/product\/18x18mm-led-strip-corner-profile-for-12mm-led-strips\/\"><mark style=\"background-color:rgba(0, 0, 0, 0)\" class=\"has-inline-color has-vivid-red-color\">Profil de coin de bande LED 18x18mm pour bande lumineuse de 12 mm<\/mark><\/a>- une autre excellente option d'accessoire.<\/li>\n\n\n\n<li><a href=\"https:\/\/tangooled.com\/fr\/product\/aluminum-drywall-led-skirting-profile-for-12mm-tape-light\/\"><mark style=\"background-color:rgba(0, 0, 0, 0)\" class=\"has-inline-color has-vivid-red-color\">Profil de plinthe LED en aluminium pour bandes lumineuses de 12 mm<\/mark><\/a> \u2013 for use around drywall edges.<\/li>\n\n\n\n<li><a href=\"https:\/\/tangooled.com\/fr\/product\/led-profile-under-cabinet-corner-lighting-for-led-strip-12mm\/\"><mark style=\"background-color:rgba(0, 0, 0, 0)\" class=\"has-inline-color has-vivid-red-color\">Profil LED d'\u00e9clairage d'angle sous meuble pour bande LED de 12 mm<\/mark><\/a> \u2013 good for kitchen cabinet accent lighting.<\/li>\n<\/ul>\n<\/div>\n\n\n\n<div class=\"wp-block-group has-background\" style=\"background-color:#f1f1f1;padding-top:var(--wp--preset--spacing--80);padding-bottom:var(--wp--preset--spacing--80)\"><div class=\"wp-block-group__inner-container is-layout-constrained wp-block-group-is-layout-constrained\">\n<h2 class=\"wp-block-heading\" style=\"padding-top:var(--wp--preset--spacing--40);padding-bottom:var(--wp--preset--spacing--40);font-size:25px;font-style:normal;font-weight:600;text-transform:capitalize\">R\u00e9sum\u00e9<\/h2>\n\n\n\n<p style=\"padding-right:var(--wp--preset--spacing--50);padding-left:var(--wp--preset--spacing--50)\">Ce profil LED pour coin ext\u00e9rieur avec bande lumineuse de 12 mm est le meilleur moyen d'illuminer les coins carrel\u00e9s de mani\u00e8re ordonn\u00e9e et durable. Il prot\u00e8ge les carreaux, am\u00e9liore le fonctionnement des LED et a un aspect magnifique tant dans les maisons que dans les entreprises. L'installation est simple et durable gr\u00e2ce \u00e0 sa structure en aluminium robuste, son diffuseur lisse et sa bride adapt\u00e9e aux carreaux. Pour de meilleurs r\u00e9sultats, utilisez-le avec des bandes LED de haute qualit\u00e9 et assurez-vous de bien le sceller dans les endroits humides.<\/p>\n<\/div><\/div>\n\n\n\n<p><\/p>","protected":false},"featured_media":13733,"template":"","meta":{"_acf_changed":true,"_seopress_robots_primary_cat":"none","_seopress_titles_title":"Outside Corner Tile LED Profile | 12mm LED Tile Trim Channel DWP07 | TANGOOLED","_seopress_titles_desc":"The DWP07 is a premium outside corner tile led profile designed for 12mm light tapes. This aluminum tile trim profile protects tile edges while providing seamless corner lighting in bathrooms and kitchens.","_seopress_robots_index":""},"pcb-width":[228],"product-cat":[197],"class_list":{"0":"post-42628","1":"product","2":"type-product","3":"status-publish","4":"has-post-thumbnail","6":"pcb-width-6-12mm","7":"product-cat-plaster-in-profile"},"acf":[],"_links":{"self":[{"href":"https:\/\/tangooled.com\/fr\/wp-json\/wp\/v2\/product\/42628","targetHints":{"allow":["GET"]}}],"collection":[{"href":"https:\/\/tangooled.com\/fr\/wp-json\/wp\/v2\/product"}],"about":[{"href":"https:\/\/tangooled.com\/fr\/wp-json\/wp\/v2\/types\/product"}],"wp:featuredmedia":[{"embeddable":true,"href":"https:\/\/tangooled.com\/fr\/wp-json\/wp\/v2\/media\/13733"}],"wp:attachment":[{"href":"https:\/\/tangooled.com\/fr\/wp-json\/wp\/v2\/media?parent=42628"}],"wp:term":[{"taxonomy":"pcb-width","embeddable":true,"href":"https:\/\/tangooled.com\/fr\/wp-json\/wp\/v2\/pcb-width?post=42628"},{"taxonomy":"product-cat","embeddable":true,"href":"https:\/\/tangooled.com\/fr\/wp-json\/wp\/v2\/product-cat?post=42628"}],"curies":[{"name":"wp","href":"https:\/\/api.w.org\/{rel}","templated":true}]}}