{"id":42606,"date":"2025-12-23T02:20:43","date_gmt":"2025-12-23T10:20:43","guid":{"rendered":"https:\/\/tangooled.com\/?post_type=product&#038;p=42606"},"modified":"2026-02-01T22:12:19","modified_gmt":"2026-02-02T06:12:19","slug":"ceiling-plaster-in-led-profile-for-9mm-deep-groove","status":"publish","type":"product","link":"https:\/\/tangooled.com\/fr\/product\/ceiling-plaster-in-led-profile-for-9mm-deep-groove\/","title":{"rendered":"pl\u00e2tre de plafond dans le profil LED pour rainure de 9 mm de profondeur"},"content":{"rendered":"<div class=\"wp-block-group is-vertical is-layout-flex wp-container-core-group-is-layout-d255d7c4 wp-block-group-is-layout-flex\" style=\"padding-top:var(--wp--preset--spacing--80);padding-bottom:var(--wp--preset--spacing--80)\">\n<p>Our 9mm deep plaster in LED profile is aimed to make ceilings look clean and modern by adding lighting that doesn&#8217;t have seams or trim. The profile is 56.6mm wide and 13.1mm deep, so it fits well into walls and plasterboard and entirely covers the fixture. It is composed of high-quality anodized aluminum 6063-T5 and has a wide flange so it may be flush-mounted. It also helps keep LED strips cool and makes them last longer by acting as a heat sink. The opal diffuser softens the light and removes dots, making it great for usage in architecture.<\/p>\n<\/div>\n\n\n\n<div class=\"wp-block-group has-background is-vertical is-layout-flex wp-container-core-group-is-layout-d255d7c4 wp-block-group-is-layout-flex\" style=\"background-color:#f1f1f1;padding-top:var(--wp--preset--spacing--80);padding-bottom:var(--wp--preset--spacing--80)\">\n<div class=\"wp-block-group is-vertical is-layout-flex wp-container-core-group-is-layout-8cf370e7 wp-block-group-is-layout-flex\">\n<h2 class=\"wp-block-heading\" style=\"padding-top:var(--wp--preset--spacing--40);padding-bottom:var(--wp--preset--spacing--40);font-size:25px;font-style:normal;font-weight:600;text-transform:capitalize\">Pourquoi choisir notre profil LED en pl\u00e2tre de 9 mm de profondeur ?<\/h2>\n\n\n\n<ul class=\"wp-block-list\">\n<li>Fonctionne parfaitement avec des plaques de pl\u00e2tre ou un mur sec pour cacher l'effet.<\/li>\n\n\n\n<li>L'aluminium anodis\u00e9 aide \u00e0 mieux conserver la chaleur.<\/li>\n\n\n\n<li>Livr\u00e9 avec des embouts pour un aspect propre.<\/li>\n\n\n\n<li>Peut \u00eatre utilis\u00e9 avec des bandes LED COB, des bandes LED \u00e0 densit\u00e9 ordinaire et des bandes LED \u00e0 haute densit\u00e9 qui mesurent jusqu'\u00e0 12 mm de large.<\/li>\n\n\n\n<li>Compatible avec la technologie RGB+W et dimmable, vous pouvez donc changer l'ambiance avec vos lumi\u00e8res.<\/li>\n\n\n\n<li>Fonctionne bien pour l'\u00e9clairage ambiant, de t\u00e2che et d'accent.<\/li>\n<\/ul>\n<\/div>\n<\/div>\n\n\n\n<div class=\"wp-block-group is-vertical is-layout-flex wp-container-core-group-is-layout-d255d7c4 wp-block-group-is-layout-flex\" style=\"padding-top:var(--wp--preset--spacing--80);padding-bottom:var(--wp--preset--spacing--80)\">\n<hr class=\"wp-block-separator has-alpha-channel-opacity\"\/>\n\n\n\n<div class=\"wp-block-media-text has-media-on-the-right is-stacked-on-mobile\" style=\"grid-template-columns:auto 40%\"><div class=\"wp-block-media-text__content\">\n<h2 class=\"wp-block-heading\" style=\"padding-top:var(--wp--preset--spacing--40);padding-bottom:var(--wp--preset--spacing--40);font-size:25px;font-style:normal;font-weight:600;text-transform:capitalize\">Comment fonctionne ce canal de rainure de plafond mince<\/h2>\n\n\n\n<p>Ce canal de rainure de plafond mince est \u00e9quip\u00e9 d'ailes avec des trous qui s'int\u00e8grent dans le pl\u00e2tre ou les couches de finition. Cela permet de pl\u00e2trer jusqu'au bord, ce qui vous donne une finition affleurante, sans joint et sans ar\u00eates visibles. Il fonctionne avec le diffuseur LED opale pour fournir des lignes de lumi\u00e8re LED lisses et sans points, parfaites pour l'\u00e9clairage architectural moderne. Il se marie bien avec l'\u00e9clairage en corniche, les effets de survol des murs et d'autres types d'\u00e9clairage indirect.<\/p>\n<\/div><figure class=\"wp-block-media-text__media\"><img loading=\"lazy\" decoding=\"async\" width=\"500\" height=\"500\" src=\"https:\/\/tangooled.com\/wp-content\/uploads\/2025\/12\/dwp06-ins.webp\" alt=\"ceiling plaster in led profile for 9mm deep groove\" class=\"wp-image-42784 size-full\" srcset=\"https:\/\/tangooled.com\/wp-content\/uploads\/2025\/12\/dwp06-ins.webp 500w, https:\/\/tangooled.com\/wp-content\/uploads\/2025\/12\/dwp06-ins-300x300.webp 300w, https:\/\/tangooled.com\/wp-content\/uploads\/2025\/12\/dwp06-ins-150x150.webp 150w\" sizes=\"auto, (max-width: 500px) 100vw, 500px\" \/><\/figure><\/div>\n<\/div>\n\n\n\n<div class=\"wp-block-group has-background is-vertical is-layout-flex wp-container-core-group-is-layout-b429018a wp-block-group-is-layout-flex\" style=\"background-color:#f1f1f1f2;padding-top:var(--wp--preset--spacing--70);padding-bottom:var(--wp--preset--spacing--70)\">\n<h2 class=\"wp-block-heading\" style=\"padding-top:var(--wp--preset--spacing--40);padding-bottom:var(--wp--preset--spacing--40);font-size:25px;font-style:normal;font-weight:600\">Sc\u00e9narios d'utilisation id\u00e9aux<\/h2>\n\n\n\n<p>Notre profil LED en pl\u00e2tre de 9 mm de profondeur est parfait pour de nombreux projets d'\u00e9clairage, comme :<\/p>\n\n\n\n<ul class=\"wp-block-list\">\n<li>\u00c9clairage de plafond et de mur minimaliste : cr\u00e9ez des lignes de lumi\u00e8re cach\u00e9es et \u00e9pur\u00e9es dans les maisons et les bureaux.<\/li>\n\n\n\n<li>Transitions du mur au plafond : parfait pour l'\u00e9clairage en corniche et les effets de plafond flottant.<\/li>\n\n\n\n<li>Espaces de vente au d\u00e9tail et commerciaux : utilisez un \u00e9clairage architectural pour rendre les magasins et les salles d'exposition plus attrayants.<\/li>\n\n\n\n<li>\u00c9clairage d'accent : utilisez une lumi\u00e8re douce et propre pour mettre en valeur des niches, des soffites ou des \u00e9tag\u00e8res.<\/li>\n\n\n\n<li>\u00c9clairage de t\u00e2che : utilisez-le au-dessus des \u00eelots de cuisine ou des zones de travail pour obtenir une lumi\u00e8re vive mais pas trop intense.<\/li>\n<\/ul>\n<\/div>\n\n\n\n<div class=\"wp-block-group is-vertical is-layout-flex wp-container-core-group-is-layout-d255d7c4 wp-block-group-is-layout-flex\" style=\"padding-top:var(--wp--preset--spacing--80);padding-bottom:var(--wp--preset--spacing--80)\">\n<h2 class=\"wp-block-heading\" style=\"padding-top:var(--wp--preset--spacing--40);padding-bottom:var(--wp--preset--spacing--40);font-size:25px;font-style:normal;font-weight:600;text-transform:capitalize\">Produits Tangooled connexes<\/h2>\n\n\n\n<ul class=\"wp-block-list\">\n<li>Profil LED en pl\u00e2tre mince pour bande LED de 8 mm<\/li>\n\n\n\n<li>Profil LED en pl\u00e2tre pour fente de plafond de 12 mm<\/li>\n\n\n\n<li>profil de bande LED 18x9mm pour installation en surface<\/li>\n\n\n\n<li>Profil LED noir avec diffuseur noir pour bande LED de 10 mm<\/li>\n<\/ul>\n<\/div>\n\n\n\n<div class=\"wp-block-group has-background\" style=\"background-color:#f1f1f1;padding-top:var(--wp--preset--spacing--80);padding-bottom:var(--wp--preset--spacing--80)\"><div class=\"wp-block-group__inner-container is-layout-constrained wp-block-group-is-layout-constrained\">\n<h2 class=\"wp-block-heading\" style=\"padding-top:var(--wp--preset--spacing--40);padding-bottom:var(--wp--preset--spacing--40);font-size:25px;font-style:normal;font-weight:600;text-transform:capitalize\">R\u00e9sum\u00e9<\/h2>\n\n\n\n<p style=\"padding-right:var(--wp--preset--spacing--50);padding-left:var(--wp--preset--spacing--50)\">Ce profil LED en pl\u00e2tre de 9 mm de profondeur est le meilleur moyen d'installer des lumi\u00e8res LED dans les plafonds et les murs sans aucune garniture. Avec son extrusion en aluminium, son diffuseur opale et sa facilit\u00e9 d'installation, vous pouvez cr\u00e9er une belle illumination architecturale. Ce profil fonctionne bien avec des plafonds en plaque de pl\u00e2tre, pl\u00e2tre ou gypse et peut transporter des bandes LED de diff\u00e9rentes couleurs et types.<\/p>\n<\/div><\/div>\n\n\n\n<p><\/p>","protected":false},"featured_media":13728,"template":"","meta":{"_acf_changed":true,"_seopress_robots_primary_cat":"none","_seopress_titles_title":"9mm Deep Plaster-in LED Profile | Slim Ceiling Groove Channel DWP06","_seopress_titles_desc":"The DWP06 is a slim 9mm deep plaster in led profile designed for shallow ceiling grooves. This trimless aluminum channel provides a seamless finish in thin plasterboards without structural interference.","_seopress_robots_index":""},"pcb-width":[228],"product-cat":[197],"class_list":{"0":"post-42606","1":"product","2":"type-product","3":"status-publish","4":"has-post-thumbnail","6":"pcb-width-6-12mm","7":"product-cat-plaster-in-profile"},"acf":[],"_links":{"self":[{"href":"https:\/\/tangooled.com\/fr\/wp-json\/wp\/v2\/product\/42606","targetHints":{"allow":["GET"]}}],"collection":[{"href":"https:\/\/tangooled.com\/fr\/wp-json\/wp\/v2\/product"}],"about":[{"href":"https:\/\/tangooled.com\/fr\/wp-json\/wp\/v2\/types\/product"}],"wp:featuredmedia":[{"embeddable":true,"href":"https:\/\/tangooled.com\/fr\/wp-json\/wp\/v2\/media\/13728"}],"wp:attachment":[{"href":"https:\/\/tangooled.com\/fr\/wp-json\/wp\/v2\/media?parent=42606"}],"wp:term":[{"taxonomy":"pcb-width","embeddable":true,"href":"https:\/\/tangooled.com\/fr\/wp-json\/wp\/v2\/pcb-width?post=42606"},{"taxonomy":"product-cat","embeddable":true,"href":"https:\/\/tangooled.com\/fr\/wp-json\/wp\/v2\/product-cat?post=42606"}],"curies":[{"name":"wp","href":"https:\/\/api.w.org\/{rel}","templated":true}]}}