{"id":42605,"date":"2025-12-23T02:16:16","date_gmt":"2025-12-23T10:16:16","guid":{"rendered":"https:\/\/tangooled.com\/?post_type=product&#038;p=42605"},"modified":"2026-01-27T20:02:09","modified_gmt":"2026-01-28T04:02:09","slug":"inner-12mm-width-single-flange-led-plasterboard-profile","status":"publish","type":"product","link":"https:\/\/tangooled.com\/fr\/product\/inner-12mm-width-single-flange-led-plasterboard-profile\/","title":{"rendered":"Profil\u00e9 LED en placopl\u00e2tre \u00e0 aile unique int\u00e9rieure de 12 mm de largeur"},"content":{"rendered":"<div class=\"wp-block-group is-vertical is-layout-flex wp-container-core-group-is-layout-d255d7c4 wp-block-group-is-layout-flex\" style=\"padding-top:var(--wp--preset--spacing--80);padding-bottom:var(--wp--preset--spacing--80)\">\n<p>Notre profil\u00e9 DWP05 int\u00e9rieur \u00e0 aile unique de 12 mm de largeur pour placopl\u00e2tre est parfait pour cr\u00e9er des lignes lumineuses lisses et sans cadre sur murs et plafonds. Cette extrusion en aluminium est con\u00e7ue pour \u00eatre enduite, donc le canal reste dissimul\u00e9 sous le placopl\u00e2tre pour un effet propre et moderne. Avec une largeur de 36,0 mm et une profondeur de 11,3 mm, le canal int\u00e9rieur de 12,2 mm accueille parfaitement des bandes LED jusqu'\u00e0 12 mm de large. Le design unique \u00e0 aile simple permet d\u2019enduire jusqu\u2019\u00e0 l\u2019ouverture lumineuse pour une finition affleurante. Fabriqu\u00e9 en aluminium anodis\u00e9 6063-T5 durable, il assure une excellente dissipation thermique et comprend un diffuseur d\u00e9poli pour une ligne lumineuse homog\u00e8ne.<\/p>\n<\/div>\n\n\n\n<div class=\"wp-block-group has-background is-vertical is-layout-flex wp-container-core-group-is-layout-d255d7c4 wp-block-group-is-layout-flex\" style=\"background-color:#f1f1f1;padding-top:var(--wp--preset--spacing--80);padding-bottom:var(--wp--preset--spacing--80)\">\n<div class=\"wp-block-group is-vertical is-layout-flex wp-container-core-group-is-layout-8cf370e7 wp-block-group-is-layout-flex\">\n<h2 class=\"wp-block-heading\" style=\"padding-top:var(--wp--preset--spacing--40);padding-bottom:var(--wp--preset--spacing--40);font-size:25px;font-style:normal;font-weight:600;text-transform:capitalize\">Pourquoi choisir ce profil\u00e9 LED int\u00e9rieur en placopl\u00e2tre de 12 mm ?<\/h2>\n\n\n\n<ul class=\"wp-block-list\">\n<li>Int\u00e9gration lumineuse sans couture : Le profil\u00e9 en aluminium ins\u00e9r\u00e9 dans le pl\u00e2tre est enti\u00e8rement cach\u00e9, sans bordures visibles.<\/li>\n\n\n\n<li>Lumi\u00e8res LED sans points : Utilisez-le avec des bandes LED haute densit\u00e9 pour un \u00e9clairage uniforme et stable.<\/li>\n\n\n\n<li>Solide et r\u00e9sistant \u00e0 la chaleur : Le canal en aluminium extrud\u00e9 sert de dissipateur thermique, prolongant la dur\u00e9e de vie des LEDs.<\/li>\n\n\n\n<li>Facile \u00e0 assembler : Il suffit de le visser ou de le fixer au placopl\u00e2tre, recouvrir l\u2019aile d\u2019enduit et peindre. Ensuite, ins\u00e9rez la bande LED et clipsez le diffuseur.<\/li>\n\n\n\n<li>Esth\u00e9tique minimaliste : Parfait pour les int\u00e9rieurs modernes n\u00e9cessitant une finition propre et sans moulures apparentes.<\/li>\n\n\n\n<li>Id\u00e9al pour les profils de lavage de mur et les canaux d\u2019\u00e9clairage d\u2019alc\u00f4ve.<\/li>\n<\/ul>\n<\/div>\n<\/div>\n\n\n\n<div class=\"wp-block-group is-vertical is-layout-flex wp-container-core-group-is-layout-d255d7c4 wp-block-group-is-layout-flex\" style=\"padding-top:var(--wp--preset--spacing--80);padding-bottom:var(--wp--preset--spacing--80)\">\n<hr class=\"wp-block-separator has-alpha-channel-opacity\"\/>\n\n\n\n<div class=\"wp-block-media-text has-media-on-the-right is-stacked-on-mobile\" style=\"grid-template-columns:auto 40%\"><div class=\"wp-block-media-text__content\">\n<h2 class=\"wp-block-heading\" style=\"padding-top:var(--wp--preset--spacing--40);padding-bottom:var(--wp--preset--spacing--40);font-size:25px;font-style:normal;font-weight:600;text-transform:capitalize\">Comment utiliser le profil\u00e9 LED int\u00e9rieur de 12 mm de largeur pour placopl\u00e2tre<\/h2>\n\n\n\n<ul class=\"wp-block-list\">\n<li>Coupez l\u2019extrusion en aluminium \u00e0 la longueur d\u00e9sir\u00e9e.<\/li>\n\n\n\n<li>Fixez l\u2019aile unique au mur ou au placopl\u00e2tre.<\/li>\n\n\n\n<li>Put plaster over the perforated flange to make the LED extrusion look like it&#8217;s flush.<\/li>\n\n\n\n<li>Poncez la surface pour la lisser et peignez-la, masquant ainsi le profil\u00e9.<\/li>\n\n\n\n<li>Ins\u00e9rez votre bande LED (jusqu\u2019\u00e0 12 mm de large) \u00e0 l\u2019int\u00e9rieur du canal.<\/li>\n\n\n\n<li>Fixez le diffuseur opalin pour r\u00e9partir la lumi\u00e8re de mani\u00e8re homog\u00e8ne et obtenir une belle lueur.<\/li>\n<\/ul>\n<\/div><figure class=\"wp-block-media-text__media\"><img loading=\"lazy\" decoding=\"async\" width=\"500\" height=\"500\" src=\"https:\/\/tangooled.com\/wp-content\/uploads\/2025\/12\/dwp05-ins.webp\" alt=\"Profil\u00e9 LED en placopl\u00e2tre \u00e0 aile unique int\u00e9rieure de 12 mm de largeur\" class=\"wp-image-42781 size-full\" srcset=\"https:\/\/tangooled.com\/wp-content\/uploads\/2025\/12\/dwp05-ins.webp 500w, https:\/\/tangooled.com\/wp-content\/uploads\/2025\/12\/dwp05-ins-300x300.webp 300w, https:\/\/tangooled.com\/wp-content\/uploads\/2025\/12\/dwp05-ins-150x150.webp 150w\" sizes=\"auto, (max-width: 500px) 100vw, 500px\" \/><\/figure><\/div>\n<\/div>\n\n\n\n<div class=\"wp-block-group has-background is-vertical is-layout-flex wp-container-core-group-is-layout-b429018a wp-block-group-is-layout-flex\" style=\"background-color:#f1f1f1f2;padding-top:var(--wp--preset--spacing--70);padding-bottom:var(--wp--preset--spacing--70)\">\n<h2 class=\"wp-block-heading\" style=\"padding-top:var(--wp--preset--spacing--40);padding-bottom:var(--wp--preset--spacing--40);font-size:25px;font-style:normal;font-weight:600\">O\u00f9 l'utiliser ?<\/h2>\n\n\n\n<ul class=\"wp-block-list\">\n<li>\u00c9clairage int\u00e9gr\u00e9 dans les murs et les plafonds.<\/li>\n\n\n\n<li>Cr\u00e9ation de profils avec joints d\u2019ombre ou profils LED sans cadres.&nbsp;<\/li>\n\n\n\n<li>\u00c9clairage d'accentuation et r\u00e9tro\u00e9clairage dans les habitations et les commerces.<\/li>\n\n\n\n<li>\u00c9clairage \u00e0 finition moderne et professionnelle dans les bureaux, h\u00f4tels et magasins.&nbsp;<\/li>\n\n\n\n<li>Profils LED lin\u00e9aires sans interruption pour un lavage mural et un \u00e9clairage d\u2019ambiance indirect.<\/li>\n<\/ul>\n<\/div>\n\n\n\n<div class=\"wp-block-group is-vertical is-layout-flex wp-container-core-group-is-layout-d255d7c4 wp-block-group-is-layout-flex\" style=\"padding-top:var(--wp--preset--spacing--80);padding-bottom:var(--wp--preset--spacing--80)\">\n<h2 class=\"wp-block-heading\" style=\"padding-top:var(--wp--preset--spacing--40);padding-bottom:var(--wp--preset--spacing--40);font-size:25px;font-style:normal;font-weight:600;text-transform:capitalize\">Produits associ\u00e9s qui pourraient vous int\u00e9resser<\/h2>\n\n\n\n<p>D\u00e9couvrez des profils d\u2019\u00e9clairage et accessoires similaires dans notre collection :<\/p>\n\n\n\n<ul class=\"wp-block-list\">\n<li><a href=\"https:\/\/tangooled.com\/fr\/product\/black-led-diffuser-aluminum-channel-for-12mm-tape-lights\/\"><mark style=\"background-color:rgba(0, 0, 0, 0)\" class=\"has-inline-color has-vivid-red-color\">Profil en aluminium avec diffuseur LED noir pour bandes de 12 mm<\/mark><\/a><\/li>\n\n\n\n<li><a href=\"https:\/\/tangooled.com\/fr\/product\/aluminum-profile-with-60-degree-lens-led-diffuser\/\"><mark style=\"background-color:rgba(0, 0, 0, 0)\" class=\"has-inline-color has-vivid-red-color\">Profil\u00e9 en aluminium avec lentille LED diffuse \u00e0 60 degr\u00e9s<\/mark>r<\/a><\/li>\n\n\n\n<li><a href=\"https:\/\/tangooled.com\/fr\/product\/18x18mm-led-strip-corner-profile-for-12mm-led-strips\/\"><mark style=\"background-color:rgba(0, 0, 0, 0)\" class=\"has-inline-color has-vivid-red-color\">Profil d\u2019angle 18x18 mm pour bandes LED de 12 mm<\/mark><\/a><\/li>\n<\/ul>\n<\/div>\n\n\n\n<div class=\"wp-block-group has-background\" style=\"background-color:#f1f1f1;padding-top:var(--wp--preset--spacing--80);padding-bottom:var(--wp--preset--spacing--80)\"><div class=\"wp-block-group__inner-container is-layout-constrained wp-block-group-is-layout-constrained\">\n<h2 class=\"wp-block-heading\" style=\"padding-top:var(--wp--preset--spacing--40);padding-bottom:var(--wp--preset--spacing--40);font-size:25px;font-style:normal;font-weight:600;text-transform:capitalize\">R\u00e9sum\u00e9<\/h2>\n\n\n\n<p style=\"padding-right:var(--wp--preset--spacing--50);padding-left:var(--wp--preset--spacing--50)\">Architectes, designers et constructeurs recherchant un \u00e9clairage encastr\u00e9 sans cadre appr\u00e9cient notre profil\u00e9 LED int\u00e9rieur \u00e0 aile unique de 12 mm de largeur pour placopl\u00e2tre. Il fonctionne parfaitement avec des bandes LED de 12 mm, dissipe bien la chaleur et offre une finition lisse, facile \u00e0 installer. Utilisez-le pour laver vos murs, illuminer votre alc\u00f4ve ou pour tout projet de profil\u00e9s LED lin\u00e9aires pour rendre votre int\u00e9rieur moderne et \u00e9l\u00e9gant.<\/p>\n<\/div><\/div>\n\n\n\n<p><\/p>","protected":false},"featured_media":13723,"template":"","meta":{"_acf_changed":true,"_seopress_robots_primary_cat":"none","_seopress_titles_title":"12mm Inner Width LED Plasterboard Profile | Single Flange DWP05","_seopress_titles_desc":"The DWP05 is a professional single flange led plasterboard profile featuring a 12mm inner width. Designed for edge installations and corner accents, this trimless aluminum channel fits 12mm LED strips perfectly.","_seopress_robots_index":""},"pcb-width":[228],"product-cat":[197],"class_list":{"0":"post-42605","1":"product","2":"type-product","3":"status-publish","4":"has-post-thumbnail","6":"pcb-width-6-12mm","7":"product-cat-plaster-in-profile"},"acf":[],"_links":{"self":[{"href":"https:\/\/tangooled.com\/fr\/wp-json\/wp\/v2\/product\/42605","targetHints":{"allow":["GET"]}}],"collection":[{"href":"https:\/\/tangooled.com\/fr\/wp-json\/wp\/v2\/product"}],"about":[{"href":"https:\/\/tangooled.com\/fr\/wp-json\/wp\/v2\/types\/product"}],"wp:featuredmedia":[{"embeddable":true,"href":"https:\/\/tangooled.com\/fr\/wp-json\/wp\/v2\/media\/13723"}],"wp:attachment":[{"href":"https:\/\/tangooled.com\/fr\/wp-json\/wp\/v2\/media?parent=42605"}],"wp:term":[{"taxonomy":"pcb-width","embeddable":true,"href":"https:\/\/tangooled.com\/fr\/wp-json\/wp\/v2\/pcb-width?post=42605"},{"taxonomy":"product-cat","embeddable":true,"href":"https:\/\/tangooled.com\/fr\/wp-json\/wp\/v2\/product-cat?post=42605"}],"curies":[{"name":"wp","href":"https:\/\/api.w.org\/{rel}","templated":true}]}}