{"id":42603,"date":"2025-12-23T02:13:31","date_gmt":"2025-12-23T10:13:31","guid":{"rendered":"https:\/\/tangooled.com\/?post_type=product&#038;p=42603"},"modified":"2026-01-27T19:51:59","modified_gmt":"2026-01-28T03:51:59","slug":"led-plaster-profile-inside-corner-led-channel","status":"publish","type":"product","link":"https:\/\/tangooled.com\/fr\/product\/led-plaster-profile-inside-corner-led-channel\/","title":{"rendered":"profil en pl\u00e2tre LED pour coin int\u00e9rieur canal-DWP04"},"content":{"rendered":"<div class=\"wp-block-group is-vertical is-layout-flex wp-container-core-group-is-layout-d255d7c4 wp-block-group-is-layout-flex\" style=\"padding-top:var(--wp--preset--spacing--80);padding-bottom:var(--wp--preset--spacing--80)\">\n<p>Notre profil en pl\u00e2tre LED pour coin int\u00e9rieur est l'un des meilleurs canaux en aluminium pour installer du pl\u00e2tre dans les coins internes en plaques de pl\u00e2tre. Ce canal de coin interne sans cadre DWP04 cache tout le mat\u00e9riel et les \u00e9l\u00e9ments d'\u00e9clairage, vous offrant un flux de lumi\u00e8re propre sans bords ou garnitures visibles. La section transversale pr\u00e9sente une forme en V irr\u00e9guli\u00e8re qui s'adapte bien dans un coin \u00e0 90 degr\u00e9s. Les principales sp\u00e9cifications sont 46 mm de large, 25,5 mm de profondeur et 9,7 mm de large pour le point de fixation de la bande interne. Il est intelligemment utilis\u00e9 pour \u00e9clairer l'endroit o\u00f9 deux murs se rencontrent, envoyant un faisceau de lumi\u00e8re doux et indirect qui se diffuse sur les murs en dessous. Ce design est id\u00e9al pour ajouter des effets d'\u00e9clairage doux aux b\u00e2timents.<\/p>\n<\/div>\n\n\n\n<div class=\"wp-block-group has-background is-vertical is-layout-flex wp-container-core-group-is-layout-d255d7c4 wp-block-group-is-layout-flex\" style=\"background-color:#f1f1f1;padding-top:var(--wp--preset--spacing--80);padding-bottom:var(--wp--preset--spacing--80)\">\n<div class=\"wp-block-group is-vertical is-layout-flex wp-container-core-group-is-layout-8cf370e7 wp-block-group-is-layout-flex\">\n<h2 class=\"wp-block-heading\" style=\"padding-top:var(--wp--preset--spacing--40);padding-bottom:var(--wp--preset--spacing--40);font-size:25px;font-style:normal;font-weight:600;text-transform:capitalize\">Pourquoi choisir notre profil en pl\u00e2tre LED pour coin int\u00e9rieur ?<\/h2>\n\n\n\n<ul class=\"wp-block-list\">\n<li>Sans cadre et encastr\u00e9 : Le pl\u00e2tre sur les trous des flanges donne au profil un aspect propre et moderne.<\/li>\n\n\n\n<li>Perfect Inside Corners: Made just for 90\u00b0 internal drywall corners, these are great for walls that meet ceilings or walls that meet walls.<\/li>\n\n\n\n<li>Lumi\u00e8re sans points : Le diffuseur opale en PC adoucit la lumi\u00e8re et \u00e9limine les points lumineux, la rendant homog\u00e8ne.<\/li>\n\n\n\n<li>Aluminium robuste : Il prot\u00e8ge vos bandes LED en agissant comme un dissipateur de chaleur et prolonge leur dur\u00e9e de vie.<\/li>\n\n\n\n<li>Facile \u00e0 assembler : Il suffit de le visser au placopl\u00e2tre, de le recouvrir de pl\u00e2tre, puis d'ajouter les bandes LED et le diffuseur.<\/li>\n<\/ul>\n<\/div>\n<\/div>\n\n\n\n<div class=\"wp-block-group is-vertical is-layout-flex wp-container-core-group-is-layout-d255d7c4 wp-block-group-is-layout-flex\" style=\"padding-top:var(--wp--preset--spacing--80);padding-bottom:var(--wp--preset--spacing--80)\">\n<hr class=\"wp-block-separator has-alpha-channel-opacity\"\/>\n\n\n\n<div class=\"wp-block-media-text has-media-on-the-right is-stacked-on-mobile\" style=\"grid-template-columns:auto 40%\"><div class=\"wp-block-media-text__content\">\n<h2 class=\"wp-block-heading\" style=\"padding-top:var(--wp--preset--spacing--40);padding-bottom:var(--wp--preset--spacing--40);font-size:25px;font-style:normal;font-weight:600;text-transform:capitalize\">Comment installer votre profil en pl\u00e2tre LED pour coin int\u00e9rieur<\/h2>\n\n\n\n<ul class=\"wp-block-list\">\n<li>Utilisez des vis pour fixer fermement le canal en aluminium dans le coin int\u00e9rieur de votre placopl\u00e2tre.<\/li>\n\n\n\n<li>Pl\u00e2trez soigneusement les flanges, en utilisant un compos\u00e9 \u00e0 joint pour estomper les bords afin qu'ils se fondent dans le mur.<\/li>\n\n\n\n<li>Une fois que le pl\u00e2tre est sec et propre, placez votre bande LED dans le canal.<\/li>\n\n\n\n<li>Positionnez le diffuseur opale, en vous assurant que l'effet lumineux est parfait et sans points.<\/li>\n<\/ul>\n<\/div><figure class=\"wp-block-media-text__media\"><img loading=\"lazy\" decoding=\"async\" width=\"500\" height=\"500\" src=\"https:\/\/tangooled.com\/wp-content\/uploads\/2025\/12\/dwp04-ins.webp\" alt=\"led plaster profile inside corner led channel\" class=\"wp-image-42779 size-full\" srcset=\"https:\/\/tangooled.com\/wp-content\/uploads\/2025\/12\/dwp04-ins.webp 500w, https:\/\/tangooled.com\/wp-content\/uploads\/2025\/12\/dwp04-ins-300x300.webp 300w, https:\/\/tangooled.com\/wp-content\/uploads\/2025\/12\/dwp04-ins-150x150.webp 150w\" sizes=\"auto, (max-width: 500px) 100vw, 500px\" \/><\/figure><\/div>\n<\/div>\n\n\n\n<div class=\"wp-block-group has-background is-vertical is-layout-flex wp-container-core-group-is-layout-b429018a wp-block-group-is-layout-flex\" style=\"background-color:#f1f1f1f2;padding-top:var(--wp--preset--spacing--70);padding-bottom:var(--wp--preset--spacing--70)\">\n<h2 class=\"wp-block-heading\" style=\"padding-top:var(--wp--preset--spacing--40);padding-bottom:var(--wp--preset--spacing--40);font-size:25px;font-style:normal;font-weight:600\">Applications id\u00e9ales du DWP04 sans cadre dans les coins internes<\/h2>\n\n\n\n<ul class=\"wp-block-list\">\n<li>Coins architecturaux : Pour un look moderne, mettez en valeur des coins propres \u00e0 l'int\u00e9rieur des murs ou des plafonds.<\/li>\n\n\n\n<li>Couloirs et salons : Cr\u00e9ez une lumi\u00e8re ambiante le long des lignes allant d'un mur \u00e0 l'autre ou d'un mur au plafond.<\/li>\n\n\n\n<li>Cuisines et armoires : Utilisez les coins int\u00e9rieurs pour l'\u00e9clairage sous les armoires ou au niveau du socle.<\/li>\n\n\n\n<li>Commerce de d\u00e9tail et commercial : Utilisez un \u00e9clairage brillant et homog\u00e8ne pour d\u00e9limiter les endroits d'exposition.<\/li>\n\n\n\n<li>Entr\u00e9es d'h\u00f4tels et hospitalit\u00e9 : Ajoutez des \u00e9l\u00e9ments d'\u00e9clairage raffin\u00e9s et discrets \u00e0 l'int\u00e9rieur de l'h\u00f4tel.<\/li>\n<\/ul>\n<\/div>\n\n\n\n<div class=\"wp-block-group is-vertical is-layout-flex wp-container-core-group-is-layout-d255d7c4 wp-block-group-is-layout-flex\" style=\"padding-top:var(--wp--preset--spacing--80);padding-bottom:var(--wp--preset--spacing--80)\">\n<h2 class=\"wp-block-heading\" style=\"padding-top:var(--wp--preset--spacing--40);padding-bottom:var(--wp--preset--spacing--40);font-size:25px;font-style:normal;font-weight:600;text-transform:capitalize\">Produits et solutions connexes<\/h2>\n\n\n\n<ul class=\"wp-block-list\">\n<li> Explorer <a href=\"https:\/\/tangooled.com\/fr\/product\/black-led-diffuser-aluminum-channel-for-12mm-tape-lights\/\"><mark style=\"background-color:rgba(0, 0, 0, 0)\" class=\"has-inline-color has-vivid-red-color\">Canal en aluminium avec diffuseur LED noir pour bandes de 12mm<\/mark><\/a> pour une finition de surface assortie en noir.<\/li>\n\n\n\n<li>Voir notre <a href=\"https:\/\/tangooled.com\/fr\/product\/led-strip-light-channel-aluminum-profile-with-diffused-cover-6mm-height\/\"><mark style=\"background-color:rgba(0, 0, 0, 0)\" class=\"has-inline-color has-vivid-red-color\">Profil en aluminium pour bande LED avec couverture diffusante de 6 mm de hauteur<\/mark><\/a> pour des profils plats coordonn\u00e9s.<\/li>\n\n\n\n<li>D\u00e9couvrez le<a href=\"https:\/\/tangooled.com\/fr\/product\/plasterboard-led-profile-for-12mm-ceiling-slot\/\"> <mark style=\"background-color:rgba(0, 0, 0, 0)\" class=\"has-inline-color has-vivid-red-color\">Profil LED en plaques de pl\u00e2tre pour fente de plafond de 12 mm <\/mark><\/a>pour des options de cove au plafond.<\/li>\n\n\n\n<li>Trouver l'int\u00e9rieur <a href=\"https:\/\/tangooled.com\/fr\/product\/inside-corner-tile-trim-led-aluminum-profile-for-12mm-strips\/\"><mark style=\"background-color:rgba(0, 0, 0, 0)\" class=\"has-inline-color has-vivid-red-color\">Profil LED en aluminium pour rev\u00eatement de bord de carrelage pour bandes de 12 mm<\/mark><\/a> pour les besoins d'\u00e9clairage des bords de carrelage.<\/li>\n<\/ul>\n<\/div>\n\n\n\n<div class=\"wp-block-group\" style=\"padding-top:var(--wp--preset--spacing--80);padding-bottom:var(--wp--preset--spacing--80)\"><div class=\"wp-block-group__inner-container is-layout-constrained wp-block-group-is-layout-constrained\">\n<p style=\"font-size:20px\">Vous pouvez cr\u00e9er un design professionnel et moderne avec un \u00e9clairage cach\u00e9 qui s'int\u00e8gre bien \u00e0 vos murs et plafonds en utilisant notre profil en pl\u00e2tre LED pour coin int\u00e9rieur. C'est une option id\u00e9ale pour les personnes souhaitant une solution de canal LED sans garniture et avec une lumi\u00e8re diffuse et sans points pour des projets d'\u00e9clairage architectural et de design int\u00e9rieur.&nbsp;<\/p>\n<\/div><\/div>\n\n\n\n<p><\/p>","protected":false},"featured_media":13718,"template":"","meta":{"_acf_changed":true,"_seopress_robots_primary_cat":"none","_seopress_titles_title":"Inside Corner LED Plaster Profile | Trimless Internal Corner DWP04","_seopress_titles_desc":"The DWP04 is a professional led plaster profile for inside corner applications. This trimless internal corner channel hides the LED source within wall junctions for a seamless upward or downward glow.","_seopress_robots_index":""},"pcb-width":[228],"product-cat":[197],"class_list":{"0":"post-42603","1":"product","2":"type-product","3":"status-publish","4":"has-post-thumbnail","6":"pcb-width-6-12mm","7":"product-cat-plaster-in-profile"},"acf":[],"_links":{"self":[{"href":"https:\/\/tangooled.com\/fr\/wp-json\/wp\/v2\/product\/42603","targetHints":{"allow":["GET"]}}],"collection":[{"href":"https:\/\/tangooled.com\/fr\/wp-json\/wp\/v2\/product"}],"about":[{"href":"https:\/\/tangooled.com\/fr\/wp-json\/wp\/v2\/types\/product"}],"wp:featuredmedia":[{"embeddable":true,"href":"https:\/\/tangooled.com\/fr\/wp-json\/wp\/v2\/media\/13718"}],"wp:attachment":[{"href":"https:\/\/tangooled.com\/fr\/wp-json\/wp\/v2\/media?parent=42603"}],"wp:term":[{"taxonomy":"pcb-width","embeddable":true,"href":"https:\/\/tangooled.com\/fr\/wp-json\/wp\/v2\/pcb-width?post=42603"},{"taxonomy":"product-cat","embeddable":true,"href":"https:\/\/tangooled.com\/fr\/wp-json\/wp\/v2\/product-cat?post=42603"}],"curies":[{"name":"wp","href":"https:\/\/api.w.org\/{rel}","templated":true}]}}