{"id":42600,"date":"2025-12-23T02:08:14","date_gmt":"2025-12-23T10:08:14","guid":{"rendered":"https:\/\/tangooled.com\/?post_type=product&#038;p=42600"},"modified":"2026-01-27T19:51:57","modified_gmt":"2026-01-28T03:51:57","slug":"plasterboard-led-profile-out-corner-lighting-channel","status":"publish","type":"product","link":"https:\/\/tangooled.com\/fr\/product\/plasterboard-led-profile-out-corner-lighting-channel\/","title":{"rendered":"Profil LED en pl\u00e2tre pour coins ext\u00e9rieurs"},"content":{"rendered":"<div class=\"wp-block-group is-vertical is-layout-flex wp-container-core-group-is-layout-d255d7c4 wp-block-group-is-layout-flex\" style=\"padding-top:var(--wp--preset--spacing--80);padding-bottom:var(--wp--preset--spacing--80)\">\n<p>Want to light up your space with clean, modern style? Our plasterboard LED profile (DWP03) is designed to light the corners of buildings that are 90 degrees outside. This aluminum profile works like a corner bead. It goes straight into your drywall or plasterboard, protecting the edge and keeping your LED strip light in place. Completing this profile is totally &#8220;mudded in.&#8221; It is 46mm wide at its widest point, with a 12.3mm light aperture, and has plaster flanges that are 21mm and 10mm broad. This method gives your wall a smooth, trim-free finish with no visible screws or trim\u2014just a line of light that becomes an integral part of the wall.<\/p>\n<\/div>\n\n\n\n<div class=\"wp-block-group has-background is-vertical is-layout-flex wp-container-core-group-is-layout-d255d7c4 wp-block-group-is-layout-flex\" style=\"background-color:#f1f1f1;padding-top:var(--wp--preset--spacing--80);padding-bottom:var(--wp--preset--spacing--80)\">\n<div class=\"wp-block-group is-vertical is-layout-flex wp-container-core-group-is-layout-8cf370e7 wp-block-group-is-layout-flex\">\n<h2 class=\"wp-block-heading\" style=\"padding-top:var(--wp--preset--spacing--40);padding-bottom:var(--wp--preset--spacing--40);font-size:25px;font-style:normal;font-weight:600;text-transform:capitalize\">Pourquoi choisir notre profil LED en pl\u00e2tre pour coin externe ?<\/h2>\n\n\n\n<ul class=\"wp-block-list\">\n<li>Con\u00e7u pour durer : L'aluminium anodis\u00e9 6063-T5 prot\u00e8ge vos coins des dommages.<\/li>\n\n\n\n<li>Sans joints ni bordures : Les flancs perfor\u00e9s facilitent l'accrochage du pl\u00e2tre, offrant une belle finition affleurante.<\/li>\n\n\n\n<li>Dissipateur de chaleur pour vos LEDs : Le dissipateur de chaleur en aluminium \u00e9vacue la chaleur de votre bande LED, prolongeant ainsi la dur\u00e9e de vie des lumi\u00e8res.<\/li>\n\n\n\n<li>Pas de points : Le diffuseur en PC opale rend la lumi\u00e8re plus douce, permettant une diffusion uniforme sans points.<\/li>\n\n\n\n<li>Compatible avec de nombreuses bandes LED : Il peut accueillir des bandes lumineuses allant jusqu'\u00e0 12mm de large, comme les bandes COB.<\/li>\n<\/ul>\n<\/div>\n<\/div>\n\n\n\n<div class=\"wp-block-group is-vertical is-layout-flex wp-container-core-group-is-layout-d255d7c4 wp-block-group-is-layout-flex\" style=\"padding-top:var(--wp--preset--spacing--80);padding-bottom:var(--wp--preset--spacing--80)\">\n<hr class=\"wp-block-separator has-alpha-channel-opacity\"\/>\n\n\n\n<div class=\"wp-block-media-text has-media-on-the-right is-stacked-on-mobile\" style=\"grid-template-columns:auto 40%\"><div class=\"wp-block-media-text__content\">\n<h2 class=\"wp-block-heading\" style=\"padding-top:var(--wp--preset--spacing--40);padding-bottom:var(--wp--preset--spacing--40);font-size:25px;font-style:normal;font-weight:600;text-transform:capitalize\">Comment utiliser le canal d'angle externe sans bordure dWP03<\/h2>\n\n\n\n<ul class=\"wp-block-list\">\n<li>Fixez le profil : Attachez le canal en aluminium au cadre de coin de votre plaque de pl\u00e2tre.<\/li>\n\n\n\n<li>Pl\u00e2tre : Recouvrez les flancs de pl\u00e2tre jusqu'\u00e0 ce qu'ils soient lisses et au m\u00eame niveau que le mur.<\/li>\n\n\n\n<li>Poncer et peindre : Terminez votre mur comme d'habitude.<\/li>\n\n\n\n<li>Ins\u00e9rez les LEDs : Placez votre bande LED \u00e0 l'int\u00e9rieur du canal.<\/li>\n\n\n\n<li>Mettez le diffuseur en place : Clippez le couvercle opale pour obtenir une lumi\u00e8re douce et constante.<\/li>\n<\/ul>\n<\/div><figure class=\"wp-block-media-text__media\"><img loading=\"lazy\" decoding=\"async\" width=\"500\" height=\"500\" src=\"https:\/\/tangooled.com\/wp-content\/uploads\/2025\/12\/dwp03-ins.webp\" alt=\"plasterboard led profile out corner lighting channel\" class=\"wp-image-42774 size-full\" srcset=\"https:\/\/tangooled.com\/wp-content\/uploads\/2025\/12\/dwp03-ins.webp 500w, https:\/\/tangooled.com\/wp-content\/uploads\/2025\/12\/dwp03-ins-300x300.webp 300w, https:\/\/tangooled.com\/wp-content\/uploads\/2025\/12\/dwp03-ins-150x150.webp 150w\" sizes=\"auto, (max-width: 500px) 100vw, 500px\" \/><\/figure><\/div>\n<\/div>\n\n\n\n<div class=\"wp-block-group has-background is-vertical is-layout-flex wp-container-core-group-is-layout-b429018a wp-block-group-is-layout-flex\" style=\"background-color:#f1f1f1f2;padding-top:var(--wp--preset--spacing--70);padding-bottom:var(--wp--preset--spacing--70)\">\n<h2 class=\"wp-block-heading\" style=\"padding-top:var(--wp--preset--spacing--40);padding-bottom:var(--wp--preset--spacing--40);font-size:25px;font-style:normal;font-weight:600\">Meilleurs endroits pour utiliser ce profil<\/h2>\n\n\n\n<ul class=\"wp-block-list\">\n<li>Bords de murs et de colonnes : Illuminez les coins des murs et des colonnes dans les maisons et les bureaux.<\/li>\n\n\n\n<li>Coffrages et renfoncements : Utilisez des lignes lisses pour attirer l'attention sur les bordures du plafond.<\/li>\n\n\n\n<li>\u00c9tag\u00e8res encastr\u00e9es et niches : Encadrez et illuminez les zones d'exposition.<\/li>\n\n\n\n<li>Pour un usage commercial et domestique : Id\u00e9al pour des salons \u00e9l\u00e9gants, des cuisines, des couloirs et des accueils de bureaux.<\/li>\n<\/ul>\n<\/div>\n\n\n\n<div class=\"wp-block-group is-vertical is-layout-flex wp-container-core-group-is-layout-d255d7c4 wp-block-group-is-layout-flex\" style=\"padding-top:var(--wp--preset--spacing--80);padding-bottom:var(--wp--preset--spacing--80)\">\n<h2 class=\"wp-block-heading\" style=\"padding-top:var(--wp--preset--spacing--40);padding-bottom:var(--wp--preset--spacing--40);font-size:25px;font-style:normal;font-weight:600;text-transform:capitalize\">produits connexes qui pourraient vous plaire<\/h2>\n\n\n\n<ul class=\"wp-block-list\">\n<li><a href=\"https:\/\/tangooled.com\/fr\/product\/black-led-diffuser-aluminum-channel-for-12mm-tape-lights\/\"><mark style=\"background-color:rgba(0, 0, 0, 0)\" class=\"has-inline-color has-vivid-red-color\">Profil en aluminium avec diffuseur LED noir pour bandes de 12 mm<\/mark><\/a><\/li>\n\n\n\n<li><a href=\"https:\/\/tangooled.com\/fr\/product\/surface-mount-led-profile-with-frosted-diffuser-for-10mm-rope-lights\/\"><mark style=\"background-color:rgba(0, 0, 0, 0)\" class=\"has-inline-color has-vivid-red-color\">Profil LED \u00e0 montage en surface avec diffuseur d\u00e9poli pour bandes de 10 mm<\/mark><\/a><\/li>\n\n\n\n<li><a href=\"https:\/\/tangooled.com\/fr\/product\/18x18mm-led-strip-corner-profile-for-12mm-led-strips\/\"><mark style=\"background-color:rgba(0, 0, 0, 0)\" class=\"has-inline-color has-vivid-red-color\">Profil d\u2019angle 18x18 mm pour bandes LED de 12 mm<\/mark><\/a><\/li>\n\n\n\n<li><a href=\"https:\/\/tangooled.com\/fr\/product\/recessed-aluminum-profile-17x8mm-for-led-strip-lighting\/\"><mark style=\"background-color:rgba(0, 0, 0, 0)\" class=\"has-inline-color has-vivid-red-color\">Profil en aluminium encastr\u00e9 17x8mm pour \u00e9clairage \u00e0 bande LED<\/mark><\/a><\/li>\n\n\n\n<li><a href=\"https:\/\/tangooled.com\/fr\/product\/plasterboard-led-profile-out-corner-lighting-channel\/\"><mark style=\"background-color:rgba(0, 0, 0, 0)\" class=\"has-inline-color has-vivid-red-color\">Canal d'\u00e9clairage LED en pl\u00e2tre pour coin externe<\/mark><\/a><\/li>\n<\/ul>\n<\/div>\n\n\n\n<div class=\"wp-block-group\"><div class=\"wp-block-group__inner-container is-layout-constrained wp-block-group-is-layout-constrained\">\n<p style=\"font-size:20px\">Ce profil LED en pl\u00e2tre pour coin externe donnera vie \u00e0 vos murs et vous fournira un \u00e9clairage id\u00e9al en profil en aluminium encastr\u00e9 et sans bordure. Commandez le v\u00f4tre d\u00e8s aujourd'hui pour cr\u00e9er un \u00e9clairage architectural magnifique dans votre maison, qui durera et sera esth\u00e9tique !<\/p>\n<\/div><\/div>\n\n\n\n<p><\/p>","protected":false},"featured_media":13713,"template":"","meta":{"_acf_changed":true,"_seopress_robots_primary_cat":"none","_seopress_titles_title":"Plasterboard LED Profile for Out Corners | Trimless External Corner DWP03 | TANGOOLED","_seopress_titles_desc":"This DWP03 is a specialized plasterboard led profile for out corner installations. This trimless external corner channel creates a seamless vertical or horizontal light at wall edges.","_seopress_robots_index":""},"pcb-width":[228],"product-cat":[197],"class_list":{"0":"post-42600","1":"product","2":"type-product","3":"status-publish","4":"has-post-thumbnail","6":"pcb-width-6-12mm","7":"product-cat-plaster-in-profile"},"acf":[],"_links":{"self":[{"href":"https:\/\/tangooled.com\/fr\/wp-json\/wp\/v2\/product\/42600","targetHints":{"allow":["GET"]}}],"collection":[{"href":"https:\/\/tangooled.com\/fr\/wp-json\/wp\/v2\/product"}],"about":[{"href":"https:\/\/tangooled.com\/fr\/wp-json\/wp\/v2\/types\/product"}],"wp:featuredmedia":[{"embeddable":true,"href":"https:\/\/tangooled.com\/fr\/wp-json\/wp\/v2\/media\/13713"}],"wp:attachment":[{"href":"https:\/\/tangooled.com\/fr\/wp-json\/wp\/v2\/media?parent=42600"}],"wp:term":[{"taxonomy":"pcb-width","embeddable":true,"href":"https:\/\/tangooled.com\/fr\/wp-json\/wp\/v2\/pcb-width?post=42600"},{"taxonomy":"product-cat","embeddable":true,"href":"https:\/\/tangooled.com\/fr\/wp-json\/wp\/v2\/product-cat?post=42600"}],"curies":[{"name":"wp","href":"https:\/\/api.w.org\/{rel}","templated":true}]}}