{"id":42421,"date":"2025-12-22T02:04:24","date_gmt":"2025-12-22T10:04:24","guid":{"rendered":"https:\/\/tangooled.com\/?post_type=product&#038;p=42421"},"modified":"2026-02-02T02:05:22","modified_gmt":"2026-02-02T10:05:22","slug":"large-size-led-ring-profile-with-round-diffuser-made-by-100x80-profile","status":"publish","type":"product","link":"https:\/\/tangooled.com\/fr\/product\/large-size-led-ring-profile-with-round-diffuser-made-by-100x80-profile\/","title":{"rendered":"profil de lumi\u00e8re LED de grande taille avec diffuseur rond fabriqu\u00e9 par un profil de 100\u00d780"},"content":{"rendered":"<div class=\"wp-block-group is-vertical is-layout-flex wp-container-core-group-is-layout-d255d7c4 wp-block-group-is-layout-flex\" style=\"padding-top:var(--wp--preset--spacing--80);padding-bottom:var(--wp--preset--spacing--80)\">\n<p>Le profil LED de 100x80 mm est con\u00e7u pour donner \u00e0 votre pi\u00e8ce un look moderne avec une lumi\u00e8re douce et uniforme. Construit en aluminium robuste, ce syst\u00e8me d'\u00e9clairage est id\u00e9al pour accueillir des bandes LED en boucle. \u00c9tant donn\u00e9 son \u00e9chelle, il est parfaitement adapt\u00e9 aux halls d'h\u00f4tels ou aux atriums commerciaux n\u00e9cessitant un \u00e9clairage ambiant de haute qualit\u00e9.<\/p>\n\n\n\n<p>Vous pouvez modifier le diam\u00e8tre de ce grand luminaire rond de 600 mm \u00e0 3000 mm. Vous pouvez m\u00eame changer la couleur de l'ext\u00e9rieur du profil pour l'adapter exactement \u00e0 l'int\u00e9rieur de votre maison. Le TG-C10080 vous offre un \u00e9clairage lumineux, de haute qualit\u00e9 et \u00e9l\u00e9gant qui fonctionne bien dans de grands espaces.<\/p>\n<\/div>\n\n\n\n<div class=\"wp-block-group has-background is-vertical is-layout-flex wp-container-core-group-is-layout-d255d7c4 wp-block-group-is-layout-flex\" style=\"background-color:#f1f1f1;padding-top:var(--wp--preset--spacing--80);padding-bottom:var(--wp--preset--spacing--80)\">\n<div class=\"wp-block-group is-vertical is-layout-flex wp-container-core-group-is-layout-8cf370e7 wp-block-group-is-layout-flex\">\n<h2 class=\"wp-block-heading\" style=\"padding-top:var(--wp--preset--spacing--40);padding-bottom:var(--wp--preset--spacing--40);font-size:25px;font-style:normal;font-weight:600;text-transform:capitalize\">Pourquoi choisir notre profil LED de grande taille TG-C10080 ?<\/h2>\n\n\n\n<ul class=\"wp-block-list\">\n<li>Fabriqu\u00e9 en extrusion d'aluminium robuste qui dure longtemps.<\/li>\n\n\n\n<li>Dispose d'un diffuseur rond en polycarbonate pour donner une lumi\u00e8re douce et homog\u00e8ne.<\/li>\n\n\n\n<li>Fonctionne bien avec des bandes LED jusqu'\u00e0 30 mm et peut \u00eatre utilis\u00e9 avec des pilotes dimmables comme DALI ou 0-10V.<\/li>\n\n\n\n<li>Disponible avec des finitions en argent anodis\u00e9 ou en peinture en poudre dans de nombreuses couleurs.<\/li>\n\n\n\n<li>Peut \u00eatre suspendu \u00e0 l'aide de c\u00e2bles a\u00e9riens ou mont\u00e9 en surface.<\/li>\n\n\n\n<li>Diam\u00e8tre personnalis\u00e9 jusqu'\u00e0 5 m\u00e8tres.<\/li>\n\n\n\n<li>Id\u00e9al pour l'\u00e9clairage commercial, l'\u00e9clairage architectural et les pi\u00e8ces lumineuses impressionnantes.<\/li>\n<\/ul>\n<\/div>\n<\/div>\n\n\n\n<div class=\"wp-block-group is-vertical is-layout-flex wp-container-core-group-is-layout-d255d7c4 wp-block-group-is-layout-flex\" style=\"padding-top:var(--wp--preset--spacing--80);padding-bottom:var(--wp--preset--spacing--80)\">\n<h2 class=\"wp-block-heading\" style=\"padding-top:var(--wp--preset--spacing--40);padding-bottom:var(--wp--preset--spacing--40);font-size:25px;font-style:normal;font-weight:600;text-transform:capitalize\">Utilisez ce profil LED de grande taille dans de nombreux endroits<\/h2>\n\n\n\n<p>Notre profil LED de grande taille a fi\u00e8re allure dans :<\/p>\n\n\n\n<ul class=\"wp-block-list\">\n<li>Si\u00e8ges sociaux et halls d'entreprise<\/li>\n\n\n\n<li>Atriums d'h\u00f4tels et espaces \u00e9v\u00e9nementiels<\/li>\n\n\n\n<li>Showrooms et espaces de vente au d\u00e9tail tels que les centres commerciaux\u00a0<\/li>\n\n\n\n<li>Universit\u00e9s et salles de conf\u00e9rence\u00a0<\/li>\n\n\n\n<li>Salons modernes avec de hauts plafonds<\/li>\n<\/ul>\n<\/div>\n\n\n\n<div class=\"wp-block-group has-background is-vertical is-layout-flex wp-container-core-group-is-layout-b429018a wp-block-group-is-layout-flex\" style=\"background-color:#f1f1f1f2;padding-top:var(--wp--preset--spacing--70);padding-bottom:var(--wp--preset--spacing--70)\">\n<h2 class=\"wp-block-heading\" style=\"padding-top:var(--wp--preset--spacing--40);padding-bottom:var(--wp--preset--spacing--40);font-size:25px;font-style:normal;font-weight:600\">R\u00e9sum\u00e9<\/h2>\n\n\n\n<p style=\"padding-right:var(--wp--preset--spacing--50);padding-left:var(--wp--preset--spacing--50)\">The TG-C10080 large LED ring profile is a modern LED light accessory\u00a0that provides architectural lighting a fresh look. The strong aluminum housing makes it seem professional and makes it durable. This type of light gives off gentle, steady light that is easy to put up, whether you need a statement light in a lobby or ambient light in a showroom.<\/p>\n<\/div>\n\n\n\n<p><\/p>","protected":false},"featured_media":20012,"template":"","meta":{"_acf_changed":true,"_seopress_robots_primary_cat":"none","_seopress_titles_title":"100x80mm Large LED Ring Profile Light Body C10080 | TANGOOLED","_seopress_titles_desc":"The 100x80mm aluminum channel is used to make custom diameter large LED ring profile for LED circular lighting.","_seopress_robots_index":""},"pcb-width":[233],"product-cat":[202],"class_list":{"0":"post-42421","1":"product","2":"type-product","3":"status-publish","4":"has-post-thumbnail","6":"pcb-width-50-90mm","7":"product-cat-circular-profile"},"acf":[],"_links":{"self":[{"href":"https:\/\/tangooled.com\/fr\/wp-json\/wp\/v2\/product\/42421","targetHints":{"allow":["GET"]}}],"collection":[{"href":"https:\/\/tangooled.com\/fr\/wp-json\/wp\/v2\/product"}],"about":[{"href":"https:\/\/tangooled.com\/fr\/wp-json\/wp\/v2\/types\/product"}],"wp:featuredmedia":[{"embeddable":true,"href":"https:\/\/tangooled.com\/fr\/wp-json\/wp\/v2\/media\/20012"}],"wp:attachment":[{"href":"https:\/\/tangooled.com\/fr\/wp-json\/wp\/v2\/media?parent=42421"}],"wp:term":[{"taxonomy":"pcb-width","embeddable":true,"href":"https:\/\/tangooled.com\/fr\/wp-json\/wp\/v2\/pcb-width?post=42421"},{"taxonomy":"product-cat","embeddable":true,"href":"https:\/\/tangooled.com\/fr\/wp-json\/wp\/v2\/product-cat?post=42421"}],"curies":[{"name":"wp","href":"https:\/\/api.w.org\/{rel}","templated":true}]}}