{"id":42395,"date":"2025-12-22T02:01:44","date_gmt":"2025-12-22T10:01:44","guid":{"rendered":"https:\/\/tangooled.com\/?post_type=product&#038;p=42395"},"modified":"2026-02-02T02:04:52","modified_gmt":"2026-02-02T10:04:52","slug":"custom-circular-ring-light-shape-by-50x80mm-aluminum-profile","status":"publish","type":"product","link":"https:\/\/tangooled.com\/fr\/product\/custom-circular-ring-light-shape-by-50x80mm-aluminum-profile\/","title":{"rendered":"Forme personnalis\u00e9e de lumi\u00e8re circulaire par profil d'aluminium de 50x80 mm"},"content":{"rendered":"<div class=\"wp-block-group is-vertical is-layout-flex wp-container-core-group-is-layout-d255d7c4 wp-block-group-is-layout-flex\" style=\"padding-top:var(--wp--preset--spacing--80);padding-bottom:var(--wp--preset--spacing--80)\">\n<p>Notre forme de lumi\u00e8re annulaire personnalis\u00e9e de 50x80mm est id\u00e9ale pour les entreprises, les architectes et les designers qui souhaitent des options d'\u00e9clairage plus avanc\u00e9es. Ce profil annulaire haut de gamme est fabriqu\u00e9 en aluminium extrud\u00e9 6063-T5 l\u00e9ger et robuste. Vous pouvez personnaliser cet appareil de nombreuses fa\u00e7ons. Par exemple, vous pouvez changer le diam\u00e8tre de 600mm \u00e0 3000mm pour s'adapter \u00e0 votre espace. Vous pouvez \u00e9galement changer la couleur de l'ext\u00e9rieur pour correspondre \u00e0 vos besoins de marque ou de design. Nous le r\u00e9alisons exactement comme vous le souhaitez pour les bureaux, les h\u00f4tels, les magasins et d'autres initiatives commerciales.<\/p>\n<\/div>\n\n\n\n<div class=\"wp-block-group has-background is-vertical is-layout-flex wp-container-core-group-is-layout-d255d7c4 wp-block-group-is-layout-flex\" style=\"background-color:#f1f1f1;padding-top:var(--wp--preset--spacing--80);padding-bottom:var(--wp--preset--spacing--80)\">\n<div class=\"wp-block-group is-vertical is-layout-flex wp-container-core-group-is-layout-8cf370e7 wp-block-group-is-layout-flex\">\n<h2 class=\"wp-block-heading\" style=\"padding-top:var(--wp--preset--spacing--40);padding-bottom:var(--wp--preset--spacing--40);font-size:25px;font-style:normal;font-weight:600;text-transform:capitalize\">Pourquoi choisir notre forme de lumi\u00e8re annulaire personnalis\u00e9e de 50x80mm ?<\/h2>\n\n\n\n<ul class=\"wp-block-list\">\n<li>Fabriqu\u00e9 avec un bo\u00eetier en aluminium robuste de 50mm de large et 80mm de haut, afin de pouvoir s'adapter \u00e0 de nombreux espaces.<\/li>\n\n\n\n<li>La lumi\u00e8re pendante LED ronde peut \u00eatre faite pour s'adapter \u00e0 n'importe quelle taille de 600mm \u00e0 plus de 5000mm de diam\u00e8tre.<\/li>\n\n\n\n<li>Utilise des cartes PCB LED SMD2835 tr\u00e8s efficaces avec un diffuseur en polycarbonate d\u00e9poli pour rendre la lumi\u00e8re douce et uniforme.&nbsp;<\/li>\n\n\n\n<li>Elle est livr\u00e9e avec une garantie de trois ans, donc vous pouvez \u00eatre s\u00fbr qu'elle fonctionnera.<\/li>\n\n\n\n<li>Id\u00e9al pour les entreprises et les maisons, telles que les lieux de travail, les halls, les galeries et les restaurants.<\/li>\n<\/ul>\n<\/div>\n<\/div>\n\n\n\n<div class=\"wp-block-group is-vertical is-layout-flex wp-container-core-group-is-layout-d255d7c4 wp-block-group-is-layout-flex\" style=\"padding-top:var(--wp--preset--spacing--80);padding-bottom:var(--wp--preset--spacing--80)\">\n<h2 class=\"wp-block-heading\" style=\"padding-top:var(--wp--preset--spacing--40);padding-bottom:var(--wp--preset--spacing--40);font-size:25px;font-style:normal;font-weight:600;text-transform:capitalize\">Applications pour la forme de lumi\u00e8re annulaire personnalis\u00e9e de 50x80mm<\/h2>\n\n\n\n<ul class=\"wp-block-list\">\n<li>\u00c9clairage de bureau pour les entreprises : un style moderne et \u00e9pur\u00e9 pour les espaces de travail ouverts et les salles de conf\u00e9rence.<\/li>\n\n\n\n<li>\u00c9clairage dans le hall de l'h\u00f4tel : un luminaire suspendu sph\u00e9rique \u00e9l\u00e9gant pour accueillir les invit\u00e9s.<\/li>\n\n\n\n<li>Lumi\u00e8re d'affichage en magasin : utilisez une lumi\u00e8re forte et claire pour attirer l'attention.<\/li>\n\n\n\n<li>Restaurants et bars : utilisez une lumi\u00e8re blanche chaude pour rendre l'espace accueillant ou une lumi\u00e8re blanche froide pour le rendre vivant.<\/li>\n\n\n\n<li>Salles \u00e0 manger modernes et grands espaces avec des plafonds hauts pour une forte impression.<\/li>\n\n\n\n<li>Espaces publics et institutionnels : ils fonctionnent bien dans les halls universitaires, les mus\u00e9es et les a\u00e9roports.<\/li>\n<\/ul>\n<\/div>\n\n\n\n<div class=\"wp-block-group has-background is-vertical is-layout-flex wp-container-core-group-is-layout-b429018a wp-block-group-is-layout-flex\" style=\"background-color:#f1f1f1f2;padding-top:var(--wp--preset--spacing--70);padding-bottom:var(--wp--preset--spacing--70)\">\n<h2 class=\"wp-block-heading\" style=\"padding-top:var(--wp--preset--spacing--40);padding-bottom:var(--wp--preset--spacing--40);font-size:25px;font-style:normal;font-weight:600\">Produits associ\u00e9s qui pourraient vous int\u00e9resser<\/h2>\n\n\n\n<ul class=\"wp-block-list\">\n<li>D\u00e9couvrez notre <a href=\"https:\/\/tangooled.com\/fr\/product\/black-led-profile-with-black-diffuser-for-10mm-led-strip-light\/\"><mark style=\"background-color:rgba(0, 0, 0, 0)\" class=\"has-inline-color has-vivid-red-color\">profil LED noir avec diffuseur noir pour bande lumineuse LED de 10 mm<\/mark><\/a>, parfait pour des installations lin\u00e9aires.<\/li>\n\n\n\n<li>Pour un montage en surface, consultez le <a href=\"https:\/\/tangooled.com\/fr\/product\/surface-mount-led-profile-with-frosted-diffuser-for-10mm-rope-lights\/\"><mark style=\"background-color:rgba(0, 0, 0, 0)\" class=\"has-inline-color has-vivid-red-color\">profil LED \u00e0 monter en surface avec diffuseur d\u00e9poli pour \u00e9clairage \u00e0 corde de 10 mm<\/mark><\/a> avec une diffusion lumineuse douce.<\/li>\n\n\n\n<li>D\u00e9couvrez le <a href=\"https:\/\/tangooled.com\/fr\/product\/18x9mm-led-tape-light-profile-for-surface-installation\/\"><mark style=\"background-color:rgba(0, 0, 0, 0)\" class=\"has-inline-color has-vivid-red-color\">profil de bande LED 18x9mm pour installation en surface<\/mark><\/a> pour des besoins d'\u00e9clairage compacts.<\/li>\n\n\n\n<li>Pour un look \u00e9pur\u00e9, essayez le <a href=\"https:\/\/tangooled.com\/fr\/product\/aluminum-profile-with-60-degree-lens-led-diffuser\/\"><mark style=\"background-color:rgba(0, 0, 0, 0)\" class=\"has-inline-color has-vivid-red-color\">profil en aluminium avec diffuseur \u00e0 lentille de 60 degr\u00e9s LED <\/mark><\/a>pour un \u00e9clairage \u00e0 faisceau concentr\u00e9.<\/li>\n<\/ul>\n<\/div>\n\n\n\n<div class=\"wp-block-group\" style=\"padding-top:var(--wp--preset--spacing--80);padding-bottom:var(--wp--preset--spacing--80)\"><div class=\"wp-block-group__inner-container is-layout-constrained wp-block-group-is-layout-constrained\">\n<p>Choisissez notre forme de lumi\u00e8re annulaire de 50x80mm pour illuminer une pi\u00e8ce d'une mani\u00e8re \u00e9l\u00e9gante, forte et \u00e9blouissante. Ajoutez des LEDs \u00e0 haut CRI pour g\u00e9n\u00e9rer une illumination moderne dans n'importe quel environnement. Pour commencer, veuillez nous contacter imm\u00e9diatement !<\/p>\n<\/div><\/div>\n\n\n\n<p><\/p>","protected":false},"featured_media":20013,"template":"","meta":{"_acf_changed":true,"_seopress_robots_primary_cat":"none","_seopress_titles_title":"Custom 50x80mm Profile Ring Light Shape | Large Halo Body C5080","_seopress_titles_desc":"This C5080 channel is used to make any custom profile ring light shape of different diameters for grand-scale pendants. Features a massive 80mm depth for superior heat sink performance and internal driver storage.","_seopress_robots_index":""},"pcb-width":[231],"product-cat":[202],"class_list":{"0":"post-42395","1":"product","2":"type-product","3":"status-publish","4":"has-post-thumbnail","6":"pcb-width-25-35mm","7":"product-cat-circular-profile"},"acf":[],"_links":{"self":[{"href":"https:\/\/tangooled.com\/fr\/wp-json\/wp\/v2\/product\/42395","targetHints":{"allow":["GET"]}}],"collection":[{"href":"https:\/\/tangooled.com\/fr\/wp-json\/wp\/v2\/product"}],"about":[{"href":"https:\/\/tangooled.com\/fr\/wp-json\/wp\/v2\/types\/product"}],"wp:featuredmedia":[{"embeddable":true,"href":"https:\/\/tangooled.com\/fr\/wp-json\/wp\/v2\/media\/20013"}],"wp:attachment":[{"href":"https:\/\/tangooled.com\/fr\/wp-json\/wp\/v2\/media?parent=42395"}],"wp:term":[{"taxonomy":"pcb-width","embeddable":true,"href":"https:\/\/tangooled.com\/fr\/wp-json\/wp\/v2\/pcb-width?post=42395"},{"taxonomy":"product-cat","embeddable":true,"href":"https:\/\/tangooled.com\/fr\/wp-json\/wp\/v2\/product-cat?post=42395"}],"curies":[{"name":"wp","href":"https:\/\/api.w.org\/{rel}","templated":true}]}}