{"id":42383,"date":"2025-12-22T01:50:53","date_gmt":"2025-12-22T09:50:53","guid":{"rendered":"https:\/\/tangooled.com\/?post_type=product&#038;p=42383"},"modified":"2026-02-02T02:04:30","modified_gmt":"2026-02-02T10:04:30","slug":"led-ring-light-housing-made-by-50x50mm-aluminum-channel","status":"publish","type":"product","link":"https:\/\/tangooled.com\/fr\/product\/led-ring-light-housing-made-by-50x50mm-aluminum-channel\/","title":{"rendered":"bo\u00eetier de lumi\u00e8re LED fabriqu\u00e9 par un canal d'aluminium de 50x50 mm - C5050"},"content":{"rendered":"<div class=\"wp-block-group is-vertical is-layout-flex wp-container-core-group-is-layout-d255d7c4 wp-block-group-is-layout-flex\" style=\"padding-top:var(--wp--preset--spacing--80);padding-bottom:var(--wp--preset--spacing--80)\">\n<p>Notre bo\u00eetier de lumi\u00e8re \u00e0 anneau LED de 50x50 mm vous permettra de g\u00e9n\u00e9rer une lumi\u00e8re forte et brillante. Ce profil en aluminium de 50x50 mm est fabriqu\u00e9 en alliage d'aluminium 6063-T5 de haute qualit\u00e9, id\u00e9al pour cr\u00e9er une source lumineuse en forme d'anneau claire et uniforme. Il s'int\u00e8gre parfaitement dans les maisons, studios, magasins et bureaux. Un fini propre et lisse en poudre d'argent ou un fini anodis\u00e9 compl\u00e8te le profil. Le diam\u00e8tre de ce profil circulaire peut varier de 600 mm \u00e0 3000 mm. Vous pouvez \u00e9galement modifier l'apparence du rev\u00eatement en poudre en choisissant une couleur qui s'harmonise avec le reste de votre maison.<\/p>\n<\/div>\n\n\n\n<div class=\"wp-block-group has-background is-vertical is-layout-flex wp-container-core-group-is-layout-d255d7c4 wp-block-group-is-layout-flex\" style=\"background-color:#f1f1f1;padding-top:var(--wp--preset--spacing--80);padding-bottom:var(--wp--preset--spacing--80)\">\n<div class=\"wp-block-group is-vertical is-layout-flex wp-container-core-group-is-layout-8cf370e7 wp-block-group-is-layout-flex\">\n<h2 class=\"wp-block-heading\" style=\"padding-top:var(--wp--preset--spacing--40);padding-bottom:var(--wp--preset--spacing--40);font-size:25px;font-style:normal;font-weight:600;text-transform:capitalize\">Fonctionnalit\u00e9s et avantages importants<\/h2>\n\n\n\n<ul class=\"wp-block-list\">\n<li>Size of the profile: 50&#215;50 mm. It works with a lot of COB LEDs and LED strips.\u00a0<\/li>\n\n\n\n<li>L'aluminium 6063-T5 dont il est fabriqu\u00e9 est robuste et aide \u00e0 maintenir les choses au frais.<\/li>\n\n\n\n<li>La lumi\u00e8re est douce gr\u00e2ce \u00e0 un diffuseur en polycarbonate (satin\u00e9) PC.<\/li>\n\n\n\n<li>Vous pouvez choisir entre un rev\u00eatement en poudre noir et une finition anodis\u00e9e argent. <\/li>\n\n\n\n<li>Fonctionne avec des lumi\u00e8res LED \u00e0 anneau RGBW, bi-couleur et d'autres types de lumi\u00e8res.<\/li>\n\n\n\n<li>Id\u00e9al pour \u00e9clairer des b\u00e2timents, prendre des photos et organiser des s\u00e9minaires.<\/li>\n<\/ul>\n<\/div>\n<\/div>\n\n\n\n<div class=\"wp-block-group is-vertical is-layout-flex wp-container-core-group-is-layout-d255d7c4 wp-block-group-is-layout-flex\" style=\"padding-top:var(--wp--preset--spacing--80);padding-bottom:var(--wp--preset--spacing--80)\">\n<h2 class=\"wp-block-heading\" style=\"padding-top:var(--wp--preset--spacing--40);padding-bottom:var(--wp--preset--spacing--40);font-size:25px;font-style:normal;font-weight:600;text-transform:capitalize\">Con\u00e7u pour de nombreuses utilisations<\/h2>\n\n\n\n<p>Ce bo\u00eetier de lumi\u00e8re \u00e0 anneau LED de 50x50 mm est un moyen simple de commencer de nombreux excellents projets d'\u00e9clairage. Utilisez-le pour cr\u00e9er :<\/p>\n\n\n\n<ul class=\"wp-block-list\">\n<li>Salle de conseil et bureaux commerciaux<\/li>\n\n\n\n<li>Hall d'h\u00f4tel et atriums<\/li>\n\n\n\n<li>Showrooms de d\u00e9tail et boutiques<\/li>\n\n\n\n<li>Espaces de vie et de repas dans les maisons<\/li>\n\n\n\n<li>Studios d'art et espaces de travail cr\u00e9atifs<\/li>\n<\/ul>\n<\/div>\n\n\n\n<div class=\"wp-block-group has-background is-vertical is-layout-flex wp-container-core-group-is-layout-b429018a wp-block-group-is-layout-flex\" style=\"background-color:#f1f1f1f2;padding-top:var(--wp--preset--spacing--70);padding-bottom:var(--wp--preset--spacing--70)\">\n<h2 class=\"wp-block-heading\" style=\"padding-top:var(--wp--preset--spacing--40);padding-bottom:var(--wp--preset--spacing--40);font-size:25px;font-style:normal;font-weight:600\">Fonctionne avec ces bandes LED<\/h2>\n\n\n\n<ul class=\"wp-block-list\">\n<li>LED strips with a high CRI (Ra > 90) for accurate colors.<\/li>\n\n\n\n<li>Bandes LED blanches d'une seule couleur (3000K, 4000K ou 6000K).<\/li>\n\n\n\n<li>Bandes qui changent de couleur de RGB \u00e0 RGBW.<\/li>\n\n\n\n<li>Bandes jusqu'\u00e0 20 mm de large qui s'adaptent parfaitement dans le profil.<\/li>\n<\/ul>\n<\/div>\n\n\n\n<div class=\"wp-block-group\" style=\"padding-top:var(--wp--preset--spacing--80);padding-bottom:var(--wp--preset--spacing--80)\"><div class=\"wp-block-group__inner-container is-layout-constrained wp-block-group-is-layout-constrained\">\n<p>Le bo\u00eetier de lumi\u00e8re \u00e0 anneau LED de 50x50 mm TG-C5050 est une excellente option. Il combine force, style et bonne lumi\u00e8re. Commencez \u00e0 cr\u00e9er vos propres lumi\u00e8res \u00e0 anneau professionnelles et durables d\u00e8s aujourd'hui !<\/p>\n\n\n\n<p><\/p>\n<\/div><\/div>","protected":false},"featured_media":20011,"template":"","meta":{"_acf_changed":true,"_seopress_robots_primary_cat":"none","_seopress_titles_title":"50x50mm LED Channel Ring Light Housing C5050 | TANGOOLED","_seopress_titles_desc":"The C5050 is a heavy-duty 50x50mm led channel ring light housing for large-scale pendants. The diameters can be customized with the requested sizes.","_seopress_robots_index":""},"pcb-width":[230],"product-cat":[202],"class_list":{"0":"post-42383","1":"product","2":"type-product","3":"status-publish","4":"has-post-thumbnail","6":"pcb-width-20-25mm","7":"product-cat-circular-profile"},"acf":[],"_links":{"self":[{"href":"https:\/\/tangooled.com\/fr\/wp-json\/wp\/v2\/product\/42383","targetHints":{"allow":["GET"]}}],"collection":[{"href":"https:\/\/tangooled.com\/fr\/wp-json\/wp\/v2\/product"}],"about":[{"href":"https:\/\/tangooled.com\/fr\/wp-json\/wp\/v2\/types\/product"}],"wp:featuredmedia":[{"embeddable":true,"href":"https:\/\/tangooled.com\/fr\/wp-json\/wp\/v2\/media\/20011"}],"wp:attachment":[{"href":"https:\/\/tangooled.com\/fr\/wp-json\/wp\/v2\/media?parent=42383"}],"wp:term":[{"taxonomy":"pcb-width","embeddable":true,"href":"https:\/\/tangooled.com\/fr\/wp-json\/wp\/v2\/pcb-width?post=42383"},{"taxonomy":"product-cat","embeddable":true,"href":"https:\/\/tangooled.com\/fr\/wp-json\/wp\/v2\/product-cat?post=42383"}],"curies":[{"name":"wp","href":"https:\/\/api.w.org\/{rel}","templated":true}]}}