{"id":42382,"date":"2025-12-22T01:43:24","date_gmt":"2025-12-22T09:43:24","guid":{"rendered":"https:\/\/tangooled.com\/?post_type=product&#038;p=42382"},"modified":"2026-02-02T02:04:08","modified_gmt":"2026-02-02T10:04:08","slug":"40x40mm-aluminum-profile-pendant-ring-light-shell","status":"publish","type":"product","link":"https:\/\/tangooled.com\/fr\/product\/40x40mm-aluminum-profile-pendant-ring-light-shell\/","title":{"rendered":"Coque de lumi\u00e8re suspendue en aluminium de 40x40 mm \u2013 C4040"},"content":{"rendered":"<div class=\"wp-block-group is-vertical is-layout-flex wp-container-core-group-is-layout-d255d7c4 wp-block-group-is-layout-flex\" style=\"padding-top:var(--wp--preset--spacing--80);padding-bottom:var(--wp--preset--spacing--80)\">\n<p>Our 40x40mm aluminum profile ring light shell is designed to look great and give off a lot of light. The 40mm wide and 40mm tall profile is made of strong 6063-T5 aluminum that can safely hold LED light strips in a perfect ring shape. It&#8217;s fantastic for producing pendant ring lights that hang from the ceiling and look sleek and bright.<\/p>\n\n\n\n<p>Le profil se plie en douceur en un cercle, ce qui conf\u00e8re \u00e0 votre lumi\u00e8re annulaire finie un aspect propre et \u00e9l\u00e9gant. Vous pouvez choisir parmi de nombreuses tailles diff\u00e9rentes, allant des petits anneaux (600 mm) aux grands anneaux (5000 mm). Vous pouvez opter pour des couleurs standard comme le noir mat, le blanc mat ou l'argent \u00e9tincelant, ou choisir un travail de peinture personnalis\u00e9.<\/p>\n<\/div>\n\n\n\n<div class=\"wp-block-group has-background is-vertical is-layout-flex wp-container-core-group-is-layout-d255d7c4 wp-block-group-is-layout-flex\" style=\"background-color:#f1f1f1;padding-top:var(--wp--preset--spacing--80);padding-bottom:var(--wp--preset--spacing--80)\">\n<div class=\"wp-block-group is-vertical is-layout-flex wp-container-core-group-is-layout-8cf370e7 wp-block-group-is-layout-flex\">\n<h2 class=\"wp-block-heading\" style=\"padding-top:var(--wp--preset--spacing--40);padding-bottom:var(--wp--preset--spacing--40);font-size:25px;font-style:normal;font-weight:600;text-transform:capitalize\">Pourquoi choisir cette coque de lampe annulaire en aluminium de 40x40 mm ?<\/h2>\n\n\n\n<ul class=\"wp-block-list\">\n<li>Solide et brillant : Fabriqu\u00e9 en aluminium 6063-T5, qui est r\u00e9sistant et efficace pour dissiper la chaleur.<\/li>\n\n\n\n<li>Cercle lisse : Courb\u00e9 sans coutures pour former un bel anneau.<\/li>\n\n\n\n<li>Compatible avec les bandes LED : Les meilleurs diffuseurs s'adaptent aux bandes LED jusqu'\u00e0 35 mm de large.<\/li>\n\n\n\n<li>De nombreuses couleurs : Vous pouvez choisir le noir, le blanc, l'argent, ou toute autre couleur que vous aimez.<\/li>\n\n\n\n<li>De nombreuses tailles diff\u00e9rentes : Anneaux avec des diam\u00e8tres allant de 600 mm \u00e0 5000 mm.<\/li>\n\n\n\n<li>Facile \u00e0 suspendre : Utilisez des pi\u00e8ces pour plafond et des c\u00e2bles en acier pour le suspendre.<\/li>\n<\/ul>\n<\/div>\n<\/div>\n\n\n\n<div class=\"wp-block-group is-vertical is-layout-flex wp-container-core-group-is-layout-d255d7c4 wp-block-group-is-layout-flex\" style=\"padding-top:var(--wp--preset--spacing--80);padding-bottom:var(--wp--preset--spacing--80)\">\n<h2 class=\"wp-block-heading\" style=\"padding-top:var(--wp--preset--spacing--40);padding-bottom:var(--wp--preset--spacing--40);font-size:25px;font-style:normal;font-weight:600;text-transform:capitalize\">Parfait pour ces applications<\/h2>\n\n\n\n<ul class=\"wp-block-list\">\n<li>Salle de conseil et bureaux commerciaux<\/li>\n\n\n\n<li>Hall d'h\u00f4tel et atriums<\/li>\n\n\n\n<li>Showrooms de d\u00e9tail et boutiques<\/li>\n\n\n\n<li>Espaces de vie et de repas dans les maisons<\/li>\n\n\n\n<li>Studios d'art et espaces de travail cr\u00e9atifs<\/li>\n<\/ul>\n<\/div>\n\n\n\n<div class=\"wp-block-group has-background is-vertical is-layout-flex wp-container-core-group-is-layout-b429018a wp-block-group-is-layout-flex\" style=\"background-color:#f1f1f1f2;padding-top:var(--wp--preset--spacing--70);padding-bottom:var(--wp--preset--spacing--70)\">\n<h2 class=\"wp-block-heading\" style=\"padding-top:var(--wp--preset--spacing--40);padding-bottom:var(--wp--preset--spacing--40);font-size:25px;font-style:normal;font-weight:600\">Fonctionne avec ces bandes LED<\/h2>\n\n\n\n<ul class=\"wp-block-list\">\n<li>LED strips with a high CRI (Ra > 90) for accurate colors.<\/li>\n\n\n\n<li>Bandes LED blanches d'une seule couleur (3000K, 4000K ou 6000K).<\/li>\n\n\n\n<li>Bandes qui changent de couleur de RGB \u00e0 RGBW.<\/li>\n\n\n\n<li>Bandes jusqu'\u00e0 20 mm de large qui s'adaptent parfaitement dans le profil.<\/li>\n<\/ul>\n<\/div>\n\n\n\n<div class=\"wp-block-group is-vertical is-layout-flex wp-container-core-group-is-layout-d255d7c4 wp-block-group-is-layout-flex\" style=\"padding-top:var(--wp--preset--spacing--80);padding-bottom:var(--wp--preset--spacing--80)\">\n<h2 class=\"wp-block-heading\" style=\"padding-top:var(--wp--preset--spacing--40);padding-bottom:var(--wp--preset--spacing--40);font-size:25px;font-style:normal;font-weight:600;text-transform:capitalize\">r\u00e9sum\u00e9<\/h2>\n\n\n\n<p>The 40x40mm aluminum profile pendant ring lamp shell is a strong, stylish, and adaptable choice for lighting. It contains LED strips and does a great job of controlling heat. It&#8217;s great for homes, businesses, hotels, and retailers. The metal ring is smooth and curved, which gives it a modern and clean style. This profile comes in a wide range of colors and sizes, so you can find one that works for your taste and space.<br>Ce canal d'extrusion LED pour l'architecture embellira votre espace. Commandez maintenant pour une solution lumineuse \u00e9l\u00e9gante, brillante et durable.<\/p>\n<\/div>\n\n\n\n<p><\/p>","protected":false},"featured_media":20010,"template":"","meta":{"_acf_changed":true,"_seopress_robots_primary_cat":"none","_seopress_titles_title":"40x40mm Aluminum Profile Ring Light Shell C4040 | TANGOOLED","_seopress_titles_desc":"The C4040 is a robust 40x40mm aluminum profile that is used to make different diameter ring light shells for circular halo lighting with ample space for high-power strips.","_seopress_robots_index":""},"pcb-width":[230],"product-cat":[202],"class_list":{"0":"post-42382","1":"product","2":"type-product","3":"status-publish","4":"has-post-thumbnail","6":"pcb-width-20-25mm","7":"product-cat-circular-profile"},"acf":[],"_links":{"self":[{"href":"https:\/\/tangooled.com\/fr\/wp-json\/wp\/v2\/product\/42382","targetHints":{"allow":["GET"]}}],"collection":[{"href":"https:\/\/tangooled.com\/fr\/wp-json\/wp\/v2\/product"}],"about":[{"href":"https:\/\/tangooled.com\/fr\/wp-json\/wp\/v2\/types\/product"}],"wp:featuredmedia":[{"embeddable":true,"href":"https:\/\/tangooled.com\/fr\/wp-json\/wp\/v2\/media\/20010"}],"wp:attachment":[{"href":"https:\/\/tangooled.com\/fr\/wp-json\/wp\/v2\/media?parent=42382"}],"wp:term":[{"taxonomy":"pcb-width","embeddable":true,"href":"https:\/\/tangooled.com\/fr\/wp-json\/wp\/v2\/pcb-width?post=42382"},{"taxonomy":"product-cat","embeddable":true,"href":"https:\/\/tangooled.com\/fr\/wp-json\/wp\/v2\/product-cat?post=42382"}],"curies":[{"name":"wp","href":"https:\/\/api.w.org\/{rel}","templated":true}]}}