{"id":42226,"date":"2025-12-17T20:32:15","date_gmt":"2025-12-18T04:32:15","guid":{"rendered":"https:\/\/tangooled.com\/?post_type=product&#038;p=42226"},"modified":"2026-02-02T01:58:15","modified_gmt":"2026-02-02T09:58:15","slug":"fl04-wide-flanged-in-ground-led-profile","status":"publish","type":"product","link":"https:\/\/tangooled.com\/fr\/product\/fl04-wide-flanged-in-ground-led-profile\/","title":{"rendered":"FL04 : canal LED encastr\u00e9 \u00e0 bride de 26 mm de large"},"content":{"rendered":"<div class=\"wp-block-group is-vertical is-layout-flex wp-container-core-group-is-layout-d255d7c4 wp-block-group-is-layout-flex\" style=\"padding-top:var(--wp--preset--spacing--80);padding-bottom:var(--wp--preset--spacing--80)\">\n<p>This FL04 wide flanged In-ground LED channel is 26mm deep and 27.4mm wide, it fits well in concrete, wood, or stone without any gaps. The 12.4mm internal chamber is great for high-performance LED strips, as\u00a0it helps maintain consistent temperature\u00a0over time.<\/p>\n\n\n\n<p>Il est suffisamment robuste pour supporter un fort passage pi\u00e9ton et des charges de voiture l\u00e9g\u00e8res, gr\u00e2ce \u00e0 sa construction en aluminium de haute qualit\u00e9. Ce canal \u00e9tanche illumine les all\u00e9es, les chemins de jardin et les corridors commerciaux de mani\u00e8re propre et r\u00e9guli\u00e8re, les transformant radicalement. Cette solution \u00e0 bride prot\u00e8ge votre investissement des intemp\u00e9ries et offre \u00e0 votre maison une finition d'\u00e9clairage professionnel et discr\u00e8te qui rend l'ext\u00e9rieur ou l'int\u00e9rieur plus s\u00fbr.<\/p>\n<\/div>\n\n\n\n<div class=\"wp-block-group has-background is-vertical is-layout-flex wp-container-core-group-is-layout-d255d7c4 wp-block-group-is-layout-flex\" style=\"background-color:#f1f1f1;padding-top:var(--wp--preset--spacing--80);padding-bottom:var(--wp--preset--spacing--80)\">\n<div class=\"wp-block-group is-vertical is-layout-flex wp-container-core-group-is-layout-8cf370e7 wp-block-group-is-layout-flex\">\n<h2 class=\"wp-block-heading\" style=\"padding-top:var(--wp--preset--spacing--40);padding-bottom:var(--wp--preset--spacing--40);font-size:25px;font-style:normal;font-weight:600;text-transform:capitalize\">Pourquoi devriez-vous choisir notre canal LED encastr\u00e9 \u00e0 bride large ?<\/h2>\n\n\n\n<ul class=\"wp-block-list\">\n<li>Robuste et durable : il est compos\u00e9 d'aluminium anodis\u00e9, capable de supporter le passage pi\u00e9ton et les intemp\u00e9ries.<\/li>\n\n\n\n<li>Finition bord propre : la bride cache les bords rugueux en pierre et en b\u00e9ton pour un aspect net.<\/li>\n\n\n\n<li>Protection \u00e9tanche : lorsqu'il est correctement scell\u00e9, il peut emp\u00eacher l'eau, la poussi\u00e8re et les nuisibles d'entrer gr\u00e2ce \u00e0 son indice de protection IP67.<\/li>\n\n\n\n<li>Lumi\u00e8re sans points : Le diffuseur opale rend la lumi\u00e8re douce et lisse, sans points ni \u00e9blouissement.<\/li>\n\n\n\n<li>Vous pouvez l'utiliser sur de nombreux types de sols, comme le carrelage, le b\u00e9ton, la pierre, le bois, et plus encore.<\/li>\n\n\n\n<li>Convient aux bandes LED larges : la largeur int\u00e9rieure peut contenir des bandes LED allant jusqu'\u00e0 12 mm de large, et les bandes LED \u00e9tanches fonctionneront avec.<\/li>\n<\/ul>\n<\/div>\n<\/div>\n\n\n\n<div class=\"wp-block-group\" style=\"padding-top:var(--wp--preset--spacing--60);padding-bottom:var(--wp--preset--spacing--60)\"><div class=\"wp-block-group__inner-container is-layout-constrained wp-block-group-is-layout-constrained\">\n<div class=\"wp-block-media-text has-media-on-the-right is-stacked-on-mobile\" style=\"grid-template-columns:auto 40%\"><div class=\"wp-block-media-text__content\">\n<h2 class=\"wp-block-heading\" style=\"padding-top:var(--wp--preset--spacing--40);padding-bottom:var(--wp--preset--spacing--40);font-size:25px;font-style:normal;font-weight:600;text-transform:capitalize\">\u00c9tapes simples pour l'installation<\/h2>\n\n\n\n<ul class=\"wp-block-list\">\n<li>Faites une rainure dans votre chemin ou votre all\u00e9e.<\/li>\n\n\n\n<li>Mettez le canal en aluminium dans la rainure.<\/li>\n\n\n\n<li>Placez votre bande LED \u00e0 l'int\u00e9rieur du canal.<\/li>\n\n\n\n<li>Fixez-le et allumez le diffuseur.<\/li>\n\n\n\n<li>Seal the ends with silicone and end caps so that water can&#8217;t get in.<\/li>\n<\/ul>\n<\/div><figure class=\"wp-block-media-text__media\"><img loading=\"lazy\" decoding=\"async\" width=\"500\" height=\"500\" src=\"https:\/\/tangooled.com\/wp-content\/uploads\/2025\/12\/fl04-ins-1.webp\" alt=\"26mm flanged in ground led channel for path lighting\" class=\"wp-image-42256 size-full\" srcset=\"https:\/\/tangooled.com\/wp-content\/uploads\/2025\/12\/fl04-ins-1.webp 500w, https:\/\/tangooled.com\/wp-content\/uploads\/2025\/12\/fl04-ins-1-300x300.webp 300w, https:\/\/tangooled.com\/wp-content\/uploads\/2025\/12\/fl04-ins-1-150x150.webp 150w\" sizes=\"auto, (max-width: 500px) 100vw, 500px\" \/><\/figure><\/div>\n<\/div><\/div>\n\n\n\n<div class=\"wp-block-group has-background is-vertical is-layout-flex wp-container-core-group-is-layout-b429018a wp-block-group-is-layout-flex\" style=\"background-color:#f1f1f1f2;padding-top:var(--wp--preset--spacing--70);padding-bottom:var(--wp--preset--spacing--70)\">\n<h2 class=\"wp-block-heading\" style=\"padding-top:var(--wp--preset--spacing--40);padding-bottom:var(--wp--preset--spacing--40);font-size:25px;font-style:normal;font-weight:600;text-transform:capitalize\">Que pouvez-vous faire avec ce canal LED d'\u00e9clairage de chemin ?<\/h2>\n\n\n\n<p>Notre canal LED encastr\u00e9 \u00e0 bride de 26 mm est id\u00e9al pour de nombreuses utilisations, telles que :<\/p>\n\n\n\n<ul class=\"wp-block-list\">\n<li>Chemins de jardin et all\u00e9es : Rendez vos chemins de promenade s\u00fbrs et beaux avec de la lumi\u00e8re.<\/li>\n\n\n\n<li>All\u00e9es et zones de garage : Utilisez-le pour \u00e9clairer les bords des all\u00e9es et des bordures avec une lumi\u00e8re r\u00e9guli\u00e8re et brillante.<\/li>\n\n\n\n<li>Bords de terrasses et patios : Installez-le pour qu'il soit au m\u00eame niveau que le platelage afin de voir les bords et les marches.<\/li>\n\n\n\n<li>Espaces publics : Les parcs et les places sont des endroits fantastiques pour garder les gens en s\u00e9curit\u00e9 et les aider \u00e0 se diriger.<\/li>\n<\/ul>\n\n\n\n<p style=\"padding-right:var(--wp--preset--spacing--50);padding-left:var(--wp--preset--spacing--50)\">D\u00e9couvrez notre profil LED noir avec diffuseur noir pour bande de lumi\u00e8re LED de 10 mm<a href=\"https:\/\/tangooled.com\/fr\/product\/black-led-profile-with-black-diffuser-for-10mm-led-strip-light\/\"><mark style=\"background-color:rgba(0, 0, 0, 0)\" class=\"has-inline-color has-vivid-red-color\"> ici<\/mark><\/a> et notre<a href=\"https:\/\/tangooled.com\/fr\/product\/led-strip-light-channel-aluminum-profile-with-diffused-cover-6mm-height\/\"><mark style=\"background-color:rgba(0, 0, 0, 0)\" class=\"has-inline-color has-vivid-red-color\"> <\/mark><\/a>profil en aluminium pour bande lumineuse LED avec couvercle diffusant de 6 mm de hauteur <a href=\"https:\/\/tangooled.com\/fr\/product\/led-strip-light-channel-aluminum-profile-with-diffused-cover-6mm-height\/\"><mark style=\"background-color:rgba(0, 0, 0, 0)\" class=\"has-inline-color has-vivid-red-color\">ici<\/mark><\/a> pour plus d'options.<\/p>\n<\/div>\n\n\n\n<div class=\"wp-block-group\" style=\"padding-top:var(--wp--preset--spacing--80);padding-bottom:var(--wp--preset--spacing--80)\"><div class=\"wp-block-group__inner-container is-layout-constrained wp-block-group-is-layout-constrained\">\n<h2 class=\"wp-block-heading\" style=\"padding-top:var(--wp--preset--spacing--40);padding-bottom:var(--wp--preset--spacing--40);font-size:25px;font-style:normal;font-weight:600;text-transform:capitalize\">R\u00e9sum\u00e9<\/h2>\n\n\n\n<p>Notre canal LED encastr\u00e9 \u00e0 bride de 26 mm est un moyen robuste, soign\u00e9 et \u00e9tanche d'\u00e9clairer les all\u00e9es, patios, chemins et terrasses. Il maintient les bandes LED en place et les prot\u00e8ge de la salet\u00e9 et de l'eau. La bride couvre les bords rugueux, ce qui donne un aspect propre. Comme il est fabriqu\u00e9 en aluminium anodis\u00e9, il est facile \u00e0 assembler et a une longue dur\u00e9e de vie.<\/p>\n<\/div><\/div>","protected":false},"featured_media":13539,"template":"","meta":{"_acf_changed":true,"_seopress_robots_primary_cat":"none","_seopress_titles_title":"Wide Flanged In-Ground LED Profile | 26mm Path Lighting FL04 | TANGOOLED","_seopress_titles_desc":"The FL04 is a wide flanged in-ground led profile with a 26mm aperture. This heavy-duty aluminum channel is designed to house wider LED strips for bold, recessed path lighting with an easy-to-install flange.","_seopress_robots_index":""},"pcb-width":[228],"product-cat":[199],"class_list":{"0":"post-42226","1":"product","2":"type-product","3":"status-publish","4":"has-post-thumbnail","6":"pcb-width-6-12mm","7":"product-cat-inground-profile"},"acf":[],"_links":{"self":[{"href":"https:\/\/tangooled.com\/fr\/wp-json\/wp\/v2\/product\/42226","targetHints":{"allow":["GET"]}}],"collection":[{"href":"https:\/\/tangooled.com\/fr\/wp-json\/wp\/v2\/product"}],"about":[{"href":"https:\/\/tangooled.com\/fr\/wp-json\/wp\/v2\/types\/product"}],"wp:featuredmedia":[{"embeddable":true,"href":"https:\/\/tangooled.com\/fr\/wp-json\/wp\/v2\/media\/13539"}],"wp:attachment":[{"href":"https:\/\/tangooled.com\/fr\/wp-json\/wp\/v2\/media?parent=42226"}],"wp:term":[{"taxonomy":"pcb-width","embeddable":true,"href":"https:\/\/tangooled.com\/fr\/wp-json\/wp\/v2\/pcb-width?post=42226"},{"taxonomy":"product-cat","embeddable":true,"href":"https:\/\/tangooled.com\/fr\/wp-json\/wp\/v2\/product-cat?post=42226"}],"curies":[{"name":"wp","href":"https:\/\/api.w.org\/{rel}","templated":true}]}}