{"id":42224,"date":"2025-12-17T20:28:24","date_gmt":"2025-12-18T04:28:24","guid":{"rendered":"https:\/\/tangooled.com\/?post_type=product&#038;p=42224"},"modified":"2026-02-02T01:57:51","modified_gmt":"2026-02-02T09:57:51","slug":"26mm-floor-recessed-led-aluminum-channel-for-12mm-strips","status":"publish","type":"product","link":"https:\/\/tangooled.com\/fr\/product\/26mm-floor-recessed-led-aluminum-channel-for-12mm-strips\/","title":{"rendered":"canal LED en aluminium encastr\u00e9 au sol de 26 mm pour bandes de 12 mm"},"content":{"rendered":"<div class=\"wp-block-group is-vertical is-layout-flex wp-container-core-group-is-layout-d255d7c4 wp-block-group-is-layout-flex\" style=\"padding-top:var(--wp--preset--spacing--80);padding-bottom:var(--wp--preset--spacing--80)\">\n<p>Notre canal en aluminium LED encastr\u00e9 de 26 mm est con\u00e7u pour l'\u00e9clairage lin\u00e9aire des sols. Ce profil\u00e9 en aluminium solide s'adapte parfaitement aux terrasses, all\u00e9es, jardins et trottoirs. Il prot\u00e8ge les bandes LED mieux que tout autre, assurant qu'elles fonctionnent de mani\u00e8re fiable et constante \u00e0 l'int\u00e9rieur et \u00e0 l'ext\u00e9rieur.<\/p>\n\n\n\n<p>Ce canal encastr\u00e9 de 26 mm est fabriqu\u00e9 en aluminium de haute qualit\u00e9 et robuste, capable de supporter le passage pi\u00e9tonnier et des poids de v\u00e9hicules mod\u00e9r\u00e9s tout en agissant comme un dissipateur thermique efficace. Il g\u00e9n\u00e8re une ligne de lumi\u00e8re claire et sans \u00e9blouissement qui dure, embellissant n'importe quel endroit. Cette solution flexible fonctionne tr\u00e8s bien tant en ext\u00e9rieur qu'en int\u00e9rieur, comme dans les all\u00e9es de jardin, les all\u00e9es, les couloirs, et les espaces publics anim\u00e9s.<\/p>\n<\/div>\n\n\n\n<div class=\"wp-block-group has-background is-vertical is-layout-flex wp-container-core-group-is-layout-d255d7c4 wp-block-group-is-layout-flex\" style=\"background-color:#f1f1f1;padding-top:var(--wp--preset--spacing--80);padding-bottom:var(--wp--preset--spacing--80)\">\n<div class=\"wp-block-group is-vertical is-layout-flex wp-container-core-group-is-layout-8cf370e7 wp-block-group-is-layout-flex\">\n<h2 class=\"wp-block-heading\" style=\"padding-top:var(--wp--preset--spacing--40);padding-bottom:var(--wp--preset--spacing--40);font-size:25px;font-style:normal;font-weight:600;text-transform:capitalize\">Pourquoi choisir notre canal en aluminium LED encastr\u00e9 de 26 mm ?<\/h2>\n\n\n\n<ul class=\"wp-block-list\">\n<li>Robuste et durable : Le canal pour les sols est compos\u00e9 d'aluminium 6063-T5, ce qui garde vos bandes LED au frais et en s\u00e9curit\u00e9.<\/li>\n\n\n\n<li>Aspect propre et discret : Ce canal encastr\u00e9 s'int\u00e8gre parfaitement dans les sols en carrelage, bois ou b\u00e9ton.<\/li>\n\n\n\n<li>Lumi\u00e8re diffusion uniforme : Le couvercle diffuseur opale \u00e9limine les zones d'ombre et permet une r\u00e9partition homog\u00e8ne de la lumi\u00e8re.<\/li>\n\n\n\n<li>Accueille des bandes LED jusqu'\u00e0 12 mm de largeur : Le canal est pr\u00e9cis\u00e9ment dimensionn\u00e9 pour accueillir des bandes LED de 12 mm de largeur ou moins.<\/li>\n\n\n\n<li>Water-Resistant: Works with waterproof LED strips\uff0c making it suitable for damp locations or covered outdoor walkways.<\/li>\n\n\n\n<li>Facile \u00e0 couper : Il est disponible en longueurs de 2 et 3 m\u00e8tres, vous permettant de le couper \u00e0 la longueur d\u00e9sir\u00e9e.<\/li>\n<\/ul>\n<\/div>\n<\/div>\n\n\n\n<div class=\"wp-block-group is-vertical is-layout-flex wp-container-core-group-is-layout-d255d7c4 wp-block-group-is-layout-flex\" style=\"padding-top:var(--wp--preset--spacing--80);padding-bottom:var(--wp--preset--spacing--80)\">\n<hr class=\"wp-block-separator has-alpha-channel-opacity\"\/>\n\n\n\n<div class=\"wp-block-media-text has-media-on-the-right is-stacked-on-mobile\" style=\"grid-template-columns:auto 40%\"><div class=\"wp-block-media-text__content\">\n<h2 class=\"wp-block-heading\" style=\"padding-top:var(--wp--preset--spacing--40);padding-bottom:var(--wp--preset--spacing--40);font-size:25px;font-style:normal;font-weight:600;text-transform:capitalize\">Conseils d'installation<\/h2>\n\n\n\n<ul class=\"wp-block-list\">\n<li>Utilisez une scie fine pour couper le canal en aluminium et le diffuseur \u00e0 la bonne longueur.<\/li>\n\n\n\n<li>Placez le canal dans une rainure ou un trou dans le sol.<\/li>\n\n\n\n<li>Mettez la bande LED de 12 mm de large dans le canal.<\/li>\n\n\n\n<li>Pour adoucir la lumi\u00e8re, ajoutez le diffuseur opale.<\/li>\n\n\n\n<li>Pour prot\u00e9ger les extr\u00e9mit\u00e9s de la bande LED, mettez des bouchons \u00e0 leurs extr\u00e9mit\u00e9s.<\/li>\n\n\n\n<li>Scellez les bords avec du silicone si le canal doit \u00eatre utilis\u00e9 \u00e0 l'ext\u00e9rieur ou dans des endroits humides.<\/li>\n<\/ul>\n<\/div><figure class=\"wp-block-media-text__media\"><img loading=\"lazy\" decoding=\"async\" width=\"500\" height=\"500\" src=\"https:\/\/tangooled.com\/wp-content\/uploads\/2025\/12\/fl04-ins.webp\" alt=\"26mm floor recessed led aluminum channel for 12mm led strips\" class=\"wp-image-42248 size-full\" srcset=\"https:\/\/tangooled.com\/wp-content\/uploads\/2025\/12\/fl04-ins.webp 500w, https:\/\/tangooled.com\/wp-content\/uploads\/2025\/12\/fl04-ins-300x300.webp 300w, https:\/\/tangooled.com\/wp-content\/uploads\/2025\/12\/fl04-ins-150x150.webp 150w\" sizes=\"auto, (max-width: 500px) 100vw, 500px\" \/><\/figure><\/div>\n<\/div>\n\n\n\n<div class=\"wp-block-group has-background is-vertical is-layout-flex wp-container-core-group-is-layout-b429018a wp-block-group-is-layout-flex\" style=\"background-color:#f1f1f1f2;padding-top:var(--wp--preset--spacing--70);padding-bottom:var(--wp--preset--spacing--70)\">\n<h2 class=\"wp-block-heading\" style=\"padding-top:var(--wp--preset--spacing--40);padding-bottom:var(--wp--preset--spacing--40);font-size:25px;font-style:normal;font-weight:600\">O\u00f9 utiliser le canal en aluminium LED encastr\u00e9 de 26 mm ?<\/h2>\n\n\n\n<p>Ce canal LED peut \u00eatre utilis\u00e9 dans de nombreux endroits diff\u00e9rents :<\/p>\n\n\n\n<ul class=\"wp-block-list\">\n<li>Sol dans les maisons et bureaux : Fonctionne bien sur des sols en carrelage, bois, stratifi\u00e9 ou b\u00e9ton.<\/li>\n\n\n\n<li>Chemins et couloirs : Aide \u00e0 \u00e9clairer en toute s\u00e9curit\u00e9 et avec style.<\/li>\n\n\n\n<li>Zones humides et salles de bains : Utilisez des bandes LED \u00e9tanches IP67 et assurez-vous que l'espace est bien scell\u00e9.<\/li>\n\n\n\n<li>Terrasses et balcons ext\u00e9rieurs : Fonctionne bien en ext\u00e9rieur lorsqu'elles sont \u00e9tanch\u00e9es.<\/li>\n\n\n\n<li>Marches : Ajoutez des lumi\u00e8res sur les marches pour les rendre plus s\u00fbres et modernes.<\/li>\n<\/ul>\n<\/div>\n\n\n\n<div class=\"wp-block-group\" style=\"padding-top:var(--wp--preset--spacing--70);padding-bottom:var(--wp--preset--spacing--70)\"><div class=\"wp-block-group__inner-container is-layout-constrained wp-block-group-is-layout-constrained\">\n<h2 class=\"wp-block-heading\" style=\"padding-top:var(--wp--preset--spacing--40);padding-bottom:var(--wp--preset--spacing--40);font-size:25px;font-style:normal;font-weight:600;text-transform:capitalize\">Vous pourriez \u00e9galement aimer ces produits connexes<\/h2>\n\n\n\n<ul class=\"wp-block-list\">\n<li>Explorez le <a href=\"https:\/\/tangooled.com\/fr\/product\/black-led-diffuser-aluminum-channel-for-12mm-tape-lights\/\"><mark style=\"background-color:rgba(0, 0, 0, 0)\" class=\"has-inline-color has-vivid-red-color\">canal en aluminium diffuseur LED noir pour lumi\u00e8res \u00e0 bande de 12 mm <\/mark><\/a>pour une finition noire \u00e9l\u00e9gante.<\/li>\n\n\n\n<li>D\u00e9couvrez le <a href=\"https:\/\/tangooled.com\/fr\/product\/18x18mm-led-strip-corner-profile-for-12mm-led-strips\/\"><mark style=\"background-color:rgba(0, 0, 0, 0)\" class=\"has-inline-color has-vivid-red-color\">Profil d\u2019angle 18x18 mm pour bandes LED de 12 mm<\/mark><\/a> pour des besoins d'\u00e9clairage d'angle.<\/li>\n\n\n\n<li>Pour des options de montage en surface, consultez le <a href=\"https:\/\/tangooled.com\/fr\/product\/surface-mount-led-profile-with-frosted-diffuser-for-10mm-rope-lights\/\"><mark style=\"background-color:rgba(0, 0, 0, 0)\" class=\"has-inline-color has-vivid-red-color\">profil LED \u00e0 monter en surface avec diffuseur d\u00e9poli pour \u00e9clairage \u00e0 corde de 10 mm<\/mark><\/a>.<\/li>\n\n\n\n<li>Essayez le canal en aluminium pour profil\u00e9 LED encastr\u00e9 de 17 mm pour bandes LED de 12 mm<a href=\"https:\/\/tangooled.com\/fr\/product\/recessed-17mm-led-profile-aluminum-channel-for-12mm-led-strips\/\"><mark style=\"background-color:rgba(0, 0, 0, 0)\" class=\"has-inline-color has-vivid-red-color\">pour des tailles diff\u00e9rentes. <\/mark><\/a>Pour plus de profils d'\u00e9clairage et d'id\u00e9es, jetez un \u0153il \u00e0 certains de nos autres produits best-sellers. Cela comprend un<\/li>\n<\/ul>\n<\/div><\/div>\n\n\n\n<div class=\"wp-block-group has-background\" style=\"background-color:#f1f1f1;padding-top:var(--wp--preset--spacing--80);padding-bottom:var(--wp--preset--spacing--80)\"><div class=\"wp-block-group__inner-container is-layout-constrained wp-block-group-is-layout-constrained\">\n<p>et le <a href=\"https:\/\/tangooled.com\/fr\/product\/black-led-profile-with-black-diffuser-for-10mm-led-strip-light\/\"><mark style=\"background-color:rgba(0, 0, 0, 0)\" class=\"has-inline-color has-vivid-red-color\">profil LED noir avec diffuseur noir pour bande lumineuse LED de 10 mm<\/mark><\/a> canal de bande LED basse profil de 25 x 6 mm pour bandes de 10 mm <a href=\"https:\/\/tangooled.com\/fr\/product\/25x6mm-low-profile-led-strip-channel-for-10mm-led-strip-light\/\"><mark style=\"background-color:rgba(0, 0, 0, 0)\" class=\"has-inline-color has-vivid-red-color\">Puis-je couper le canal en aluminium LED encastr\u00e9 de 26 mm pour l'adapter \u00e0 mon sol ?<\/mark><\/a>.<\/p>\n<\/div><\/div>\n\n\n\n<p><\/p>","protected":false},"featured_media":13536,"template":"","meta":{"_acf_changed":true,"_seopress_robots_primary_cat":"none","_seopress_titles_title":"26mm Floor Recessed LED Aluminum Channel | FL03 Linear Floor Light | TANGOOLED","_seopress_titles_desc":"The FL03 is a professional 26mm floor recessed led aluminum channel designed for 12mm LED strips. This heavy-duty walk-over profile creates a wide, bold linear light path for commercial and architectural flooring.","_seopress_robots_index":""},"pcb-width":[228],"product-cat":[199],"class_list":{"0":"post-42224","1":"product","2":"type-product","3":"status-publish","4":"has-post-thumbnail","6":"pcb-width-6-12mm","7":"product-cat-inground-profile"},"acf":[],"_links":{"self":[{"href":"https:\/\/tangooled.com\/fr\/wp-json\/wp\/v2\/product\/42224","targetHints":{"allow":["GET"]}}],"collection":[{"href":"https:\/\/tangooled.com\/fr\/wp-json\/wp\/v2\/product"}],"about":[{"href":"https:\/\/tangooled.com\/fr\/wp-json\/wp\/v2\/types\/product"}],"wp:featuredmedia":[{"embeddable":true,"href":"https:\/\/tangooled.com\/fr\/wp-json\/wp\/v2\/media\/13536"}],"wp:attachment":[{"href":"https:\/\/tangooled.com\/fr\/wp-json\/wp\/v2\/media?parent=42224"}],"wp:term":[{"taxonomy":"pcb-width","embeddable":true,"href":"https:\/\/tangooled.com\/fr\/wp-json\/wp\/v2\/pcb-width?post=42224"},{"taxonomy":"product-cat","embeddable":true,"href":"https:\/\/tangooled.com\/fr\/wp-json\/wp\/v2\/product-cat?post=42224"}],"curies":[{"name":"wp","href":"https:\/\/api.w.org\/{rel}","templated":true}]}}