{"id":42222,"date":"2025-12-17T20:25:28","date_gmt":"2025-12-18T04:25:28","guid":{"rendered":"https:\/\/tangooled.com\/?post_type=product&#038;p=42222"},"modified":"2026-02-02T01:57:30","modified_gmt":"2026-02-02T09:57:30","slug":"walkway-embedded-10mm-flanged-slim-led-channel-for-10mm-strip","status":"publish","type":"product","link":"https:\/\/tangooled.com\/fr\/product\/walkway-embedded-10mm-flanged-slim-led-channel-for-10mm-strip\/","title":{"rendered":"canal LED encastr\u00e9 \u00e0 bride slim flanqu\u00e9 de 10 mm pour bande de 10 mm"},"content":{"rendered":"<div class=\"wp-block-group is-vertical is-layout-flex wp-container-core-group-is-layout-d255d7c4 wp-block-group-is-layout-flex\" style=\"padding-top:var(--wp--preset--spacing--80);padding-bottom:var(--wp--preset--spacing--80)\">\n<p>Notre canal LED encastr\u00e9 au sol FL02 avec flasque rend les sols et les chemins plus visibles. Ce profil\u00e9 en aluminium solide est facile \u00e0 installer et s'int\u00e8gre bien sur les sols, terrasses et chemins. Il a une largeur int\u00e9rieure de 12,4 mm, donc il fonctionne avec de nombreuses bandes LED diff\u00e9rentes et les aide \u00e0 durer plus longtemps en permettant une meilleure dissipation de la chaleur. Le design \u00e0 profil bas cr\u00e9e une ligne de lumi\u00e8re lisse et continue, compl\u00e8tement prot\u00e9g\u00e9e du passage pi\u00e9ton, rendant l'installation s\u00fbre et sans risques de tr\u00e9buchement.<\/p>\n<\/div>\n\n\n\n<div class=\"wp-block-group has-background is-vertical is-layout-flex wp-container-core-group-is-layout-d255d7c4 wp-block-group-is-layout-flex\" style=\"background-color:#f1f1f1;padding-top:var(--wp--preset--spacing--80);padding-bottom:var(--wp--preset--spacing--80)\">\n<div class=\"wp-block-group is-vertical is-layout-flex wp-container-core-group-is-layout-8cf370e7 wp-block-group-is-layout-flex\">\n<h2 class=\"wp-block-heading\" style=\"padding-top:var(--wp--preset--spacing--40);padding-bottom:var(--wp--preset--spacing--40);font-size:25px;font-style:normal;font-weight:600;text-transform:capitalize\">Pourquoi choisir notre canal LED encastr\u00e9 au sol avec flasque ?<\/h2>\n\n\n\n<ul class=\"wp-block-list\">\n<li>It&#8217;s only about 10mm deep and fits in small spaces.<\/li>\n\n\n\n<li>Bord Flans\u00e9 Solide : Cela rend les bords des carreaux ou du b\u00e9ton esth\u00e9tiques.<\/li>\n\n\n\n<li>S\u00fbr sous les pieds : Assez r\u00e9sistant pour supporter le passage pi\u00e9ton sans se briser.<\/li>\n\n\n\n<li>Amical \u00e0 la chaleur : Le corps en aluminium garde les bandes LED au frais, ce qui les fait durer plus longtemps.<\/li>\n\n\n\n<li>Le diffuseur opale&nbsp;r\u00e9pand la lumi\u00e8re de mani\u00e8re uniforme, la rendant claire et lumineuse.<\/li>\n<\/ul>\n<\/div>\n<\/div>\n\n\n\n<div class=\"wp-block-group\" style=\"padding-top:var(--wp--preset--spacing--60);padding-bottom:var(--wp--preset--spacing--60)\"><div class=\"wp-block-group__inner-container is-layout-constrained wp-block-group-is-layout-constrained\">\n<div class=\"wp-block-media-text has-media-on-the-right is-stacked-on-mobile\" style=\"grid-template-columns:auto 40%\"><div class=\"wp-block-media-text__content\">\n<h2 class=\"wp-block-heading\" style=\"padding-top:var(--wp--preset--spacing--40);padding-bottom:var(--wp--preset--spacing--40);font-size:25px;font-style:normal;font-weight:600;text-transform:capitalize\">\u00c9tapes d'installation<\/h2>\n\n\n\n<ul class=\"wp-block-list\">\n<li>Faites une rainure dans le chemin ou le sol pour le canal.<\/li>\n\n\n\n<li>Placez le canal \u00e0 ras de la surface ; la flasque couvrira les bords.<\/li>\n\n\n\n<li>Pour maintenir le canal en place, utilisez de la colle de construction, du mortier ou du ciment.<\/li>\n\n\n\n<li>The channel can&#8217;t be wider than 12 mm,  put the LED strip inside it.<\/li>\n\n\n\n<li>Pour rendre la lumi\u00e8re uniforme, placez le diffuseur opale au-dessus.<\/li>\n\n\n\n<li>Scellez les capuchons de fin avec du silicone pour qu'ils soient \u00e9tanches \u00e0 l'ext\u00e9rieur (IP67).<\/li>\n<\/ul>\n<\/div><figure class=\"wp-block-media-text__media\"><img loading=\"lazy\" decoding=\"async\" width=\"500\" height=\"500\" src=\"https:\/\/tangooled.com\/wp-content\/uploads\/2025\/12\/fl02-ins.webp\" alt=\"walkway embedded 10mm flanged slim led channel for 10mm led strip\" class=\"wp-image-42245 size-full\" srcset=\"https:\/\/tangooled.com\/wp-content\/uploads\/2025\/12\/fl02-ins.webp 500w, https:\/\/tangooled.com\/wp-content\/uploads\/2025\/12\/fl02-ins-300x300.webp 300w, https:\/\/tangooled.com\/wp-content\/uploads\/2025\/12\/fl02-ins-150x150.webp 150w\" sizes=\"auto, (max-width: 500px) 100vw, 500px\" \/><\/figure><\/div>\n<\/div><\/div>\n\n\n\n<div class=\"wp-block-group has-background is-vertical is-layout-flex wp-container-core-group-is-layout-b429018a wp-block-group-is-layout-flex\" style=\"background-color:#f1f1f1f2;padding-top:var(--wp--preset--spacing--70);padding-bottom:var(--wp--preset--spacing--70)\">\n<h2 class=\"wp-block-heading\" style=\"padding-top:var(--wp--preset--spacing--40);padding-bottom:var(--wp--preset--spacing--40);font-size:25px;font-style:normal;font-weight:600\">Comment utiliser le canal LED \u00e9troit \u00e0 flasque de 10 mm<\/h2>\n\n\n\n<ul class=\"wp-block-list\">\n<li>Un \u00e9clairage encastr\u00e9 soign\u00e9 peut rendre les all\u00e9es de jardin plus s\u00fbres et plus lumineuses.<\/li>\n\n\n\n<li>Lumi\u00e8res pour terrasses et patios : Int\u00e9grez des canaux LED dans des terrasses en bois ou en composite pour obtenir une magnifique illumination des bords.<\/li>\n\n\n\n<li>Carreaux de sol \u00e0 l'int\u00e9rieur : Ils embellissent les cuisines, salles de bains et couloirs avec un \u00e9clairage encastr\u00e9.<\/li>\n\n\n\n<li>Utilisez des lumi\u00e8res vives et durables pour d\u00e9limiter les chemins et les bordures sur les all\u00e9es et les sols de garage.<\/li>\n<\/ul>\n<\/div>\n\n\n\n<div class=\"wp-block-group is-vertical is-layout-flex wp-container-core-group-is-layout-d255d7c4 wp-block-group-is-layout-flex\" style=\"padding-top:var(--wp--preset--spacing--80);padding-bottom:var(--wp--preset--spacing--80)\">\n<h2 class=\"wp-block-heading\" style=\"padding-top:var(--wp--preset--spacing--40);padding-bottom:var(--wp--preset--spacing--40);font-size:25px;font-style:normal;font-weight:600;text-transform:capitalize\">Produits connexes qui pourraient vous int\u00e9resser<\/h2>\n\n\n\n<ul class=\"wp-block-list\">\n<li>Explorez notre slim <mark style=\"background-color:rgba(0, 0, 0, 0)\" class=\"has-inline-color has-vivid-red-color\"><a href=\"https:\/\/tangooled.com\/fr\/product\/25x6mm-low-profile-led-strip-channel-for-10mm-led-strip-light\/\">Ch\u00e2ssis de bande LED \u00e0 profil bas 25x6mm pour bande LED de 10mm<\/a> <\/mark>pour des installations encore plus fines.<\/li>\n\n\n\n<li>Trouvez le <a href=\"https:\/\/tangooled.com\/fr\/product\/surface-mount-led-profile-with-frosted-diffuser-for-10mm-rope-lights\/\"><mark style=\"background-color:rgba(0, 0, 0, 0)\" class=\"has-inline-color has-vivid-red-color\">profil LED \u00e0 monter en surface avec diffuseur d\u00e9poli pour \u00e9clairage \u00e0 corde de 10 mm<\/mark><\/a> pour installations en surface.<\/li>\n\n\n\n<li>Consid\u00e9rez <a href=\"https:\/\/tangooled.com\/fr\/product\/black-aluminum-u-channel-profile-for-10mm-led-strips\/\"><mark style=\"background-color:rgba(0, 0, 0, 0)\" class=\"has-inline-color has-vivid-red-color\">profil en U en aluminium noir pour bandes LED de 10 mm<\/mark><\/a> si vous voulez une option color\u00e9e.<\/li>\n\n\n\n<li>V\u00e9rifier <a href=\"https:\/\/tangooled.com\/fr\/product\/led-light-diffuser-channel-aluminum-15x12mm-for-10mm-led-strips\/\"><mark style=\"background-color:rgba(0, 0, 0, 0)\" class=\"has-inline-color has-vivid-red-color\">Canal diffuseur de lumi\u00e8re LED en aluminium 15x12mm pour bandes LED de 10mm<\/mark><\/a> pour des besoins d'\u00e9clairage diffus.<\/li>\n<\/ul>\n<\/div>\n\n\n\n<div class=\"wp-block-group has-background\" style=\"background-color:#f1f1f1;padding-top:var(--wp--preset--spacing--80);padding-bottom:var(--wp--preset--spacing--80)\"><div class=\"wp-block-group__inner-container is-layout-constrained wp-block-group-is-layout-constrained\">\n<p style=\"padding-right:var(--wp--preset--spacing--50);padding-left:var(--wp--preset--spacing--50)\">Notre canal LED slim avec flasque pour les all\u00e9es est une option styl\u00e9e, propre et durable pour ins\u00e9rer des bandes LED dans des sols, terrasses ou chemins. Ce canal est parfait pour un \u00e9clairage s\u00fbr et attrayant partout au sol car il est petit, poss\u00e8de une surface flans\u00e9e et peut supporter des charges.<\/p>\n<\/div><\/div>\n\n\n\n<p><\/p>","protected":false},"featured_media":13529,"template":"","meta":{"_acf_changed":true,"_seopress_robots_primary_cat":"none","_seopress_titles_title":"Recessed Floor LED Channel with Flange | 10mm Slim FL02 Profile | TANGOOLED","_seopress_titles_desc":"The FL02 is a slim recessed floor led channel featuring a 10mm flange for seamless installation. Designed for 10mm LED strips, this aluminum walk-over profile is ideal for walkway and corridor floor lighting.","_seopress_robots_index":""},"pcb-width":[228],"product-cat":[199],"class_list":{"0":"post-42222","1":"product","2":"type-product","3":"status-publish","4":"has-post-thumbnail","6":"pcb-width-6-12mm","7":"product-cat-inground-profile"},"acf":[],"_links":{"self":[{"href":"https:\/\/tangooled.com\/fr\/wp-json\/wp\/v2\/product\/42222","targetHints":{"allow":["GET"]}}],"collection":[{"href":"https:\/\/tangooled.com\/fr\/wp-json\/wp\/v2\/product"}],"about":[{"href":"https:\/\/tangooled.com\/fr\/wp-json\/wp\/v2\/types\/product"}],"wp:featuredmedia":[{"embeddable":true,"href":"https:\/\/tangooled.com\/fr\/wp-json\/wp\/v2\/media\/13529"}],"wp:attachment":[{"href":"https:\/\/tangooled.com\/fr\/wp-json\/wp\/v2\/media?parent=42222"}],"wp:term":[{"taxonomy":"pcb-width","embeddable":true,"href":"https:\/\/tangooled.com\/fr\/wp-json\/wp\/v2\/pcb-width?post=42222"},{"taxonomy":"product-cat","embeddable":true,"href":"https:\/\/tangooled.com\/fr\/wp-json\/wp\/v2\/product-cat?post=42222"}],"curies":[{"name":"wp","href":"https:\/\/api.w.org\/{rel}","templated":true}]}}