{"id":42203,"date":"2025-12-17T05:29:18","date_gmt":"2025-12-17T13:29:18","guid":{"rendered":"https:\/\/tangooled.com\/?post_type=product&#038;p=42203"},"modified":"2026-02-02T02:06:20","modified_gmt":"2026-02-02T10:06:20","slug":"stp07-stair-edge-aluminum-lightweight-profile-10mm","status":"publish","type":"product","link":"https:\/\/tangooled.com\/fr\/product\/stp07-stair-edge-aluminum-lightweight-profile-10mm\/","title":{"rendered":"Profil LED de bord de marche l\u00e9ger pour bandes de 10 mm"},"content":{"rendered":"<div class=\"wp-block-group is-vertical is-layout-flex wp-container-core-group-is-layout-d255d7c4 wp-block-group-is-layout-flex\" style=\"padding-top:var(--wp--preset--spacing--80);padding-bottom:var(--wp--preset--spacing--80)\">\n<p>Notre profil l\u00e9ger en aluminium pour le bord des escaliers est con\u00e7u pour les bandes LED de 10 mm et illuminera vos escaliers en toute s\u00e9curit\u00e9 et \u00e9l\u00e9gamment. Placez ce profil de nez de marche au bord de votre escalier, et il \u00e9clairera toute la surface de la marche sous un angle inclin\u00e9, afin que vous puissiez voir chaque marche que vous montez et descendez pour votre s\u00e9curit\u00e9.<\/p>\n\n\n\n<p>Fabriqu\u00e9 en aluminium de haute qualit\u00e9 avec une surface stri\u00e9e pour \u00e9viter de glisser, et il fonctionne avec des bandes lumineuses de 10 mm. Les LED sont couvertes par un diffuseur semi-transparent ou opale, sans points LED agressifs ; l'effet d'\u00e9clairage d'escalier pr\u00e9sent\u00e9 est doux et uniforme.\u00a0<\/p>\n\n\n\n<p>Ce profil est robuste, facile \u00e0 couper et \u00e0 installer, et fonctionne bien sur divers types de marches. Il donne \u00e0 vos marches une apparence lumineuse, s\u00e9curis\u00e9e et \u00e9l\u00e9gante.<\/p>\n<\/div>\n\n\n\n<div class=\"wp-block-group has-background is-vertical is-layout-flex wp-container-core-group-is-layout-d255d7c4 wp-block-group-is-layout-flex\" style=\"background-color:#f1f1f1;padding-top:var(--wp--preset--spacing--80);padding-bottom:var(--wp--preset--spacing--80)\">\n<div class=\"wp-block-group is-vertical is-layout-flex wp-container-core-group-is-layout-8cf370e7 wp-block-group-is-layout-flex\">\n<h2 class=\"wp-block-heading\" style=\"padding-top:var(--wp--preset--spacing--40);padding-bottom:var(--wp--preset--spacing--40);font-size:25px;font-style:normal;font-weight:600;text-transform:capitalize\">Pourquoi choisir ce profil ?<\/h2>\n\n\n\n<ul class=\"wp-block-list\">\n<li>Fabriqu\u00e9 en aluminium anodis\u00e9 6063 pour r\u00e9duire la chaleur et prolonger la dur\u00e9e de vie de la LED.<\/li>\n\n\n\n<li>Fonctionne avec des bandes LED de 10 mm de large ou plus.<\/li>\n\n\n\n<li>Dispose d'un diffuseur d\u00e9poli qui r\u00e9partit la lumi\u00e8re uniform\u00e9ment sans points aveillants.<\/li>\n\n\n\n<li>Lorsqu'ils sont associ\u00e9s \u00e0 des bandes LED r\u00e9sistantes \u00e0 l'eau, ils peuvent \u00eatre utilis\u00e9s \u00e0 l'int\u00e9rieur ou \u00e0 l'ext\u00e9rieur.<\/li>\n\n\n\n<li>Fonctionne bien sur du bois, du carrelage, du b\u00e9ton et d'autres surfaces.<\/li>\n\n\n\n<li>Livr\u00e9 avec des vis et des capuchons de fin pour une installation rapide.<\/li>\n\n\n\n<li>Ajoute un bord antid\u00e9rapant aux marches pour les rendre plus s\u00fbres.<\/li>\n<\/ul>\n<\/div>\n<\/div>\n\n\n\n<div class=\"wp-block-group is-vertical is-layout-flex wp-container-core-group-is-layout-d255d7c4 wp-block-group-is-layout-flex\" style=\"padding-top:var(--wp--preset--spacing--80);padding-bottom:var(--wp--preset--spacing--80)\">\n<hr class=\"wp-block-separator has-alpha-channel-opacity\"\/>\n\n\n\n<div class=\"wp-block-media-text has-media-on-the-right is-stacked-on-mobile\" style=\"grid-template-columns:auto 40%\"><div class=\"wp-block-media-text__content\">\n<h2 class=\"wp-block-heading\" style=\"padding-top:var(--wp--preset--spacing--40);padding-bottom:var(--wp--preset--spacing--40);font-size:25px;font-style:normal;font-weight:600;text-transform:capitalize\">Comment installer ?<\/h2>\n\n\n\n<ul class=\"wp-block-list\">\n<li>D\u00e9terminez la longueur de vos escaliers.<\/li>\n\n\n\n<li>Coupez le profil m\u00e9tallique \u00e0 la bonne longueur.<\/li>\n\n\n\n<li>Utilisez des vis pour le fixer au bord des escaliers.<\/li>\n\n\n\n<li>Mettez votre bande LED de 10 mm \u00e0 l'int\u00e9rieur du canal.<\/li>\n\n\n\n<li>Fixez le couvercle du diffuseur d\u00e9poli.<\/li>\n\n\n\n<li>Connectez les bandes LED \u00e0 l'alimentation \u00e9lectrique.<\/li>\n\n\n\n<li>Profitez d'un \u00e9clairage brillant, doux et s\u00fbr aux bords de vos escaliers !<\/li>\n<\/ul>\n<\/div><figure class=\"wp-block-media-text__media\"><img loading=\"lazy\" decoding=\"async\" width=\"500\" height=\"500\" src=\"https:\/\/tangooled.com\/wp-content\/uploads\/2025\/12\/stp07-ins.webp\" alt=\"stair edge lighting aluminum lightweight profile for 10mm led strip\" class=\"wp-image-42234 size-full\" srcset=\"https:\/\/tangooled.com\/wp-content\/uploads\/2025\/12\/stp07-ins.webp 500w, https:\/\/tangooled.com\/wp-content\/uploads\/2025\/12\/stp07-ins-300x300.webp 300w, https:\/\/tangooled.com\/wp-content\/uploads\/2025\/12\/stp07-ins-150x150.webp 150w\" sizes=\"auto, (max-width: 500px) 100vw, 500px\" \/><\/figure><\/div>\n<\/div>\n\n\n\n<div class=\"wp-block-group has-background is-vertical is-layout-flex wp-container-core-group-is-layout-b429018a wp-block-group-is-layout-flex\" style=\"background-color:#f1f1f1f2;padding-top:var(--wp--preset--spacing--70);padding-bottom:var(--wp--preset--spacing--70)\">\n<h2 class=\"wp-block-heading\" style=\"padding-top:var(--wp--preset--spacing--40);padding-bottom:var(--wp--preset--spacing--40);font-size:25px;font-style:normal;font-weight:600\">O\u00f9 utiliser ce profil l\u00e9ger en aluminium pour le bord des escaliers ?<\/h2>\n\n\n\n<ul class=\"wp-block-list\">\n<li>Escaliers domestiques : \u00e0 l'int\u00e9rieur ou \u00e0 l'ext\u00e9rieur, sur bois, carrelage ou b\u00e9ton.<\/li>\n\n\n\n<li>B\u00e2timents commerciaux : h\u00f4tels, restaurants, th\u00e9\u00e2tres, cin\u00e9mas et magasins<\/li>\n\n\n\n<li>Escaliers ext\u00e9rieurs : escaliers menant au patio ou au jardin (avec des LEDs r\u00e9sistants aux intemp\u00e9ries).<\/li>\n\n\n\n<li>Lieux sp\u00e9ciaux : halls d'entr\u00e9e, terrasses, all\u00e9es, et partout o\u00f9 un \u00e9clairage de s\u00e9curit\u00e9 est n\u00e9cessaire.<\/li>\n<\/ul>\n<\/div>\n\n\n\n<div class=\"wp-block-group is-vertical is-layout-flex wp-container-core-group-is-layout-d255d7c4 wp-block-group-is-layout-flex\" style=\"padding-top:var(--wp--preset--spacing--80);padding-bottom:var(--wp--preset--spacing--80)\">\n<h2 class=\"wp-block-heading\" style=\"padding-top:var(--wp--preset--spacing--40);padding-bottom:var(--wp--preset--spacing--40);font-size:25px;font-style:normal;font-weight:600;text-transform:capitalize\">R\u00e9sum\u00e9<\/h2>\n\n\n\n<p>Pour \u00e9clairer les escaliers en toute s\u00e9curit\u00e9, avec style et durablement, notre profil l\u00e9ger en aluminium pour bandes LED de 10 mm est la meilleure solution. Il est facile \u00e0 assembler, a un bel aspect et peut \u00eatre utilis\u00e9 dans de nombreux environnements, tels que les maisons, les bureaux, les th\u00e9\u00e2tres et \u00e0 l'ext\u00e9rieur. Ajoutez une lumi\u00e8re directe \u00e0 chaque marche pour prot\u00e9ger vos LEDs et faire briller votre espace ! Pour en savoir plus sur les profils d'\u00e9clairage d'escalier en aluminium, consultez nos offres connexes comme le <a href=\"https:\/\/tangooled.com\/fr\/product\/black-led-diffuser-aluminum-channel-for-12mm-tape-lights\/\"><mark style=\"background-color:rgba(0, 0, 0, 0)\" class=\"has-inline-color has-vivid-red-color\">Canal en aluminium avec diffuseur LED noir pour bandes de 12mm<\/mark><\/a> ou explorez nos <a href=\"https:\/\/tangooled.com\/fr\/product\/surface-mount-led-profile-with-frosted-diffuser-for-10mm-rope-lights\/\"><mark style=\"background-color:rgba(0, 0, 0, 0)\" class=\"has-inline-color has-vivid-red-color\">Profil LED \u00e0 monter sur la surface avec diffuseur d\u00e9poli <\/mark><\/a>pour diff\u00e9rents besoins d'\u00e9clairage.<\/p>\n<\/div>\n\n\n\n<p><\/p>","protected":false},"featured_media":13618,"template":"","meta":{"_acf_changed":true,"_seopress_robots_primary_cat":"none","_seopress_titles_title":"Lightweight Stair Edge Aluminum Profile | Slim LED Step Light STP07","_seopress_titles_desc":"The STP07 is a slim stair edge aluminum lightweight profile designed for 10mm strip lights. Perfect for residential DIY and minimalist decor, this easy-to-install profile provides subtle step edge lighting.","_seopress_robots_index":""},"pcb-width":[228],"product-cat":[200],"class_list":{"0":"post-42203","1":"product","2":"type-product","3":"status-publish","4":"has-post-thumbnail","6":"pcb-width-6-12mm","7":"product-cat-stair-nosing-profile"},"acf":[],"_links":{"self":[{"href":"https:\/\/tangooled.com\/fr\/wp-json\/wp\/v2\/product\/42203","targetHints":{"allow":["GET"]}}],"collection":[{"href":"https:\/\/tangooled.com\/fr\/wp-json\/wp\/v2\/product"}],"about":[{"href":"https:\/\/tangooled.com\/fr\/wp-json\/wp\/v2\/types\/product"}],"wp:featuredmedia":[{"embeddable":true,"href":"https:\/\/tangooled.com\/fr\/wp-json\/wp\/v2\/media\/13618"}],"wp:attachment":[{"href":"https:\/\/tangooled.com\/fr\/wp-json\/wp\/v2\/media?parent=42203"}],"wp:term":[{"taxonomy":"pcb-width","embeddable":true,"href":"https:\/\/tangooled.com\/fr\/wp-json\/wp\/v2\/pcb-width?post=42203"},{"taxonomy":"product-cat","embeddable":true,"href":"https:\/\/tangooled.com\/fr\/wp-json\/wp\/v2\/product-cat?post=42203"}],"curies":[{"name":"wp","href":"https:\/\/api.w.org\/{rel}","templated":true}]}}