{"id":42202,"date":"2025-12-17T05:22:27","date_gmt":"2025-12-17T13:22:27","guid":{"rendered":"https:\/\/tangooled.com\/?post_type=product&#038;p=42202"},"modified":"2026-01-27T01:56:24","modified_gmt":"2026-01-27T09:56:24","slug":"2-in-1-anti-slip-led-stair-nosing-profile-for-12mm-led-strip","status":"publish","type":"product","link":"https:\/\/tangooled.com\/fr\/product\/2-in-1-anti-slip-led-stair-nosing-profile-for-12mm-led-strip\/","title":{"rendered":"Profil de nez de marche LED anti-glisse 2 en 1 pour bande LED de 12 mm"},"content":{"rendered":"<div class=\"wp-block-group is-vertical is-layout-flex wp-container-core-group-is-layout-d255d7c4 wp-block-group-is-layout-flex\" style=\"padding-top:var(--wp--preset--spacing--80);padding-bottom:var(--wp--preset--spacing--80)\">\n<p>Need your stair tread safe and stylish? Check out our 2-in-1 anti slip stair nosing profile. This stair nosing profile has a 2-in-1 structure that lets you install the light and fix it in place by screwing the light body to the edges of wooden, concrete, or metal stair treads. Then, you can snap the anti-slip part onto it. It&#8217;s easy to install this type of aluminum stair nosing profile, and you can utilize it to enhance or modify your stairway at any time.<\/p>\n\n\n\n<p>Ce profil de nez de marche en aluminium 2-en-1 est solide et con\u00e7u pour durer. Il maintient une classification IP20 pour les environnements int\u00e9rieurs secs. Lorsqu'il est utilis\u00e9 sur des escaliers ext\u00e9rieurs, choisissez des bandes IP67 pour une \u00e9tanch\u00e9it\u00e9 sup\u00e9rieure.<br>Le profil de nez de marche antid\u00e9rapant aide vos pieds \u00e0 adh\u00e9rer aux marches, emp\u00eachant les glissades m\u00eame dans des conditions humides ou sombres, am\u00e9liorant grandement la s\u00e9curit\u00e9 lors de la mont\u00e9e et de la descente des escaliers.<\/p>\n<\/div>\n\n\n\n<div class=\"wp-block-group has-background is-vertical is-layout-flex wp-container-core-group-is-layout-d255d7c4 wp-block-group-is-layout-flex\" style=\"background-color:#f1f1f1;padding-top:var(--wp--preset--spacing--80);padding-bottom:var(--wp--preset--spacing--80)\">\n<div class=\"wp-block-group is-vertical is-layout-flex wp-container-core-group-is-layout-8cf370e7 wp-block-group-is-layout-flex\">\n<h2 class=\"wp-block-heading\" style=\"padding-top:var(--wp--preset--spacing--40);padding-bottom:var(--wp--preset--spacing--40);font-size:25px;font-style:normal;font-weight:600;text-transform:capitalize\">Pourquoi choisir notre profil de nez de marche antid\u00e9rapant 2-en-1 ?<\/h2>\n\n\n\n<ul class=\"wp-block-list\">\n<li>Construction deux-en-un : Deux bandes d'extrusion en aluminium vous offrent protection et \u00e9clairage.<\/li>\n\n\n\n<li>Surface antid\u00e9rapante : Les fines stries sur la surface en aluminium vous emp\u00eachent de glisser et de tomber.<\/li>\n\n\n\n<li>\u00c9clairage s\u00e9curis\u00e9 : Les lumi\u00e8res \u00e9clairent les marches sans les rendre difficiles \u00e0 voir.<\/li>\n\n\n\n<li>Simple \u00e0 assembler : Il suffit de visser la section d'\u00e9clairage et de clipser la bande antid\u00e9rapante en place.<\/li>\n<\/ul>\n<\/div>\n<\/div>\n\n\n\n<div class=\"wp-block-group\" style=\"padding-top:var(--wp--preset--spacing--60);padding-bottom:var(--wp--preset--spacing--60)\"><div class=\"wp-block-group__inner-container is-layout-constrained wp-block-group-is-layout-constrained\">\n<div class=\"wp-block-media-text has-media-on-the-right is-stacked-on-mobile\" style=\"grid-template-columns:auto 40%\"><div class=\"wp-block-media-text__content\">\n<h2 class=\"wp-block-heading\" style=\"padding-top:var(--wp--preset--spacing--40);padding-bottom:var(--wp--preset--spacing--40);font-size:25px;font-style:normal;font-weight:600;text-transform:capitalize\">Installation facile<\/h2>\n\n\n\n<ul class=\"wp-block-list\">\n<li>Ins\u00e9rez la bande LED dans la section de bande lumineuse en aluminium et utilisez des vis pour la maintenir en place sur le bord de la marche.<\/li>\n\n\n\n<li>Fixez la bande en aluminium qui emp\u00eache le glissement \u00e0 la partie lumineuse.<\/li>\n\n\n\n<li>Placez les embouts aux deux extr\u00e9mit\u00e9s du profil de marche.<\/li>\n\n\n\n<li>Connectez \u00e0 une alimentation LED DC.<\/li>\n<\/ul>\n<\/div><figure class=\"wp-block-media-text__media\"><img loading=\"lazy\" decoding=\"async\" width=\"500\" height=\"500\" src=\"https:\/\/tangooled.com\/wp-content\/uploads\/2025\/12\/stp06-ins.webp\" alt=\"2 in 1 anti slip led stair nosing profile for 12mm led strip\" class=\"wp-image-42231 size-full\" srcset=\"https:\/\/tangooled.com\/wp-content\/uploads\/2025\/12\/stp06-ins.webp 500w, https:\/\/tangooled.com\/wp-content\/uploads\/2025\/12\/stp06-ins-300x300.webp 300w, https:\/\/tangooled.com\/wp-content\/uploads\/2025\/12\/stp06-ins-150x150.webp 150w\" sizes=\"auto, (max-width: 500px) 100vw, 500px\" \/><\/figure><\/div>\n<\/div><\/div>\n\n\n\n<div class=\"wp-block-group has-background is-vertical is-layout-flex wp-container-core-group-is-layout-b429018a wp-block-group-is-layout-flex\" style=\"background-color:#f1f1f1f2;padding-top:var(--wp--preset--spacing--70);padding-bottom:var(--wp--preset--spacing--70)\">\n<h2 class=\"wp-block-heading\" style=\"padding-top:var(--wp--preset--spacing--40);padding-bottom:var(--wp--preset--spacing--40);font-size:25px;font-style:normal;font-weight:600\">O\u00f9 l'utiliser ?<\/h2>\n\n\n\n<p>Notre profil de nez de marche antid\u00e9rapant 2-en-1 convient \u00e0 de nombreux endroits et escaliers :<\/p>\n\n\n\n<ul class=\"wp-block-list\">\n<li>Maisons : Couloirs, sous-sols, salles de cin\u00e9ma maison, et escaliers en carrelage ou en bois.<\/li>\n\n\n\n<li>Commercial : H\u00f4tels, bureaux, th\u00e9\u00e2tres et magasins n\u00e9cessitant des marches s\u00fbres et lumineuses.<\/li>\n\n\n\n<li>Ext\u00e9rieur : Si le produit est class\u00e9 pour un usage ext\u00e9rieur, vous pouvez l'utiliser sur des marches en b\u00e9ton ou en carrelage (voir les sp\u00e9cifications).<\/li>\n\n\n\n<li>Types de sols : bois, carrelage, stratifi\u00e9, b\u00e9ton et moquette l\u00e9g\u00e8re (avec pr\u00e9cautions).<\/li>\n<\/ul>\n<\/div>\n\n\n\n<div class=\"wp-block-group is-vertical is-layout-flex wp-container-core-group-is-layout-d255d7c4 wp-block-group-is-layout-flex\" style=\"padding-top:var(--wp--preset--spacing--80);padding-bottom:var(--wp--preset--spacing--80)\">\n<h2 class=\"wp-block-heading\" style=\"padding-top:var(--wp--preset--spacing--40);padding-bottom:var(--wp--preset--spacing--40);font-size:25px;font-style:normal;font-weight:600;text-transform:capitalize\">Profils LED compatibles de notre gamme<\/h2>\n\n\n\n<p>Si vous souhaitez d'autres canaux LED pour diff\u00e9rentes tailles ou effets, consultez ces excellentes options :<\/p>\n\n\n\n<ul class=\"wp-block-list\">\n<li><a href=\"https:\/\/tangooled.com\/fr\/product\/black-led-diffuser-aluminum-channel-for-12mm-tape-lights\/\"><mark style=\"background-color:rgba(0, 0, 0, 0)\" class=\"has-inline-color has-vivid-red-color\">Profil en aluminium avec diffuseur LED noir pour bandes de 12 mm<\/mark><\/a>.<\/li>\n\n\n\n<li><a href=\"https:\/\/tangooled.com\/fr\/product\/18mm-flexible-led-profile-for-12mm-led-strips\/\"><mark style=\"background-color:rgba(0, 0, 0, 0)\" class=\"has-inline-color has-vivid-red-color\">Profil LED flexible de 18 mm pour bandes LED de 12 mm<\/mark><\/a>.<\/li>\n\n\n\n<li><a href=\"https:\/\/tangooled.com\/fr\/product\/2-in-1-anti-slip-led-stair-nosing-profile-for-12mm-led-strip\/\"><mark style=\"background-color:rgba(0, 0, 0, 0)\" class=\"has-inline-color has-vivid-red-color\">Profil de nez de marche LED antid\u00e9rapant 2-en-1 pour bande LED de 12 mm<\/mark><\/a>.<\/li>\n\n\n\n<li><a href=\"https:\/\/tangooled.com\/fr\/product\/26mm-floor-recessed-led-aluminum-channel-for-12mm-led-strips\/\"><mark style=\"background-color:rgba(0, 0, 0, 0)\" class=\"has-inline-color has-vivid-red-color\">Canal LED en aluminium encastr\u00e9 de 26 mm pour bandes LED de 12 mm<\/mark><\/a>.<\/li>\n\n\n\n<li><a href=\"https:\/\/tangooled.com\/fr\/product\/aluminum-drywall-led-skirting-profile-for-12mm-tape-light\/\"><mark style=\"background-color:rgba(0, 0, 0, 0)\" class=\"has-inline-color has-vivid-red-color\">Profil de plinthe LED en aluminium pour bandes lumineuses de 12 mm<\/mark><\/a>.<\/li>\n<\/ul>\n<\/div>\n\n\n\n<div class=\"wp-block-group has-background\" style=\"background-color:#f1f1f1;padding-top:var(--wp--preset--spacing--80);padding-bottom:var(--wp--preset--spacing--80)\"><div class=\"wp-block-group__inner-container is-layout-constrained wp-block-group-is-layout-constrained\">\n<h2 class=\"wp-block-heading\" style=\"padding-top:var(--wp--preset--spacing--40);padding-bottom:var(--wp--preset--spacing--40);font-size:25px;font-style:normal;font-weight:600;text-transform:capitalize\">r\u00e9sum\u00e9<\/h2>\n\n\n\n<p style=\"padding-right:var(--wp--preset--spacing--50);padding-left:var(--wp--preset--spacing--50)\">If you want safer, brighter staircases, our 2-in-1 anti-slip stair nosing profile is the ideal solution. It has a robust edge protector that keeps people from slipping and a beautiful, concealed LED light channel for 12mm LED strips. You get superb protection for your stairs with lighting that is clear and doesn&#8217;t glare, and suits many types of floors. This product is easy to put together and will last a long time. It combines safety and beauty.<\/p>\n<\/div><\/div>\n\n\n\n<p><\/p>","protected":false},"featured_media":13613,"template":"","meta":{"_acf_changed":true,"_seopress_robots_primary_cat":"none","_seopress_titles_title":"Anti-Slip LED Stair Nosing Profile STP06 | TANGOOLED","_seopress_titles_desc":"Our 2-in-1 anti slip led stair nosing profile designed for 12mm led strips. Featuring a robust aluminum body and enhanced grip, it provides superior safety and architectural lighting for high-traffic stairs.","_seopress_robots_index":""},"pcb-width":[228],"product-cat":[200],"class_list":{"0":"post-42202","1":"product","2":"type-product","3":"status-publish","4":"has-post-thumbnail","6":"pcb-width-6-12mm","7":"product-cat-stair-nosing-profile"},"acf":[],"_links":{"self":[{"href":"https:\/\/tangooled.com\/fr\/wp-json\/wp\/v2\/product\/42202","targetHints":{"allow":["GET"]}}],"collection":[{"href":"https:\/\/tangooled.com\/fr\/wp-json\/wp\/v2\/product"}],"about":[{"href":"https:\/\/tangooled.com\/fr\/wp-json\/wp\/v2\/types\/product"}],"wp:featuredmedia":[{"embeddable":true,"href":"https:\/\/tangooled.com\/fr\/wp-json\/wp\/v2\/media\/13613"}],"wp:attachment":[{"href":"https:\/\/tangooled.com\/fr\/wp-json\/wp\/v2\/media?parent=42202"}],"wp:term":[{"taxonomy":"pcb-width","embeddable":true,"href":"https:\/\/tangooled.com\/fr\/wp-json\/wp\/v2\/pcb-width?post=42202"},{"taxonomy":"product-cat","embeddable":true,"href":"https:\/\/tangooled.com\/fr\/wp-json\/wp\/v2\/product-cat?post=42202"}],"curies":[{"name":"wp","href":"https:\/\/api.w.org\/{rel}","templated":true}]}}