{"id":42199,"date":"2025-12-17T05:15:25","date_gmt":"2025-12-17T13:15:25","guid":{"rendered":"https:\/\/tangooled.com\/?post_type=product&#038;p=42199"},"modified":"2026-01-31T06:58:03","modified_gmt":"2026-01-31T14:58:03","slug":"surface-mount-aluminum-stair-nosing-profile-for-10mm-led-strip","status":"publish","type":"product","link":"https:\/\/tangooled.com\/fr\/product\/surface-mount-aluminum-stair-nosing-profile-for-10mm-led-strip\/","title":{"rendered":"Profil de nez de marche en aluminium \u00e0 montage en surface pour bande LED de 10 mm"},"content":{"rendered":"<div class=\"wp-block-group is-vertical is-layout-flex wp-container-core-group-is-layout-d255d7c4 wp-block-group-is-layout-flex\" style=\"padding-top:var(--wp--preset--spacing--80);padding-bottom:var(--wp--preset--spacing--80)\">\n<p>Rendez vos escaliers plus s\u00fbrs et plus lumineux avec notre profil de nez de marche en aluminium \u00e0 montage en surface. Ce profil est directement viss\u00e9 sur le bord des marches sans endommager la structure sous-jacente de l'escalier, ce qui en fait une solution d'\u00e9clairage r\u00e9trofit rapide pour les escaliers existants. Il est compatible avec une large gamme de mat\u00e9riaux d'escalier, y compris le b\u00e9ton, le bois et le carrelage.<\/p>\n\n\n\n<p>The horizontal stripes on the surface make it easier to perceive and provide you a grip that won&#8217;t slip. Constructed from aluminum alloy, the profile is wear-resistant and ideal for indoor and outdoor use.<br>Ce profil pr\u00e9sente trois avantages : il prot\u00e8ge les bords des marches, vous offre une prise antid\u00e9rapante et fournit une illumination douce et sans \u00e9blouissement \u00e0 chaque marche. Il s'ajuste parfaitement \u00e0 la plupart des bandes LED et est facile \u00e0 installer sur les escaliers existants, ce qui le rend id\u00e9al pour les maisons, les bureaux et les espaces publics.<\/p>\n<\/div>\n\n\n\n<div class=\"wp-block-group has-background is-vertical is-layout-flex wp-container-core-group-is-layout-d255d7c4 wp-block-group-is-layout-flex\" style=\"background-color:#f1f1f1;padding-top:var(--wp--preset--spacing--80);padding-bottom:var(--wp--preset--spacing--80)\">\n<div class=\"wp-block-group is-vertical is-layout-flex wp-container-core-group-is-layout-8cf370e7 wp-block-group-is-layout-flex\">\n<h2 class=\"wp-block-heading\" style=\"padding-top:var(--wp--preset--spacing--40);padding-bottom:var(--wp--preset--spacing--40);font-size:25px;font-style:normal;font-weight:600;text-transform:capitalize\">Pourquoi choisir notre profil de nez de marche en aluminium \u00e0 montage en surface ?<\/h2>\n\n\n\n<ul class=\"wp-block-list\">\n<li>Fabriqu\u00e9 en aluminium anodis\u00e9 6063-T5 solide qui peut supporter la chaleur et rester r\u00e9sistant.<\/li>\n\n\n\n<li>Le design de surface avec des rainures stri\u00e9es augmente le frottement de surface pour pr\u00e9venir les chutes.<\/li>\n\n\n\n<li>Le design \u00e0 montage en surface rend l'installation simple sur du bois, du b\u00e9ton, du carrelage ou de la moquette.<\/li>\n\n\n\n<li>Livr\u00e9 avec un couvercle diffuseur opale qui rend la lumi\u00e8re douce et uniforme, sans taches ni \u00e9blouissement.<\/li>\n\n\n\n<li>Direction de la lumi\u00e8re vers le bas qui \u00e9claire la marche suivante en toute s\u00e9curit\u00e9.<\/li>\n\n\n\n<li>Disponible en finitions argent, noir et bronze pour s'adapter \u00e0 tous les styles.<\/li>\n<\/ul>\n<\/div>\n<\/div>\n\n\n\n<div class=\"wp-block-group\" style=\"padding-top:var(--wp--preset--spacing--60);padding-bottom:var(--wp--preset--spacing--60)\"><div class=\"wp-block-group__inner-container is-layout-constrained wp-block-group-is-layout-constrained\">\n<div class=\"wp-block-media-text has-media-on-the-right is-stacked-on-mobile\" style=\"grid-template-columns:auto 40%\"><div class=\"wp-block-media-text__content\">\n<h2 class=\"wp-block-heading\" style=\"padding-top:var(--wp--preset--spacing--40);padding-bottom:var(--wp--preset--spacing--40);font-size:25px;font-style:normal;font-weight:600;text-transform:capitalize\">\u00c9tapes d'installation<\/h2>\n\n\n\n<ul class=\"wp-block-list\">\n<li>Pr\u00e9parez la surface de la marche en vous assurant qu'elle est propre, s\u00e8che et plane.<\/li>\n\n\n\n<li>Utilisez une scie \u00e0 onglet pour couper le profil en aluminium \u00e0 la bonne longueur.<\/li>\n\n\n\n<li>Placez le profil de montage en surface sur le bord de vos escaliers et vissez-le.<\/li>\n\n\n\n<li>Placez votre bande LED de 10 mm dans le canal.<\/li>\n\n\n\n<li>Placez le diffuseur opale pour rendre la lumi\u00e8re douce.<\/li>\n<\/ul>\n<\/div><figure class=\"wp-block-media-text__media\"><img loading=\"lazy\" decoding=\"async\" width=\"500\" height=\"500\" src=\"https:\/\/tangooled.com\/wp-content\/uploads\/2025\/12\/stp05-ins.webp\" alt=\"Profil de nez de marche en aluminium \u00e0 montage en surface pour bande LED de 10 mm\" class=\"wp-image-42218 size-full\" srcset=\"https:\/\/tangooled.com\/wp-content\/uploads\/2025\/12\/stp05-ins.webp 500w, https:\/\/tangooled.com\/wp-content\/uploads\/2025\/12\/stp05-ins-300x300.webp 300w, https:\/\/tangooled.com\/wp-content\/uploads\/2025\/12\/stp05-ins-150x150.webp 150w\" sizes=\"auto, (max-width: 500px) 100vw, 500px\" \/><\/figure><\/div>\n<\/div><\/div>\n\n\n\n<div class=\"wp-block-group has-background is-vertical is-layout-flex wp-container-core-group-is-layout-b429018a wp-block-group-is-layout-flex\" style=\"background-color:#f1f1f1f2;padding-top:var(--wp--preset--spacing--70);padding-bottom:var(--wp--preset--spacing--70)\">\n<h2 class=\"wp-block-heading\" style=\"padding-top:var(--wp--preset--spacing--40);padding-bottom:var(--wp--preset--spacing--40);font-size:25px;font-style:normal;font-weight:600\">Sc\u00e9narios d'utilisation<\/h2>\n\n\n\n<ul class=\"wp-block-list\">\n<li>Escaliers, sous-sols et couloirs dans les maisons.&nbsp;<\/li>\n\n\n\n<li>Escaliers dans les th\u00e9\u00e2tres et cin\u00e9mas pour la s\u00e9curit\u00e9 et l'ambiance.&nbsp;<\/li>\n\n\n\n<li>Escaliers dans les halls d'h\u00f4tel et restaurants pour le luxe et la s\u00e9curit\u00e9.&nbsp;<\/li>\n\n\n\n<li>Escaliers dans les bureaux et magasins dans les b\u00e2timents commerciaux.<\/li>\n\n\n\n<li>Escaliers sur des terrasses ext\u00e9rieures lorsqu'ils sont utilis\u00e9s avec des bandes LED \u00e9tanches.<\/li>\n<\/ul>\n<\/div>\n\n\n\n<div class=\"wp-block-group\" style=\"padding-top:var(--wp--preset--spacing--80);padding-bottom:var(--wp--preset--spacing--80)\"><div class=\"wp-block-group__inner-container is-layout-constrained wp-block-group-is-layout-constrained\">\n<h2 class=\"wp-block-heading\" style=\"padding-top:var(--wp--preset--spacing--40);padding-bottom:var(--wp--preset--spacing--40);font-size:25px;font-style:normal;font-weight:600;text-transform:capitalize\">Produits associ\u00e9s<\/h2>\n\n\n\n<ul class=\"wp-block-list\">\n<li><a href=\"https:\/\/tangooled.com\/fr\/product\/black-aluminum-u-channel-profile-for-10mm-led-strips\/\"><mark style=\"background-color:rgba(0, 0, 0, 0)\" class=\"has-inline-color has-vivid-red-color\">Profil\u00e9 canal en aluminium noir en U pour bandes LED de 10mm<\/mark><\/a><\/li>\n\n\n\n<li><a href=\"https:\/\/tangooled.com\/fr\/product\/led-strip-light-channel-aluminum-profile-with-diffused-cover-6mm-height\/\"><mark style=\"background-color:rgba(0, 0, 0, 0)\" class=\"has-inline-color has-vivid-red-color\">Profil LED \u00e0 montage en surface avec diffuseur d\u00e9poli pour bandes de 10 mm<\/mark><\/a><\/li>\n\n\n\n<li><a href=\"https:\/\/tangooled.com\/fr\/product\/surface-mount-led-profile-with-frosted-diffuser-for-10mm-rope-lights\/\"><mark style=\"background-color:rgba(0, 0, 0, 0)\" class=\"has-inline-color has-vivid-red-color\">Profil en aluminium pour bande LED avec couvercle diffusant de 6 mm de hauteur<\/mark><\/a><\/li>\n<\/ul>\n<\/div><\/div>\n\n\n\n<div class=\"wp-block-group has-background\" style=\"background-color:#f1f1f1;padding-top:var(--wp--preset--spacing--80);padding-bottom:var(--wp--preset--spacing--80)\"><div class=\"wp-block-group__inner-container is-layout-constrained wp-block-group-is-layout-constrained\">\n<p style=\"padding-right:var(--wp--preset--spacing--50);padding-left:var(--wp--preset--spacing--50)\">Am\u00e9liorez vos escaliers avec notre profil de nez de marche en aluminium \u00e0 montage en surface pour bandes LED de 10 mm. Prot\u00e9gez vos bords, ajoutez de la s\u00e9curit\u00e9 avec des caract\u00e9ristiques antid\u00e9rapantes et cr\u00e9ez un \u00e9clairage LED spectaculaire sans \u00e9blouissement qui met en valeur chaque marche. Pour plus d'options, visitez notre s\u00e9lection de profils compl\u00e9mentaires et de diffuseurs sur <a href=\"https:\/\/tangooled.com\/fr\/led-profiles\/\"><mark style=\"background-color:rgba(0, 0, 0, 0)\" class=\"has-inline-color has-vivid-red-color\">Tangooled<\/mark><\/a>.<\/p>\n<\/div><\/div>\n\n\n\n<p><\/p>","protected":false},"featured_media":13605,"template":"","meta":{"_acf_changed":true,"_seopress_robots_primary_cat":"none","_seopress_titles_title":"Surface Mount Aluminum Stair Nosing Profile STP05 | TANGOOLED","_seopress_titles_desc":"The STP05 is a durable surface mount aluminum stair nosing profile designed for 10mm LED strips. Enhance safety and visibility with this easy-to-install step lighting solution.","_seopress_robots_index":""},"pcb-width":[228],"product-cat":[200],"class_list":{"0":"post-42199","1":"product","2":"type-product","3":"status-publish","4":"has-post-thumbnail","6":"pcb-width-6-12mm","7":"product-cat-stair-nosing-profile"},"acf":[],"_links":{"self":[{"href":"https:\/\/tangooled.com\/fr\/wp-json\/wp\/v2\/product\/42199","targetHints":{"allow":["GET"]}}],"collection":[{"href":"https:\/\/tangooled.com\/fr\/wp-json\/wp\/v2\/product"}],"about":[{"href":"https:\/\/tangooled.com\/fr\/wp-json\/wp\/v2\/types\/product"}],"wp:featuredmedia":[{"embeddable":true,"href":"https:\/\/tangooled.com\/fr\/wp-json\/wp\/v2\/media\/13605"}],"wp:attachment":[{"href":"https:\/\/tangooled.com\/fr\/wp-json\/wp\/v2\/media?parent=42199"}],"wp:term":[{"taxonomy":"pcb-width","embeddable":true,"href":"https:\/\/tangooled.com\/fr\/wp-json\/wp\/v2\/pcb-width?post=42199"},{"taxonomy":"product-cat","embeddable":true,"href":"https:\/\/tangooled.com\/fr\/wp-json\/wp\/v2\/product-cat?post=42199"}],"curies":[{"name":"wp","href":"https:\/\/api.w.org\/{rel}","templated":true}]}}