{"id":42197,"date":"2025-12-17T05:09:00","date_gmt":"2025-12-17T13:09:00","guid":{"rendered":"https:\/\/tangooled.com\/?post_type=product&#038;p=42197"},"modified":"2026-01-27T01:51:07","modified_gmt":"2026-01-27T09:51:07","slug":"recessed-floor-step-edge-lighting-led-profile","status":"publish","type":"product","link":"https:\/\/tangooled.com\/fr\/product\/recessed-floor-step-edge-lighting-led-profile\/","title":{"rendered":"Profil LED d'\u00e9clairage de bord de marche encastr\u00e9"},"content":{"rendered":"<div class=\"wp-block-group is-vertical is-layout-flex wp-container-core-group-is-layout-d255d7c4 wp-block-group-is-layout-flex\" style=\"padding-top:var(--wp--preset--spacing--80);padding-bottom:var(--wp--preset--spacing--80)\">\n<p>\u00c9clairez et s\u00e9curisez vos sols et escaliers avec notre profil\u00e9 LED encastr\u00e9 pour bord d'escalier. Ce profil est con\u00e7u de mani\u00e8re unique, une partie \u00e9tant fix\u00e9e solidement sous la structure de la marche, tandis que l'autre partie d\u00e9passe en avant pour prot\u00e9ger le bord de la marche sans interf\u00e9rer avec la marche normale.<\/p>\n\n\n\n<p>The most important thing is that the profile&#8217;s non-slip surface is level with the tile or other floor covering on the stairs. This alignment achieves the intended result of the lit stair edge being seamlessly integrated into the stairs.<\/p>\n\n\n\n<p>Le canal lumineux int\u00e9gr\u00e9 peut supporter des bandes LED jusqu'\u00e0 10 mm de large. La lumi\u00e8re brille vers le bas, \u00e9clairant uniform\u00e9ment la cage d'escalier. Fabriqu\u00e9 en aluminium anodis\u00e9 de haute qualit\u00e9, ce profil\u00e9 LED pour nez de marche est tr\u00e8s durable et convient aux applications r\u00e9sidentielles et commerciales.<\/p>\n<\/div>\n\n\n\n<div class=\"wp-block-group has-background is-vertical is-layout-flex wp-container-core-group-is-layout-d255d7c4 wp-block-group-is-layout-flex\" style=\"background-color:#f1f1f1;padding-top:var(--wp--preset--spacing--80);padding-bottom:var(--wp--preset--spacing--80)\">\n<div class=\"wp-block-group is-vertical is-layout-flex wp-container-core-group-is-layout-8cf370e7 wp-block-group-is-layout-flex\">\n<h2 class=\"wp-block-heading\" style=\"padding-top:var(--wp--preset--spacing--40);padding-bottom:var(--wp--preset--spacing--40);font-size:25px;font-style:normal;font-weight:600;text-transform:capitalize\">Pourquoi choisir notre profil\u00e9 LED encastr\u00e9 pour bord d'escalier ?<\/h2>\n\n\n\n<ul class=\"wp-block-list\">\n<li>Aluminium robuste : prot\u00e8ge les LED et aide \u00e0 garder les lumi\u00e8res fra\u00eeches afin qu'elles durent plus longtemps.<\/li>\n\n\n\n<li>S\u00e9curis\u00e9 pour marcher : La lentille robuste permet de marcher ou de conduire dessus sans l'endommager.<\/li>\n\n\n\n<li>Flush Mount: Stays flat with floors or stairs so you don&#8217;t trip.<\/li>\n\n\n\n<li>Compatible avec de nombreuses bandes LED : peut contenir des bandes jusqu'\u00e0 10 mm de large.<\/li>\n\n\n\n<li>\u00c9clairage magnifique : Le diffuseur givr\u00e9 donne \u00e0 la lumi\u00e8re l'apparence d'une ligne d\u00e9licate et lisse.<\/li>\n<\/ul>\n<\/div>\n<\/div>\n\n\n\n<div class=\"wp-block-group is-vertical is-layout-flex wp-container-core-group-is-layout-d255d7c4 wp-block-group-is-layout-flex\" style=\"padding-top:var(--wp--preset--spacing--80);padding-bottom:var(--wp--preset--spacing--80)\">\n<hr class=\"wp-block-separator has-alpha-channel-opacity\"\/>\n\n\n\n<div class=\"wp-block-media-text has-media-on-the-right is-stacked-on-mobile\" style=\"grid-template-columns:auto 40%\"><div class=\"wp-block-media-text__content\">\n<h2 class=\"wp-block-heading\" style=\"padding-top:var(--wp--preset--spacing--40);padding-bottom:var(--wp--preset--spacing--40);font-size:25px;font-style:normal;font-weight:600;text-transform:capitalize\">Comment Installer<\/h2>\n\n\n\n<ul class=\"wp-block-list\">\n<li>Coupez le canal en aluminium \u00e0 la m\u00eame longueur que votre escalier.<\/li>\n\n\n\n<li>Placez votre bande LED (jusqu'\u00e0 10 mm de large) \u00e0 l'int\u00e9rieur du canal.<\/li>\n\n\n\n<li>Clips le diffuseur givr\u00e9 en place et scellez les capuchons de finition.<\/li>\n\n\n\n<li>Placez le canal en aluminium sur la surface de la marche et utilisez un panneau de couverture pour recouvrir la partie encastr\u00e9e.<\/li>\n\n\n\n<li>Connectez-vous \u00e0 votre source d'alimentation et au contr\u00f4leur de votre choix.<\/li>\n<\/ul>\n<\/div><figure class=\"wp-block-media-text__media\"><img loading=\"lazy\" decoding=\"async\" width=\"500\" height=\"500\" src=\"https:\/\/tangooled.com\/wp-content\/uploads\/2025\/12\/stp04-ins.webp\" alt=\"Profil LED d&#039;\u00e9clairage de bord de marche encastr\u00e9\" class=\"wp-image-42211 size-full\" srcset=\"https:\/\/tangooled.com\/wp-content\/uploads\/2025\/12\/stp04-ins.webp 500w, https:\/\/tangooled.com\/wp-content\/uploads\/2025\/12\/stp04-ins-300x300.webp 300w, https:\/\/tangooled.com\/wp-content\/uploads\/2025\/12\/stp04-ins-150x150.webp 150w\" sizes=\"auto, (max-width: 500px) 100vw, 500px\" \/><\/figure><\/div>\n<\/div>\n\n\n\n<div class=\"wp-block-group has-background is-vertical is-layout-flex wp-container-core-group-is-layout-b429018a wp-block-group-is-layout-flex\" style=\"background-color:#f1f1f1f2;padding-top:var(--wp--preset--spacing--70);padding-bottom:var(--wp--preset--spacing--70)\">\n<h2 class=\"wp-block-heading\" style=\"padding-top:var(--wp--preset--spacing--40);padding-bottom:var(--wp--preset--spacing--40);font-size:25px;font-style:normal;font-weight:600;text-transform:capitalize\">O\u00f9 utiliser ce canal d'escalier \u00e0 montage affleurant<\/h2>\n\n\n\n<p>Notre profil\u00e9 LED pour \u00e9clairage encastr\u00e9 du bord de marche fonctionne partout o\u00f9 vous souhaitez de la lumi\u00e8re pour la s\u00e9curit\u00e9 et le style :<\/p>\n\n\n\n<ul class=\"wp-block-list\">\n<li>Escaliers et nez de marche : Facilitez la visibilit\u00e9 des marches pour la s\u00e9curit\u00e9 et donnez aux escaliers un look moderne.<\/li>\n\n\n\n<li>\u00c9clairage pour sols et carrelage : Placez-le entre les carreaux de sol pour donner l'impression d'un espace plus ouvert et adoucir les bords des surfaces dures.<\/li>\n\n\n\n<li>All\u00e9es et couloirs : Utilisez une illumination douce pour aider les gens \u00e0 trouver leur chemin \u00e0 l'int\u00e9rieur ou \u00e0 l'ext\u00e9rieur.<\/li>\n\n\n\n<li>Terrasses et decks pr\u00e8s de la piscine : Conception \u00e9tanche adapt\u00e9e aux zones humides.<\/li>\n<\/ul>\n<\/div>\n\n\n\n<div class=\"wp-block-group is-vertical is-layout-flex wp-container-core-group-is-layout-d255d7c4 wp-block-group-is-layout-flex\" style=\"padding-top:var(--wp--preset--spacing--80);padding-bottom:var(--wp--preset--spacing--80)\">\n<h2 class=\"wp-block-heading\" style=\"padding-top:var(--wp--preset--spacing--40);padding-bottom:var(--wp--preset--spacing--40);font-size:25px;font-style:normal;font-weight:600;text-transform:capitalize\">what&#8217;s in the package?<\/h2>\n\n\n\n<ul class=\"wp-block-list\">\n<li>1x Profil\u00e9 de bord de marche en aluminium<\/li>\n\n\n\n<li>1x Couvercle diffuseur givr\u00e9<\/li>\n\n\n\n<li>2x Capuchons de finition (un avec trou pour fil)<\/li>\n<\/ul>\n<\/div>\n\n\n\n<div class=\"wp-block-group has-background\" style=\"background-color:#f1f1f1;padding-top:var(--wp--preset--spacing--80);padding-bottom:var(--wp--preset--spacing--80)\"><div class=\"wp-block-group__inner-container is-layout-constrained wp-block-group-is-layout-constrained\">\n<h2 class=\"wp-block-heading\" style=\"padding-top:var(--wp--preset--spacing--40);padding-bottom:var(--wp--preset--spacing--40);font-size:25px;font-style:normal;font-weight:600;text-transform:capitalize\">R\u00e9sum\u00e9<\/h2>\n\n\n\n<p style=\"padding-right:var(--wp--preset--spacing--50);padding-left:var(--wp--preset--spacing--50)\">Le corps en aluminium anodis\u00e9 et le diffuseur givr\u00e9 sont tous deux de haute qualit\u00e9 et durables. Ils prot\u00e8gent vos LED tout en \u00e9mettant une lumi\u00e8re douce et constante. Il fonctionne avec de nombreuses bandes LED et est id\u00e9al pour les escaliers, les sols, les bords et les patios. Lorsqu'il est correctement scell\u00e9, il peut g\u00e9rer des conditions humides. Choisissez cette extrusion LED robuste pour \u00e9clairer les sentiers, les marches ou les sols en toute confiance. Pour des options et des d\u00e9tails associ\u00e9s, visitez le <a href=\"https:\/\/tangooled.com\/fr\/product\/led-strip-light-channel-aluminum-profile-with-diffused-cover-6mm-height\/\">profil\u00e9 en aluminium pour bande lumineuse LED avec couvercle diffusant de 6 mm de hauteur<\/a> page ou achetez toute la gamme de <a href=\"https:\/\/tangooled.com\/fr\/product\/26mm-floor-recessed-led-aluminum-channel-for-12mm-led-strips\/\">profils LED d'\u00e9clairage de sol<\/a>.<\/p>\n<\/div><\/div>\n\n\n\n<p><\/p>","protected":false},"featured_media":13600,"template":"","meta":{"_acf_changed":true,"_seopress_robots_primary_cat":"none","_seopress_titles_title":"Recessed Floor Step Edge LED Profile | Flush Mount Stair Channel STP04","_seopress_titles_desc":"The STP04 is a professional recessed floor step edge led profile designed for seamless integration into stair treads. This flush-mount aluminum channel creates a safe, elegant light path without any protruding edges.","_seopress_robots_index":""},"pcb-width":[228],"product-cat":[200],"class_list":{"0":"post-42197","1":"product","2":"type-product","3":"status-publish","4":"has-post-thumbnail","6":"pcb-width-6-12mm","7":"product-cat-stair-nosing-profile"},"acf":[],"_links":{"self":[{"href":"https:\/\/tangooled.com\/fr\/wp-json\/wp\/v2\/product\/42197","targetHints":{"allow":["GET"]}}],"collection":[{"href":"https:\/\/tangooled.com\/fr\/wp-json\/wp\/v2\/product"}],"about":[{"href":"https:\/\/tangooled.com\/fr\/wp-json\/wp\/v2\/types\/product"}],"wp:featuredmedia":[{"embeddable":true,"href":"https:\/\/tangooled.com\/fr\/wp-json\/wp\/v2\/media\/13600"}],"wp:attachment":[{"href":"https:\/\/tangooled.com\/fr\/wp-json\/wp\/v2\/media?parent=42197"}],"wp:term":[{"taxonomy":"pcb-width","embeddable":true,"href":"https:\/\/tangooled.com\/fr\/wp-json\/wp\/v2\/pcb-width?post=42197"},{"taxonomy":"product-cat","embeddable":true,"href":"https:\/\/tangooled.com\/fr\/wp-json\/wp\/v2\/product-cat?post=42197"}],"curies":[{"name":"wp","href":"https:\/\/api.w.org\/{rel}","templated":true}]}}