{"id":42195,"date":"2025-12-17T05:05:49","date_gmt":"2025-12-17T13:05:49","guid":{"rendered":"https:\/\/tangooled.com\/?post_type=product&#038;p=42195"},"modified":"2026-01-27T01:53:14","modified_gmt":"2026-01-27T09:53:14","slug":"staircase-led-profile-with-rubber-strip-for-12mm-led-tape-lights","status":"publish","type":"product","link":"https:\/\/tangooled.com\/fr\/product\/staircase-led-profile-with-rubber-strip-for-12mm-led-tape-lights\/","title":{"rendered":"profil LED d'escalier avec bande en caoutchouc pour lumi\u00e8res LED tape de 12 mm"},"content":{"rendered":"<div class=\"wp-block-group is-vertical is-layout-flex wp-container-core-group-is-layout-d255d7c4 wp-block-group-is-layout-flex\" style=\"padding-top:var(--wp--preset--spacing--80);padding-bottom:var(--wp--preset--spacing--80)\">\n<p>Check out this staircase LED profile with rubber insert, specifically designed for 12\u00a0mm LED tape lights. Constructed from high-quality 6063-T5 aluminum alloy, the profile features a specially designed groove on the top surface for a rubber insert to ensure a non-slip effect on staircases.<\/p>\n\n\n\n<p>Ce profil d'\u00e9clairage pour escaliers est disponible dans des finitions noires et argent\u00e9es populaires, et vous pouvez s\u00e9lectionner des inserts en caoutchouc gris ou noir pour assortir. Les embouts sont \u00e9galement disponibles en argent ou noir, permettant \u00e0 l'ensemble de maintenir une couleur unique et coh\u00e9rente. Cela assure que le profil d'escalier s'harmonise parfaitement avec l'environnement environnant.<\/p>\n\n\n\n<p>With an inner width of 13.5\u00a0mm, this stair channel is suitable for 10\u00a0mm or 12\u00a0mm LED strip lights, including RGBW strips. Our standard lengths for this channel are 2\u00a0m and 3\u00a0m, but you can easily cut it on-site. This LED aluminum channel is perfect for your architectural and interior lighting designs.<\/p>\n<\/div>\n\n\n\n<div class=\"wp-block-group has-background is-vertical is-layout-flex wp-container-core-group-is-layout-d255d7c4 wp-block-group-is-layout-flex\" style=\"background-color:#f1f1f1;padding-top:var(--wp--preset--spacing--80);padding-bottom:var(--wp--preset--spacing--80)\">\n<div class=\"wp-block-group is-vertical is-layout-flex wp-container-core-group-is-layout-8cf370e7 wp-block-group-is-layout-flex\">\n<h2 class=\"wp-block-heading\" style=\"padding-top:var(--wp--preset--spacing--40);padding-bottom:var(--wp--preset--spacing--40);font-size:25px;font-style:normal;font-weight:600;text-transform:capitalize\">Pourquoi choisir notre profil LED pour escaliers avec bande en caoutchouc ?<\/h2>\n\n\n\n<ul class=\"wp-block-list\">\n<li>Construit \u00e0 partir d'aluminium anodis\u00e9 robuste pour prot\u00e9ger et refroidir vos lumi\u00e8res.<\/li>\n\n\n\n<li>Compatible avec les bandes LED de 12 mm de large, comme les bandes LED COB, pour leur donner un look brillant et lisse.<\/li>\n\n\n\n<li>Livr\u00e9 avec un diffuseur en polycarbonate d\u00e9poli qui r\u00e9partit la lumi\u00e8re de mani\u00e8re uniforme et douce sans points.\u00a0<\/li>\n\n\n\n<li>Dispose d'une bande en caoutchouc sur le dessus qui emp\u00eache vos pieds de glisser et ajoute de la s\u00e9curit\u00e9.<\/li>\n\n\n\n<li>Con\u00e7u comme un profil de nez de marche en L pour prot\u00e9ger vos escaliers et \u00e9clairer les marches en dessous.<\/li>\n\n\n\n<li>Facile \u00e0 installer avec des vis pour un maintien ferme.<\/li>\n<\/ul>\n<\/div>\n<\/div>\n\n\n\n<div class=\"wp-block-group\" style=\"padding-top:var(--wp--preset--spacing--60);padding-bottom:var(--wp--preset--spacing--60)\"><div class=\"wp-block-group__inner-container is-layout-constrained wp-block-group-is-layout-constrained\">\n<div class=\"wp-block-media-text has-media-on-the-right is-stacked-on-mobile\" style=\"grid-template-columns:auto 40%\"><div class=\"wp-block-media-text__content\">\n<h2 class=\"wp-block-heading\" style=\"padding-top:var(--wp--preset--spacing--40);padding-bottom:var(--wp--preset--spacing--40);font-size:25px;font-style:normal;font-weight:600;text-transform:capitalize\">Comment utiliser<\/h2>\n\n\n\n<ul class=\"wp-block-list\">\n<li>Coupez le profil pour qu'il s'adapte \u00e0 la largeur de vos marches.<\/li>\n\n\n\n<li>Placez le ruban LED de 12 mm dans la rainure.<\/li>\n\n\n\n<li>Placez le profil en aluminium sur le bord de la marche et vissez-le.<\/li>\n\n\n\n<li>Placez la bande en caoutchouc sur le dessus du diffuseur et enfoncez-la pour la verrouiller en place.<\/li>\n\n\n\n<li>Connectez les lumi\u00e8res LED \u00e0 votre alimentation.<\/li>\n<\/ul>\n<\/div><figure class=\"wp-block-media-text__media\"><img loading=\"lazy\" decoding=\"async\" width=\"500\" height=\"500\" src=\"https:\/\/tangooled.com\/wp-content\/uploads\/2025\/12\/stp03-ins.webp\" alt=\"profil LED d&#039;escalier avec bande en caoutchouc pour lumi\u00e8res LED tape de 12 mm\" class=\"wp-image-42210 size-full\" srcset=\"https:\/\/tangooled.com\/wp-content\/uploads\/2025\/12\/stp03-ins.webp 500w, https:\/\/tangooled.com\/wp-content\/uploads\/2025\/12\/stp03-ins-300x300.webp 300w, https:\/\/tangooled.com\/wp-content\/uploads\/2025\/12\/stp03-ins-150x150.webp 150w\" sizes=\"auto, (max-width: 500px) 100vw, 500px\" \/><\/figure><\/div>\n<\/div><\/div>\n\n\n\n<div class=\"wp-block-group has-background is-vertical is-layout-flex wp-container-core-group-is-layout-b429018a wp-block-group-is-layout-flex\" style=\"background-color:#f1f1f1f2;padding-top:var(--wp--preset--spacing--70);padding-bottom:var(--wp--preset--spacing--70)\">\n<h2 class=\"wp-block-heading\" style=\"padding-top:var(--wp--preset--spacing--40);padding-bottom:var(--wp--preset--spacing--40);font-size:25px;font-style:normal;font-weight:600\">What\u2019s in the Package?<\/h2>\n\n\n\n<ul class=\"wp-block-list\">\n<li>1x Profil LED en aluminium pour escalier<\/li>\n\n\n\n<li>1x Couvercle diffuseur givr\u00e9<\/li>\n\n\n\n<li>1x Bande en caoutchouc antid\u00e9rapante<\/li>\n\n\n\n<li>2x Capuchons de finition (un avec trou pour fil)<\/li>\n<\/ul>\n<\/div>\n\n\n\n<div class=\"wp-block-group is-vertical is-layout-flex wp-container-core-group-is-layout-d255d7c4 wp-block-group-is-layout-flex\" style=\"padding-top:var(--wp--preset--spacing--80);padding-bottom:var(--wp--preset--spacing--80)\">\n<h2 class=\"wp-block-heading\" style=\"padding-top:var(--wp--preset--spacing--40);padding-bottom:var(--wp--preset--spacing--40);font-size:25px;font-style:normal;font-weight:600;text-transform:capitalize\">Id\u00e9al pour ces usages<\/h2>\n\n\n\n<ul class=\"wp-block-list\">\n<li>\u00c9clairage pour escaliers \u00e0 l'int\u00e9rieur et \u00e0 l'ext\u00e9rieur des maisons et bureaux.<\/li>\n\n\n\n<li>Meilleure s\u00e9curit\u00e9 avec l'\u00e9clairage des contremarches.<\/li>\n\n\n\n<li>Marches pour la terrasse et le patio pour ajouter \u00e0 l'ambiance ext\u00e9rieure.<\/li>\n\n\n\n<li>Lieux d'affaires comme les h\u00f4tels, les restaurants et les cin\u00e9mas.<\/li>\n\n\n\n<li>Mise \u00e0 jour des escaliers dans les maisons.<\/li>\n<\/ul>\n<\/div>\n\n\n\n<div class=\"wp-block-group has-background\" style=\"background-color:#f1f1f1;padding-top:var(--wp--preset--spacing--80);padding-bottom:var(--wp--preset--spacing--80)\"><div class=\"wp-block-group__inner-container is-layout-constrained wp-block-group-is-layout-constrained\">\n<h2 class=\"wp-block-heading\" style=\"padding-top:var(--wp--preset--spacing--40);padding-bottom:var(--wp--preset--spacing--40);font-size:25px;font-style:normal;font-weight:600;text-transform:capitalize\">Produits associ\u00e9s qui pourraient vous int\u00e9resser<\/h2>\n\n\n\n<ul class=\"wp-block-list\">\n<li><a href=\"https:\/\/tangooled.com\/fr\/product\/black-led-diffuser-aluminum-channel-for-12mm-tape-lights\/\"><mark style=\"background-color:rgba(0, 0, 0, 0)\" class=\"has-inline-color has-vivid-red-color\">Profil en aluminium avec diffuseur LED noir pour bandes de 12 mm<\/mark><\/a>.<\/li>\n\n\n\n<li><a href=\"https:\/\/tangooled.com\/fr\/product\/surface-mount-led-profile-with-frosted-diffuser-for-10mm-rope-lights\/\"><mark style=\"background-color:rgba(0, 0, 0, 0)\" class=\"has-inline-color has-vivid-red-color\">Profil LED \u00e0 montage en surface avec diffuseur d\u00e9poli pour bandes de 10 mm<\/mark><\/a>.<\/li>\n\n\n\n<li><a href=\"https:\/\/tangooled.com\/fr\/product\/25x14m-surface-mounted-led-light-aluminum-profile\/\"><mark style=\"background-color:rgba(0, 0, 0, 0)\" class=\"has-inline-color has-vivid-red-color\">Profil en aluminium pour lumi\u00e8re LED mont\u00e9e en surface de 25x14 mm.<\/mark><\/a><\/li>\n\n\n\n<li><a href=\"https:\/\/tangooled.com\/fr\/product\/18x9mm-led-tape-light-profile-for-surface-installation\/\"><mark style=\"background-color:rgba(0, 0, 0, 0)\" class=\"has-inline-color has-vivid-red-color\">Profil pour bande LED de 18x9 mm pour installation en surface.<\/mark><\/a><\/li>\n<\/ul>\n<\/div><\/div>\n\n\n\n<p><\/p>","protected":false},"featured_media":13596,"template":"","meta":{"_acf_changed":true,"_seopress_robots_primary_cat":"none","_seopress_titles_title":"Anti-Slip Staircase LED Profile with Rubber STP03 | TANGOOLED","_seopress_titles_desc":"The STP03 is a heavy-duty staircase led profile with a rubber strip for enhanced safety. Designed for 12mm LED tape lights, this anti-slip nosing profile combines professional lighting with grip protection for commercial stairs.","_seopress_robots_index":""},"pcb-width":[228],"product-cat":[200],"class_list":{"0":"post-42195","1":"product","2":"type-product","3":"status-publish","4":"has-post-thumbnail","6":"pcb-width-6-12mm","7":"product-cat-stair-nosing-profile"},"acf":[],"_links":{"self":[{"href":"https:\/\/tangooled.com\/fr\/wp-json\/wp\/v2\/product\/42195","targetHints":{"allow":["GET"]}}],"collection":[{"href":"https:\/\/tangooled.com\/fr\/wp-json\/wp\/v2\/product"}],"about":[{"href":"https:\/\/tangooled.com\/fr\/wp-json\/wp\/v2\/types\/product"}],"wp:featuredmedia":[{"embeddable":true,"href":"https:\/\/tangooled.com\/fr\/wp-json\/wp\/v2\/media\/13596"}],"wp:attachment":[{"href":"https:\/\/tangooled.com\/fr\/wp-json\/wp\/v2\/media?parent=42195"}],"wp:term":[{"taxonomy":"pcb-width","embeddable":true,"href":"https:\/\/tangooled.com\/fr\/wp-json\/wp\/v2\/pcb-width?post=42195"},{"taxonomy":"product-cat","embeddable":true,"href":"https:\/\/tangooled.com\/fr\/wp-json\/wp\/v2\/product-cat?post=42195"}],"curies":[{"name":"wp","href":"https:\/\/api.w.org\/{rel}","templated":true}]}}