{"id":42193,"date":"2025-12-17T05:01:46","date_gmt":"2025-12-17T13:01:46","guid":{"rendered":"https:\/\/tangooled.com\/?post_type=product&#038;p=42193"},"modified":"2026-02-02T01:59:11","modified_gmt":"2026-02-02T09:59:11","slug":"45-degree-up-lighting-led-stair-aluminum-channel","status":"publish","type":"product","link":"https:\/\/tangooled.com\/fr\/product\/45-degree-up-lighting-led-stair-aluminum-channel\/","title":{"rendered":"Canal en aluminium pour escalier avec \u00e9clairage LED \u00e0 45 degr\u00e9s"},"content":{"rendered":"<div class=\"wp-block-group is-vertical is-layout-flex wp-container-core-group-is-layout-d255d7c4 wp-block-group-is-layout-flex\" style=\"padding-top:var(--wp--preset--spacing--80);padding-bottom:var(--wp--preset--spacing--80)\">\n<p>\u00c9clairez vos escaliers et vos espaces avec notre canal en aluminium pour escalier avec \u00e9clairage LED \u00e0 45 degr\u00e9s. Il est fabriqu\u00e9 en aluminium anodis\u00e9 durable, ce qui prot\u00e8ge vos bandes LED et diffuse la lumi\u00e8re \u00e0 un angle parfait de 45 degr\u00e9s.<\/p>\n\n\n\n<p>This LED stair channel has an inner width of 12.2 mm, which allows for most LED strips that are 10 mm or 12 mm wide. It&#8217;s very easy to put this LED stair aluminum channel in place. Just screw it to the edge of the stair tread, and the serrations on the surface work as a non-slip barrier, making it safer to go up and down the stairs.<\/p>\n\n\n\n<p>Notre bord d'escalier en aluminium avec \u00e9clairage \u00e0 45 degr\u00e9s met en valeur votre escalier et am\u00e9liore sa visibilit\u00e9. Ce profil diffuse la lumi\u00e8re en diagonale vers le haut, mettant efficacement en avant la pr\u00e9sence et l'architecture de vos escaliers. Ce style d'illumination distinct guide ceux qui montent les escaliers tout en ajoutant un \u00e9l\u00e9ment moderne et frappant \u00e0 l'espace. Il est parfait pour les maisons, les bureaux, les h\u00f4tels et les espaces ext\u00e9rieurs.<\/p>\n<\/div>\n\n\n\n<div class=\"wp-block-group has-background is-vertical is-layout-flex wp-container-core-group-is-layout-d255d7c4 wp-block-group-is-layout-flex\" style=\"background-color:#f1f1f1;padding-top:var(--wp--preset--spacing--80);padding-bottom:var(--wp--preset--spacing--80)\">\n<div class=\"wp-block-group is-vertical is-layout-flex wp-container-core-group-is-layout-8cf370e7 wp-block-group-is-layout-flex\">\n<h2 class=\"wp-block-heading\" style=\"padding-top:var(--wp--preset--spacing--40);padding-bottom:var(--wp--preset--spacing--40);font-size:25px;font-style:normal;font-weight:600;text-transform:capitalize\">Pourquoi devriez-vous choisir notre canal en aluminium pour escalier avec \u00e9clairage LED \u00e0 45 degr\u00e9s ?<\/h2>\n\n\n\n<ul class=\"wp-block-list\">\n<li>Fabriqu\u00e9 en m\u00e9tal solide qui garde vos LED lumineuses et durables en absorbant la chaleur.<\/li>\n\n\n\n<li>Convient aux bandes LED jusqu'\u00e0 12 mm de large, ce qui est id\u00e9al pour de nombreux rubans LED bien connus.<\/li>\n\n\n\n<li>Un couvercle lisse et d\u00e9poli pour le diffuseur qui adoucit la lumi\u00e8re et la rend sans point et douce pour les yeux.<\/li>\n\n\n\n<li>Difficile de glisser sur les escaliers avec une surface antid\u00e9rapante optionnelle.<\/li>\n\n\n\n<li>Facile \u00e0 installer en vissant sur les marchepieds.<\/li>\n\n\n\n<li>Fonctionne \u00e0 l'int\u00e9rieur et \u00e0 l'ext\u00e9rieur (utilisez des bandes LED \u00e9tanches et scellez les extr\u00e9mit\u00e9s)<\/li>\n<\/ul>\n<\/div>\n<\/div>\n\n\n\n<div class=\"wp-block-group\" style=\"padding-top:var(--wp--preset--spacing--60);padding-bottom:var(--wp--preset--spacing--60)\"><div class=\"wp-block-group__inner-container is-layout-constrained wp-block-group-is-layout-constrained\">\n<div class=\"wp-block-media-text has-media-on-the-right is-stacked-on-mobile\" style=\"grid-template-columns:auto 40%\"><div class=\"wp-block-media-text__content\">\n<h2 class=\"wp-block-heading\" style=\"padding-top:var(--wp--preset--spacing--40);padding-bottom:var(--wp--preset--spacing--40);font-size:25px;font-style:normal;font-weight:600;text-transform:capitalize\">Comment utiliser notre canal en aluminium pour escalier avec \u00e9clairage LED \u00e0 45 degr\u00e9s ?<\/h2>\n\n\n\n<ul class=\"wp-block-list\">\n<li>Utilisez une scie pour couper le profil \u00e0 la bonne taille pour vos escaliers.<\/li>\n\n\n\n<li>Mettez votre bande LED de 10 mm \u00e0 l'int\u00e9rieur du canal.<\/li>\n\n\n\n<li>Fixez le couvercle du diffuseur pour adoucir la lumi\u00e8re.<\/li>\n\n\n\n<li>Ajoutez des capuchons aux extr\u00e9mit\u00e9s pour un aspect soign\u00e9 et poli.<\/li>\n\n\n\n<li>Utilisez des vis pour fixer le profil au bord des escaliers.<\/li>\n\n\n\n<li>Branchez votre bande LED \u00e0 une source d'alimentation.<\/li>\n<\/ul>\n<\/div><figure class=\"wp-block-media-text__media\"><img loading=\"lazy\" decoding=\"async\" width=\"500\" height=\"500\" src=\"https:\/\/tangooled.com\/wp-content\/uploads\/2025\/12\/stp02-ins.webp\" alt=\"45 degree up lighting led stair aluminum channel\" class=\"wp-image-42207 size-full\" srcset=\"https:\/\/tangooled.com\/wp-content\/uploads\/2025\/12\/stp02-ins.webp 500w, https:\/\/tangooled.com\/wp-content\/uploads\/2025\/12\/stp02-ins-300x300.webp 300w, https:\/\/tangooled.com\/wp-content\/uploads\/2025\/12\/stp02-ins-150x150.webp 150w\" sizes=\"auto, (max-width: 500px) 100vw, 500px\" \/><\/figure><\/div>\n<\/div><\/div>\n\n\n\n<div class=\"wp-block-group has-background is-vertical is-layout-flex wp-container-core-group-is-layout-b429018a wp-block-group-is-layout-flex\" style=\"background-color:#f1f1f1f2;padding-top:var(--wp--preset--spacing--70);padding-bottom:var(--wp--preset--spacing--70)\">\n<h2 class=\"wp-block-heading\" style=\"padding-top:var(--wp--preset--spacing--40);padding-bottom:var(--wp--preset--spacing--40);font-size:25px;font-style:normal;font-weight:600\">Que contient la bo\u00eete ?<\/h2>\n\n\n\n<ul class=\"wp-block-list\">\n<li>1 x canal en aluminium \u00e0 45 degr\u00e9s (votre choix de longueur)<\/li>\n\n\n\n<li>1 x lentille diffuseur d\u00e9poli ou claire<\/li>\n\n\n\n<li>2 capuchons de finition (un avec trou pour les fils)<\/li>\n<\/ul>\n<\/div>\n\n\n\n<div class=\"wp-block-group is-vertical is-layout-flex wp-container-core-group-is-layout-d255d7c4 wp-block-group-is-layout-flex\" style=\"padding-top:var(--wp--preset--spacing--80);padding-bottom:var(--wp--preset--spacing--80)\">\n<h2 class=\"wp-block-heading\" style=\"padding-top:var(--wp--preset--spacing--40);padding-bottom:var(--wp--preset--spacing--40);font-size:25px;font-style:normal;font-weight:600;text-transform:capitalize\">Produits connexes de Tangooled<\/h2>\n\n\n\n<ul class=\"wp-block-list\">\n<li><a href=\"https:\/\/tangooled.com\/fr\/product\/black-led-profile-with-black-diffuser-for-10mm-led-strip-light\/\"><mark style=\"background-color:rgba(0, 0, 0, 0)\" class=\"has-inline-color has-vivid-red-color\">Profil LED noir avec diffuseur noir pour bande LED de 10mm<\/mark><\/a><\/li>\n\n\n\n<li><a href=\"https:\/\/tangooled.com\/fr\/product\/black-led-diffuser-aluminum-channel-for-12mm-tape-lights\/\"><mark style=\"background-color:rgba(0, 0, 0, 0)\" class=\"has-inline-color has-vivid-red-color\">Canal en aluminium avec diffuseur LED noir pour bandes de 12mm<\/mark><\/a><\/li>\n\n\n\n<li><a href=\"https:\/\/tangooled.com\/fr\/product\/led-strip-light-channel-aluminum-profile-with-diffused-cover-6mm-height\/\"><mark style=\"background-color:rgba(0, 0, 0, 0)\" class=\"has-inline-color has-vivid-red-color\">Profil en aluminium pour bande LED avec couverture diffusante de 6 mm de hauteur<\/mark><\/a><\/li>\n\n\n\n<li><a href=\"https:\/\/tangooled.com\/fr\/product\/surface-mount-led-profile-with-frosted-diffuser-for-10mm-rope-lights\/\"><mark style=\"background-color:rgba(0, 0, 0, 0)\" class=\"has-inline-color has-vivid-red-color\">Profil LED \u00e0 monter en surface avec diffuseur d\u00e9poli pour lumi\u00e8res en corde de 10mm<\/mark><\/a>\u00a0<\/li>\n<\/ul>\n<\/div>\n\n\n\n<div class=\"wp-block-group has-background\" style=\"background-color:#f1f1f1;padding-top:var(--wp--preset--spacing--80);padding-bottom:var(--wp--preset--spacing--80)\"><div class=\"wp-block-group__inner-container is-layout-constrained wp-block-group-is-layout-constrained\">\n<h2 class=\"wp-block-heading\" style=\"padding-top:var(--wp--preset--spacing--40);padding-bottom:var(--wp--preset--spacing--40);font-size:25px;font-style:normal;font-weight:600;text-transform:capitalize\">R\u00e9sum\u00e9<\/h2>\n\n\n\n<p style=\"padding-right:var(--wp--preset--spacing--50);padding-left:var(--wp--preset--spacing--50)\">Notre profil de canal en aluminium pour escalier avec \u00e9clairage LED \u00e0 45 degr\u00e9s est une solution robuste et intelligente pour ajouter un \u00e9clairage lin\u00e9aire aux escaliers. Il prot\u00e8ge vos bandes LED, diffuse une lumi\u00e8re douce et propre gr\u00e2ce \u00e0 son diffuseur d\u00e9poli, et convient \u00e0 de nombreux types de bandes LED. Utilisez-le pour l'\u00e9clairage architectural, les lumi\u00e8res de travail sous les meubles, ou pour la s\u00e9curit\u00e9 des escaliers avec style.<\/p>\n<\/div><\/div>\n\n\n\n<p><\/p>","protected":false},"featured_media":13550,"template":"","meta":{"_acf_changed":true,"_seopress_robots_primary_cat":"none","_seopress_titles_title":"45 Degree Up-Lighting LED Stair Channel Profile STP02 | TANGOOLED","_seopress_titles_desc":"The STP02 is a 45 degree up lighting led stair channel designed for indirect step illumination. This angled aluminum profile creates a soft upward glow, perfect for floating staircases and architectural accents.","_seopress_robots_index":""},"pcb-width":[228],"product-cat":[200],"class_list":{"0":"post-42193","1":"product","2":"type-product","3":"status-publish","4":"has-post-thumbnail","6":"pcb-width-6-12mm","7":"product-cat-stair-nosing-profile"},"acf":[],"_links":{"self":[{"href":"https:\/\/tangooled.com\/fr\/wp-json\/wp\/v2\/product\/42193","targetHints":{"allow":["GET"]}}],"collection":[{"href":"https:\/\/tangooled.com\/fr\/wp-json\/wp\/v2\/product"}],"about":[{"href":"https:\/\/tangooled.com\/fr\/wp-json\/wp\/v2\/types\/product"}],"wp:featuredmedia":[{"embeddable":true,"href":"https:\/\/tangooled.com\/fr\/wp-json\/wp\/v2\/media\/13550"}],"wp:attachment":[{"href":"https:\/\/tangooled.com\/fr\/wp-json\/wp\/v2\/media?parent=42193"}],"wp:term":[{"taxonomy":"pcb-width","embeddable":true,"href":"https:\/\/tangooled.com\/fr\/wp-json\/wp\/v2\/pcb-width?post=42193"},{"taxonomy":"product-cat","embeddable":true,"href":"https:\/\/tangooled.com\/fr\/wp-json\/wp\/v2\/product-cat?post=42193"}],"curies":[{"name":"wp","href":"https:\/\/api.w.org\/{rel}","templated":true}]}}