{"id":42190,"date":"2025-12-17T02:11:57","date_gmt":"2025-12-17T10:11:57","guid":{"rendered":"https:\/\/tangooled.com\/?post_type=product&#038;p=42190"},"modified":"2026-02-02T02:07:16","modified_gmt":"2026-02-02T10:07:16","slug":"80mm-large-360-degree-glowing-led-extrusion-vertical-pendant-rsc80","status":"publish","type":"product","link":"https:\/\/tangooled.com\/fr\/product\/80mm-large-360-degree-glowing-led-extrusion-vertical-pendant-rsc80\/","title":{"rendered":"Extrusion LED 360\u00b0 lumineuse grande de 80 mm pour grands pendentifs"},"content":{"rendered":"<div class=\"wp-block-group is-vertical is-layout-flex wp-container-core-group-is-layout-d255d7c4 wp-block-group-is-layout-flex\" style=\"padding-top:var(--wp--preset--spacing--80);padding-bottom:var(--wp--preset--spacing--80)\">\n<p>L'extrusion LED moderne et puissante de 80 mm de diam\u00e8tre lumineuse \u00e0 360 degr\u00e9s est fabriqu\u00e9e pour illuminer votre espace avec une brillance exceptionnelle. Cette extrusion LED est en aluminium 6063-T5 de haute qualit\u00e9 et est con\u00e7ue pour accueillir de nombreuses bandes LED tout en garantissant une \u00e9vacuation optimale de la chaleur. Le luminaire pr\u00e9sente un grand diffuseur opale courb\u00e9 qui \u00e9met une magnifique lumi\u00e8re \u00e0 360 degr\u00e9s douce, brillante et sans points.<\/p>\n\n\n\n<p>Cette extrusion LED 360 degr\u00e9s de 80 mm est un choix id\u00e9al pour les architectes, concepteurs et amateurs de bricolage qui recherchent des solutions d'\u00e9clairage audacieuses et \u00e9l\u00e9gantes. Elle fonctionne parfaitement dans des bureaux, des centres de conf\u00e9rences, des h\u00f4tels et d'autres espaces commerciaux avec de hauts plafonds n\u00e9cessitant d'impressionnants pendentifs lin\u00e9aires.<\/p>\n<\/div>\n\n\n\n<div class=\"wp-block-group has-background is-vertical is-layout-flex wp-container-core-group-is-layout-d255d7c4 wp-block-group-is-layout-flex\" style=\"background-color:#f1f1f1;padding-top:var(--wp--preset--spacing--80);padding-bottom:var(--wp--preset--spacing--80)\">\n<div class=\"wp-block-group is-vertical is-layout-flex wp-container-core-group-is-layout-8cf370e7 wp-block-group-is-layout-flex\">\n<h2 class=\"wp-block-heading\" style=\"padding-top:var(--wp--preset--spacing--40);padding-bottom:var(--wp--preset--spacing--40);font-size:25px;font-style:normal;font-weight:600;text-transform:capitalize\">Pourquoi choisir cette extrusion LED lumineuse grande de 80 mm \u00e0 360 degr\u00e9s<\/h2>\n\n\n\n<ul class=\"wp-block-list\">\n<li>Le profil LED d'illumination 360 degr\u00e9s de 80 mm est parfait pour les lumi\u00e8res suspendues.<\/li>\n\n\n\n<li>Peut accueillir plusieurs bandes ; peut contenir des bandes LED \u00e0 double rang\u00e9e, telles que SMD 2835, 5050 et 3528, jusqu'\u00e0 15 mm de large.<\/li>\n\n\n\n<li>Le design suspendu, associ\u00e9 \u00e0 des fils en acier r\u00e9glables, facilite l'installation \u00e0 diff\u00e9rentes hauteurs et emplacements.<\/li>\n\n\n\n<li>L'aluminium anodis\u00e9 6063-T5 permet \u00e0 la chaleur de s'\u00e9chapper rapidement, ce qui prolonge la dur\u00e9e de vie des LED.<\/li>\n\n\n\n<li>Le diffuseur en polycarbonate opale garantit une lumi\u00e8re douce, uniforme et sans \u00e9blouissement.<\/li>\n<\/ul>\n<\/div>\n<\/div>\n\n\n\n<div class=\"wp-block-group\" style=\"padding-top:var(--wp--preset--spacing--80);padding-bottom:var(--wp--preset--spacing--80)\"><div class=\"wp-block-group__inner-container is-layout-constrained wp-block-group-is-layout-constrained\">\n<div class=\"wp-block-media-text has-media-on-the-right is-stacked-on-mobile\"><div class=\"wp-block-media-text__content\">\n<h2 class=\"wp-block-heading\" style=\"padding-top:var(--wp--preset--spacing--40);padding-bottom:var(--wp--preset--spacing--40);font-size:25px;font-style:normal;font-weight:600;text-transform:capitalize\">Comment installer et utiliser<\/h2>\n\n\n\n<ul class=\"wp-block-list\">\n<li>L'extrusion en aluminium suspendue est fournie avec des fils en acier qui facilitent l'accrochage.<\/li>\n\n\n\n<li>Coupez l'extrusion \u00e0 la longueur requise pour votre projet.<\/li>\n\n\n\n<li>Placez vos bandes LED SMD 2835, 5050 ou d'autres bandes LED appropri\u00e9es dans le canal.<\/li>\n\n\n\n<li>To achieve light that is smooth and doesn&#8217;t cause glare, put the opal diffuser over the strips.<\/li>\n\n\n\n<li>Pour finaliser le design et prot\u00e9ger les bandes de la poussi\u00e8re et des dommages, ajoutez des capuchons d'extr\u00e9mit\u00e9.<\/li>\n<\/ul>\n<\/div><figure class=\"wp-block-media-text__media\"><img loading=\"lazy\" decoding=\"async\" width=\"500\" height=\"500\" src=\"https:\/\/tangooled.com\/wp-content\/uploads\/2025\/12\/rc.webp\" alt=\"50mm vertical pendant led tube profile 360 degree lighting\" class=\"wp-image-42373 size-full\" srcset=\"https:\/\/tangooled.com\/wp-content\/uploads\/2025\/12\/rc.webp 500w, https:\/\/tangooled.com\/wp-content\/uploads\/2025\/12\/rc-300x300.webp 300w, https:\/\/tangooled.com\/wp-content\/uploads\/2025\/12\/rc-150x150.webp 150w\" sizes=\"auto, (max-width: 500px) 100vw, 500px\" \/><\/figure><\/div>\n<\/div><\/div>\n\n\n\n<div class=\"wp-block-group has-background\" style=\"background-color:#f1f1f1;padding-top:var(--wp--preset--spacing--80);padding-bottom:var(--wp--preset--spacing--80)\"><div class=\"wp-block-group__inner-container is-layout-constrained wp-block-group-is-layout-constrained\">\n<h2 class=\"wp-block-heading\" style=\"padding-top:var(--wp--preset--spacing--40);padding-bottom:var(--wp--preset--spacing--40);font-size:25px;font-style:normal;font-weight:600;text-transform:capitalize\">What&#8217;s in the kit<\/h2>\n\n\n\n<ul class=\"wp-block-list\">\n<li>1x Barre en aluminium anodis\u00e9 pour bandes LED<\/li>\n\n\n\n<li>1x Diffuseur en tube opale<\/li>\n\n\n\n<li>Deux capuchons m\u00e9talliques<\/li>\n\n\n\n<li>Kit de suspension<\/li>\n<\/ul>\n<\/div><\/div>\n\n\n\n<div class=\"wp-block-group is-vertical is-layout-flex wp-container-core-group-is-layout-d255d7c4 wp-block-group-is-layout-flex\" style=\"padding-top:var(--wp--preset--spacing--80);padding-bottom:var(--wp--preset--spacing--80)\">\n<h2 class=\"wp-block-heading\" style=\"padding-top:var(--wp--preset--spacing--40);padding-bottom:var(--wp--preset--spacing--40);font-size:25px;font-style:normal;font-weight:600;text-transform:capitalize\">Explorez d'autres solutions de profil<\/h2>\n\n\n\n<ul class=\"wp-block-list\">\n<li><a href=\"https:\/\/tangooled.com\/fr\/product\/black-led-diffuser-aluminum-channel-for-12mm-tape-lights\/\"><mark style=\"background-color:rgba(0, 0, 0, 0)\" class=\"has-inline-color has-vivid-red-color\">Canal en aluminium avec diffuseur LED noir pour bandes de 12mm<\/mark><\/a><\/li>\n\n\n\n<li><a href=\"https:\/\/tangooled.com\/fr\/product\/surface-mount-led-profile-with-frosted-diffuser-for-10mm-rope-lights\/\"><mark style=\"background-color:rgba(0, 0, 0, 0)\" class=\"has-inline-color has-vivid-red-color\">Profil LED \u00e0 monter en surface avec diffuseur d\u00e9poli pour lumi\u00e8res en corde de 10mm<\/mark><\/a><\/li>\n<\/ul>\n\n\n\n<p>Procurez-vous cette extrusion LED circulaire en aluminium de 80 mm pour votre kit d'\u00e9clairage aujourd'hui et construisez de magnifiques lumi\u00e8res en anneau \u00e0 bandes multiples qui durent longtemps et brillent intens\u00e9ment !<\/p>\n<\/div>\n\n\n\n<p><\/p>","protected":false},"featured_media":13421,"template":"","meta":{"_acf_changed":true,"_seopress_robots_primary_cat":"none","_seopress_titles_title":"80mm Large 360\u00b0 Glowing LED Extrusion | High-Lumen Round Fixture RSC80","_seopress_titles_desc":"The RSC80 is a heavy-duty 80mm large 360 degree glowing led extrusion. Designed for high-output illumination in large halls, lobbies, and open offices.","_seopress_robots_index":""},"pcb-width":[228],"product-cat":[234],"class_list":{"0":"post-42190","1":"product","2":"type-product","3":"status-publish","4":"has-post-thumbnail","6":"pcb-width-6-12mm","7":"product-cat-round-tube-profile"},"acf":[],"_links":{"self":[{"href":"https:\/\/tangooled.com\/fr\/wp-json\/wp\/v2\/product\/42190","targetHints":{"allow":["GET"]}}],"collection":[{"href":"https:\/\/tangooled.com\/fr\/wp-json\/wp\/v2\/product"}],"about":[{"href":"https:\/\/tangooled.com\/fr\/wp-json\/wp\/v2\/types\/product"}],"wp:featuredmedia":[{"embeddable":true,"href":"https:\/\/tangooled.com\/fr\/wp-json\/wp\/v2\/media\/13421"}],"wp:attachment":[{"href":"https:\/\/tangooled.com\/fr\/wp-json\/wp\/v2\/media?parent=42190"}],"wp:term":[{"taxonomy":"pcb-width","embeddable":true,"href":"https:\/\/tangooled.com\/fr\/wp-json\/wp\/v2\/pcb-width?post=42190"},{"taxonomy":"product-cat","embeddable":true,"href":"https:\/\/tangooled.com\/fr\/wp-json\/wp\/v2\/product-cat?post=42190"}],"curies":[{"name":"wp","href":"https:\/\/api.w.org\/{rel}","templated":true}]}}