{"id":42188,"date":"2025-12-17T02:07:33","date_gmt":"2025-12-17T10:07:33","guid":{"rendered":"https:\/\/tangooled.com\/?post_type=product&#038;p=42188"},"modified":"2026-02-02T02:07:45","modified_gmt":"2026-02-02T10:07:45","slug":"60mm-circular-360-degree-led-profile-for-multi-strips-rsc60","status":"publish","type":"product","link":"https:\/\/tangooled.com\/fr\/product\/60mm-circular-360-degree-led-profile-for-multi-strips-rsc60\/","title":{"rendered":"RSC60 : Profil LED circulaire 360\u00b0 de 60 mm pour bandes multi-usage \u00e0 haute sortie"},"content":{"rendered":"<div class=\"wp-block-group is-vertical is-layout-flex wp-container-core-group-is-layout-d255d7c4 wp-block-group-is-layout-flex\" style=\"padding-top:var(--wp--preset--spacing--80);padding-bottom:var(--wp--preset--spacing--80)\">\n<p>Our 60mm circular 360\u00b0 LED profile is a modern, round light housing that allows multi-strip LED setups disperse light evenly and smoothly. The large 60mm diameter profile is designed to hold and protect numerous LED strips inside. It has a wide, opal polycarbonate diffuser that emits a clean, dot-free LED light that wraps around the entire fixture. This makes sure that light comes from all sides.<\/p>\n\n\n\n<p>This high-quality LED profile has a big diameter and is perfect for producing pendant lights or continuous architectural lighting profiles. It looks elegant and spreads light evenly, so it&#8217;s a wonderful choice for modern lobbies, stores, offices, and any other place that needs good ambient light.<\/p>\n<\/div>\n\n\n\n<div class=\"wp-block-group has-background is-vertical is-layout-flex wp-container-core-group-is-layout-d255d7c4 wp-block-group-is-layout-flex\" style=\"background-color:#f1f1f1;padding-top:var(--wp--preset--spacing--80);padding-bottom:var(--wp--preset--spacing--80)\">\n<div class=\"wp-block-group is-vertical is-layout-flex wp-container-core-group-is-layout-8cf370e7 wp-block-group-is-layout-flex\">\n<h2 class=\"wp-block-heading\" style=\"padding-top:var(--wp--preset--spacing--40);padding-bottom:var(--wp--preset--spacing--40);font-size:25px;font-style:normal;font-weight:600;text-transform:capitalize\">Caract\u00e9ristiques et avantages<\/h2>\n<\/div>\n\n\n\n<ul class=\"wp-block-list\">\n<li>\u00c9clairage diffus \u00e0 360 degr\u00e9s : Le contour circulaire complet fait en sorte que la lumi\u00e8re se propage sans zones d'ombre.<\/li>\n\n\n\n<li>Supporte plusieurs bandes LED : La barre en aluminium int\u00e9rieure a une forme pentagonale, ce qui vous permet d'utiliser cinq bandes LED en m\u00eame temps.<\/li>\n\n\n\n<li>Mieux pour dissiper la chaleur : L'aluminium anodis\u00e9 6063-T5 aide \u00e0 refroidir les LED pour qu'elles durent plus longtemps.<\/li>\n\n\n\n<li>Long-lasting materials: The opal&nbsp;polycarbonate (PC) diffuser is UV-resistant and won&#8217;t become yellow.<\/li>\n\n\n\n<li>Longueurs ajustables : Vous pouvez l'obtenir en tailles standards de 1 m et 2 m, et vous pouvez le d\u00e9couper pour l'adapter \u00e0 tout projet.<\/li>\n<\/ul>\n<\/div>\n\n\n\n<div class=\"wp-block-group\" style=\"padding-top:var(--wp--preset--spacing--80);padding-bottom:var(--wp--preset--spacing--80)\"><div class=\"wp-block-group__inner-container is-layout-constrained wp-block-group-is-layout-constrained\">\n<div class=\"wp-block-media-text has-media-on-the-right is-stacked-on-mobile\" style=\"grid-template-columns:auto 40%\"><div class=\"wp-block-media-text__content\">\n<h2 class=\"wp-block-heading\" style=\"padding-top:var(--wp--preset--spacing--40);padding-bottom:var(--wp--preset--spacing--40);font-size:25px;font-style:normal;font-weight:600;text-transform:capitalize\">Comment installer<\/h2>\n\n\n\n<ul class=\"wp-block-list\">\n<li>Coupez le canal en aluminium \u00e0 la longueur souhait\u00e9e.<\/li>\n\n\n\n<li>Mettez plus d'une bande LED \u00e0 l'int\u00e9rieur du profil multi-rang\u00e9es.<\/li>\n\n\n\n<li>Attachez le diffuseur en PC opale au canal.<\/li>\n\n\n\n<li>Mettez des capuchons d'extr\u00e9mit\u00e9 et connectez les fils.<\/li>\n\n\n\n<li>Connectez \u00e0 un driver LED et allumez-le pour obtenir une lumi\u00e8re uniforme.<\/li>\n<\/ul>\n<\/div><figure class=\"wp-block-media-text__media\"><img loading=\"lazy\" decoding=\"async\" width=\"500\" height=\"500\" src=\"https:\/\/tangooled.com\/wp-content\/uploads\/2025\/12\/rc.webp\" alt=\"50mm vertical pendant led tube profile 360 degree lighting\" class=\"wp-image-42373 size-full\" srcset=\"https:\/\/tangooled.com\/wp-content\/uploads\/2025\/12\/rc.webp 500w, https:\/\/tangooled.com\/wp-content\/uploads\/2025\/12\/rc-300x300.webp 300w, https:\/\/tangooled.com\/wp-content\/uploads\/2025\/12\/rc-150x150.webp 150w\" sizes=\"auto, (max-width: 500px) 100vw, 500px\" \/><\/figure><\/div>\n<\/div><\/div>\n\n\n\n<div class=\"wp-block-group has-background is-vertical is-layout-flex wp-container-core-group-is-layout-b429018a wp-block-group-is-layout-flex\" style=\"background-color:#f1f1f1f2;padding-top:var(--wp--preset--spacing--70);padding-bottom:var(--wp--preset--spacing--70)\">\n<h2 class=\"wp-block-heading\" style=\"padding-top:var(--wp--preset--spacing--40);padding-bottom:var(--wp--preset--spacing--40);font-size:25px;font-style:normal;font-weight:600;text-transform:capitalize\">what&#8217;s in a kit?<\/h2>\n\n\n\n<ul class=\"wp-block-list\">\n<li>Barre en aluminium pour bandes LED<\/li>\n\n\n\n<li>Tube d'\u00e9clairage \u00e0 360 degr\u00e9s<\/li>\n\n\n\n<li>Kit de fil de suspension pour montage<\/li>\n\n\n\n<li>Capuchons d'extr\u00e9mit\u00e9 avec ou sans trous de c\u00e2blage<\/li>\n<\/ul>\n<\/div>\n\n\n\n<div class=\"wp-block-group is-vertical is-layout-flex wp-container-core-group-is-layout-d255d7c4 wp-block-group-is-layout-flex\" style=\"padding-top:var(--wp--preset--spacing--80);padding-bottom:var(--wp--preset--spacing--80)\">\n<h2 class=\"wp-block-heading\" style=\"padding-top:var(--wp--preset--spacing--40);padding-bottom:var(--wp--preset--spacing--40);font-size:25px;font-style:normal;font-weight:600;text-transform:capitalize\">Pourquoi choisir notre profil LED circulaire 360\u00b0 de 60 mm ?<\/h2>\n\n\n\n<p>Notre profil LED circulaire 360\u00b0 de 60 mm est fabriqu\u00e9 avec des mat\u00e9riaux de haute qualit\u00e9 et \u00e9met une lumi\u00e8re LED sans points dans un cercle complet. Le profil en aluminium anodis\u00e9 garantit que la chaleur est dissip\u00e9e le plus rapidement possible, ce qui permet aux LED de durer plus longtemps. Il dispose d'un diffuseur semi-transparent qui diffuse la lumi\u00e8re de mani\u00e8re uniforme sans la rendre trop brillante ou trop sombre.<br>Ce canal LED \u00e0 360 degr\u00e9s de grand diam\u00e8tre est appropri\u00e9 pour des installations LED multi-bandes, ce qui le rend id\u00e9al pour des profils \u00e0 forte sortie en lumens. Il peut \u00eatre utilis\u00e9 dans de nombreux endroits diff\u00e9rents, comme les plafonds de bureaux modernes, les halls d'h\u00f4tels, les magasins et les maisons.<\/p>\n<\/div>\n\n\n\n<div class=\"wp-block-group has-background\" style=\"background-color:#f1f1f1;padding-top:var(--wp--preset--spacing--80);padding-bottom:var(--wp--preset--spacing--80)\"><div class=\"wp-block-group__inner-container is-layout-constrained wp-block-group-is-layout-constrained\">\n<h2 class=\"wp-block-heading\" style=\"padding-top:var(--wp--preset--spacing--40);padding-bottom:var(--wp--preset--spacing--40);font-size:25px;font-style:normal;font-weight:600;text-transform:capitalize\">Produits associ\u00e9s qui pourraient vous int\u00e9resser<\/h2>\n\n\n\n<ul class=\"wp-block-list\">\n<li><a href=\"https:\/\/tangooled.com\/fr\/product\/diameter-40mm-round-aluminum-profile-for-led-strips-with-inner-width-30mm\/\"><mark style=\"background-color:rgba(0, 0, 0, 0)\" class=\"has-inline-color has-vivid-red-color\">Profil rond en aluminium de 40 mm de diam\u00e8tre pour bandes LED avec une largeur int\u00e9rieure de 30 mm<\/mark><\/a><\/li>\n\n\n\n<li><a href=\"https:\/\/tangooled.com\/fr\/product\/aluminum-profile-with-60-degree-lens-led-diffuser\/\"><mark style=\"background-color:rgba(0, 0, 0, 0)\" class=\"has-inline-color has-vivid-red-color\">Profil en aluminium avec diffuseur LED \u00e0 lentille de 60 degr\u00e9s<\/mark><\/a><\/li>\n\n\n\n<li><a href=\"https:\/\/tangooled.com\/fr\/product\/surface-mount-led-profile-with-frosted-diffuser-for-10mm-rope-lights\/\"><mark style=\"background-color:rgba(0, 0, 0, 0)\" class=\"has-inline-color has-vivid-red-color\">Profil LED \u00e0 montage en surface avec diffuseur d\u00e9poli pour bandes de 10 mm<\/mark><\/a><\/li>\n\n\n\n<li><a href=\"https:\/\/tangooled.com\/fr\/product\/black-aluminum-u-channel-profile-for-10mm-led-strips\/\"><mark style=\"background-color:rgba(0, 0, 0, 0)\" class=\"has-inline-color has-vivid-red-color\">Profil\u00e9 canal en aluminium noir en U pour bandes LED de 10mm<\/mark><\/a><\/li>\n<\/ul>\n<\/div><\/div>\n\n\n\n<div class=\"wp-block-group\" style=\"padding-top:var(--wp--preset--spacing--80);padding-bottom:var(--wp--preset--spacing--80)\"><div class=\"wp-block-group__inner-container is-layout-constrained wp-block-group-is-layout-constrained\">\n<h2 class=\"wp-block-heading\" style=\"padding-top:var(--wp--preset--spacing--40);padding-bottom:var(--wp--preset--spacing--40);font-size:25px;font-style:normal;font-weight:600;text-transform:capitalize\">r\u00e9sum\u00e9<\/h2>\n\n\n\n<p>Le canal rond LED circulaire de 360 degr\u00e9s de 60 mm est un profil de tube extrud\u00e9 de haute qualit\u00e9 qui est parfait pour les syst\u00e8mes LED multi-bandes n\u00e9cessitant un \u00e9clairage dans toutes les directions. Il comprend un diffuseur en PC opale et une dissipation thermique sup\u00e9rieure, offrant \u00e0 votre projet de lumi\u00e8re suspendue ou d'\u00e9clairage architectural un aspect propre et professionnel.<\/p>\n<\/div><\/div>\n\n\n\n<p><\/p>","protected":false},"featured_media":13407,"template":"","meta":{"_acf_changed":true,"_seopress_robots_primary_cat":"none","_seopress_titles_title":"60mm Circular 360\u00b0 LED Profile | Round Architectural Light Tube RSC60","_seopress_titles_desc":"The RSC60 is a professional 60mm circular 360 degree led profile. Achieve seamless, shadow-free lighting for modern commercial interiors and retail displays.","_seopress_robots_index":""},"pcb-width":[228],"product-cat":[234],"class_list":{"0":"post-42188","1":"product","2":"type-product","3":"status-publish","4":"has-post-thumbnail","6":"pcb-width-6-12mm","7":"product-cat-round-tube-profile"},"acf":[],"_links":{"self":[{"href":"https:\/\/tangooled.com\/fr\/wp-json\/wp\/v2\/product\/42188","targetHints":{"allow":["GET"]}}],"collection":[{"href":"https:\/\/tangooled.com\/fr\/wp-json\/wp\/v2\/product"}],"about":[{"href":"https:\/\/tangooled.com\/fr\/wp-json\/wp\/v2\/types\/product"}],"wp:featuredmedia":[{"embeddable":true,"href":"https:\/\/tangooled.com\/fr\/wp-json\/wp\/v2\/media\/13407"}],"wp:attachment":[{"href":"https:\/\/tangooled.com\/fr\/wp-json\/wp\/v2\/media?parent=42188"}],"wp:term":[{"taxonomy":"pcb-width","embeddable":true,"href":"https:\/\/tangooled.com\/fr\/wp-json\/wp\/v2\/pcb-width?post=42188"},{"taxonomy":"product-cat","embeddable":true,"href":"https:\/\/tangooled.com\/fr\/wp-json\/wp\/v2\/product-cat?post=42188"}],"curies":[{"name":"wp","href":"https:\/\/api.w.org\/{rel}","templated":true}]}}