{"id":42186,"date":"2025-12-17T01:58:53","date_gmt":"2025-12-17T09:58:53","guid":{"rendered":"https:\/\/tangooled.com\/?post_type=product&#038;p=42186"},"modified":"2026-02-02T02:08:33","modified_gmt":"2026-02-02T10:08:33","slug":"omnidirectional-pendant-led-tube-profile-rsc50","status":"publish","type":"product","link":"https:\/\/tangooled.com\/fr\/product\/omnidirectional-pendant-led-tube-profile-rsc50\/","title":{"rendered":"RSC50 : Profil de tube LED omnidirectionnel de 50 mm pour affichages de pendentifs"},"content":{"rendered":"<div class=\"wp-block-group is-vertical is-layout-flex wp-container-core-group-is-layout-d255d7c4 wp-block-group-is-layout-flex\" style=\"padding-top:var(--wp--preset--spacing--80);padding-bottom:var(--wp--preset--spacing--80)\">\n<p>Bienvenue dans notre profil de tube LED suspendu omnidirectionnel de 50 mm pour un \u00e9clairage \u00e0 360 degr\u00e9s ! Ce luminaire unique est con\u00e7u pour transformer votre espace avec une illumination brillante et uniforme. Ce beau tube LED suspendu vertical est fabriqu\u00e9 \u00e0 partir d'un profil en aluminium r\u00e9sistant et dispose d'un diffuseur en polycarbonate d\u00e9poli pour un montage au plafond.<\/p>\n\n\n\n<p>La caract\u00e9ristique principale de ce design est son tube de 50 mm de diam\u00e8tre, ce qui lui permet de diffuser la lumi\u00e8re uniform\u00e9ment dans toutes les directions. Cela garantit que toute la pi\u00e8ce est lumineuse et uniform\u00e9ment \u00e9clair\u00e9e sans zones d'ombre, et cela donne une ambiance vivante \u00e0 l'endroit. Le bo\u00eetier en aluminium robuste fonctionne \u00e9galement bien comme un dissipateur de chaleur, ce qui est important pour \u00e9vacuer la chaleur et prolonger la dur\u00e9e de vie des bandes LED \u00e0 l'int\u00e9rieur.<\/p>\n\n\n\n<p>Ce beau tube suspendu fonctionne bien dans les bureaux, les magasins, les salles \u00e0 manger et les halls avec de hauts plafonds o\u00f9 une fonctionnalit\u00e9 architecturale propre et attrayante est n\u00e9cessaire.<\/p>\n<\/div>\n\n\n\n<div class=\"wp-block-group has-background is-vertical is-layout-flex wp-container-core-group-is-layout-d255d7c4 wp-block-group-is-layout-flex\" style=\"background-color:#f1f1f1;padding-top:var(--wp--preset--spacing--80);padding-bottom:var(--wp--preset--spacing--80)\">\n<div class=\"wp-block-group is-vertical is-layout-flex wp-container-core-group-is-layout-8cf370e7 wp-block-group-is-layout-flex\">\n<h2 class=\"wp-block-heading\" style=\"padding-top:var(--wp--preset--spacing--40);padding-bottom:var(--wp--preset--spacing--40);font-size:25px;font-style:normal;font-weight:600;text-transform:capitalize\">Pourquoi choisir ce profil de tube LED suspendu omnidirectionnel de 50 mm ?<\/h2>\n\n\n\n<ul class=\"wp-block-list\">\n<li>\u00c9mission de lumi\u00e8re \u00e0 360 degr\u00e9s pour un \u00e9clairage de zone fort et uniforme.<\/li>\n\n\n\n<li>Un style qui s'int\u00e8gre dans un design d'\u00e9clairage architectural et des environnements haut de gamme comme les h\u00f4tels et les magasins.<\/li>\n\n\n\n<li>Travaille avec une technologie de tube LED dimmable pour varier la luminosit\u00e9.<\/li>\n\n\n\n<li>Vient avec un syst\u00e8me de suspension au plafond pour une installation facile.<\/li>\n<\/ul>\n<\/div>\n<\/div>\n\n\n\n<div class=\"wp-block-group\" style=\"padding-top:var(--wp--preset--spacing--60);padding-bottom:var(--wp--preset--spacing--60)\"><div class=\"wp-block-group__inner-container is-layout-constrained wp-block-group-is-layout-constrained\">\n<div class=\"wp-block-media-text has-media-on-the-right is-stacked-on-mobile\" style=\"grid-template-columns:auto 40%\"><div class=\"wp-block-media-text__content\">\n<h2 class=\"wp-block-heading\" style=\"padding-top:var(--wp--preset--spacing--40);padding-bottom:var(--wp--preset--spacing--40);font-size:25px;font-style:normal;font-weight:600;text-transform:capitalize\">Installation et personnalisation<\/h2>\n\n\n\n<ul class=\"wp-block-list\">\n<li>Nous vendons un kit de suspension complet qui comprend des c\u00e2bles et des supports de plafond.<\/li>\n\n\n\n<li>Vous pouvez choisir les longueurs exactes dont vous avez besoin pour votre projet.<\/li>\n\n\n\n<li>Vous pouvez choisir une finition en blanc, noir ou argent, ou opter pour une couleur personnalis\u00e9e.<\/li>\n\n\n\n<li>Il fonctionne avec de nombreux contr\u00f4leurs, vous pouvez donc l'utiliser dans n'importe quel b\u00e2timent ou syst\u00e8me intelligent.<\/li>\n\n\n\n<li>Vous pouvez l'installer verticalement pour correspondre \u00e0 vos besoins de design.<\/li>\n<\/ul>\n<\/div><figure class=\"wp-block-media-text__media\"><img loading=\"lazy\" decoding=\"async\" width=\"500\" height=\"500\" src=\"https:\/\/tangooled.com\/wp-content\/uploads\/2025\/12\/rc.webp\" alt=\"50mm vertical pendant led tube profile 360 degree lighting\" class=\"wp-image-42373 size-full\" srcset=\"https:\/\/tangooled.com\/wp-content\/uploads\/2025\/12\/rc.webp 500w, https:\/\/tangooled.com\/wp-content\/uploads\/2025\/12\/rc-300x300.webp 300w, https:\/\/tangooled.com\/wp-content\/uploads\/2025\/12\/rc-150x150.webp 150w\" sizes=\"auto, (max-width: 500px) 100vw, 500px\" \/><\/figure><\/div>\n<\/div><\/div>\n\n\n\n<div class=\"wp-block-group has-background is-vertical is-layout-flex wp-container-core-group-is-layout-b429018a wp-block-group-is-layout-flex\" style=\"background-color:#f1f1f1f2;padding-top:var(--wp--preset--spacing--70);padding-bottom:var(--wp--preset--spacing--70)\">\n<h2 class=\"wp-block-heading\" style=\"padding-top:var(--wp--preset--spacing--40);padding-bottom:var(--wp--preset--spacing--40);font-size:25px;font-style:normal;font-weight:600\">What\u2019s in the kit?<\/h2>\n\n\n\n<ul class=\"wp-block-list\">\n<li>Profil en aluminium anodis\u00e9 pour bandes LED<\/li>\n\n\n\n<li>Un tube en polycarbonate illuminant \u00e0 360 degr\u00e9s<\/li>\n\n\n\n<li>Deux capuchons m\u00e9talliques<\/li>\n\n\n\n<li>Un kit de c\u00e2ble de suspension<\/li>\n<\/ul>\n<\/div>\n\n\n\n<div class=\"wp-block-group is-vertical is-layout-flex wp-container-core-group-is-layout-d255d7c4 wp-block-group-is-layout-flex\" style=\"padding-top:var(--wp--preset--spacing--80);padding-bottom:var(--wp--preset--spacing--80)\">\n<h2 class=\"wp-block-heading\" style=\"padding-top:var(--wp--preset--spacing--40);padding-bottom:var(--wp--preset--spacing--40);font-size:25px;font-style:normal;font-weight:600;text-transform:capitalize\">Comment vous pouvez utiliser cette lumi\u00e8re<\/h2>\n\n\n\n<p>Notre profil de tube LED suspendu vertical de 50 mm pour un \u00e9clairage \u00e0 360 degr\u00e9s est id\u00e9al pour :<\/p>\n\n\n\n<ul class=\"wp-block-list\">\n<li>\u00c9clairer des b\u00e2timents commerciaux et des magasins qui ont besoin d'une lumi\u00e8re brillante et uniforme.<\/li>\n\n\n\n<li>Moderniser votre bureau avec des luminaires modernes.<\/li>\n\n\n\n<li>\u00c9clairage dans des h\u00f4tels et des bars qui fait sentir les gens les bienvenus.<\/li>\n\n\n\n<li>Se mettre en valeur dans des bo\u00eetes de nuit ou sur sc\u00e8ne avec des couleurs vives.<\/li>\n\n\n\n<li>Rendre les restaurants ou les showrooms plus \u00e9l\u00e9gants.<\/li>\n\n\n\n<li>Hall, atriums et stands d'exposition o\u00f9 la lumi\u00e8re fait une d\u00e9claration.<\/li>\n<\/ul>\n<\/div>\n\n\n\n<div class=\"wp-block-group has-background\" style=\"background-color:#f1f1f1;padding-top:var(--wp--preset--spacing--80);padding-bottom:var(--wp--preset--spacing--80)\"><div class=\"wp-block-group__inner-container is-layout-constrained wp-block-group-is-layout-constrained\">\n<h2 class=\"wp-block-heading\" style=\"padding-top:var(--wp--preset--spacing--40);padding-bottom:var(--wp--preset--spacing--40);font-size:25px;font-style:normal;font-weight:600;text-transform:capitalize\">Produits et ressources associ\u00e9s<\/h2>\n\n\n\n<ul class=\"wp-block-list\">\n<li><a href=\"https:\/\/tangooled.com\/fr\/product\/diffused-dia-60mm-360-degree-led-round-channel-profile-for-multi-strips\/\"><mark style=\"background-color:rgba(0, 0, 0, 0)\" class=\"has-inline-color has-vivid-red-color\">Profil de canal rond LED 360 degr\u00e9s Diffus\u00e9 Dia 60mm pour bandes multiples<\/mark><\/a><\/li>\n\n\n\n<li><a href=\"https:\/\/tangooled.com\/fr\/product\/360-degree-illumination-round-led-profile-dia-80mm-for-vertical-pendant\/\"><mark style=\"background-color:rgba(0, 0, 0, 0)\" class=\"has-inline-color has-vivid-red-color\">Profil rond LED d'illumination 360 degr\u00e9s Dia 80mm pour fauteuil suspendu<\/mark><\/a><\/li>\n\n\n\n<li><a href=\"https:\/\/tangooled.com\/fr\/product\/diameter-40mm-round-aluminum-profile-for-led-strips-with-inner-width-30mm\/\"><mark style=\"background-color:rgba(0, 0, 0, 0)\" class=\"has-inline-color has-vivid-red-color\">Profil rond en aluminium de 40 mm de diam\u00e8tre pour bandes LED avec une largeur int\u00e9rieure de 30 mm<\/mark><\/a><\/li>\n<\/ul>\n<\/div><\/div>\n\n\n\n<div class=\"wp-block-group\" style=\"padding-top:var(--wp--preset--spacing--80);padding-bottom:var(--wp--preset--spacing--80)\"><div class=\"wp-block-group__inner-container is-layout-constrained wp-block-group-is-layout-constrained\">\n<p>Notre profil de tube LED suspendu omnidirectionnel de 50 mm est pour un \u00e9clairage \u00e0 360 degr\u00e9s. Si vous d\u00e9sirez une lumi\u00e8re compl\u00e8te, magnifique et brillante tout autour, TG-RSC50 est le meilleur choix. Commandez maintenant une solution d'\u00e9clairage claire, lumineuse et \u00e0 jour !<\/p>\n<\/div><\/div>\n\n\n\n<p><\/p>","protected":false},"featured_media":13402,"template":"","meta":{"_acf_changed":true,"_seopress_robots_primary_cat":"none","_seopress_titles_title":"Omnidirectional Pendant LED Tube Profile 50mm RSC50 | TANGOOLED","_seopress_titles_desc":"The RSC50 is an omnidirectional pendant led tube profile designed for striking vertical or horizontal light displays. This 50mm circular profile delivers a seamless glow without shadows.","_seopress_robots_index":""},"pcb-width":[228],"product-cat":[234],"class_list":{"0":"post-42186","1":"product","2":"type-product","3":"status-publish","4":"has-post-thumbnail","6":"pcb-width-6-12mm","7":"product-cat-round-tube-profile"},"acf":[],"_links":{"self":[{"href":"https:\/\/tangooled.com\/fr\/wp-json\/wp\/v2\/product\/42186","targetHints":{"allow":["GET"]}}],"collection":[{"href":"https:\/\/tangooled.com\/fr\/wp-json\/wp\/v2\/product"}],"about":[{"href":"https:\/\/tangooled.com\/fr\/wp-json\/wp\/v2\/types\/product"}],"wp:featuredmedia":[{"embeddable":true,"href":"https:\/\/tangooled.com\/fr\/wp-json\/wp\/v2\/media\/13402"}],"wp:attachment":[{"href":"https:\/\/tangooled.com\/fr\/wp-json\/wp\/v2\/media?parent=42186"}],"wp:term":[{"taxonomy":"pcb-width","embeddable":true,"href":"https:\/\/tangooled.com\/fr\/wp-json\/wp\/v2\/pcb-width?post=42186"},{"taxonomy":"product-cat","embeddable":true,"href":"https:\/\/tangooled.com\/fr\/wp-json\/wp\/v2\/product-cat?post=42186"}],"curies":[{"name":"wp","href":"https:\/\/api.w.org\/{rel}","templated":true}]}}