{"id":42185,"date":"2025-12-17T01:54:16","date_gmt":"2025-12-17T09:54:16","guid":{"rendered":"https:\/\/tangooled.com\/?post_type=product&#038;p=42185"},"modified":"2026-02-02T02:08:56","modified_gmt":"2026-02-02T10:08:56","slug":"d-80mm-large-round-led-extrusion-multi-strip-rsg80","status":"publish","type":"product","link":"https:\/\/tangooled.com\/fr\/product\/d-80mm-large-round-led-extrusion-multi-strip-rsg80\/","title":{"rendered":"Extrusion LED ronde suspendue D 80 mm grande en aluminium pour bandes LED multiples"},"content":{"rendered":"<div class=\"wp-block-group is-vertical is-layout-flex wp-container-core-group-is-layout-d255d7c4 wp-block-group-is-layout-flex\" style=\"padding-top:var(--wp--preset--spacing--80);padding-bottom:var(--wp--preset--spacing--80)\">\n<p>The modern, powerful suspended d 80mm large round LED extrusion will make your space\u00a0brighter. This profile is made of strong 6063-T5 aluminum and is meant to hold large LED strips (around 38mm). <\/p>\n\n\n\n<p>Le luminaire est con\u00e7u pour \u00eatre suspendu au plafond et poss\u00e8de un grand diffuseur opale incurv\u00e9 qui diffuse la lumi\u00e8re \u00e0 un angle impressionnant de 270 degr\u00e9s. Cela rend la lumi\u00e8re  douce, brillante et uniforme, sans points.<\/p>\n\n\n\n<p>Cette extrusion est parfaite pour les architectes, les designers et les passionn\u00e9s de bricolage qui souhaitent un \u00e9clairage audacieux et \u00e9l\u00e9gant. Elle s'int\u00e8gre parfaitement dans les bureaux, les centres de conf\u00e9rence, les h\u00f4tels, les espaces commerciaux \u00e0 plafond haut et les lieux n\u00e9cessitant des luminaires lin\u00e9aires suspendus frappants et \u00e0 fort rendement.<\/p>\n<\/div>\n\n\n\n<div class=\"wp-block-group has-background is-vertical is-layout-flex wp-container-core-group-is-layout-d255d7c4 wp-block-group-is-layout-flex\" style=\"background-color:#f1f1f1;padding-top:var(--wp--preset--spacing--80);padding-bottom:var(--wp--preset--spacing--80)\">\n<div class=\"wp-block-group is-vertical is-layout-flex wp-container-core-group-is-layout-8cf370e7 wp-block-group-is-layout-flex\">\n<h2 class=\"wp-block-heading\" style=\"padding-top:var(--wp--preset--spacing--40);padding-bottom:var(--wp--preset--spacing--40);font-size:25px;font-style:normal;font-weight:600;text-transform:capitalize\">Pourquoi choisir cette extrusion LED ronde de 80 mm de diam\u00e8tre ?<\/h2>\n\n\n\n<ul class=\"wp-block-list\">\n<li>Le grand diam\u00e8tre de 80 mm offre un cadre rond unique qui est id\u00e9al pour les lampes pendantes et suspendues.<\/li>\n\n\n\n<li>Peut fonctionner avec plus d'une bande ; peut contenir des bandes LED \u00e0 double rang\u00e9e, telles que SMD 2835, 5050 et 3528.<\/li>\n\n\n\n<li>Le design suspendu et les c\u00e2bles en acier r\u00e9glables facilitent l\u2019installation \u00e0 diff\u00e9rentes hauteurs et emplacements.<\/li>\n\n\n\n<li>L'aluminium anodis\u00e9 6063-T5 permet \u00e0 la chaleur de s'\u00e9chapper rapidement, ce qui prolonge la dur\u00e9e de vie des LED.<\/li>\n\n\n\n<li>The opal polycarbonate diffuser makes sure that the light is smooth, even, and doesn&#8217;t have any glare.<\/li>\n\n\n\n<li>Les finitions disponibles sont en poudre noire, en poudre blanche et en argent anodis\u00e9.<\/li>\n<\/ul>\n<\/div>\n<\/div>\n\n\n\n<div class=\"wp-block-group\" style=\"padding-top:var(--wp--preset--spacing--60);padding-bottom:var(--wp--preset--spacing--60)\"><div class=\"wp-block-group__inner-container is-layout-constrained wp-block-group-is-layout-constrained\">\n<div class=\"wp-block-media-text has-media-on-the-right is-stacked-on-mobile\" style=\"grid-template-columns:auto 40%\"><div class=\"wp-block-media-text__content\">\n<h2 class=\"wp-block-heading\" style=\"padding-top:var(--wp--preset--spacing--40);padding-bottom:var(--wp--preset--spacing--40);font-size:25px;font-style:normal;font-weight:600;text-transform:capitalize\">Comment installer et utiliser<\/h2>\n\n\n\n<ul class=\"wp-block-list\">\n<li>L'extrusion en aluminium suspendue est fournie avec des fils en acier qui facilitent l'accrochage.<\/li>\n\n\n\n<li>Coupez l'extrusion \u00e0 la longueur requise pour votre projet.<\/li>\n\n\n\n<li>Mettez vos bandes LED SMD 2835, 5050 ou autres dans le canal.<\/li>\n\n\n\n<li>To achieve light that is smooth and doesn&#8217;t cause glare, put the opal diffuser over the strips.<\/li>\n\n\n\n<li>Pour finaliser le design et prot\u00e9ger les bandes de la poussi\u00e8re et des dommages, ajoutez des capuchons d'extr\u00e9mit\u00e9.<\/li>\n<\/ul>\n<\/div><figure class=\"wp-block-media-text__media\"><img loading=\"lazy\" decoding=\"async\" width=\"500\" height=\"500\" src=\"https:\/\/tangooled.com\/wp-content\/uploads\/2025\/12\/rsg80-ins.webp\" alt=\"suspended d 80mm large round aluminum led extrusion for multi led strips\" class=\"wp-image-42367 size-full\" srcset=\"https:\/\/tangooled.com\/wp-content\/uploads\/2025\/12\/rsg80-ins.webp 500w, https:\/\/tangooled.com\/wp-content\/uploads\/2025\/12\/rsg80-ins-300x300.webp 300w, https:\/\/tangooled.com\/wp-content\/uploads\/2025\/12\/rsg80-ins-150x150.webp 150w\" sizes=\"auto, (max-width: 500px) 100vw, 500px\" \/><\/figure><\/div>\n<\/div><\/div>\n\n\n\n<div class=\"wp-block-group has-background is-vertical is-layout-flex wp-container-core-group-is-layout-b429018a wp-block-group-is-layout-flex\" style=\"background-color:#f1f1f1f2;padding-top:var(--wp--preset--spacing--70);padding-bottom:var(--wp--preset--spacing--70)\">\n<h2 class=\"wp-block-heading\" style=\"padding-top:var(--wp--preset--spacing--40);padding-bottom:var(--wp--preset--spacing--40);font-size:25px;font-style:normal;font-weight:600\">Id\u00e9al pour ces applications<\/h2>\n\n\n\n<ul class=\"wp-block-list\">\n<li>Espaces commerciaux tels que salles de conf\u00e9rence, bureaux, magasins de d\u00e9tail, halls d'entr\u00e9e et salles d'exposition<\/li>\n\n\n\n<li>H\u00f4tellerie : h\u00f4tels, restaurants, bars et lieux d'\u00e9v\u00e9nements.<\/li>\n\n\n\n<li>Dans les maisons : cages d'escalier, \u00eelots de cuisine, espaces de repas et salons avec hauts plafonds<\/li>\n\n\n\n<li>Les b\u00e2timents publics comprennent des biblioth\u00e8ques, des galeries et des espaces ouverts modernes.<\/li>\n<\/ul>\n<\/div>\n\n\n\n<div class=\"wp-block-group is-vertical is-layout-flex wp-container-core-group-is-layout-d255d7c4 wp-block-group-is-layout-flex\" style=\"padding-top:var(--wp--preset--spacing--80);padding-bottom:var(--wp--preset--spacing--80)\">\n<h2 class=\"wp-block-heading\" style=\"padding-top:var(--wp--preset--spacing--40);padding-bottom:var(--wp--preset--spacing--40);font-size:25px;font-style:normal;font-weight:600;text-transform:capitalize\">Produits associ\u00e9s<\/h2>\n\n\n\n<ul class=\"wp-block-list\">\n<li>Pour des bandes plus petites ou une finition noire, consultez le <a href=\"https:\/\/tangooled.com\/fr\/product\/black-led-profile-with-black-diffuser-for-10mm-led-strip-light\/\"><mark style=\"background-color:rgba(0, 0, 0, 0)\" class=\"has-inline-color has-vivid-red-color\">Profil LED noir avec diffuseur noir pour bande LED de 10mm<\/mark><\/a><\/li>\n\n\n\n<li>Pour un montage en surface, consultez le<mark style=\"background-color:rgba(0, 0, 0, 0)\" class=\"has-inline-color has-vivid-red-color\"> <a href=\"https:\/\/tangooled.com\/fr\/product\/led-strip-light-channel-aluminum-profile-with-diffused-cover-6mm-height\/\">Profil en aluminium pour bande LED avec couverture diffusante de 6 mm de hauteur<\/a><\/mark><\/li>\n\n\n\n<li>Pour un anneau plus petit, visitez le <a href=\"https:\/\/tangooled.com\/fr\/product\/suspended-round-led-aluminum-profile-dia-24mm-for-12mm-flexible-led-strip\/\"><mark style=\"background-color:rgba(0, 0, 0, 0)\" class=\"has-inline-color has-vivid-red-color\">Profil rond LED en aluminium suspendu de 24 mm de diam\u00e8tre pour bande LED flexible de 12 mm<\/mark><\/a><\/li>\n\n\n\n<li>Vous souhaitez une forme rectangulaire ? Explorez le <a href=\"https:\/\/tangooled.com\/fr\/product\/aluminum-led-strip-extrusion-diffuser-channel-for-5050-double-row-led-strip\/\"><mark style=\"background-color:rgba(0, 0, 0, 0)\" class=\"has-inline-color has-vivid-red-color\">Canal de diffuseur en aluminium pour bande LED double rang\u00e9e 5050<\/mark><\/a><\/li>\n<\/ul>\n<\/div>\n\n\n\n<p><\/p>","protected":false},"featured_media":13459,"template":"","meta":{"_acf_changed":true,"_seopress_robots_primary_cat":"none","_seopress_titles_title":"D 80mm Large Round LED Extrusion | Multi-Strip Hanging Channel RSG80","_seopress_titles_desc":"The RSG80 is a professional D 80mm large round led extrusion designed for multi-strip integration. Ideal for high-lumen suspended lighting in grand halls and offices.","_seopress_robots_index":""},"pcb-width":[230],"product-cat":[234],"class_list":{"0":"post-42185","1":"product","2":"type-product","3":"status-publish","4":"has-post-thumbnail","6":"pcb-width-20-25mm","7":"product-cat-round-tube-profile"},"acf":[],"_links":{"self":[{"href":"https:\/\/tangooled.com\/fr\/wp-json\/wp\/v2\/product\/42185","targetHints":{"allow":["GET"]}}],"collection":[{"href":"https:\/\/tangooled.com\/fr\/wp-json\/wp\/v2\/product"}],"about":[{"href":"https:\/\/tangooled.com\/fr\/wp-json\/wp\/v2\/types\/product"}],"wp:featuredmedia":[{"embeddable":true,"href":"https:\/\/tangooled.com\/fr\/wp-json\/wp\/v2\/media\/13459"}],"wp:attachment":[{"href":"https:\/\/tangooled.com\/fr\/wp-json\/wp\/v2\/media?parent=42185"}],"wp:term":[{"taxonomy":"pcb-width","embeddable":true,"href":"https:\/\/tangooled.com\/fr\/wp-json\/wp\/v2\/pcb-width?post=42185"},{"taxonomy":"product-cat","embeddable":true,"href":"https:\/\/tangooled.com\/fr\/wp-json\/wp\/v2\/product-cat?post=42185"}],"curies":[{"name":"wp","href":"https:\/\/api.w.org\/{rel}","templated":true}]}}