{"id":42183,"date":"2025-12-17T01:49:06","date_gmt":"2025-12-17T09:49:06","guid":{"rendered":"https:\/\/tangooled.com\/?post_type=product&#038;p=42183"},"modified":"2026-02-02T02:09:32","modified_gmt":"2026-02-02T10:09:32","slug":"inner-width-38mm-round-led-aluminum-channel-for-5050-led-strips","status":"publish","type":"product","link":"https:\/\/tangooled.com\/fr\/product\/inner-width-38mm-round-led-aluminum-channel-for-5050-led-strips\/","title":{"rendered":"Canal en aluminium rond LED de largeur int\u00e9rieure 38 mm pour bandes LED 5050"},"content":{"rendered":"<div class=\"wp-block-group is-vertical is-layout-flex wp-container-core-group-is-layout-d255d7c4 wp-block-group-is-layout-flex\" style=\"padding-top:var(--wp--preset--spacing--80);padding-bottom:var(--wp--preset--spacing--80)\">\n<p>Looking for a wide, round LED aluminum channel? Our Inner 38mm Round LED Aluminum Channel is made to house large LED strips up to 38mm wide, such as 5050 tapes. This robust \u03a680mm profile is designed for suspension, transforming powerful LED lighting into a statement fixture.<\/p>\n\n\n\n<p>La structure pr\u00e9sente un diffuseur LED incurv\u00e9 et expansif couvrant une large section de la circonf\u00e9rence, atteignant un angle d'illumination d'environ 270 degr\u00e9s. Le canal en aluminium fonctionne comme un logement pour vos bandes LED. Il les garde au frais, ce qui prolonge leur dur\u00e9e de vie. La taille et l'\u00e9tendue de la lumi\u00e8re en font un \u00e9clairage brillant et uniforme.<\/p>\n\n\n\n<p>Il fonctionne parfaitement pour un \u00e9clairage architectural percutant dans de grandes pi\u00e8ces. Cette lumi\u00e8re est id\u00e9ale pour l'\u00e9clairage g\u00e9n\u00e9ral et d\u00e9coratif dans les concessionnaires automobiles, les auditoriums, les grands halls, les salles de sport modernes et d'autres lieux avec de hauts plafonds o\u00f9 une source de lumi\u00e8re flottante spectaculaire est n\u00e9cessaire.<\/p>\n<\/div>\n\n\n\n<div class=\"wp-block-group has-background is-vertical is-layout-flex wp-container-core-group-is-layout-d255d7c4 wp-block-group-is-layout-flex\" style=\"background-color:#f1f1f1;padding-top:var(--wp--preset--spacing--80);padding-bottom:var(--wp--preset--spacing--80)\">\n<div class=\"wp-block-group is-vertical is-layout-flex wp-container-core-group-is-layout-8cf370e7 wp-block-group-is-layout-flex\">\n<h2 class=\"wp-block-heading\" style=\"padding-top:var(--wp--preset--spacing--40);padding-bottom:var(--wp--preset--spacing--40);font-size:25px;font-style:normal;font-weight:600;text-transform:capitalize\">Pourquoi choisir notre canal en aluminium rond int\u00e9rieur de 38 mm ?<\/h2>\n\n\n\n<ul class=\"wp-block-list\">\n<li>La large largeur int\u00e9rieure de 38 mm vous permet d'installer des bandes LED 5050 \u00e0 une ou plusieurs rang\u00e9es et m\u00eame des bandes plus larges.<\/li>\n\n\n\n<li>Fabriqu\u00e9 en aluminium anodis\u00e9 6063-T5, qui est l\u00e9ger mais r\u00e9sistant. La forme ronde adoucit la lumi\u00e8re et la rend uniforme, sans zones sombres.<\/li>\n\n\n\n<li>Le diffuseur en polycarbonate d\u00e9poli rend la lumi\u00e8re douce et sans points.<\/li>\n\n\n\n<li>Les bandes LED sont prot\u00e9g\u00e9es de la poussi\u00e8re, de l'eau et des chocs.&nbsp;<\/li>\n\n\n\n<li>Il peut \u00eatre facilement suspendu avec un kit de suspension.&nbsp;<\/li>\n\n\n\n<li>It&#8217;s great for commercial, residential, architectural, or task lighting.<\/li>\n<\/ul>\n<\/div>\n<\/div>\n\n\n\n<div class=\"wp-block-group\" style=\"padding-top:var(--wp--preset--spacing--80);padding-bottom:var(--wp--preset--spacing--80)\"><div class=\"wp-block-group__inner-container is-layout-constrained wp-block-group-is-layout-constrained\">\n<div class=\"wp-block-media-text has-media-on-the-right is-stacked-on-mobile\" style=\"grid-template-columns:auto 40%\"><div class=\"wp-block-media-text__content\">\n<h2 class=\"wp-block-heading\" style=\"padding-top:var(--wp--preset--spacing--40);padding-bottom:var(--wp--preset--spacing--40);font-size:25px;font-style:normal;font-weight:600;text-transform:capitalize\">Conseils d'installation<\/h2>\n\n\n\n<ul class=\"wp-block-list\">\n<li>Il suffit d'utiliser une scie \u00e0 dents fines pour couper le canal selon vos besoins.<\/li>\n\n\n\n<li>Placez les bandes LED 5050 ou d'autres bandes appropri\u00e9es \u00e0 l'int\u00e9rieur du canal. <\/li>\n\n\n\n<li>Ins\u00e9rez les cordons de suspension dans la fente arri\u00e8re du canal en aluminium. <\/li>\n\n\n\n<li>Fixez rapidement le canal au plafond avec des capuchons d'extr\u00e9mit\u00e9 et des accessoires de suspension.<\/li>\n<\/ul>\n<\/div><figure class=\"wp-block-media-text__media\"><img loading=\"lazy\" decoding=\"async\" width=\"500\" height=\"500\" src=\"https:\/\/tangooled.com\/wp-content\/uploads\/2025\/12\/rs80-ins.webp\" alt=\"inner width 38mm round led aluminum channel for 5050 led strips\" class=\"wp-image-42369 size-full\" srcset=\"https:\/\/tangooled.com\/wp-content\/uploads\/2025\/12\/rs80-ins.webp 500w, https:\/\/tangooled.com\/wp-content\/uploads\/2025\/12\/rs80-ins-300x300.webp 300w, https:\/\/tangooled.com\/wp-content\/uploads\/2025\/12\/rs80-ins-150x150.webp 150w\" sizes=\"auto, (max-width: 500px) 100vw, 500px\" \/><\/figure><\/div>\n<\/div><\/div>\n\n\n\n<div class=\"wp-block-group has-background is-vertical is-layout-flex wp-container-core-group-is-layout-b429018a wp-block-group-is-layout-flex\" style=\"background-color:#f1f1f1f2;padding-top:var(--wp--preset--spacing--70);padding-bottom:var(--wp--preset--spacing--70)\">\n<h2 class=\"wp-block-heading\" style=\"padding-top:var(--wp--preset--spacing--40);padding-bottom:var(--wp--preset--spacing--40);font-size:25px;font-style:normal;font-weight:600\">Id\u00e9al pour ces travaux d'\u00e9clairage<\/h2>\n\n\n\n<ul class=\"wp-block-list\">\n<li>\u00c9clairage pour les entreprises, telles que les magasins de d\u00e9tail, les bureaux et les halls d'h\u00f4tel.<\/li>\n\n\n\n<li>\u00c9clairage pour les maisons, y compris les \u00eelots de cuisine, les salons ou les plafonds hauts.<\/li>\n\n\n\n<li>Les couloirs et les galeries sont des exemples d'accents architecturaux.<\/li>\n\n\n\n<li>\u00c9clairage de t\u00e2che : lumi\u00e8res vives pour studios, garages et ateliers qui en ont besoin.<\/li>\n<\/ul>\n<\/div>\n\n\n\n<div class=\"wp-block-group is-vertical is-layout-flex wp-container-core-group-is-layout-d255d7c4 wp-block-group-is-layout-flex\" style=\"padding-top:var(--wp--preset--spacing--80);padding-bottom:var(--wp--preset--spacing--80)\">\n<h2 class=\"wp-block-heading\" style=\"padding-top:var(--wp--preset--spacing--40);padding-bottom:var(--wp--preset--spacing--40);font-size:25px;font-style:normal;font-weight:600;text-transform:capitalize\">v\u00e9rifiez d'autres produits connexes<\/h2>\n\n\n\n<ul class=\"wp-block-list\">\n<li>Explorez notre <a href=\"https:\/\/tangooled.com\/fr\/product\/black-led-profile-with-black-diffuser-for-10mm-led-strip-light\/\"><mark style=\"background-color:rgba(0, 0, 0, 0)\" class=\"has-inline-color has-vivid-red-color\">profil LED noir avec diffuseur noir pour bande LED de 10 mm <\/mark><\/a>pour des bandes LED \u00e9troites. <\/li>\n\n\n\n<li>D\u00e9couvrez notre <a href=\"https:\/\/tangooled.com\/fr\/product\/aluminum-led-strip-extrusion-diffuser-channel-for-5050-double-row-led-strip\/\"><mark style=\"background-color:rgba(0, 0, 0, 0)\" class=\"has-inline-color has-vivid-red-color\">canal de diffuseur d'extrusion en aluminium pour bandes LED 5050 double rang\u00e9e<\/mark><\/a> pour des profils LED larges similaires.<\/li>\n\n\n\n<li>Consultez<a href=\"https:\/\/tangooled.com\/fr\/product\/surface-mount-led-profile-with-frosted-diffuser-for-10mm-rope-lights\/\"><mark style=\"background-color:rgba(0, 0, 0, 0)\" class=\"has-inline-color has-vivid-red-color\">profil LED \u00e0 monter en surface avec diffuseur d\u00e9poli pour \u00e9clairage \u00e0 corde de 10 mm <\/mark><\/a>pour des options de montage flexibles.<\/li>\n\n\n\n<li>Pour des formes uniques, voyez <a href=\"https:\/\/tangooled.com\/fr\/product\/v-shape-diffuser-corner-aluminum-led-profile-inner-20mm\/\"><mark style=\"background-color:rgba(0, 0, 0, 0)\" class=\"has-inline-color has-vivid-red-color\">profil\u00e9 en aluminium LED diffuseur d'angle en V de 20 mm<\/mark><\/a>.<\/li>\n<\/ul>\n<\/div>\n\n\n\n<p><\/p>","protected":false},"featured_media":13393,"template":"","meta":{"_acf_changed":true,"_seopress_robots_primary_cat":"none","_seopress_titles_title":"Inner 38mm Round LED Aluminum Channel RS80 | TANGOOLED","_seopress_titles_desc":"The RS80 is a heavy-duty round led aluminum channel with a spacious inner 38mm width. Perfect for 5050 strips, multi-row LEDs, and custom pendant lights.","_seopress_robots_index":""},"pcb-width":[231],"product-cat":[234],"class_list":{"0":"post-42183","1":"product","2":"type-product","3":"status-publish","4":"has-post-thumbnail","6":"pcb-width-25-35mm","7":"product-cat-round-tube-profile"},"acf":[],"_links":{"self":[{"href":"https:\/\/tangooled.com\/fr\/wp-json\/wp\/v2\/product\/42183","targetHints":{"allow":["GET"]}}],"collection":[{"href":"https:\/\/tangooled.com\/fr\/wp-json\/wp\/v2\/product"}],"about":[{"href":"https:\/\/tangooled.com\/fr\/wp-json\/wp\/v2\/types\/product"}],"wp:featuredmedia":[{"embeddable":true,"href":"https:\/\/tangooled.com\/fr\/wp-json\/wp\/v2\/media\/13393"}],"wp:attachment":[{"href":"https:\/\/tangooled.com\/fr\/wp-json\/wp\/v2\/media?parent=42183"}],"wp:term":[{"taxonomy":"pcb-width","embeddable":true,"href":"https:\/\/tangooled.com\/fr\/wp-json\/wp\/v2\/pcb-width?post=42183"},{"taxonomy":"product-cat","embeddable":true,"href":"https:\/\/tangooled.com\/fr\/wp-json\/wp\/v2\/product-cat?post=42183"}],"curies":[{"name":"wp","href":"https:\/\/api.w.org\/{rel}","templated":true}]}}