{"id":42181,"date":"2025-12-17T01:45:22","date_gmt":"2025-12-17T09:45:22","guid":{"rendered":"https:\/\/tangooled.com\/?post_type=product&#038;p=42181"},"modified":"2026-02-02T02:09:50","modified_gmt":"2026-02-02T10:09:50","slug":"round-black-aluminum-led-channel-dia-60mm-diffuser-rsg60","status":"publish","type":"product","link":"https:\/\/tangooled.com\/fr\/product\/round-black-aluminum-led-channel-dia-60mm-diffuser-rsg60\/","title":{"rendered":"Canal LED en aluminium noir rond avec diffuseur de 60mm de diam\u00e8tre"},"content":{"rendered":"<div class=\"wp-block-group is-vertical is-layout-flex wp-container-core-group-is-layout-d255d7c4 wp-block-group-is-layout-flex\" style=\"padding-top:var(--wp--preset--spacing--80);padding-bottom:var(--wp--preset--spacing--80)\">\n<p>Notre canal en aluminium noir avec un diffuseur de 60mm est con\u00e7u pour vous fournir une lumi\u00e8re claire et sans points, tout en \u00e9tant facile \u00e0 suspendre. Cet appareil de haute qualit\u00e9 poss\u00e8de une base en aluminium et une largeur int\u00e9rieure de 23,6 mm, ce qui est id\u00e9al pour des bandes LED plus larges. Le diffuseur large et courb\u00e9 couvre une grande surface et diffuse la lumi\u00e8re sur environ 270 degr\u00e9s. Ce design maintient la bande LED en place de fa\u00e7on s\u00e9curis\u00e9e et offre une lumi\u00e8re brillante, uniforme et sans points.<\/p>\n\n\n\n<p>This 60mm diffuser round black aluminum channel is perfect for general illumination in large spaces like retail stores, airport lounges, or modern schools that need bright, trendy lighting. It&#8217;s also great for architectural lighting and statement pendant fixtures. You can use it at home, at work, or in a business.<\/p>\n<\/div>\n\n\n\n<div class=\"wp-block-group has-background is-vertical is-layout-flex wp-container-core-group-is-layout-d255d7c4 wp-block-group-is-layout-flex\" style=\"background-color:#f1f1f1;padding-top:var(--wp--preset--spacing--80);padding-bottom:var(--wp--preset--spacing--80)\">\n<div class=\"wp-block-group is-vertical is-layout-flex wp-container-core-group-is-layout-8cf370e7 wp-block-group-is-layout-flex\">\n<h2 class=\"wp-block-heading\" style=\"padding-top:var(--wp--preset--spacing--40);padding-bottom:var(--wp--preset--spacing--40);font-size:25px;font-style:normal;font-weight:600;text-transform:capitalize\">Pourquoi choisir ce canal LED en aluminium noir rond ?<\/h2>\n\n\n\n<ul class=\"wp-block-list\">\n<li>L'aluminium anodis\u00e9 6063-T5 est robuste et garde vos LED en s\u00e9curit\u00e9 et au frais.<\/li>\n\n\n\n<li>La largeur int\u00e9rieure de 23 mm est suffisamment grande pour les bandes LED \u00e0 double rang\u00e9e, les bandes larges et m\u00eame les bandes Philips Hue.<\/li>\n\n\n\n<li>Le diffuseur en polycarbonate opale lisse produit une lumi\u00e8re brillante et sans points.<\/li>\n\n\n\n<li>L\u00e9ger mais robuste, avec une finition noire mate \u00e9l\u00e9gante pour le design et la fonctionnalit\u00e9.<\/li>\n\n\n\n<li>Comprend un kit de suspension complet avec fils et bouchons de fin.<\/li>\n<\/ul>\n<\/div>\n<\/div>\n\n\n\n<div class=\"wp-block-group\" style=\"padding-top:var(--wp--preset--spacing--80);padding-bottom:var(--wp--preset--spacing--80)\"><div class=\"wp-block-group__inner-container is-layout-constrained wp-block-group-is-layout-constrained\">\n<div class=\"wp-block-media-text has-media-on-the-right is-stacked-on-mobile\" style=\"grid-template-columns:auto 40%\"><div class=\"wp-block-media-text__content\">\n<h2 class=\"wp-block-heading\" style=\"padding-top:var(--wp--preset--spacing--40);padding-bottom:var(--wp--preset--spacing--40);font-size:25px;font-style:normal;font-weight:600;text-transform:capitalize\">O\u00f9 utiliser ce canal en aluminium noir avec diffuseur de 60mm ?<\/h2>\n\n\n\n<p>Notre canal LED suspendu en aluminium noir circulaire est \u00e9l\u00e9gant et polyvalent pour de nombreux endroits :<\/p>\n\n\n\n<ul class=\"wp-block-list\">\n<li>Pendants de cuisine : Une fa\u00e7on \u00e9l\u00e9gante d'\u00e9clairer vos t\u00e2ches sans aucun point.<\/li>\n\n\n\n<li>Bureaux et salles de conf\u00e9rence : \u00c9clairage lin\u00e9aire qui est lumineux et propre pour vous aider \u00e0 accomplir vos t\u00e2ches.<\/li>\n\n\n\n<li>Retail stores and showrooms: Use architectural lighting to get people&#8217;s attention.<\/li>\n\n\n\n<li>Salons et salles \u00e0 manger : Lustres qui attirent le regard.<\/li>\n\n\n\n<li>Biblioth\u00e8ques et halls : \u00c9clairage moderne suspendu qui s'adapte \u00e0 tout endroit avec plafond haut.<\/li>\n<\/ul>\n<\/div><figure class=\"wp-block-media-text__media\"><img loading=\"lazy\" decoding=\"async\" width=\"500\" height=\"500\" src=\"https:\/\/tangooled.com\/wp-content\/uploads\/2025\/12\/rsg60-ins.webp\" alt=\"round black aluminum led hanging channel with dia 60mm diffuser inner width 23mm\" class=\"wp-image-42365 size-full\" srcset=\"https:\/\/tangooled.com\/wp-content\/uploads\/2025\/12\/rsg60-ins.webp 500w, https:\/\/tangooled.com\/wp-content\/uploads\/2025\/12\/rsg60-ins-300x300.webp 300w, https:\/\/tangooled.com\/wp-content\/uploads\/2025\/12\/rsg60-ins-150x150.webp 150w\" sizes=\"auto, (max-width: 500px) 100vw, 500px\" \/><\/figure><\/div>\n<\/div><\/div>\n\n\n\n<div class=\"wp-block-group has-background is-vertical is-layout-flex wp-container-core-group-is-layout-b429018a wp-block-group-is-layout-flex\" style=\"background-color:#f1f1f1f2;padding-top:var(--wp--preset--spacing--70);padding-bottom:var(--wp--preset--spacing--70)\">\n<h2 class=\"wp-block-heading\" style=\"padding-top:var(--wp--preset--spacing--40);padding-bottom:var(--wp--preset--spacing--40);font-size:25px;font-style:normal;font-weight:600;text-transform:capitalize\">What\u2019s Included in Your Kit?<\/h2>\n\n\n\n<ul class=\"wp-block-list\">\n<li>Un canal suspendu en aluminium noir rond<\/li>\n\n\n\n<li>1x couverture de diffuseur opale (embo\u00eetable)<\/li>\n\n\n\n<li>2 bouchons de fin noirs<\/li>\n\n\n\n<li>1x kit de suspension (fils en acier de 2m avec supports pour le plafond)<\/li>\n<\/ul>\n<\/div>\n\n\n\n<div class=\"wp-block-group is-vertical is-layout-flex wp-container-core-group-is-layout-d255d7c4 wp-block-group-is-layout-flex\" style=\"padding-top:var(--wp--preset--spacing--80);padding-bottom:var(--wp--preset--spacing--80)\">\n<h2 class=\"wp-block-heading\" style=\"padding-top:var(--wp--preset--spacing--40);padding-bottom:var(--wp--preset--spacing--40);font-size:25px;font-style:normal;font-weight:600;text-transform:capitalize\">Compatibilit\u00e9 avec les bandes LED<\/h2>\n\n\n\n<p>La largeur int\u00e9rieure de 23 mm de ce canal s'adapte \u00e0 :<\/p>\n\n\n\n<ul class=\"wp-block-list\">\n<li>Rubans LED standard et larges<\/li>\n\n\n\n<li>Bandes LED \u00e0 double rang\u00e9e<\/li>\n\n\n\n<li>Bandes LED haute densit\u00e9 (120+ LED\/m)<\/li>\n\n\n\n<li>Bandes LED COB et RGBW qui \u00e9mettent une lumi\u00e8re lisse et brillante.<\/li>\n<\/ul>\n<\/div>\n\n\n\n<div class=\"wp-block-group has-background\" style=\"background-color:#f1f1f1;padding-top:var(--wp--preset--spacing--80);padding-bottom:var(--wp--preset--spacing--80)\"><div class=\"wp-block-group__inner-container is-layout-constrained wp-block-group-is-layout-constrained\">\n<h2 class=\"wp-block-heading\" style=\"padding-top:var(--wp--preset--spacing--40);padding-bottom:var(--wp--preset--spacing--40);font-size:25px;font-style:normal;font-weight:600;text-transform:capitalize\">Produits associ\u00e9s qui pourraient vous int\u00e9resser<\/h2>\n\n\n\n<ul class=\"wp-block-list\">\n<li><a href=\"https:\/\/tangooled.com\/fr\/product\/black-led-profile-with-black-diffuser-for-10mm-led-strip-light\/\"><mark style=\"background-color:rgba(0, 0, 0, 0)\" class=\"has-inline-color has-vivid-red-color\">Profil LED noir avec diffuseur noir pour bande LED de 10 mm<\/mark><\/a><\/li>\n\n\n\n<li><a href=\"https:\/\/tangooled.com\/fr\/product\/black-led-diffuser-aluminum-channel-for-12mm-tape-lights\/\"><mark style=\"background-color:rgba(0, 0, 0, 0)\" class=\"has-inline-color has-vivid-red-color\">Profil en aluminium avec diffuseur LED noir pour bandes de 12 mm<\/mark><\/a><\/li>\n\n\n\n<li><a href=\"https:\/\/tangooled.com\/fr\/product\/surface-mount-led-profile-with-frosted-diffuser-for-10mm-rope-lights\/\"><mark style=\"background-color:rgba(0, 0, 0, 0)\" class=\"has-inline-color has-vivid-red-color\">Profil LED \u00e0 montage en surface avec diffuseur d\u00e9poli pour bandes de 10 mm<\/mark><\/a><\/li>\n\n\n\n<li><a href=\"https:\/\/tangooled.com\/fr\/product\/25x14m-surface-mounted-led-light-aluminum-profile\/\"><mark style=\"background-color:rgba(0, 0, 0, 0)\" class=\"has-inline-color has-vivid-red-color\">Profil\u00e9 en aluminium pour lumi\u00e8re LED mont\u00e9 en surface 25x14mm<\/mark><\/a><\/li>\n\n\n\n<li><a href=\"https:\/\/tangooled.com\/fr\/product\/led-strip-light-channel-aluminum-profile-with-diffused-cover-6mm-height\/\"><mark style=\"background-color:rgba(0, 0, 0, 0)\" class=\"has-inline-color has-vivid-red-color\">Profil en aluminium pour bande LED avec couvercle diffusant de 6 mm de hauteur<\/mark><\/a><\/li>\n<\/ul>\n<\/div><\/div>\n\n\n\n<div class=\"wp-block-group\" style=\"padding-top:var(--wp--preset--spacing--80);padding-bottom:var(--wp--preset--spacing--80)\"><div class=\"wp-block-group__inner-container is-layout-constrained wp-block-group-is-layout-constrained\">\n<h2 class=\"wp-block-heading\" style=\"padding-top:var(--wp--preset--spacing--40);padding-bottom:var(--wp--preset--spacing--40);font-size:25px;font-style:normal;font-weight:600;text-transform:capitalize\">r\u00e9sum\u00e9<\/h2>\n\n\n\n<p>Ce canal en aluminium noir avec un diffuseur de 60mm est parfait pour quiconque a besoin d'un bo\u00eetier LED rond durable, \u00e9l\u00e9gant et utile pour ses projets d'\u00e9clairage. Il a une large largeur int\u00e9rieure qui vous permet d'utiliser divers LED, permet une meilleure dissipation de la chaleur et est livr\u00e9 avec un kit de suspension qui rend l'installation facile. Utilisez-le pour cr\u00e9er un \u00e9clairage lin\u00e9aire pour des b\u00e2timents, des suspensions ou pour am\u00e9liorer le design d'\u00e9clairage de votre maison ou de votre entreprise.<\/p>\n<\/div><\/div>\n\n\n\n<p><\/p>","protected":false},"featured_media":34031,"template":"","meta":{"_acf_changed":true,"_seopress_robots_primary_cat":"none","_seopress_titles_title":"Black Aluminum Dia 60mm Diffuser Round LED Profile RSG60 | TANGOOLED","_seopress_titles_desc":"The RSG60 is a sleek black aluminum channel featuring a bold dia 60mm diffuser. Optimized for 23mm inner width strips, it\u2019s the perfect body for modern suspended linear lighting.","_seopress_robots_index":""},"pcb-width":[229],"product-cat":[234],"class_list":{"0":"post-42181","1":"product","2":"type-product","3":"status-publish","4":"has-post-thumbnail","6":"pcb-width-15-20mm","7":"product-cat-round-tube-profile"},"acf":[],"_links":{"self":[{"href":"https:\/\/tangooled.com\/fr\/wp-json\/wp\/v2\/product\/42181","targetHints":{"allow":["GET"]}}],"collection":[{"href":"https:\/\/tangooled.com\/fr\/wp-json\/wp\/v2\/product"}],"about":[{"href":"https:\/\/tangooled.com\/fr\/wp-json\/wp\/v2\/types\/product"}],"wp:featuredmedia":[{"embeddable":true,"href":"https:\/\/tangooled.com\/fr\/wp-json\/wp\/v2\/media\/34031"}],"wp:attachment":[{"href":"https:\/\/tangooled.com\/fr\/wp-json\/wp\/v2\/media?parent=42181"}],"wp:term":[{"taxonomy":"pcb-width","embeddable":true,"href":"https:\/\/tangooled.com\/fr\/wp-json\/wp\/v2\/pcb-width?post=42181"},{"taxonomy":"product-cat","embeddable":true,"href":"https:\/\/tangooled.com\/fr\/wp-json\/wp\/v2\/product-cat?post=42181"}],"curies":[{"name":"wp","href":"https:\/\/api.w.org\/{rel}","templated":true}]}}