{"id":42179,"date":"2025-12-17T01:38:18","date_gmt":"2025-12-17T09:38:18","guid":{"rendered":"https:\/\/tangooled.com\/?post_type=product&#038;p=42179"},"modified":"2026-02-02T02:10:42","modified_gmt":"2026-02-02T10:10:42","slug":"60mm-round-led-aluminum-housing-large-diameter-rs60","status":"publish","type":"product","link":"https:\/\/tangooled.com\/fr\/product\/60mm-round-led-aluminum-housing-large-diameter-rs60\/","title":{"rendered":"Corps en aluminium rond LED de 60 mm pour suspension \u00e0 grande \u00e9chelle"},"content":{"rendered":"<div class=\"wp-block-group is-vertical is-layout-flex wp-container-core-group-is-layout-d255d7c4 wp-block-group-is-layout-flex\" style=\"padding-top:var(--wp--preset--spacing--80);padding-bottom:var(--wp--preset--spacing--80)\">\n<p>Le corps en aluminium rond LED de 60 mm pour suspension est un \u00e9clairage circulaire robuste compos\u00e9 d'un canal en aluminium et d'un diffuseur de lumi\u00e8re en PC. Avec les kits de suspension, ce profil peut \u00eatre suspendu de mani\u00e8re \u00e9l\u00e9gante au plafond.<\/p>\n\n\n\n<p>Le diffuseur LED incurv\u00e9 est la partie la plus importante. Il couvre une grande partie de la circonf\u00e9rence et diffuse la lumi\u00e8re \u00e0 un angle d'environ 270 degr\u00e9s. Le design maintient la bande LED en place et \u00e9met une lumi\u00e8re lumineuse et uniforme sans points.<\/p>\n\n\n\n<p>Sa grande taille et sa conception ronde en font un choix parfait pour un \u00e9clairage principal ou d\u00e9coratif dans de grands espaces modernes. Il est magnifique dans les halls avec des plafonds hauts, d'\u00e9normes bureaux, des magasins et des projets architecturaux n\u00e9cessitant un design lin\u00e9aire flottant unique.<\/p>\n<\/div>\n\n\n\n<div class=\"wp-block-group has-background is-vertical is-layout-flex wp-container-core-group-is-layout-d255d7c4 wp-block-group-is-layout-flex\" style=\"background-color:#f1f1f1;padding-top:var(--wp--preset--spacing--80);padding-bottom:var(--wp--preset--spacing--80)\">\n<div class=\"wp-block-group is-vertical is-layout-flex wp-container-core-group-is-layout-8cf370e7 wp-block-group-is-layout-flex\">\n<h2 class=\"wp-block-heading\" style=\"padding-top:var(--wp--preset--spacing--40);padding-bottom:var(--wp--preset--spacing--40);font-size:25px;font-style:normal;font-weight:600;text-transform:capitalize\">Caract\u00e9ristiques cl\u00e9s du corps en aluminium rond LED de 60 mm<\/h2>\n\n\n\n<ul class=\"wp-block-list\">\n<li>L'aluminium 6063-T5 est robuste et garde votre lumi\u00e8re LED en s\u00e9curit\u00e9 et au frais.<\/li>\n\n\n\n<li>La largeur maximale d'une bande LED peut \u00eatre de 20 mm, ce qui convient aux bandes simples et doubles.<\/li>\n\n\n\n<li>La lumi\u00e8re est plus douce car elle a un dessus en polycarbonate opale.<\/li>\n\n\n\n<li>Le kit de suspension comprend des serre-c\u00e2bles en laiton et un fil en acier.<\/li>\n\n\n\n<li>Vous pouvez contr\u00f4ler la lumi\u00e8re avec des drivers LED dimmables comme DALI ou 0-10V.<\/li>\n\n\n\n<li>Caract\u00e9ristiques d'extr\u00e9mit\u00e9 et connexions de joint de profil qui facilitent l'assemblage.<\/li>\n<\/ul>\n<\/div>\n<\/div>\n\n\n\n<div class=\"wp-block-group\" style=\"padding-top:var(--wp--preset--spacing--80);padding-bottom:var(--wp--preset--spacing--80)\"><div class=\"wp-block-group__inner-container is-layout-constrained wp-block-group-is-layout-constrained\">\n<div class=\"wp-block-media-text has-media-on-the-right is-stacked-on-mobile\" style=\"grid-template-columns:auto 40%\"><div class=\"wp-block-media-text__content\">\n<h2 class=\"wp-block-heading\" style=\"padding-top:var(--wp--preset--spacing--40);padding-bottom:var(--wp--preset--spacing--40);font-size:25px;font-style:normal;font-weight:600;text-transform:capitalize\">O\u00f9 utiliser le profil LED RS60<\/h2>\n\n\n\n<ul class=\"wp-block-list\">\n<li>\u00c9clairage de bureau : suspended au-dessus des bureaux dans des bureaux ouverts ou des salles de r\u00e9union.<\/li>\n\n\n\n<li>\u00c9clairage pour showrooms : Utilisez une lumi\u00e8re claire et vive pour mettre en avant vos marchandises.<\/li>\n\n\n\n<li>Un luminaire pour la salle de conf\u00e9rence qui ajoute du style et attire l'attention.<\/li>\n\n\n\n<li>Une lampe suspendue pour la salle \u00e0 manger rend les repas plus confortables et \u00e9l\u00e9gants.<\/li>\n<\/ul>\n<\/div><figure class=\"wp-block-media-text__media\"><img loading=\"lazy\" decoding=\"async\" width=\"500\" height=\"500\" src=\"https:\/\/tangooled.com\/wp-content\/uploads\/2025\/12\/rs60-ins.webp\" alt=\"60mm round led aluminum profile for suspension\" class=\"wp-image-42362 size-full\" srcset=\"https:\/\/tangooled.com\/wp-content\/uploads\/2025\/12\/rs60-ins.webp 500w, https:\/\/tangooled.com\/wp-content\/uploads\/2025\/12\/rs60-ins-300x300.webp 300w, https:\/\/tangooled.com\/wp-content\/uploads\/2025\/12\/rs60-ins-150x150.webp 150w\" sizes=\"auto, (max-width: 500px) 100vw, 500px\" \/><\/figure><\/div>\n<\/div><\/div>\n\n\n\n<div class=\"wp-block-group has-background\" style=\"background-color:#f1f1f1f2;padding-top:var(--wp--preset--spacing--80);padding-bottom:var(--wp--preset--spacing--80)\"><div class=\"wp-block-group__inner-container is-layout-constrained wp-block-group-is-layout-constrained\">\n<h2 class=\"wp-block-heading\" style=\"padding-top:var(--wp--preset--spacing--40);padding-bottom:var(--wp--preset--spacing--40);font-size:25px;font-style:normal;font-weight:600\">Que recevez-vous avec TG-RS60 ?<\/h2>\n\n\n\n<ul class=\"wp-block-list\">\n<li>Profil en aluminium dans la finition de votre choix : argent, noir ou blanc.<\/li>\n\n\n\n<li>Un diffuseur opale \u00e0 embo\u00eeter pour une lumi\u00e8re douce et stable.<\/li>\n\n\n\n<li>Kits de suspension avec fils en acier ajustables et serre-c\u00e2bles qui facilitent la suspension.<\/li>\n\n\n\n<li>Capuchons d'extr\u00e9mit\u00e9 pour des extr\u00e9mit\u00e9s nettes et compl\u00e8tes.<\/li>\n<\/ul>\n<\/div><\/div>\n\n\n\n<div class=\"wp-block-group is-vertical is-layout-flex wp-container-core-group-is-layout-d255d7c4 wp-block-group-is-layout-flex\" style=\"padding-top:var(--wp--preset--spacing--80);padding-bottom:var(--wp--preset--spacing--80)\">\n<h2 class=\"wp-block-heading\" style=\"padding-top:var(--wp--preset--spacing--40);padding-bottom:var(--wp--preset--spacing--40);font-size:25px;font-style:normal;font-weight:600;text-transform:capitalize\">R\u00e9sum\u00e9<\/h2>\n\n\n\n<p>La fa\u00e7on id\u00e9ale de suspendre de belles lampes suspendues est d'utiliser le corps en aluminium rond LED de 60 mm pour suspension. Il est compos\u00e9 d'aluminium robuste, poss\u00e8de un diffuseur lisse sans points et peut \u00eatre utilis\u00e9 dans de nombreux endroits, tels que les cuisines et les bureaux. Utilisez-le avec des bandes LED de haute qualit\u00e9, des drivers dimmables et des syst\u00e8mes de contr\u00f4le d'\u00e9clairage intelligents pour obtenir un \u00e9clairage lumineux, efficace et beau.<\/p>\n<\/div>\n\n\n\n<p><\/p>","protected":false},"featured_media":13383,"template":"","meta":{"_acf_changed":true,"_seopress_robots_primary_cat":"none","_seopress_titles_title":"60mm Round LED Aluminum Housing RS60 | TANGOOLED","_seopress_titles_desc":"The RS60 is a heavy-duty 60mm round led aluminum housing with an opal light diffuser for suspension use.","_seopress_robots_index":""},"pcb-width":[229],"product-cat":[234],"class_list":{"0":"post-42179","1":"product","2":"type-product","3":"status-publish","4":"has-post-thumbnail","6":"pcb-width-15-20mm","7":"product-cat-round-tube-profile"},"acf":[],"_links":{"self":[{"href":"https:\/\/tangooled.com\/fr\/wp-json\/wp\/v2\/product\/42179","targetHints":{"allow":["GET"]}}],"collection":[{"href":"https:\/\/tangooled.com\/fr\/wp-json\/wp\/v2\/product"}],"about":[{"href":"https:\/\/tangooled.com\/fr\/wp-json\/wp\/v2\/types\/product"}],"wp:featuredmedia":[{"embeddable":true,"href":"https:\/\/tangooled.com\/fr\/wp-json\/wp\/v2\/media\/13383"}],"wp:attachment":[{"href":"https:\/\/tangooled.com\/fr\/wp-json\/wp\/v2\/media?parent=42179"}],"wp:term":[{"taxonomy":"pcb-width","embeddable":true,"href":"https:\/\/tangooled.com\/fr\/wp-json\/wp\/v2\/pcb-width?post=42179"},{"taxonomy":"product-cat","embeddable":true,"href":"https:\/\/tangooled.com\/fr\/wp-json\/wp\/v2\/product-cat?post=42179"}],"curies":[{"name":"wp","href":"https:\/\/api.w.org\/{rel}","templated":true}]}}