{"id":42177,"date":"2025-12-17T01:34:22","date_gmt":"2025-12-17T09:34:22","guid":{"rendered":"https:\/\/tangooled.com\/?post_type=product&#038;p=42177"},"modified":"2026-02-02T02:11:03","modified_gmt":"2026-02-02T10:11:03","slug":"d50-linear-round-ceiling-light-led-profile-for-pendant","status":"publish","type":"product","link":"https:\/\/tangooled.com\/fr\/product\/d50-linear-round-ceiling-light-led-profile-for-pendant\/","title":{"rendered":"Profil lumineux rond lin\u00e9aire D50 pour lampe suspendue LED"},"content":{"rendered":"<div class=\"wp-block-group is-vertical is-layout-flex wp-container-core-group-is-layout-d255d7c4 wp-block-group-is-layout-flex\" style=\"padding-top:var(--wp--preset--spacing--80);padding-bottom:var(--wp--preset--spacing--80)\">\n<p>Ce profil lumineux rond lin\u00e9aire D50 est une nouvelle approche pour \u00e9clairer les pi\u00e8ces. Il a \u00e9t\u00e9 cr\u00e9\u00e9 sp\u00e9cifiquement pour \u00eatre suspendu au plafond. La partie principale est un semi-cylindre en aluminium robuste avec un diffuseur incurv\u00e9. Cela forme un profil d'un diam\u00e8tre de 50 mm.<\/p>\n\n\n\n<p>Le grand diffuseur LED incurv\u00e9 qui couvre presque toute la moiti\u00e9 inf\u00e9rieure du profil est ce qui le rend unique. Cette conception optimise la surface \u00e9mettrice de lumi\u00e8re en garantissant que la lumi\u00e8re se diffuse de mani\u00e8re uniforme et large, assurant une diffusion extensive. La structure interne maintient la bande LED (qui a une largeur de montage d'environ 20,2 mm) et les fils qui l'accompagnent.<\/p>\n\n\n\n<p>Ce profil est id\u00e9al pour les grands halls commerciaux, les cages d'escalier, les restaurants avec de hauts plafonds, et les espaces d'exposition au d\u00e9tail qui n\u00e9cessitent un \u00e9clairage suspendu propre, audacieux et moderne.<\/p>\n<\/div>\n\n\n\n<div class=\"wp-block-group has-background is-vertical is-layout-flex wp-container-core-group-is-layout-d255d7c4 wp-block-group-is-layout-flex\" style=\"background-color:#f1f1f1;padding-top:var(--wp--preset--spacing--80);padding-bottom:var(--wp--preset--spacing--80)\">\n<div class=\"wp-block-group is-vertical is-layout-flex wp-container-core-group-is-layout-8cf370e7 wp-block-group-is-layout-flex\">\n<h2 class=\"wp-block-heading\" style=\"padding-top:var(--wp--preset--spacing--40);padding-bottom:var(--wp--preset--spacing--40);font-size:25px;font-style:normal;font-weight:600;text-transform:capitalize\">Qu'est-ce qui rend le profil lumineux rond lin\u00e9aire D50 un bon choix ?<\/h2>\n\n\n\n<ul class=\"wp-block-list\">\n<li>Le corps en aluminium est robuste et durable. Il garde \u00e9galement les LEDs au frais.<\/li>\n\n\n\n<li>The ring&#8217;s 50mm diameter makes it great for modern and minimalist lighting.<\/li>\n\n\n\n<li>Livr\u00e9 avec un diffuseur opale en PC qui laisse passer beaucoup de lumi\u00e8re pour une r\u00e9partition uniforme.<\/li>\n\n\n\n<li>Livr\u00e9 avec un syst\u00e8me de suspension \u00e0 pendentif \u00e9quip\u00e9 de c\u00e2bles ajustables pour un suspendre facile.<\/li>\n\n\n\n<li>Peut accueillir de nombreuses bandes LED mesurant jusqu'\u00e0 20 mm de large.<\/li>\n\n\n\n<li>Compatible avec les syst\u00e8mes de gradation DALI et 0-10V pour un \u00e9clairage professionnel.<\/li>\n<\/ul>\n<\/div>\n<\/div>\n\n\n\n<div class=\"wp-block-group\" style=\"padding-top:var(--wp--preset--spacing--80);padding-bottom:var(--wp--preset--spacing--80)\"><div class=\"wp-block-group__inner-container is-layout-constrained wp-block-group-is-layout-constrained\">\n<div class=\"wp-block-media-text has-media-on-the-right is-stacked-on-mobile\" style=\"grid-template-columns:auto 40%\"><div class=\"wp-block-media-text__content\">\n<h2 class=\"wp-block-heading\" style=\"padding-top:var(--wp--preset--spacing--40);padding-bottom:var(--wp--preset--spacing--40);font-size:25px;font-style:normal;font-weight:600;text-transform:capitalize\">Le profil lumineux rond lin\u00e9aire D50 fonctionne bien dans de nombreux environnements :<\/h2>\n\n\n\n<ul class=\"wp-block-list\">\n<li>Bureaux et salles de conf\u00e9rence : lumi\u00e8res suspendues modernes pour \u00e9clairer les espaces de travail.<\/li>\n\n\n\n<li>Bars et restaurants : Rendez l'\u00e9clairage apaisant et agr\u00e9able pour que les gens puissent manger et se d\u00e9tendre.<\/li>\n\n\n\n<li>Maisons : Suspendez-les au-dessus des tables \u00e0 manger ou dans les halls d'entr\u00e9e pour produire un bel anneau lumineux.<\/li>\n\n\n\n<li>Magasins et salles d'exposition : Utilisez un \u00e9clairage \u00e9l\u00e9gant et attrayant pour faire ressortir les marchandises.<\/li>\n\n\n\n<li>H\u00f4tels et halls : Des anneaux lumineux apportent une touche classe et chaleureuse.<\/li>\n<\/ul>\n<\/div><figure class=\"wp-block-media-text__media\"><img loading=\"lazy\" decoding=\"async\" width=\"500\" height=\"500\" src=\"https:\/\/tangooled.com\/wp-content\/uploads\/2025\/12\/rs50-ins.webp\" alt=\"d50 linear round ceiling light led profile for pendant\" class=\"wp-image-42359 size-full\" srcset=\"https:\/\/tangooled.com\/wp-content\/uploads\/2025\/12\/rs50-ins.webp 500w, https:\/\/tangooled.com\/wp-content\/uploads\/2025\/12\/rs50-ins-300x300.webp 300w, https:\/\/tangooled.com\/wp-content\/uploads\/2025\/12\/rs50-ins-150x150.webp 150w\" sizes=\"auto, (max-width: 500px) 100vw, 500px\" \/><\/figure><\/div>\n<\/div><\/div>\n\n\n\n<div class=\"wp-block-group has-background\" style=\"background-color:#f1f1f1f2;padding-top:var(--wp--preset--spacing--80);padding-bottom:var(--wp--preset--spacing--80)\"><div class=\"wp-block-group__inner-container is-layout-constrained wp-block-group-is-layout-constrained\">\n<h2 class=\"wp-block-heading\" style=\"padding-top:var(--wp--preset--spacing--40);padding-bottom:var(--wp--preset--spacing--40);font-size:25px;font-style:normal;font-weight:600\">Comment le profil D50 se distingue<\/h2>\n\n\n\n<ul class=\"wp-block-list\">\n<li>Lumi\u00e8re douce et uniforme : Le filtre opale \u00e9limine l'\u00e9blouissement et les forts spots LED.<\/li>\n\n\n\n<li>Refroidissement puissant : Le corps en aluminium maintient les LEDs au frais, ce qui les fait durer plus longtemps.<\/li>\n\n\n\n<li>Facile \u00e0 assembler : Le kit de suspension est livr\u00e9 avec tout ce dont vous avez besoin pour l'accrocher.<\/li>\n\n\n\n<li>Fonctionne avec une multitude de bandes LED : Choisissez la couleur et la luminosit\u00e9 qui s'harmonisent le mieux avec votre conception.<\/li>\n<\/ul>\n<\/div><\/div>\n\n\n\n<div class=\"wp-block-group\" style=\"padding-top:var(--wp--preset--spacing--80);padding-bottom:var(--wp--preset--spacing--80)\"><div class=\"wp-block-group__inner-container is-layout-constrained wp-block-group-is-layout-constrained\">\n<h2 class=\"wp-block-heading\" style=\"padding-top:var(--wp--preset--spacing--40);padding-bottom:var(--wp--preset--spacing--40);font-size:25px;font-style:normal;font-weight:600;text-transform:capitalize\">Ce que vous obtenez dans un kit<\/h2>\n\n\n\n<ul class=\"wp-block-list\">\n<li>1 Profil en aluminium anodis\u00e9<\/li>\n\n\n\n<li>1 diffuseur opale PC \u00e0 clipser<\/li>\n\n\n\n<li>C\u00e2bles de suspension en acier qui peuvent \u00eatre ajust\u00e9s<\/li>\n\n\n\n<li>Deux bouchons d'extr\u00e9mit\u00e9<\/li>\n<\/ul>\n<\/div><\/div>\n\n\n\n<div class=\"wp-block-group has-background\" style=\"background-color:#f1f1f1;padding-top:var(--wp--preset--spacing--80);padding-bottom:var(--wp--preset--spacing--80)\"><div class=\"wp-block-group__inner-container is-layout-constrained wp-block-group-is-layout-constrained\">\n<h2 class=\"wp-block-heading\" style=\"padding-top:var(--wp--preset--spacing--40);padding-bottom:var(--wp--preset--spacing--40);font-size:25px;font-style:normal;font-weight:600;text-transform:capitalize\">Produits associ\u00e9s<\/h2>\n\n\n\n<ul class=\"wp-block-list\">\n<li>Versions qui s'installent en surface, comme le<mark style=\"background-color:rgba(0, 0, 0, 0)\" class=\"has-inline-color has-vivid-red-color\"> <a href=\"https:\/\/tangooled.com\/fr\/product\/surface-mount-led-profile-with-frosted-diffuser-for-10mm-rope-lights\/\">Profil LED \u00e0 monter en surface avec diffuseur d\u00e9poli pour lumi\u00e8res en corde de 10mm<\/a><\/mark><\/li>\n\n\n\n<li>Profils pour bandes lumineuses plus petites, comme le <a href=\"https:\/\/tangooled.com\/fr\/product\/black-aluminum-u-channel-profile-for-10mm-led-strips\/\"><mark style=\"background-color:rgba(0, 0, 0, 0)\" class=\"has-inline-color has-vivid-red-color\">Profil de canal en aluminium noir en U pour bandes LED de 10mm<\/mark><\/a><\/li>\n\n\n\n<li>Profils LED lin\u00e9aires avec diffuseurs sp\u00e9ciaux, tels que le <a href=\"https:\/\/tangooled.com\/fr\/product\/aluminum-profile-with-60-degree-lens-led-diffuser\/\"><mark style=\"background-color:rgba(0, 0, 0, 0)\" class=\"has-inline-color has-vivid-red-color\">Profil en aluminium avec diffuseur LED \u00e0 lentille de 60 degr\u00e9s<\/mark><\/a><\/li>\n<\/ul>\n<\/div><\/div>\n\n\n\n<div class=\"wp-block-group\" style=\"padding-top:var(--wp--preset--spacing--80);padding-bottom:var(--wp--preset--spacing--80)\"><div class=\"wp-block-group__inner-container is-layout-constrained wp-block-group-is-layout-constrained\">\n<h2 class=\"wp-block-heading\" style=\"padding-top:var(--wp--preset--spacing--40);padding-bottom:var(--wp--preset--spacing--40);font-size:25px;font-style:normal;font-weight:600;text-transform:capitalize\">Produits associ\u00e9s<\/h2>\n\n\n\n<p style=\"padding-right:0;padding-left:0\">Le profil lumineux rond lin\u00e9aire D50 est une mani\u00e8re \u00e9l\u00e9gante, moderne et simple d'\u00e9clairer une pi\u00e8ce avec un pendentif. Il convient aussi bien aux besoins d'\u00e9clairage commerciaux que domestiques, ainsi qu'aux h\u00f4tels et autres \u00e9tablissements d'accueil. La forme lisse et ronde, la haute sortie lumineuse, et le syst\u00e8me de suspension ajustable en font un excellent choix pour des projets d'\u00e9clairage \u00e9l\u00e9gants.<\/p>\n<\/div><\/div>\n\n\n\n<p><\/p>","protected":false},"featured_media":13370,"template":"","meta":{"_acf_changed":true,"_seopress_robots_primary_cat":"none","_seopress_titles_title":"D50 Linear Round Light Profile RS50 | TANGOOLED","_seopress_titles_desc":"This d50 linear round light profile designed for high-end pendant installations. This 50mm circular aluminum channel offers maximum space for high-output strips.","_seopress_robots_index":""},"pcb-width":[229],"product-cat":[234],"class_list":{"0":"post-42177","1":"product","2":"type-product","3":"status-publish","4":"has-post-thumbnail","6":"pcb-width-15-20mm","7":"product-cat-round-tube-profile"},"acf":[],"_links":{"self":[{"href":"https:\/\/tangooled.com\/fr\/wp-json\/wp\/v2\/product\/42177","targetHints":{"allow":["GET"]}}],"collection":[{"href":"https:\/\/tangooled.com\/fr\/wp-json\/wp\/v2\/product"}],"about":[{"href":"https:\/\/tangooled.com\/fr\/wp-json\/wp\/v2\/types\/product"}],"wp:featuredmedia":[{"embeddable":true,"href":"https:\/\/tangooled.com\/fr\/wp-json\/wp\/v2\/media\/13370"}],"wp:attachment":[{"href":"https:\/\/tangooled.com\/fr\/wp-json\/wp\/v2\/media?parent=42177"}],"wp:term":[{"taxonomy":"pcb-width","embeddable":true,"href":"https:\/\/tangooled.com\/fr\/wp-json\/wp\/v2\/pcb-width?post=42177"},{"taxonomy":"product-cat","embeddable":true,"href":"https:\/\/tangooled.com\/fr\/wp-json\/wp\/v2\/product-cat?post=42177"}],"curies":[{"name":"wp","href":"https:\/\/api.w.org\/{rel}","templated":true}]}}