{"id":42175,"date":"2025-12-17T01:30:12","date_gmt":"2025-12-17T09:30:12","guid":{"rendered":"https:\/\/tangooled.com\/?post_type=product&#038;p=42175"},"modified":"2026-02-02T02:11:52","modified_gmt":"2026-02-02T10:11:52","slug":"40mm-round-led-aluminum-profile-30mm-inner-rs40","status":"publish","type":"product","link":"https:\/\/tangooled.com\/fr\/product\/40mm-round-led-aluminum-profile-30mm-inner-rs40\/","title":{"rendered":"Profil LED rond de 40 mm de diam\u00e8tre avec une largeur int\u00e9rieure de 30 mm"},"content":{"rendered":"<div class=\"wp-block-group is-vertical is-layout-flex wp-container-core-group-is-layout-d255d7c4 wp-block-group-is-layout-flex\" style=\"padding-top:var(--wp--preset--spacing--80);padding-bottom:var(--wp--preset--spacing--80)\">\n<p>Ce profil LED rond en aluminium de 40 mm est sp\u00e9cialement con\u00e7u pour l'\u00e9clairage suspendu. Le profil poss\u00e8de un bo\u00eetier en aluminium robuste qui mesure 40 mm de large \u00e0 l'ext\u00e9rieur et 30,7 mm de large \u00e0 l'int\u00e9rieur pour la bande LED.<\/p>\n\n\n\n<p>L'espace creux \u00e0 l'int\u00e9rieur de la section d'\u00e9clairage incurv\u00e9 est une partie importante de la structure. Il est id\u00e9al pour cacher des fils d'alimentation ou des drivers tr\u00e8s fins. Le bas a un diffuseur LED incurv\u00e9 qui r\u00e9partit la lumi\u00e8re uniform\u00e9ment sur une large surface.<\/p>\n\n\n\n<p>Ce profil LED rond de 40 mm est parfait pour un \u00e9clairage ambiant et de travail de haute qualit\u00e9 dans une large gamme d'environnements modernes, tels que bureaux corporatifs, salles de conf\u00e9rence, espaces commerciaux et galeries. Il fonctionne \u00e9galement bien comme \u00e9clairage d'accent au-dessus des \u00eelots de cuisine ou des zones de repas.<\/p>\n<\/div>\n\n\n\n<div class=\"wp-block-group has-background is-vertical is-layout-flex wp-container-core-group-is-layout-d255d7c4 wp-block-group-is-layout-flex\" style=\"background-color:#f1f1f1;padding-top:var(--wp--preset--spacing--80);padding-bottom:var(--wp--preset--spacing--80)\">\n<div class=\"wp-block-group is-vertical is-layout-flex wp-container-core-group-is-layout-8cf370e7 wp-block-group-is-layout-flex\">\n<h2 class=\"wp-block-heading\" style=\"padding-top:var(--wp--preset--spacing--40);padding-bottom:var(--wp--preset--spacing--40);font-size:25px;font-style:normal;font-weight:600;text-transform:capitalize\">Pourquoi devriez-vous choisir notre profil LED rond en aluminium de 40 mm ?<\/h2>\n\n\n\n<ul class=\"wp-block-list\">\n<li>Solide et l\u00e9ger : fabriqu\u00e9 en aluminium 6063-T5, qui disperse bien la chaleur et dure longtemps.<\/li>\n\n\n\n<li>Compatible avec de larges bandes LED : la largeur int\u00e9rieure de 30 mm peut g\u00e9rer deux rang\u00e9es de bandes LED ou une bande large.<\/li>\n\n\n\n<li>Lumi\u00e8re douce : le diffuseur d\u00e9poli qui l'accompagne rend la lumi\u00e8re douce et uniforme, sans taches.<\/li>\n\n\n\n<li>Facile \u00e0 utiliser : le pendentif est livr\u00e9 avec toutes les pi\u00e8ces n\u00e9cessaires pour une fixation facile.<\/li>\n\n\n\n<li>Belle apparence : vous pouvez choisir parmi des finitions anodis\u00e9es en argent, noir ou blanc.<\/li>\n<\/ul>\n<\/div>\n<\/div>\n\n\n\n<div class=\"wp-block-group\" style=\"padding-top:var(--wp--preset--spacing--80);padding-bottom:var(--wp--preset--spacing--80)\"><div class=\"wp-block-group__inner-container is-layout-constrained wp-block-group-is-layout-constrained\">\n<div class=\"wp-block-media-text has-media-on-the-right is-stacked-on-mobile\" style=\"grid-template-columns:auto 40%\"><div class=\"wp-block-media-text__content\">\n<h2 class=\"wp-block-heading\" style=\"padding-top:var(--wp--preset--spacing--40);padding-bottom:var(--wp--preset--spacing--40);font-size:25px;font-style:normal;font-weight:600;text-transform:capitalize\">Compatibilit\u00e9 et installation de l'\u00e9clairage<\/h2>\n\n\n\n<ul class=\"wp-block-list\">\n<li>Fonctionne avec des bandes LED jusqu'\u00e0 30 mm de large, parfait pour des LED SMD ou COB \u00e0 double rang\u00e9e.<\/li>\n\n\n\n<li>Fonctionne parfaitement avec des bandes LED assez denses pour \u00e9viter les taches.<\/li>\n\n\n\n<li>Vous pouvez utiliser des c\u00e2bles de suspension pour le suspendre ou des clips de montage pour l'attacher aux murs et plafonds.<\/li>\n\n\n\n<li>Le diffuseur adoucit la lumi\u00e8re afin qu'elle se r\u00e9partisse \u00e9galement dans votre pi\u00e8ce sans points lumineux.<\/li>\n<\/ul>\n<\/div><figure class=\"wp-block-media-text__media\"><img loading=\"lazy\" decoding=\"async\" width=\"500\" height=\"500\" src=\"https:\/\/tangooled.com\/wp-content\/uploads\/2025\/12\/rs40-ins.webp\" alt=\"diameter 40mm round aluminum profile for led strips with inner width 30mm\" class=\"wp-image-42296 size-full\" srcset=\"https:\/\/tangooled.com\/wp-content\/uploads\/2025\/12\/rs40-ins.webp 500w, https:\/\/tangooled.com\/wp-content\/uploads\/2025\/12\/rs40-ins-300x300.webp 300w, https:\/\/tangooled.com\/wp-content\/uploads\/2025\/12\/rs40-ins-150x150.webp 150w\" sizes=\"auto, (max-width: 500px) 100vw, 500px\" \/><\/figure><\/div>\n<\/div><\/div>\n\n\n\n<div class=\"wp-block-group has-background is-vertical is-layout-flex wp-container-core-group-is-layout-b429018a wp-block-group-is-layout-flex\" style=\"background-color:#f1f1f1f2;padding-top:var(--wp--preset--spacing--70);padding-bottom:var(--wp--preset--spacing--70)\">\n<h2 class=\"wp-block-heading\" style=\"padding-top:var(--wp--preset--spacing--40);padding-bottom:var(--wp--preset--spacing--40);font-size:25px;font-style:normal;font-weight:600;text-transform:capitalize\">O\u00f9 pouvez-vous utiliser le profil en aluminium rond de 40 mm<\/h2>\n\n\n\n<p>Ce profil est \u00e0 la fois robuste et adaptable. Utilisez-le pour une multitude d'applications d'\u00e9clairage, telles que :<\/p>\n\n\n\n<ul class=\"wp-block-list\">\n<li>\u00c9clairage pour vos \u00eelots de cuisine, salons et placards pour cr\u00e9er l'ambiance et vous aider \u00e0 vous concentrer.<\/li>\n\n\n\n<li>Entreprises : bureaux, magasins et restaurants qui sont propres, lumineux et modernes.<\/li>\n\n\n\n<li>Design : cr\u00e9ez des lampes suspendues qui sont rondes et s'alignent bien.<\/li>\n\n\n\n<li>Utilisez avec des bandes LED \u00e0 double rang\u00e9e pour \u00e9clairer les armoires et \u00e9tag\u00e8res.<\/li>\n<\/ul>\n<\/div>\n\n\n\n<div class=\"wp-block-group\" style=\"padding-top:var(--wp--preset--spacing--80);padding-bottom:var(--wp--preset--spacing--80)\"><div class=\"wp-block-group__inner-container is-layout-constrained wp-block-group-is-layout-constrained\">\n<h2 class=\"wp-block-heading\" style=\"padding-top:var(--wp--preset--spacing--40);padding-bottom:var(--wp--preset--spacing--40);font-size:25px;font-style:normal;font-weight:600;text-transform:capitalize\">Que contient la bo\u00eete ?<\/h2>\n\n\n\n<ul class=\"wp-block-list\">\n<li>Un profil en aluminium circulaire de 40 mm dans la longueur et la finition de votre choix<\/li>\n\n\n\n<li>Un diffuseur opale LED \u00e0 clipser<\/li>\n\n\n\n<li>Deux capuchons d\u2019extr\u00e9mit\u00e9 en m\u00e9tal pour un aspect complet<\/li>\n\n\n\n<li>Deux kits de c\u00e2ble de suspension pour la suspension<\/li>\n<\/ul>\n<\/div><\/div>\n\n\n\n<div class=\"wp-block-group has-background\" style=\"background-color:#f1f1f1;padding-top:var(--wp--preset--spacing--80);padding-bottom:var(--wp--preset--spacing--80)\"><div class=\"wp-block-group__inner-container is-layout-constrained wp-block-group-is-layout-constrained\">\n<h2 class=\"wp-block-heading\" style=\"padding-top:var(--wp--preset--spacing--40);padding-bottom:var(--wp--preset--spacing--40);font-size:25px;font-style:normal;font-weight:600;text-transform:capitalize\">Voir d'autres profils qui pourraient vous plaire<\/h2>\n\n\n\n<ul class=\"wp-block-list\">\n<li>V\u00e9rifiez notre <a href=\"https:\/\/tangooled.com\/fr\/product\/black-led-profile-with-black-diffuser-for-10mm-led-strip-light\/\"><mark style=\"background-color:rgba(0, 0, 0, 0)\" class=\"has-inline-color has-vivid-red-color\">Profil LED noir avec diffuseur noir pour bande LED de 10 mm<\/mark><\/a> pour les bandes LED plus petites.<\/li>\n\n\n\n<li>Voir <a href=\"https:\/\/tangooled.com\/fr\/product\/surface-mount-led-profile-with-frosted-diffuser-for-10mm-rope-lights\/\"><mark style=\"background-color:rgba(0, 0, 0, 0)\" class=\"has-inline-color has-vivid-red-color\">Profil LED de montage en surface avec diffuseur d\u00e9poli pour lumi\u00e8res \u00e0 corde de 10 mm<\/mark><\/a> pour des options de montage faciles au plafond.<\/li>\n\n\n\n<li>Explorez notre <a href=\"https:\/\/tangooled.com\/fr\/product\/25x14m-surface-mounted-led-light-aluminum-profile\/\"><mark style=\"background-color:rgba(0, 0, 0, 0)\" class=\"has-inline-color has-vivid-red-color\">Profil en aluminium pour lumi\u00e8re LED de 25x14m mont\u00e9 en surface<\/mark><\/a> pour des styles de montage polyvalents.<\/li>\n<\/ul>\n<\/div><\/div>\n\n\n\n<p><\/p>","protected":false},"featured_media":13366,"template":"","meta":{"_acf_changed":true,"_seopress_robots_primary_cat":"none","_seopress_titles_title":"40mm Round LED Aluminum Profile 30mm Inner Width RS40 | TANGOOLED","_seopress_titles_desc":"The RS40 is a heavy-duty 40mm round led aluminum profile with a wide 30mm inner channel. Perfect for high-output lighting and custom pendant fixtures in commercial spaces.","_seopress_robots_index":""},"pcb-width":[230],"product-cat":[234],"class_list":{"0":"post-42175","1":"product","2":"type-product","3":"status-publish","4":"has-post-thumbnail","6":"pcb-width-20-25mm","7":"product-cat-round-tube-profile"},"acf":[],"_links":{"self":[{"href":"https:\/\/tangooled.com\/fr\/wp-json\/wp\/v2\/product\/42175","targetHints":{"allow":["GET"]}}],"collection":[{"href":"https:\/\/tangooled.com\/fr\/wp-json\/wp\/v2\/product"}],"about":[{"href":"https:\/\/tangooled.com\/fr\/wp-json\/wp\/v2\/types\/product"}],"wp:featuredmedia":[{"embeddable":true,"href":"https:\/\/tangooled.com\/fr\/wp-json\/wp\/v2\/media\/13366"}],"wp:attachment":[{"href":"https:\/\/tangooled.com\/fr\/wp-json\/wp\/v2\/media?parent=42175"}],"wp:term":[{"taxonomy":"pcb-width","embeddable":true,"href":"https:\/\/tangooled.com\/fr\/wp-json\/wp\/v2\/pcb-width?post=42175"},{"taxonomy":"product-cat","embeddable":true,"href":"https:\/\/tangooled.com\/fr\/wp-json\/wp\/v2\/product-cat?post=42175"}],"curies":[{"name":"wp","href":"https:\/\/api.w.org\/{rel}","templated":true}]}}