{"id":42174,"date":"2025-12-17T01:22:46","date_gmt":"2025-12-17T09:22:46","guid":{"rendered":"https:\/\/tangooled.com\/?post_type=product&#038;p=42174"},"modified":"2026-02-02T02:12:17","modified_gmt":"2026-02-02T10:12:17","slug":"30mm-round-led-extrusion-channel-for-ceiling-hanging","status":"publish","type":"product","link":"https:\/\/tangooled.com\/fr\/product\/30mm-round-led-extrusion-channel-for-ceiling-hanging\/","title":{"rendered":"Canal d'extrusion LED rond de 30 mm pour suspension au plafond"},"content":{"rendered":"<div class=\"wp-block-group is-vertical is-layout-flex wp-container-core-group-is-layout-d255d7c4 wp-block-group-is-layout-flex\" style=\"padding-top:var(--wp--preset--spacing--80);padding-bottom:var(--wp--preset--spacing--80)\">\n<p>Notre canal d'extrusion LED rond de 30 mm est une fa\u00e7on id\u00e9ale d'am\u00e9liorer votre espace en le suspendant au plafond. Ce bo\u00eetier LED en aluminium \u00e9l\u00e9gant transforme les bandes LED traditionnelles en luminaires suspendus modernes et styl\u00e9s. Ce canal LED rond apporte \u00e0 vos maisons, bureaux et entreprises \u00e0 la fois une lumi\u00e8re utile et de haute qualit\u00e9.<\/p>\n\n\n\n<p>Ce canal LED rond est fabriqu\u00e9 en aluminium anodis\u00e9 de haute qualit\u00e9 et est destin\u00e9 \u00e0 \u00eatre suspendu \u00e0 un syst\u00e8me robuste. Le canal maintient en toute s\u00e9curit\u00e9 votre bande LED et permet une meilleure dissipation de la chaleur, ce qui prolonge la dur\u00e9e de vie de vos LED. Lorsqu'il est utilis\u00e9 avec un diffuseur opale en PC, il produit une illumination sans points et une diffusion de lumi\u00e8re fluide et professionnelle.<\/p>\n<\/div>\n\n\n\n<div class=\"wp-block-group has-background is-vertical is-layout-flex wp-container-core-group-is-layout-d255d7c4 wp-block-group-is-layout-flex\" style=\"background-color:#f1f1f1;padding-top:var(--wp--preset--spacing--80);padding-bottom:var(--wp--preset--spacing--80)\">\n<div class=\"wp-block-group is-vertical is-layout-flex wp-container-core-group-is-layout-8cf370e7 wp-block-group-is-layout-flex\">\n<h2 class=\"wp-block-heading\" style=\"padding-top:var(--wp--preset--spacing--40);padding-bottom:var(--wp--preset--spacing--40);font-size:25px;font-style:normal;font-weight:600;text-transform:capitalize\">Fonctionnalit\u00e9s et avantages importants<\/h2>\n<\/div>\n\n\n\n<ul class=\"wp-block-list\">\n<li>The profile&#8217;s inner width is 22.8 mm, so it can fit a lot of different sizes of LED strips.<\/li>\n\n\n\n<li>Mat\u00e9riau : extrusion en aluminium 6063-T5 qui est robuste et capable de supporter beaucoup de chaleur.<\/li>\n\n\n\n<li>Options de couleur : Vous pouvez choisir entre Silver, Black ou White pour s'adapter \u00e0 votre design.<\/li>\n\n\n\n<li>Diffuseur : Un couvercle en polycarbonate qui adoucit la lumi\u00e8re et \u00e9limine les points chauds.<\/li>\n\n\n\n<li>Installation : Le montage suspendu est simple \u00e0 assembler et est fourni avec un kit pour le suspendre.<\/li>\n\n\n\n<li>Longueurs personnalis\u00e9es : Vous pouvez g\u00e9n\u00e9ralement les obtenir en pi\u00e8ces de 1 m, 2 m ou 3 m d\u00e9coup\u00e9es selon vos besoins.<\/li>\n\n\n\n<li>Bandes LED compatibles : Fonctionne avec des bandes LED qui sont d'une seule couleur, RGB, RGBW ou blanc r\u00e9glable.<\/li>\n<\/ul>\n<\/div>\n\n\n\n<div class=\"wp-block-group\" style=\"padding-top:var(--wp--preset--spacing--80);padding-bottom:var(--wp--preset--spacing--80)\"><div class=\"wp-block-group__inner-container is-layout-constrained wp-block-group-is-layout-constrained\">\n<div class=\"wp-block-media-text has-media-on-the-right is-stacked-on-mobile\" style=\"grid-template-columns:auto 40%\"><div class=\"wp-block-media-text__content\">\n<h2 class=\"wp-block-heading\" style=\"padding-top:var(--wp--preset--spacing--40);padding-bottom:var(--wp--preset--spacing--40);font-size:25px;font-style:normal;font-weight:600;text-transform:capitalize\">Comment installer votre canal d'extrusion LED rond de 30 mm<\/h2>\n\n\n\n<ul class=\"wp-block-list\">\n<li>Placer la bande LED dans le canal : Utilisez le ruban que vous souhaitez coller \u00e0 l'int\u00e9rieur du canal.<\/li>\n\n\n\n<li>Fixez le diffuseur : Pour obtenir une lumi\u00e8re douce et uniforme, mettez le couvercle diffuseur opale sur le canal.<\/li>\n\n\n\n<li>Fixez les bouchons de terminaison : Mettez les bouchons de terminaison pour \u00e9viter que les fils ne s'emm\u00ealent et pour une apparence attrayante.<\/li>\n\n\n\n<li>Fixez les c\u00e2bles de suspension : Connectez les c\u00e2bles en acier au canal en aluminium et ajustez leur longueur.<\/li>\n\n\n\n<li>Changez la hauteur : Suspendez la lumi\u00e8re et modifiez sa hauteur selon votre pr\u00e9f\u00e9rence.<\/li>\n\n\n\n<li>Alimentez : Branchez les bandes LED \u00e0 un driver et une alimentation compatibles.<\/li>\n<\/ul>\n<\/div><figure class=\"wp-block-media-text__media\"><img loading=\"lazy\" decoding=\"async\" width=\"500\" height=\"500\" src=\"https:\/\/tangooled.com\/wp-content\/uploads\/2025\/12\/rs30-ins.webp\" alt=\"Canal d&#039;extrusion LED rond de 30 mm pour suspension au plafond\" class=\"wp-image-42294 size-full\" srcset=\"https:\/\/tangooled.com\/wp-content\/uploads\/2025\/12\/rs30-ins.webp 500w, https:\/\/tangooled.com\/wp-content\/uploads\/2025\/12\/rs30-ins-300x300.webp 300w, https:\/\/tangooled.com\/wp-content\/uploads\/2025\/12\/rs30-ins-150x150.webp 150w\" sizes=\"auto, (max-width: 500px) 100vw, 500px\" \/><\/figure><\/div>\n<\/div><\/div>\n\n\n\n<div class=\"wp-block-group has-background is-vertical is-layout-flex wp-container-core-group-is-layout-b429018a wp-block-group-is-layout-flex\" style=\"background-color:#f1f1f1f2;padding-top:var(--wp--preset--spacing--70);padding-bottom:var(--wp--preset--spacing--70)\">\n<h2 class=\"wp-block-heading\" style=\"padding-top:var(--wp--preset--spacing--40);padding-bottom:var(--wp--preset--spacing--40);font-size:25px;font-style:normal;font-weight:600\">Utilisations et applications<\/h2>\n\n\n\n<p>Le canal d'extrusion LED rond de 30 mm pour suspension au plafond convient \u00e0 de nombreux espaces et usages :<\/p>\n\n\n\n<ul class=\"wp-block-list\">\n<li>Espaces commerciaux : Bureaux et salles de r\u00e9union, halls d'h\u00f4tels et zones de r\u00e9ception, magasins de d\u00e9tail et atriums de centres commerciaux.  <\/li>\n\n\n\n<li>\u00c9clairage pour maisons : \u00celots de cuisine et tables \u00e0 manger, salons avec hauts plafonds, espaces d'\u00e9tude et de travail \u00e0 domicile<\/li>\n\n\n\n<li>Caract\u00e9ristiques d\u00e9coratives : Groupes de luminaires suspendus modernes, bonne illumination des t\u00e2ches pour bureaux et comptoirs.<\/li>\n<\/ul>\n<\/div>\n\n\n\n<div class=\"wp-block-group is-vertical is-layout-flex wp-container-core-group-is-layout-d255d7c4 wp-block-group-is-layout-flex\" style=\"padding-top:var(--wp--preset--spacing--80);padding-bottom:var(--wp--preset--spacing--80)\">\n<h2 class=\"wp-block-heading\" style=\"padding-top:var(--wp--preset--spacing--40);padding-bottom:var(--wp--preset--spacing--40);font-size:25px;font-style:normal;font-weight:600;text-transform:capitalize\">Produits connexes chez Tangooled<\/h2>\n\n\n\n<ul class=\"wp-block-list\">\n<li><a href=\"https:\/\/tangooled.com\/fr\/product\/black-led-profile-with-black-diffuser-for-10mm-led-strip-light\/\"><mark style=\"background-color:rgba(0, 0, 0, 0)\" class=\"has-inline-color has-vivid-red-color\">Profil LED noir avec diffuseur noir pour bande LED de 10 mm<\/mark><\/a> \u2014 Great for narrow LED tapes.<\/li>\n\n\n\n<li><a href=\"https:\/\/tangooled.com\/fr\/product\/surface-mount-led-profile-with-frosted-diffuser-for-10mm-rope-lights\/\"><mark style=\"background-color:rgba(0, 0, 0, 0)\" class=\"has-inline-color has-vivid-red-color\">Profil LED \u00e0 montage en surface avec diffuseur d\u00e9poli pour bandes de 10 mm<\/mark><\/a> \u2014 Surface mount option for rope lights.<\/li>\n\n\n\n<li><a href=\"https:\/\/tangooled.com\/fr\/product\/25mm-u-shape-led-mounting-channel-for-15mm-double-row-led-strip-lights\/\"><mark style=\"background-color:rgba(0, 0, 0, 0)\" class=\"has-inline-color has-vivid-red-color\">Canal de montage LED en forme de U de 25 mm pour bandes LED \u00e0 double rang\u00e9e de 15 mm<\/mark> <\/a>\u2014 Wider channel for double-row strips.<\/li>\n\n\n\n<li><a href=\"https:\/\/tangooled.com\/fr\/product\/22x10mm-led-profile-light-channel-for-15mm-flexible-led-strips\/\"><mark style=\"background-color:rgba(0, 0, 0, 0)\" class=\"has-inline-color has-vivid-red-color\">Profil\u00e9 lumineux LED 22x10mm pour bandes LED flexibles de 15mm<\/mark><\/a> \u2014 For flexible LED tapes with high brightness.<\/li>\n\n\n\n<li><a href=\"https:\/\/tangooled.com\/fr\/product\/aluminum-profile-with-60-degree-lens-led-diffuser\/\"><mark style=\"background-color:rgba(0, 0, 0, 0)\" class=\"has-inline-color has-vivid-red-color\">Profil en aluminium avec diffuseur LED \u00e0 lentille de 60 degr\u00e9s<\/mark><\/a> \u2014 For directional lighting needs.<\/li>\n<\/ul>\n<\/div>\n\n\n\n<div class=\"wp-block-group has-background\" style=\"background-color:#f1f1f1;padding-top:var(--wp--preset--spacing--80);padding-bottom:var(--wp--preset--spacing--80)\"><div class=\"wp-block-group__inner-container is-layout-constrained wp-block-group-is-layout-constrained\">\n<h2 class=\"wp-block-heading\" style=\"padding-top:var(--wp--preset--spacing--40);padding-bottom:var(--wp--preset--spacing--40);font-size:25px;font-style:normal;font-weight:600;text-transform:capitalize\">informations sur le produit et le service<\/h2>\n\n\n\n<p style=\"padding-right:var(--wp--preset--spacing--50);padding-left:var(--wp--preset--spacing--50)\">The 30mm round led extrusion channel for ceiling hanging is the best option for anyone who wants pendant lighting that is modern, stylish, and can be used in many ways. Its study aluminum channel\u00a0makes it a great heat sink, and the opal diffuser makes sure that the light is gentle and even. This modular profile is great for commercial, residential, or decorative architectural LED extrusion projects. It makes installing LED strips neat and professional.<\/p>\n<\/div><\/div>\n\n\n\n<p><\/p>","protected":false},"featured_media":13362,"template":"","meta":{"_acf_changed":true,"_seopress_robots_primary_cat":"none","_seopress_titles_title":"30mm Round LED Extrusion Channel Hanging Profile RS30 | TANGOOLED","_seopress_titles_desc":"The RS30 is a 30mm round led extrusion channel designed for professional ceiling hanging. Ideal for modern office and commercial lighting.","_seopress_robots_index":""},"pcb-width":[229],"product-cat":[234],"class_list":{"0":"post-42174","1":"product","2":"type-product","3":"status-publish","4":"has-post-thumbnail","6":"pcb-width-15-20mm","7":"product-cat-round-tube-profile"},"acf":[],"_links":{"self":[{"href":"https:\/\/tangooled.com\/fr\/wp-json\/wp\/v2\/product\/42174","targetHints":{"allow":["GET"]}}],"collection":[{"href":"https:\/\/tangooled.com\/fr\/wp-json\/wp\/v2\/product"}],"about":[{"href":"https:\/\/tangooled.com\/fr\/wp-json\/wp\/v2\/types\/product"}],"wp:featuredmedia":[{"embeddable":true,"href":"https:\/\/tangooled.com\/fr\/wp-json\/wp\/v2\/media\/13362"}],"wp:attachment":[{"href":"https:\/\/tangooled.com\/fr\/wp-json\/wp\/v2\/media?parent=42174"}],"wp:term":[{"taxonomy":"pcb-width","embeddable":true,"href":"https:\/\/tangooled.com\/fr\/wp-json\/wp\/v2\/pcb-width?post=42174"},{"taxonomy":"product-cat","embeddable":true,"href":"https:\/\/tangooled.com\/fr\/wp-json\/wp\/v2\/product-cat?post=42174"}],"curies":[{"name":"wp","href":"https:\/\/api.w.org\/{rel}","templated":true}]}}