{"id":42171,"date":"2025-12-17T01:17:40","date_gmt":"2025-12-17T09:17:40","guid":{"rendered":"https:\/\/tangooled.com\/?post_type=product&#038;p=42171"},"modified":"2026-02-02T02:12:37","modified_gmt":"2026-02-02T10:12:37","slug":"wardrobe-closet-hanging-rod-led-profile-12mm-ar05","status":"publish","type":"product","link":"https:\/\/tangooled.com\/fr\/product\/wardrobe-closet-hanging-rod-led-profile-12mm-ar05\/","title":{"rendered":"Profil\u00e9 de tige suspendue LED pour v\u00eatements pour bandes de 12 mm"},"content":{"rendered":"<div class=\"wp-block-group is-vertical is-layout-flex wp-container-core-group-is-layout-d255d7c4 wp-block-group-is-layout-flex\" style=\"padding-top:var(--wp--preset--spacing--80);padding-bottom:var(--wp--preset--spacing--80)\">\n<p>Notre profil\u00e9 LED pour tige suspendue de placard est fait pour des bandes LED de 12 mm, rendant votre placard intelligent et brillant. Cette tige a un design elliptique \u00e9l\u00e9gant et mesure 29 mm de haut et 14,7 mm de large. Le profil\u00e9 est maintenu en place horizontalement entre deux panneaux lat\u00e9raux par des supports de montage en forme d'anneau robustes. Cela en fait un bon porte-v\u00eatements imm\u00e9diatement. Il maintient vos v\u00eatements en place et \u00e9claire votre placard avec une lumi\u00e8re douce et claire qui peut \u00eatre dirig\u00e9e vers le haut sur les v\u00eatements ou vers le bas pour un \u00e9clairage g\u00e9n\u00e9ral. Vous pourrez toujours voir les couleurs clairement, trouver ce dont vous avez besoin rapidement et garder votre placard ordonn\u00e9 et \u00e9l\u00e9gant. Cette solution tout-en-un est parfaite pour les vestiaires modernes, les placards \u00e9l\u00e9gants et les syst\u00e8mes d'affichage au d\u00e9tail.<\/p>\n<\/div>\n\n\n\n<div class=\"wp-block-group has-background is-vertical is-layout-flex wp-container-core-group-is-layout-d255d7c4 wp-block-group-is-layout-flex\" style=\"background-color:#f1f1f1;padding-top:var(--wp--preset--spacing--80);padding-bottom:var(--wp--preset--spacing--80)\">\n<div class=\"wp-block-group is-vertical is-layout-flex wp-container-core-group-is-layout-8cf370e7 wp-block-group-is-layout-flex\">\n<h2 class=\"wp-block-heading\" style=\"padding-top:var(--wp--preset--spacing--40);padding-bottom:var(--wp--preset--spacing--40);font-size:25px;font-style:normal;font-weight:600;text-transform:capitalize\">Pourquoi choisir notre profil\u00e9 LED pour tige suspendue de placard ?<\/h2>\n\n\n\n<ul class=\"wp-block-list\">\n<li>Construction en aluminium robuste : Fabriqu\u00e9 en aluminium anodis\u00e9 6063-T5 qui maintient votre bande LED au frais et en s\u00e9curit\u00e9. Il supporte \u00e9galement vos v\u00eatements sans se plier ni se casser.<\/li>\n\n\n\n<li>S'adapte parfaitement aux bandes LED de 12 mm : Le profil\u00e9 a une largeur int\u00e9rieure de 12 mm, identique \u00e0 toutes les bandes LED de 12 mm courantes, telles que les versions 5050, 2835 ou 5630.<\/li>\n\n\n\n<li>Diffuseur de lumi\u00e8re douce : Le diffuseur en polycarbonate givr\u00e9 diffuse la lumi\u00e8re uniform\u00e9ment et minimise l'\u00e9blouissement, rendant vos v\u00eatements lumineux et fid\u00e8les.<\/li>\n\n\n\n<li>Installation simple : Livr\u00e9 avec des supports de montage, des bouchons de fin et des clips de suspension pour une installation facile en haut ou sur le c\u00f4t\u00e9.<\/li>\n\n\n\n<li>Design moderne : Vous pouvez choisir entre des formes ovales et circulaires pour correspondre \u00e0 la d\u00e9coration de votre placard et bien \u00e9clairer vos v\u00eatements.<\/li>\n<\/ul>\n<\/div>\n<\/div>\n\n\n\n<div class=\"wp-block-group\" style=\"padding-top:var(--wp--preset--spacing--60);padding-bottom:var(--wp--preset--spacing--60)\"><div class=\"wp-block-group__inner-container is-layout-constrained wp-block-group-is-layout-constrained\">\n<div class=\"wp-block-media-text has-media-on-the-right is-stacked-on-mobile\" style=\"grid-template-columns:auto 40%\"><div class=\"wp-block-media-text__content\">\n<h2 class=\"wp-block-heading\" style=\"padding-top:var(--wp--preset--spacing--40);padding-bottom:var(--wp--preset--spacing--40);font-size:25px;font-style:normal;font-weight:600;text-transform:capitalize\">Comment utiliser ce canal de lumi\u00e8re de placard aR05<\/h2>\n\n\n\n<ul class=\"wp-block-list\">\n<li>Placez le profil\u00e9 LED en aluminium sur les murs du placard pour l'installer.<\/li>\n\n\n\n<li>Mettez votre bande LED de 12 mm \u00e0 l'int\u00e9rieur, enclenchez le diffuseur en place, puis branchez l'alimentation (qui est propos\u00e9e s\u00e9par\u00e9ment).<\/li>\n\n\n\n<li>Choisissez des bandes LED blanches chaudes ou naturelles pour obtenir une lumi\u00e8re douce ou forte qui rendra votre placard attrayant.<\/li>\n<\/ul>\n<\/div><figure class=\"wp-block-media-text__media\"><img loading=\"lazy\" decoding=\"async\" width=\"500\" height=\"500\" src=\"https:\/\/tangooled.com\/wp-content\/uploads\/2025\/12\/ar05-ins.webp\" alt=\"wardrobe closet hanging rod aluminum led profile for 12mm led strip lights\" class=\"wp-image-42289 size-full\" srcset=\"https:\/\/tangooled.com\/wp-content\/uploads\/2025\/12\/ar05-ins.webp 500w, https:\/\/tangooled.com\/wp-content\/uploads\/2025\/12\/ar05-ins-300x300.webp 300w, https:\/\/tangooled.com\/wp-content\/uploads\/2025\/12\/ar05-ins-150x150.webp 150w\" sizes=\"auto, (max-width: 500px) 100vw, 500px\" \/><\/figure><\/div>\n<\/div><\/div>\n\n\n\n<div class=\"wp-block-group has-background is-vertical is-layout-flex wp-container-core-group-is-layout-b429018a wp-block-group-is-layout-flex\" style=\"background-color:#f1f1f1f2;padding-top:var(--wp--preset--spacing--70);padding-bottom:var(--wp--preset--spacing--70)\">\n<h2 class=\"wp-block-heading\" style=\"padding-top:var(--wp--preset--spacing--40);padding-bottom:var(--wp--preset--spacing--40);font-size:25px;font-style:normal;font-weight:600;text-transform:capitalize\">O\u00f9 utiliser le profil\u00e9 LED suspendu de placard<\/h2>\n\n\n\n<p>Ce profil\u00e9 LED pour tige suspendue de placard fonctionne dans de nombreux endroits :<\/p>\n\n\n\n<ul class=\"wp-block-list\">\n<li>Walk-in Closets \u2013 Brighten your entire walk-in with lighted rails.<\/li>\n\n\n\n<li>Wardrobe Cabinets \u2013 Add with your existing closet rods for neat, hidden lighting.<\/li>\n\n\n\n<li>Affichage de v\u00eatements de d\u00e9tail : Utilisez un \u00e9clairage professionnel pour mettre en valeur vos v\u00eatements.<\/li>\n\n\n\n<li>Buanderies et entr\u00e9es : Ajoutez de la lumi\u00e8re et de l'espace pour suspendre des choses dans des endroits petits ou sombres.<\/li>\n<\/ul>\n<\/div>\n\n\n\n<div class=\"wp-block-group is-vertical is-layout-flex wp-container-core-group-is-layout-d255d7c4 wp-block-group-is-layout-flex\" style=\"padding-top:var(--wp--preset--spacing--80);padding-bottom:var(--wp--preset--spacing--80)\">\n<h2 class=\"wp-block-heading\" style=\"padding-top:var(--wp--preset--spacing--40);padding-bottom:var(--wp--preset--spacing--40);font-size:25px;font-style:normal;font-weight:600;text-transform:capitalize\">Accessoires inclus<\/h2>\n\n\n\n<ul class=\"wp-block-list\">\n<li>1 x profil\u00e9 LED en aluminium (choisissez la longueur que vous souhaitez)<\/li>\n\n\n\n<li>1 \u00d7 Cover for the frosted diffuser<\/li>\n\n\n\n<li>2 supports de montage pour une configuration facile<\/li>\n\n\n\n<li>2 bouchons de fin pour un look soign\u00e9<\/li>\n<\/ul>\n<\/div>\n\n\n\n<div class=\"wp-block-group has-background\" style=\"background-color:#f1f1f1;padding-top:var(--wp--preset--spacing--80);padding-bottom:var(--wp--preset--spacing--80)\"><div class=\"wp-block-group__inner-container is-layout-constrained wp-block-group-is-layout-constrained\">\n<h2 class=\"wp-block-heading\" style=\"padding-top:var(--wp--preset--spacing--40);padding-bottom:var(--wp--preset--spacing--40);font-size:25px;font-style:normal;font-weight:600;text-transform:capitalize\">produits connexes qui pourraient vous plaire<\/h2>\n\n\n\n<ul class=\"wp-block-list\">\n<li><a href=\"https:\/\/tangooled.com\/fr\/product\/black-led-diffuser-aluminum-channel-for-12mm-tape-lights\/\"><mark style=\"background-color:rgba(0, 0, 0, 0)\" class=\"has-inline-color has-vivid-red-color\">Profil en aluminium avec diffuseur LED noir pour bandes de 12 mm<\/mark><\/a><\/li>\n\n\n\n<li><a href=\"https:\/\/tangooled.com\/fr\/product\/18mm-flexible-led-profile-for-12mm-led-strips\/\"><mark style=\"background-color:rgba(0, 0, 0, 0)\" class=\"has-inline-color has-vivid-red-color\">Profil LED flexible de 18 mm pour bandes LED de 12 mm<\/mark><\/a><\/li>\n\n\n\n<li><a href=\"https:\/\/tangooled.com\/fr\/product\/cabinet-lighting-aluminum-led-diffuser-profile-for-12mm-strips\/\"><mark style=\"background-color:rgba(0, 0, 0, 0)\" class=\"has-inline-color has-vivid-red-color\">Profil\u00e9 diffuseur LED en aluminium pour armoires pour bandes de 12 mm<\/mark><\/a><\/li>\n\n\n\n<li><a href=\"https:\/\/tangooled.com\/fr\/product\/recessed-17mm-led-profile-aluminum-channel-for-12mm-led-strips\/\"><mark style=\"background-color:rgba(0, 0, 0, 0)\" class=\"has-inline-color has-vivid-red-color\">Canal en aluminium LED encastr\u00e9 de 17 mm pour bandes LED de 12 mm<\/mark><\/a><\/li>\n\n\n\n<li><a href=\"https:\/\/tangooled.com\/fr\/product\/wardrobe-closet-hanging-rod-aluminum-led-profile-for-12mm-led-strip-lights\/\"><mark style=\"background-color:rgba(0, 0, 0, 0)\" class=\"has-inline-color has-vivid-red-color\">Profil\u00e9 LED en aluminium pour tige suspendue de placard pour bandes LED de 12 mm<\/mark><\/a><\/li>\n<\/ul>\n<\/div><\/div>\n\n\n\n<div class=\"wp-block-group\" style=\"padding-top:var(--wp--preset--spacing--80);padding-bottom:var(--wp--preset--spacing--80)\"><div class=\"wp-block-group__inner-container is-layout-constrained wp-block-group-is-layout-constrained\">\n<h2 class=\"wp-block-heading\" style=\"padding-top:var(--wp--preset--spacing--40);padding-bottom:var(--wp--preset--spacing--40);font-size:25px;font-style:normal;font-weight:600;text-transform:capitalize\">R\u00e9sum\u00e9<\/h2>\n\n\n\n<p style=\"padding-right:var(--wp--preset--spacing--50);padding-left:var(--wp--preset--spacing--50)\">Le profil\u00e9 LED pour tige suspendue de placard est fabriqu\u00e9 en aluminium de haute qualit\u00e9 et est disponible en diff\u00e9rentes longueurs. Il est \u00e9galement livr\u00e9 avec un kit d'installation facile \u00e0 utiliser. Il poss\u00e8de un diffuseur givr\u00e9 qui transforme une lumi\u00e8re crue en une lueur douce et gracieuse. Il peut supporter des bandes LED standards de 12 mm jusqu'\u00e0 20W\/m. Ce profil\u00e9 facilite plus que jamais l'obtention d'une organisation lumineuse et \u00e0 la mode dans un placard accessible, une buanderie ou une exposition haut de gamme.<br>Obtenez notre profil\u00e9 LED en aluminium pour bandes LED de 12 mm \u00e0 suspendre dans votre placard aujourd'hui pour l'am\u00e9liorer !<\/p>\n<\/div><\/div>\n\n\n\n<p><\/p>","protected":false},"featured_media":14299,"template":"","meta":{"_acf_changed":true,"_seopress_robots_primary_cat":"none","_seopress_titles_title":"LED Wardrobe Hanging Rod Profile | Closet Light Channel AR05","_seopress_titles_desc":"The AR05 is a heavy-duty wardrobe closet hanging rod led profile for 12mm strips. Combine storage and illumination with this durable aluminum profile.","_seopress_robots_index":""},"pcb-width":[228],"product-cat":[234],"class_list":{"0":"post-42171","1":"product","2":"type-product","3":"status-publish","4":"has-post-thumbnail","6":"pcb-width-6-12mm","7":"product-cat-round-tube-profile"},"acf":[],"_links":{"self":[{"href":"https:\/\/tangooled.com\/fr\/wp-json\/wp\/v2\/product\/42171","targetHints":{"allow":["GET"]}}],"collection":[{"href":"https:\/\/tangooled.com\/fr\/wp-json\/wp\/v2\/product"}],"about":[{"href":"https:\/\/tangooled.com\/fr\/wp-json\/wp\/v2\/types\/product"}],"wp:featuredmedia":[{"embeddable":true,"href":"https:\/\/tangooled.com\/fr\/wp-json\/wp\/v2\/media\/14299"}],"wp:attachment":[{"href":"https:\/\/tangooled.com\/fr\/wp-json\/wp\/v2\/media?parent=42171"}],"wp:term":[{"taxonomy":"pcb-width","embeddable":true,"href":"https:\/\/tangooled.com\/fr\/wp-json\/wp\/v2\/pcb-width?post=42171"},{"taxonomy":"product-cat","embeddable":true,"href":"https:\/\/tangooled.com\/fr\/wp-json\/wp\/v2\/product-cat?post=42171"}],"curies":[{"name":"wp","href":"https:\/\/api.w.org\/{rel}","templated":true}]}}