{"id":42166,"date":"2025-12-17T01:09:39","date_gmt":"2025-12-17T09:09:39","guid":{"rendered":"https:\/\/tangooled.com\/?post_type=product&#038;p=42166"},"modified":"2026-02-02T02:13:25","modified_gmt":"2026-02-02T10:13:25","slug":"round-led-aluminum-profile-dia-24mm-suspended-ar03","status":"publish","type":"product","link":"https:\/\/tangooled.com\/fr\/product\/round-led-aluminum-profile-dia-24mm-suspended-ar03\/","title":{"rendered":"Profil rond LED suspendu de 24mm de diam\u00e8tre pour bandes de 12mm"},"content":{"rendered":"<div class=\"wp-block-group is-vertical is-layout-flex wp-container-core-group-is-layout-d255d7c4 wp-block-group-is-layout-flex\" style=\"padding-top:var(--wp--preset--spacing--80);padding-bottom:var(--wp--preset--spacing--80)\">\n<p>Brighten your space with our round led aluminum profile dia 24mm designed for flexible LED strips up to 12mm wide. This strong channel has a 24.0 mm outer\u00a0diameter and a 12.2 mm internal width.<\/p>\n\n\n\n<p>This profile\u00a0works well for surface mounting using a tilt-and-swivel bracket, but it can also be used for pendant lighting that hangs down. This bracket installation holds the fixture in place while letting you move and turn the complete channel, which enables you point the light exactly where you want it.<\/p>\n\n\n\n<p>This profile keeps LED strips\u00a0cool, protects them, and spreads light evenly so there are no hot spots. This feature that changes makes it perfect for directing accent lighting, lighting up retail displays, museum exhibits, or any other function that needs controlled, focused wall washing.<\/p>\n<\/div>\n\n\n\n<div class=\"wp-block-group has-background is-vertical is-layout-flex wp-container-core-group-is-layout-d255d7c4 wp-block-group-is-layout-flex\" style=\"background-color:#f1f1f1;padding-top:var(--wp--preset--spacing--80);padding-bottom:var(--wp--preset--spacing--80)\">\n<div class=\"wp-block-group is-vertical is-layout-flex wp-container-core-group-is-layout-8cf370e7 wp-block-group-is-layout-flex\">\n<h2 class=\"wp-block-heading\" style=\"padding-top:var(--wp--preset--spacing--40);padding-bottom:var(--wp--preset--spacing--40);font-size:25px;font-style:normal;font-weight:600;text-transform:capitalize\">Caract\u00e9ristiques et avantages<\/h2>\n\n\n\n<ul class=\"wp-block-list\">\n<li>Fabriqu\u00e9 en aluminium alli\u00e9 6063-T5 durable, offrant une excellente gestion de la chaleur pour refroidir vos bandes LED.<\/li>\n\n\n\n<li>Le profil rond de 24mm s'adapte parfaitement aux bandes LED flexibles, maximisant la sortie lumineuse et l'attrait esth\u00e9tique.<\/li>\n\n\n\n<li>Le diffuseur opale adoucit la lumi\u00e8re, emp\u00eache les spots durs et prot\u00e8ge le ruban LED de la poussi\u00e8re et des dommages.<\/li>\n\n\n\n<li>Le support inclinable et pivotant vous permet d'ajuster la lumi\u00e8re dans la direction souhait\u00e9e.<\/li>\n\n\n\n<li>Compatible avec diff\u00e9rentes bandes LED, y compris SMD 5050, bande LED COB et bandes LED blanches r\u00e9glables.<\/li>\n\n\n\n<li>Disponible dans plusieurs finitions pour des conceptions d'\u00e9clairage professionnelles, commerciales ou domestiques.<\/li>\n<\/ul>\n<\/div>\n<\/div>\n\n\n\n<div class=\"wp-block-group\" style=\"padding-top:var(--wp--preset--spacing--60);padding-bottom:var(--wp--preset--spacing--60)\"><div class=\"wp-block-group__inner-container is-layout-constrained wp-block-group-is-layout-constrained\">\n<div class=\"wp-block-media-text has-media-on-the-right is-stacked-on-mobile\" style=\"grid-template-columns:auto 40%\"><div class=\"wp-block-media-text__content\">\n<h2 class=\"wp-block-heading\" style=\"padding-top:var(--wp--preset--spacing--40);padding-bottom:var(--wp--preset--spacing--40);font-size:25px;font-style:normal;font-weight:600;text-transform:capitalize\">\u00c9tapes simples pour l'installation<\/h2>\n\n\n\n<ul class=\"wp-block-list\">\n<li>Coupez ce profil en aluminium LED rond \u00e0 la longueur requise<\/li>\n\n\n\n<li>Choisissez et placez une bande LED appropri\u00e9e (max 12mm) \u00e0 l'int\u00e9rieur du profil<\/li>\n\n\n\n<li>Clipsable avec le diffuseur de lumi\u00e8re opale<\/li>\n\n\n\n<li>Scellez les capuchons de chaque extr\u00e9mit\u00e9 et branchez l'alimentation \u00e9lectrique.<\/li>\n<\/ul>\n<\/div><figure class=\"wp-block-media-text__media\"><img loading=\"lazy\" decoding=\"async\" width=\"500\" height=\"500\" src=\"https:\/\/tangooled.com\/wp-content\/uploads\/2025\/12\/ar03-ins.webp\" alt=\"suspended round led aluminum profile dia 24mm for 12mm flexible led strip\" class=\"wp-image-42284 size-full\" srcset=\"https:\/\/tangooled.com\/wp-content\/uploads\/2025\/12\/ar03-ins.webp 500w, https:\/\/tangooled.com\/wp-content\/uploads\/2025\/12\/ar03-ins-300x300.webp 300w, https:\/\/tangooled.com\/wp-content\/uploads\/2025\/12\/ar03-ins-150x150.webp 150w\" sizes=\"auto, (max-width: 500px) 100vw, 500px\" \/><\/figure><\/div>\n<\/div><\/div>\n\n\n\n<div class=\"wp-block-group has-background is-vertical is-layout-flex wp-container-core-group-is-layout-b429018a wp-block-group-is-layout-flex\" style=\"background-color:#f1f1f1f2;padding-top:var(--wp--preset--spacing--70);padding-bottom:var(--wp--preset--spacing--70)\">\n<h2 class=\"wp-block-heading\" style=\"padding-top:var(--wp--preset--spacing--40);padding-bottom:var(--wp--preset--spacing--40);font-size:25px;font-style:normal;font-weight:600\">Utilisations et applications<\/h2>\n\n\n\n<p>Vous pouvez utiliser le profil rond en aluminium LED de 24mm \u00e0 de nombreux endroits diff\u00e9rents :<\/p>\n\n\n\n<ul class=\"wp-block-list\">\n<li>Une lumi\u00e8re claire et vive pour l'\u00eele de cuisine.<\/li>\n\n\n\n<li>Les lumi\u00e8res dans les bureaux et les salles de r\u00e9union doivent \u00eatre propres, organis\u00e9es et uniformes.<\/li>\n\n\n\n<li>Des pr\u00e9sentoirs de magasin qui attirent l'attention sur des produits bien \u00e9clair\u00e9s.<\/li>\n\n\n\n<li>Des barres de placard avec des bandes LED qui \u00e9clairent les installations.<\/li>\n<\/ul>\n<\/div>\n\n\n\n<div class=\"wp-block-group is-vertical is-layout-flex wp-container-core-group-is-layout-d255d7c4 wp-block-group-is-layout-flex\" style=\"padding-top:var(--wp--preset--spacing--80);padding-bottom:var(--wp--preset--spacing--80)\">\n<h2 class=\"wp-block-heading\" style=\"padding-top:var(--wp--preset--spacing--40);padding-bottom:var(--wp--preset--spacing--40);font-size:25px;font-style:normal;font-weight:600;text-transform:capitalize\">Comparez et explorez les produits connexes<\/h2>\n\n\n\n<ul class=\"wp-block-list\">\n<li>Pour une option plus fine, consultez le <a href=\"https:\/\/tangooled.com\/fr\/product\/18mm-flexible-led-profile-for-12mm-led-strips\/\"><mark style=\"background-color:rgba(0, 0, 0, 0)\" class=\"has-inline-color has-vivid-red-color\">profil LED flexible de 18mm pour bandes LED de 12mm<\/mark><\/a> qui s'adapte \u00e0 la plupart des bandes LED standard.<\/li>\n\n\n\n<li>Si vous avez besoin d'un look enti\u00e8rement noir, consultez le <a href=\"https:\/\/tangooled.com\/fr\/product\/black-led-diffuser-aluminum-channel-for-12mm-tape-lights\/\"><mark style=\"background-color:rgba(0, 0, 0, 0)\" class=\"has-inline-color has-vivid-red-color\">canal en aluminium diffuseur LED noir pour bandes de 12 mm<\/mark><\/a>.<\/li>\n\n\n\n<li>Explorez diff\u00e9rents styles avec notre <a href=\"https:\/\/tangooled.com\/fr\/product\/25x14m-surface-mounted-led-light-aluminum-profile\/\"><mark style=\"background-color:rgba(0, 0, 0, 0)\" class=\"has-inline-color has-vivid-red-color\">Profil en aluminium pour LED mont\u00e9 en surface de 25x14mm <\/mark><\/a>pour des besoins de montage alternatifs.<\/li>\n<\/ul>\n<\/div>\n\n\n\n<p><\/p>","protected":false},"featured_media":14288,"template":"","meta":{"_acf_changed":true,"_seopress_robots_primary_cat":"none","_seopress_titles_title":"Dia 24mm Round LED Aluminum Profile for Suspension AR03 | TANGOOLED","_seopress_titles_desc":"The AR03 is a dia 24mm round led aluminum profile optimized for 12mm strips. Ideal for creating architectural suspended pendant lights.","_seopress_robots_index":""},"pcb-width":[228],"product-cat":[234],"class_list":{"0":"post-42166","1":"product","2":"type-product","3":"status-publish","4":"has-post-thumbnail","6":"pcb-width-6-12mm","7":"product-cat-round-tube-profile"},"acf":[],"_links":{"self":[{"href":"https:\/\/tangooled.com\/fr\/wp-json\/wp\/v2\/product\/42166","targetHints":{"allow":["GET"]}}],"collection":[{"href":"https:\/\/tangooled.com\/fr\/wp-json\/wp\/v2\/product"}],"about":[{"href":"https:\/\/tangooled.com\/fr\/wp-json\/wp\/v2\/types\/product"}],"wp:featuredmedia":[{"embeddable":true,"href":"https:\/\/tangooled.com\/fr\/wp-json\/wp\/v2\/media\/14288"}],"wp:attachment":[{"href":"https:\/\/tangooled.com\/fr\/wp-json\/wp\/v2\/media?parent=42166"}],"wp:term":[{"taxonomy":"pcb-width","embeddable":true,"href":"https:\/\/tangooled.com\/fr\/wp-json\/wp\/v2\/pcb-width?post=42166"},{"taxonomy":"product-cat","embeddable":true,"href":"https:\/\/tangooled.com\/fr\/wp-json\/wp\/v2\/product-cat?post=42166"}],"curies":[{"name":"wp","href":"https:\/\/api.w.org\/{rel}","templated":true}]}}