{"id":42163,"date":"2025-12-17T01:05:12","date_gmt":"2025-12-17T09:05:12","guid":{"rendered":"https:\/\/tangooled.com\/?post_type=product&#038;p=42163"},"modified":"2026-02-02T02:13:48","modified_gmt":"2026-02-02T10:13:48","slug":"surface-mount-led-round-aluminum-profile-for-10mm-strip-light","status":"publish","type":"product","link":"https:\/\/tangooled.com\/fr\/product\/surface-mount-led-round-aluminum-profile-for-10mm-strip-light\/","title":{"rendered":"Profil en aluminium rond \u00e0 montage en surface pour bandes LED de 10 mm"},"content":{"rendered":"<div class=\"wp-block-group is-vertical is-layout-flex wp-container-core-group-is-layout-d255d7c4 wp-block-group-is-layout-flex\" style=\"padding-top:var(--wp--preset--spacing--80);padding-bottom:var(--wp--preset--spacing--80)\">\n<p>It&#8217;s easy to make your space brighter! This surface-mount round\u00a0LED profile\u00a0is built just for your 10mm strip light. The design is small yet useful, with an overall height of 15.8 mm and an interior width of 11.2 mm, which is just right for the strip. It looks amazing, protects your LED, and makes sure that heat is properly released, so your light spreads out nicely and has no dots.<\/p>\n\n\n\n<p>It&#8217;s easy and quick to put together. The profile mounts directly to any flat surface and is held in place by screws that are hidden under the channel. This makes the profile look neat and polished. This profile is perfect for many lighting jobs at home or at work. It works well as accent lighting in places like kitchen cupboards, shop display shelves, or under stairs where a clean, concentrated light is needed.<\/p>\n<\/div>\n\n\n\n<div class=\"wp-block-group has-background is-vertical is-layout-flex wp-container-core-group-is-layout-d255d7c4 wp-block-group-is-layout-flex\" style=\"background-color:#f1f1f1;padding-top:var(--wp--preset--spacing--80);padding-bottom:var(--wp--preset--spacing--80)\">\n<div class=\"wp-block-group is-vertical is-layout-flex wp-container-core-group-is-layout-8cf370e7 wp-block-group-is-layout-flex\">\n<h2 class=\"wp-block-heading\" style=\"padding-top:var(--wp--preset--spacing--40);padding-bottom:var(--wp--preset--spacing--40);font-size:25px;font-style:normal;font-weight:600;text-transform:capitalize\">Pourquoi choisir ce profil rond LED \u00e0 montage en surface ?<\/h2>\n\n\n\n<ul class=\"wp-block-list\">\n<li>Le dissipateur thermique en aluminium prolonge la dur\u00e9e de vie des LED.<\/li>\n\n\n\n<li>Le diffuseur d\u00e9poli adoucit la lumi\u00e8re et \u00e9limine les points chauds.<\/li>\n\n\n\n<li>Prot\u00e9gez vos LED de la poussi\u00e8re et des dommages.<\/li>\n\n\n\n<li>Facile \u00e0 installer avec des capuchons de finition et des clips de montage.<\/li>\n\n\n\n<li>Parfait pour des designs modernes et des looks \u00e9pur\u00e9s.<\/li>\n\n\n\n<li>Id\u00e9al pour les placards, l'\u00e9clairage de cuisine, les vitrines de magasins, et plus encore.<\/li>\n<\/ul>\n<\/div>\n<\/div>\n\n\n\n<div class=\"wp-block-group\" style=\"padding-top:var(--wp--preset--spacing--60);padding-bottom:var(--wp--preset--spacing--60)\"><div class=\"wp-block-group__inner-container is-layout-constrained wp-block-group-is-layout-constrained\">\n<div class=\"wp-block-media-text has-media-on-the-right is-stacked-on-mobile\" style=\"grid-template-columns:auto 40%\"><div class=\"wp-block-media-text__content\">\n<h2 class=\"wp-block-heading\" style=\"padding-top:var(--wp--preset--spacing--40);padding-bottom:var(--wp--preset--spacing--40);font-size:25px;font-style:normal;font-weight:600;text-transform:capitalize\">Comment utiliser le canal ?<\/h2>\n\n\n\n<ul class=\"wp-block-list\">\n<li>Monter sur la surface : Vous pouvez utiliser des clips pour fixer le profil en aluminium rond \u00e0 toute surface, comme des murs, des armoires ou des \u00e9tag\u00e8res.<\/li>\n\n\n\n<li>Ins\u00e9rez la bande LED de 10 mm : Retirez le film adh\u00e9sif de votre bande LED et placez-la \u00e0 l'int\u00e9rieur du profil.<\/li>\n\n\n\n<li>Placez le couvercle d\u00e9poli sur le dessus de votre canal en aluminium pour terminer.<\/li>\n\n\n\n<li>Ajoutez des capuchons de finition pour le rendre soign\u00e9 et termin\u00e9.<\/li>\n<\/ul>\n<\/div><figure class=\"wp-block-media-text__media\"><img loading=\"lazy\" decoding=\"async\" width=\"500\" height=\"500\" src=\"https:\/\/tangooled.com\/wp-content\/uploads\/2025\/12\/ar02-ins.webp\" alt=\"surface mount led round aluminum profile for 10mm led strip light\" class=\"wp-image-42276 size-full\" srcset=\"https:\/\/tangooled.com\/wp-content\/uploads\/2025\/12\/ar02-ins.webp 500w, https:\/\/tangooled.com\/wp-content\/uploads\/2025\/12\/ar02-ins-300x300.webp 300w, https:\/\/tangooled.com\/wp-content\/uploads\/2025\/12\/ar02-ins-150x150.webp 150w\" sizes=\"auto, (max-width: 500px) 100vw, 500px\" \/><\/figure><\/div>\n<\/div><\/div>\n\n\n\n<div class=\"wp-block-group has-background is-vertical is-layout-flex wp-container-core-group-is-layout-b429018a wp-block-group-is-layout-flex\" style=\"background-color:#f1f1f1f2;padding-top:var(--wp--preset--spacing--70);padding-bottom:var(--wp--preset--spacing--70)\">\n<h2 class=\"wp-block-heading\" style=\"padding-top:var(--wp--preset--spacing--40);padding-bottom:var(--wp--preset--spacing--40);font-size:25px;font-style:normal;font-weight:600;text-transform:capitalize\">Meilleurs endroits pour utiliser ce canal LED rond fin<\/h2>\n\n\n\n<ul class=\"wp-block-list\">\n<li>Pour un \u00e9clairage de travail lumineux sous les armoires de cuisine ou aux postes de travail.\u00a0<\/li>\n\n\n\n<li>Pour les placards et penderies qui n\u00e9cessitent une lumi\u00e8re claire et lumineuse.<\/li>\n\n\n\n<li>Vitrines et \u00e9tag\u00e8res des d\u00e9taillants pour mettre en valeur les produits.<\/li>\n\n\n\n<li>Barres lumineuses simples et esth\u00e9tiques pour bureaux ou entreprises.<\/li>\n\n\n\n<li>Lumi\u00e8re douce et uniforme pour les accents artistiques et design.<\/li>\n<\/ul>\n<\/div>\n\n\n\n<div class=\"wp-block-group is-vertical is-layout-flex wp-container-core-group-is-layout-d255d7c4 wp-block-group-is-layout-flex\" style=\"padding-top:var(--wp--preset--spacing--80);padding-bottom:var(--wp--preset--spacing--80)\">\n<h2 class=\"wp-block-heading\" style=\"padding-top:var(--wp--preset--spacing--40);padding-bottom:var(--wp--preset--spacing--40);font-size:25px;font-style:normal;font-weight:600;text-transform:capitalize\">Vous pourriez \u00e9galement aimer ces articles connexes :<\/h2>\n\n\n\n<ul class=\"wp-block-list\">\n<li><a href=\"https:\/\/tangooled.com\/fr\/product\/black-led-profile-with-black-diffuser-for-10mm-led-strip-light\/\"><mark style=\"background-color:rgba(0, 0, 0, 0)\" class=\"has-inline-color has-vivid-red-color\">Profil LED noir avec diffuseur noir pour bande LED de 10mm <\/mark><\/a>\u2013 A sleek black profile with matching diffuser.<\/li>\n\n\n\n<li><a href=\"https:\/\/tangooled.com\/fr\/product\/surface-mount-led-profile-with-frosted-diffuser-for-10mm-rope-lights\/\"><mark style=\"background-color:rgba(0, 0, 0, 0)\" class=\"has-inline-color has-vivid-red-color\">Profil LED \u00e0 monter en surface avec diffuseur d\u00e9poli pour lumi\u00e8res en corde de 10mm<\/mark><\/a> \u2013 Similar surface mount option for 10mm rope-style LED lights.<\/li>\n\n\n\n<li><a href=\"https:\/\/tangooled.com\/fr\/product\/led-strip-light-channel-aluminum-profile-with-diffused-cover-6mm-height\/\"><mark style=\"background-color:rgba(0, 0, 0, 0)\" class=\"has-inline-color has-vivid-red-color\">Profil en aluminium pour bande LED avec couverture diffusante de 6 mm de hauteur<\/mark><\/a> \u2013 Low profile aluminum channel with frosted cover.<\/li>\n<\/ul>\n<\/div>\n\n\n\n<div class=\"wp-block-group has-background\" style=\"background-color:#f1f1f1;padding-top:var(--wp--preset--spacing--80);padding-bottom:var(--wp--preset--spacing--80)\"><div class=\"wp-block-group__inner-container is-layout-constrained wp-block-group-is-layout-constrained\">\n<p style=\"padding-right:var(--wp--preset--spacing--50);padding-left:var(--wp--preset--spacing--50)\">This surface mount round profile for 10mm LED strip lights is a great way to make any room look clean, smooth, and bright. It&#8217;s a great choice for all your LED lighting needs because it&#8217;s easy to put up, lasts a long time, and is made to last.<\/p>\n<\/div><\/div>\n\n\n\n<p><\/p>","protected":false},"featured_media":14285,"template":"","meta":{"_acf_changed":false,"_seopress_robots_primary_cat":"none","_seopress_titles_title":"Surface Mount LED Round Profile | Slim Circular Channel AR02","_seopress_titles_desc":"The AR02 is a premium surface mount led round profile for 10mm strips. Featuring a sleek circular design, this aluminum channel is perfect for under-cabinet or decorative wall lighting.","_seopress_robots_index":""},"pcb-width":[228],"product-cat":[234],"class_list":{"0":"post-42163","1":"product","2":"type-product","3":"status-publish","4":"has-post-thumbnail","6":"pcb-width-6-12mm","7":"product-cat-round-tube-profile"},"acf":[],"_links":{"self":[{"href":"https:\/\/tangooled.com\/fr\/wp-json\/wp\/v2\/product\/42163","targetHints":{"allow":["GET"]}}],"collection":[{"href":"https:\/\/tangooled.com\/fr\/wp-json\/wp\/v2\/product"}],"about":[{"href":"https:\/\/tangooled.com\/fr\/wp-json\/wp\/v2\/types\/product"}],"wp:featuredmedia":[{"embeddable":true,"href":"https:\/\/tangooled.com\/fr\/wp-json\/wp\/v2\/media\/14285"}],"wp:attachment":[{"href":"https:\/\/tangooled.com\/fr\/wp-json\/wp\/v2\/media?parent=42163"}],"wp:term":[{"taxonomy":"pcb-width","embeddable":true,"href":"https:\/\/tangooled.com\/fr\/wp-json\/wp\/v2\/pcb-width?post=42163"},{"taxonomy":"product-cat","embeddable":true,"href":"https:\/\/tangooled.com\/fr\/wp-json\/wp\/v2\/product-cat?post=42163"}],"curies":[{"name":"wp","href":"https:\/\/api.w.org\/{rel}","templated":true}]}}