{"id":42122,"date":"2025-12-16T02:03:58","date_gmt":"2025-12-16T10:03:58","guid":{"rendered":"https:\/\/tangooled.com\/?post_type=product&#038;p=42122"},"modified":"2026-02-02T22:15:24","modified_gmt":"2026-02-03T06:15:24","slug":"https-tangooled-com-product-plaster-drywall-aluminum-skirting-board-for-12mm-led-strip-sk12","status":"publish","type":"product","link":"https:\/\/tangooled.com\/fr\/product\/https-tangooled-com-product-plaster-drywall-aluminum-skirting-board-for-12mm-led-strip-sk12\/","title":{"rendered":"plinthe en aluminium pour cloison s\u00e8che pour bande LED de 12 mm sk12"},"content":{"rendered":"<div class=\"wp-block-group is-vertical is-layout-flex wp-container-core-group-is-layout-d255d7c4 wp-block-group-is-layout-flex\" style=\"padding-top:var(--wp--preset--spacing--80);padding-bottom:var(--wp--preset--spacing--80)\">\n<p>Our plaster drywall aluminum skirting board for 12mm LED strip is made of 6063-T5 extruded aluminum and is designed to fit perfectly inside a plaster drywall wall or skirting. It works like a hidden baseboard that can hold\u00a0a 12mm LED strip. When turned on, it makes a gentle, even light on the floor that adds to the room&#8217;s atmosphere.<br>Lorsqu'il est utilis\u00e9 avec un bon diffuseur, le profil\u00e9 cr\u00e9e une lumi\u00e8re ambiante douce et continue ou un effet d'accent qui cache tous les points lumineux de la LED. Ce profil\u00e9 aide \u00e9galement les lumi\u00e8res LED \u00e0 durer plus longtemps en agissant comme un dissipateur thermique.<br>Ce profil\u00e9 de plinthe SK12 aide \u00e0 cr\u00e9er un \u00e9clairage propre et homog\u00e8ne avec des bandes LED correctement encastr\u00e9es dans la cloison s\u00e8che. Pas de finitions encombrantes, juste une lumi\u00e8re lisse et sans points jour et nuit.<\/p>\n<\/div>\n\n\n\n<div class=\"wp-block-group has-background is-vertical is-layout-flex wp-container-core-group-is-layout-d255d7c4 wp-block-group-is-layout-flex\" style=\"background-color:#f1f1f1;padding-top:var(--wp--preset--spacing--80);padding-bottom:var(--wp--preset--spacing--80)\">\n<div class=\"wp-block-group is-vertical is-layout-flex wp-container-core-group-is-layout-8cf370e7 wp-block-group-is-layout-flex\">\n<h2 class=\"wp-block-heading\" style=\"padding-top:var(--wp--preset--spacing--40);padding-bottom:var(--wp--preset--spacing--40);font-size:25px;font-style:normal;font-weight:600;text-transform:capitalize\">Pourquoi choisir notre plinthe LED SK12 \u00e0 encastrer?<\/h2>\n\n\n\n<ul class=\"wp-block-list\">\n<li>-Canal LED sans bord : La bride de pl\u00e2trage permet au profil de se fondre parfaitement dans la cloison s\u00e8che, cr\u00e9ant une illusion de mur flottant.<\/li>\n\n\n\n<li>Aucun point : Un diffuseur de haute qualit\u00e9 \u00e9limine les points LED pour un design d'\u00e9clairage professionnel.<\/li>\n\n\n\n<li>Gestion de la chaleur : L'aluminium est un excellent dissipateur thermique qui permet aux LED de durer plus longtemps.<\/li>\n\n\n\n<li>Compatible avec des bandes LED de 12 mm de large, y compris des bandes LED COB qui produisent une ligne lumineuse tr\u00e8s propre.<\/li>\n\n\n\n<li>Utilisez-le dans les couloirs des maisons, des entreprises et des h\u00f4tels pour \u00e9clairer le sol ou le passage.<\/li>\n<\/ul>\n<\/div>\n<\/div>\n\n\n\n<div class=\"wp-block-group is-vertical is-layout-flex wp-container-core-group-is-layout-d255d7c4 wp-block-group-is-layout-flex\" style=\"padding-top:var(--wp--preset--spacing--80);padding-bottom:var(--wp--preset--spacing--80)\">\n<hr class=\"wp-block-separator has-alpha-channel-opacity\"\/>\n\n\n\n<div class=\"wp-block-media-text has-media-on-the-right is-stacked-on-mobile\" style=\"grid-template-columns:auto 40%\"><div class=\"wp-block-media-text__content\">\n<h2 class=\"wp-block-heading\" style=\"padding-top:var(--wp--preset--spacing--40);padding-bottom:var(--wp--preset--spacing--40);font-size:25px;font-style:normal;font-weight:600;text-transform:capitalize\">Comment utiliser le profil de plinthe SK12<\/h2>\n\n\n\n<ul class=\"wp-block-list\">\n<li>Placer l\u2019extrusion en aluminium dans le mur ou le cadre du sol.<\/li>\n\n\n\n<li>Mettre les plaques de pl\u00e2tre contre la bride du profil.<\/li>\n\n\n\n<li>Mettre une fine couche de pl\u00e2tre sur la bride pour que la transition mur-lumi\u00e8re soit lisse.<\/li>\n\n\n\n<li>Placer la bande LED dans le canal.<\/li>\n\n\n\n<li>Brancher la bande LED sur une alimentation basse tension.<\/li>\n\n\n\n<li>Placer le couvercle diffuseur opale pour obtenir une illumination lisse et sans points.<\/li>\n<\/ul>\n<\/div><figure class=\"wp-block-media-text__media\"><img loading=\"lazy\" decoding=\"async\" width=\"500\" height=\"500\" src=\"https:\/\/tangooled.com\/wp-content\/uploads\/2025\/12\/sk12-ins.webp\" alt=\"plinthe en aluminium pour cloison s\u00e8che pour bande LED de 12 mm sk12\" class=\"wp-image-42160 size-full\" srcset=\"https:\/\/tangooled.com\/wp-content\/uploads\/2025\/12\/sk12-ins.webp 500w, https:\/\/tangooled.com\/wp-content\/uploads\/2025\/12\/sk12-ins-300x300.webp 300w, https:\/\/tangooled.com\/wp-content\/uploads\/2025\/12\/sk12-ins-150x150.webp 150w\" sizes=\"auto, (max-width: 500px) 100vw, 500px\" \/><\/figure><\/div>\n<\/div>\n\n\n\n<div class=\"wp-block-group has-background is-vertical is-layout-flex wp-container-core-group-is-layout-b429018a wp-block-group-is-layout-flex\" style=\"background-color:#f1f1f1f2;padding-top:var(--wp--preset--spacing--70);padding-bottom:var(--wp--preset--spacing--70)\">\n<h2 class=\"wp-block-heading\" style=\"padding-top:var(--wp--preset--spacing--40);padding-bottom:var(--wp--preset--spacing--40);font-size:25px;font-style:normal;font-weight:600;text-transform:capitalize\">Que pouvez-vous obtenir des kits?<\/h2>\n\n\n\n<ul class=\"wp-block-list\">\n<li>Profil\u00e9 en aluminium pour cloison s\u00e8che.<\/li>\n\n\n\n<li>Diffuseur opale en polycarbonate.<\/li>\n\n\n\n<li>Capuchons de fin pour fermer proprement les extr\u00e9mit\u00e9s du profil\u00e9.<\/li>\n\n\n\n<li>Connecteurs droits pour des connections continues.<\/li>\n<\/ul>\n<\/div>\n\n\n\n<div class=\"wp-block-group is-vertical is-layout-flex wp-container-core-group-is-layout-d255d7c4 wp-block-group-is-layout-flex\" style=\"padding-top:var(--wp--preset--spacing--80);padding-bottom:var(--wp--preset--spacing--80)\">\n<h2 class=\"wp-block-heading\" style=\"padding-top:var(--wp--preset--spacing--40);padding-bottom:var(--wp--preset--spacing--40);font-size:25px;font-style:normal;font-weight:600;text-transform:capitalize\">Lieux id\u00e9aux pour installer le profil de plinthe SK12<\/h2>\n\n\n\n<ul class=\"wp-block-list\">\n<li>Couloirs et corridors dans les maisons et h\u00f4tels n\u00e9cessitant un \u00e9clairage LED de chemin s\u00fbr et \u00e9l\u00e9gant au niveau du sol.<\/li>\n\n\n\n<li>Espaces de vie et chambres avec des effets d'\u00e9clairage ambiant agr\u00e9ables.<\/li>\n\n\n\n<li>\u00c9clairage au mur dans les magasins et salles d'exposition pour mettre en valeur les caract\u00e9ristiques architecturales.<\/li>\n\n\n\n<li>Les cin\u00e9mas maison et salons utilisent l'\u00e9clairage indirect pour cr\u00e9er une ambiance.<\/li>\n\n\n\n<li>L\u2019\u00e9clairage architectural peut transformer les bureaux et les salles d\u2019accueil en un espace soign\u00e9 et professionnel.<\/li>\n<\/ul>\n\n\n\n<p>Ajoutez des touches finales parfaites \u00e0 l\u2019aide d\u2019accessoires tels que le <mark style=\"background-color:rgba(0, 0, 0, 0)\" class=\"has-inline-color has-vivid-red-color\"><a href=\"https:\/\/tangooled.com\/fr\/product\/18x18mm-led-strip-corner-profile-for-12mm-led-strips\/\">Profil\u00e9 d'angle pour bande LED de 12 mm<\/a>.<\/mark><\/p>\n<\/div>\n\n\n\n<p><\/p>","protected":false},"featured_media":13698,"template":"","meta":{"_acf_changed":true,"_seopress_robots_primary_cat":"none","_seopress_titles_title":"Plaster-in LED Skirting Channel for12mm Strip SK12 | TANGOOLED","_seopress_titles_desc":"The SK12 is a professional plaster-in led skirting channel optimized for 12mm strips. Achieve a seamless, trimless baseboard lighting effect in drywall projects with this recessed aluminum profile.","_seopress_robots_index":""},"pcb-width":[228],"product-cat":[198],"class_list":{"0":"post-42122","1":"product","2":"type-product","3":"status-publish","4":"has-post-thumbnail","6":"pcb-width-6-12mm","7":"product-cat-skirting-profile"},"acf":[],"_links":{"self":[{"href":"https:\/\/tangooled.com\/fr\/wp-json\/wp\/v2\/product\/42122","targetHints":{"allow":["GET"]}}],"collection":[{"href":"https:\/\/tangooled.com\/fr\/wp-json\/wp\/v2\/product"}],"about":[{"href":"https:\/\/tangooled.com\/fr\/wp-json\/wp\/v2\/types\/product"}],"wp:featuredmedia":[{"embeddable":true,"href":"https:\/\/tangooled.com\/fr\/wp-json\/wp\/v2\/media\/13698"}],"wp:attachment":[{"href":"https:\/\/tangooled.com\/fr\/wp-json\/wp\/v2\/media?parent=42122"}],"wp:term":[{"taxonomy":"pcb-width","embeddable":true,"href":"https:\/\/tangooled.com\/fr\/wp-json\/wp\/v2\/pcb-width?post=42122"},{"taxonomy":"product-cat","embeddable":true,"href":"https:\/\/tangooled.com\/fr\/wp-json\/wp\/v2\/product-cat?post=42122"}],"curies":[{"name":"wp","href":"https:\/\/api.w.org\/{rel}","templated":true}]}}