{"id":42120,"date":"2025-12-16T01:58:37","date_gmt":"2025-12-16T09:58:37","guid":{"rendered":"https:\/\/tangooled.com\/?post_type=product&#038;p=42120"},"modified":"2026-02-02T22:15:00","modified_gmt":"2026-02-03T06:15:00","slug":"waist-line-in-wall-stair-lighting-aluminum-led-profile","status":"publish","type":"product","link":"https:\/\/tangooled.com\/fr\/product\/waist-line-in-wall-stair-lighting-aluminum-led-profile\/","title":{"rendered":"Profil\u00e9 aluminium LED d'\u00e9clairage indirect sous le rebord du mur"},"content":{"rendered":"<div class=\"wp-block-group is-vertical is-layout-flex wp-container-core-group-is-layout-d255d7c4 wp-block-group-is-layout-flex\" style=\"padding-top:var(--wp--preset--spacing--80);padding-bottom:var(--wp--preset--spacing--80)\">\n<p>Notre profil d'\u00e9clairage int\u00e9gr\u00e9 pour escaliers est un canal LED en aluminium qui est en retrait. Il peut \u00eatre install\u00e9 dans des cloisons s\u00e8ches ou du pl\u00e2tre pour une illumination sans cadre, int\u00e9gr\u00e9e dans le mur. Cela donne \u00e0 vos murs et escaliers une lueur subtile mais brillante.<\/p>\n\n\n\n<p>It&#8217;s made to light up stairs, but it also works well for lighting up waistlines along corridors or skirting boards. The aluminum case functions as a heat sink, which keeps the LED strips cool and makes them live longer.<\/p>\n\n\n\n<p>This aluminum LED profile gives out a gentle, clear, and even glow that changes the look of walls and staircases with a modern, safe, and smooth light. It&#8217;s great for updating homes, offices, commercial halls, and retail areas.<\/p>\n<\/div>\n\n\n\n<div class=\"wp-block-group has-background is-vertical is-layout-flex wp-container-core-group-is-layout-d255d7c4 wp-block-group-is-layout-flex\" style=\"background-color:#f1f1f1;padding-top:var(--wp--preset--spacing--80);padding-bottom:var(--wp--preset--spacing--80)\">\n<div class=\"wp-block-group is-vertical is-layout-flex wp-container-core-group-is-layout-8cf370e7 wp-block-group-is-layout-flex\">\n<h2 class=\"wp-block-heading\" style=\"padding-top:var(--wp--preset--spacing--40);padding-bottom:var(--wp--preset--spacing--40);font-size:25px;font-style:normal;font-weight:600;text-transform:capitalize\">Pourquoi choisir ce profil ?<\/h2>\n\n\n\n<ul class=\"wp-block-list\">\n<li>Looks like it&#8217;s flush with the wall\u2014no frames or corners are apparent.<\/li>\n\n\n\n<li>\u00c9clairage doux et sans \u00e9blouissement qui est parfait pour mettre en valeur les murs ou rendre les escaliers plus s\u00fbrs.<\/li>\n\n\n\n<li>Fabriqu\u00e9 \u00e0 partir d'un alliage d'aluminium 6063 de haute qualit\u00e9 qui laisse facilement \u00e9chapper la chaleur.<\/li>\n\n\n\n<li>Livr\u00e9 avec un diffuseur en polycarbonate d\u00e9poli qui rend la lumi\u00e8re uniforme sans points LED distrayants.<\/li>\n\n\n\n<li>Peut \u00eatre utilis\u00e9 avec des bandes LED de 12V ou 24V et jusqu'\u00e0 12mm de large.<\/li>\n\n\n\n<li>Disponible en finitions anodis\u00e9es noire, blanche ou argent\u00e9e.<\/li>\n<\/ul>\n<\/div>\n<\/div>\n\n\n\n<div class=\"wp-block-group\" style=\"padding-top:var(--wp--preset--spacing--60);padding-bottom:var(--wp--preset--spacing--60)\"><div class=\"wp-block-group__inner-container is-layout-constrained wp-block-group-is-layout-constrained\">\n<div class=\"wp-block-media-text has-media-on-the-right is-stacked-on-mobile\" style=\"grid-template-columns:auto 40%\"><div class=\"wp-block-media-text__content\">\n<h2 class=\"wp-block-heading\" style=\"padding-top:var(--wp--preset--spacing--40);padding-bottom:var(--wp--preset--spacing--40);font-size:25px;font-style:normal;font-weight:600;text-transform:capitalize\">Comment l'utiliser<\/h2>\n\n\n\n<ul class=\"wp-block-list\">\n<li>Faites une rainure dans la cloison s\u00e8che ou le pl\u00e2tre le long de votre mur ou de votre escalier qui est \u00e0 peu pr\u00e8s de la m\u00eame taille que le profil.<\/li>\n\n\n\n<li>Mettez le profil LED en aluminium dans la rainure et assurez-vous qu'il y reste.<\/li>\n\n\n\n<li>Appliquez du compos\u00e9 \u00e0 joint ou du pl\u00e2tre sur les c\u00f4t\u00e9s avec des trous (installation int\u00e9gr\u00e9e) pour obtenir une finition lisse.<\/li>\n\n\n\n<li>Placez la bande lumineuse LED \u00e0 l'int\u00e9rieur du profil.<\/li>\n\n\n\n<li>Mettez le diffuseur d\u00e9poli pour rendre la lumi\u00e8re plus uniforme et plus douce.<\/li>\n<\/ul>\n<\/div><figure class=\"wp-block-media-text__media\"><img loading=\"lazy\" decoding=\"async\" width=\"500\" height=\"500\" src=\"https:\/\/tangooled.com\/wp-content\/uploads\/2025\/12\/sk11-ins.webp\" alt=\"waist line in wall stair lighting aluminum led profile\" class=\"wp-image-42158 size-full\" srcset=\"https:\/\/tangooled.com\/wp-content\/uploads\/2025\/12\/sk11-ins.webp 500w, https:\/\/tangooled.com\/wp-content\/uploads\/2025\/12\/sk11-ins-300x300.webp 300w, https:\/\/tangooled.com\/wp-content\/uploads\/2025\/12\/sk11-ins-150x150.webp 150w\" sizes=\"auto, (max-width: 500px) 100vw, 500px\" \/><\/figure><\/div>\n<\/div><\/div>\n\n\n\n<div class=\"wp-block-group has-background is-vertical is-layout-flex wp-container-core-group-is-layout-b429018a wp-block-group-is-layout-flex\" style=\"background-color:#f1f1f1f2;padding-top:var(--wp--preset--spacing--70);padding-bottom:var(--wp--preset--spacing--70)\">\n<h2 class=\"wp-block-heading\" style=\"padding-top:var(--wp--preset--spacing--40);padding-bottom:var(--wp--preset--spacing--40);font-size:25px;font-style:normal;font-weight:600;text-transform:capitalize\">what&#8217;s in the kit\uff1f<\/h2>\n\n\n\n<ul class=\"wp-block-list\">\n<li>Canal en aluminium anodis\u00e9 pour \u00e9clairage int\u00e9gr\u00e9<\/li>\n\n\n\n<li>Diffuseur LED opale <\/li>\n\n\n\n<li>Capuchons de fin<\/li>\n<\/ul>\n<\/div>\n\n\n\n<div class=\"wp-block-group is-vertical is-layout-flex wp-container-core-group-is-layout-d255d7c4 wp-block-group-is-layout-flex\" style=\"padding-top:var(--wp--preset--spacing--80);padding-bottom:var(--wp--preset--spacing--80)\">\n<h2 class=\"wp-block-heading\" style=\"padding-top:var(--wp--preset--spacing--40);padding-bottom:var(--wp--preset--spacing--40);font-size:25px;font-style:normal;font-weight:600;text-transform:capitalize\">Liens internes qui pourraient vous int\u00e9resser<\/h2>\n\n\n\n<ul class=\"wp-block-list\">\n<li>D\u00e9couvrez-en plus sur <a href=\"https:\/\/tangooled.com\/fr\/product\/black-led-profile-with-black-diffuser-for-10mm-led-strip-light\/\"><mark style=\"background-color:rgba(0, 0, 0, 0)\" class=\"has-inline-color has-vivid-red-color\">profil LED noir avec diffuseur noir pour bande lumineuse LED de 10 mm<\/mark><\/a><\/li>\n\n\n\n<li>D\u00e9couvrez le <a href=\"https:\/\/tangooled.com\/fr\/product\/led-strip-light-channel-aluminum-profile-with-diffused-cover-6mm-height\/\"><mark style=\"background-color:rgba(0, 0, 0, 0)\" class=\"has-inline-color has-vivid-red-color\">Profil en aluminium pour bande LED avec couvercle diffusant de 6 mm de hauteur<\/mark><\/a><\/li>\n\n\n\n<li>Voir notre <a href=\"https:\/\/tangooled.com\/fr\/product\/surface-mount-led-profile-with-frosted-diffuser-for-10mm-rope-lights\/\"><mark style=\"background-color:rgba(0, 0, 0, 0)\" class=\"has-inline-color has-vivid-red-color\">profil LED \u00e0 monter en surface avec diffuseur d\u00e9poli pour \u00e9clairage \u00e0 corde de 10 mm<\/mark><\/a><\/li>\n\n\n\n<li>D\u00e9couvrez le <a href=\"https:\/\/tangooled.com\/fr\/product\/side-lighting-2-in-1-aluminum-led-baseboard-for-15mm-strips\/\"><mark style=\"background-color:rgba(0, 0, 0, 0)\" class=\"has-inline-color has-vivid-red-color\">\u00e9clairage lat\u00e9ral 2 en 1 avec plinthe LED en aluminium pour bandes de 15 mm<\/mark><\/a><\/li>\n\n\n\n<li>D\u00e9couvrez les d\u00e9tails complets du produit sur <a href=\"https:\/\/tangooled.com\/fr\/product\/waist-line-in-wall-stair-lighting-aluminum-led-profile\/\"><mark style=\"background-color:rgba(0, 0, 0, 0)\" class=\"has-inline-color has-vivid-red-color\">Profil\u00e9 aluminium LED d'\u00e9clairage indirect sous le rebord du mur<\/mark><\/a><\/li>\n<\/ul>\n<\/div>\n\n\n\n<div class=\"wp-block-group has-background\" style=\"background-color:#f1f1f1;padding-top:var(--wp--preset--spacing--80);padding-bottom:var(--wp--preset--spacing--80)\"><div class=\"wp-block-group__inner-container is-layout-constrained wp-block-group-is-layout-constrained\">\n<h2 class=\"wp-block-heading\" style=\"padding-top:var(--wp--preset--spacing--40);padding-right:0;padding-bottom:var(--wp--preset--spacing--40);padding-left:0;font-size:25px;font-style:normal;font-weight:600;text-transform:capitalize\">r\u00e9sum\u00e9<\/h2>\n\n\n\n<p style=\"padding-right:var(--wp--preset--spacing--50);padding-left:var(--wp--preset--spacing--50)\">Notre profil d'\u00e9clairage int\u00e9gr\u00e9 pour escaliers est un moyen s\u00fbr et beau d'\u00e9clairer les couloirs, les escaliers et les plinthes. Il comprend une installation int\u00e9gr\u00e9e, un bo\u00eetier en aluminium de haute qualit\u00e9 et un diffuseur en polycarbonate qui fournit une belle ligne de lumi\u00e8re sans \u00e9blouissement. Vous pouvez choisir parmi une gamme de finitions et de longueurs, et vous pouvez les couper pour un ajustement parfait. Ce profil est parfait pour \u00e9clairer les maisons, les entreprises, les magasins et les h\u00f4tels. Il a l'air incroyable et dure longtemps.<\/p>\n<\/div><\/div>\n\n\n\n<p><\/p>","protected":false},"featured_media":13693,"template":"","meta":{"_acf_changed":true,"_seopress_robots_primary_cat":"none","_seopress_titles_title":"Waist Line In-wall Stair Lighting Profile SK11 | TANGOOLED","_seopress_titles_desc":"The SK11 is a professional waist line in-wall stair lighting profile designed for seamless linear light. Create safe and elegant recessed guidance lighting along stairs and hallways.","_seopress_robots_index":""},"pcb-width":[228],"product-cat":[198],"class_list":{"0":"post-42120","1":"product","2":"type-product","3":"status-publish","4":"has-post-thumbnail","6":"pcb-width-6-12mm","7":"product-cat-skirting-profile"},"acf":[],"_links":{"self":[{"href":"https:\/\/tangooled.com\/fr\/wp-json\/wp\/v2\/product\/42120","targetHints":{"allow":["GET"]}}],"collection":[{"href":"https:\/\/tangooled.com\/fr\/wp-json\/wp\/v2\/product"}],"about":[{"href":"https:\/\/tangooled.com\/fr\/wp-json\/wp\/v2\/types\/product"}],"wp:featuredmedia":[{"embeddable":true,"href":"https:\/\/tangooled.com\/fr\/wp-json\/wp\/v2\/media\/13693"}],"wp:attachment":[{"href":"https:\/\/tangooled.com\/fr\/wp-json\/wp\/v2\/media?parent=42120"}],"wp:term":[{"taxonomy":"pcb-width","embeddable":true,"href":"https:\/\/tangooled.com\/fr\/wp-json\/wp\/v2\/pcb-width?post=42120"},{"taxonomy":"product-cat","embeddable":true,"href":"https:\/\/tangooled.com\/fr\/wp-json\/wp\/v2\/product-cat?post=42120"}],"curies":[{"name":"wp","href":"https:\/\/api.w.org\/{rel}","templated":true}]}}